{"id":3229,"date":"2020-09-17T16:12:43","date_gmt":"2020-09-17T16:12:43","guid":{"rendered":"https:\/product\/t-shirt-call-me-old-fashioned\/"},"modified":"2025-11-21T13:53:56","modified_gmt":"2025-11-21T18:53:56","slug":"t-shirt-call-me-old-fashioned","status":"publish","type":"product","link":"https:\/\/barbootlegger.com\/fr\/produit\/t-shirt-call-me-old-fashioned\/","title":{"rendered":"T-Shirt &#8211; Collection Original \u00abCall Me Old Fashioned\u00bb"},"content":{"rendered":"<h1>T-Shirt &#8211; Collection Original \u00abCall Me Old Fashioned\u00bb<\/h1>\n<p>Affirmez votre style avec le T-shirt \u00ab Call Me Old Fashioned \u00bb sign\u00e9 Bootlegger. Ce chandail en coton doux combine confort, durabilit\u00e9 et design original.<\/p>\n<p>Le devant arbore l\u2019inscription \u00ab Call Me Old Fashioned \u00bb en blanc, tandis que l\u2019arri\u00e8re met en valeur le logo embl\u00e9matique Bootlegger. Sa coupe unisexe s\u2019adapte \u00e0 toutes les occasions : sorties entre amis, soir\u00e9es cocktails ou moments d\u00e9contract\u00e9s au quotidien.<\/p>\n<p>Id\u00e9al pour les passionn\u00e9s de whisky, les amateurs de cocktails et ceux qui veulent afficher fi\u00e8rement leur appartenance \u00e0 l\u2019univers Bootlegger, ce T-shirt n\u2019est pas seulement un v\u00eatement, mais une d\u00e9claration de style.<\/p>\n","protected":false},"excerpt":{"rendered":"<p>T-shirt noir unisexe \u00ab Call Me Old Fashioned \u00bb par Bootlegger. Confortable, styl\u00e9, il allie esprit speakeasy et design moderne. Parfait pour les amateurs de cocktails et de streetwear.<br \/>\nCeci est la toute premi\u00e8re collection fait par l&rsquo;\u00e9quipe du Bootlegger qui sera toujours r\u00e9f\u00e9r\u00e9 comme \u00e9tant la \u00abOG\u00bb.<\/p>\n<h2>Bootlegger Cocktail Bar Montr\u00e9al<\/h2>\n","protected":false},"featured_media":3917,"comment_status":"closed","ping_status":"closed","template":"","meta":{"_acf_changed":false},"product_brand":[1468],"product_cat":[102],"product_tag":[523,524,800,527],"class_list":{"0":"post-3229","1":"product","2":"type-product","3":"status-publish","4":"has-post-thumbnail","6":"product_brand-original-og-call-me-old-fashioned","7":"product_cat-vetement","8":"product_tag-bootlegger-cocktail-bar-fr","9":"product_tag-call-me-old-fashioned-fr","10":"product_tag-og-collection-fr","11":"product_tag-tshirt-fr","13":"first","14":"outofstock","15":"taxable","16":"shipping-taxable","17":"purchasable","18":"product-type-variable"},"acf":[],"yoast_head":"<!-- This site is optimized with the Yoast SEO plugin v27.0 - https:\/\/yoast.com\/product\/yoast-seo-wordpress\/ -->\n<title>T-Shirt - Collection Original \u00abCall Me Old Fashioned\u00bb - Bootlegger Cocktail Bar &amp; Cuisine Montreal<\/title>\n<meta name=\"description\" content=\"T-shirt noir unisexe \u00ab Call Me Old Fashioned \u00bb par Bootlegger. Confortable, styl\u00e9, il allie esprit speakeasy et design moderne. Parfait pour les amateurs de cocktails et de streetwear.Ceci est la toute premi\u00e8re collection fait par l&#039;\u00e9quipe du Bootlegger qui sera toujours r\u00e9f\u00e9r\u00e9 comme \u00e9tant la \u00abOG\u00bb.\" \/>\n<meta name=\"robots\" content=\"index, follow, max-snippet:-1, max-image-preview:large, max-video-preview:-1\" \/>\n<link rel=\"canonical\" href=\"https:\/\/barbootlegger.com\/fr\/produit\/t-shirt-call-me-old-fashioned\/\" \/>\n<meta property=\"og:locale\" content=\"fr_FR\" \/>\n<meta property=\"og:type\" content=\"article\" \/>\n<meta property=\"og:title\" content=\"T-Shirt - Collection Original \u00abCall Me Old Fashioned\u00bb - Bootlegger Cocktail Bar &amp; Cuisine Montreal\" \/>\n<meta property=\"og:description\" content=\"T-shirt noir unisexe \u00ab Call Me Old Fashioned \u00bb par Bootlegger. Confortable, styl\u00e9, il allie esprit speakeasy et design moderne. Parfait pour les amateurs de cocktails et de streetwear.Ceci est la toute premi\u00e8re collection fait par l&#039;\u00e9quipe du Bootlegger qui sera toujours r\u00e9f\u00e9r\u00e9 comme \u00e9tant la \u00abOG\u00bb.\" \/>\n<meta property=\"og:url\" content=\"https:\/\/barbootlegger.com\/fr\/produit\/t-shirt-call-me-old-fashioned\/\" \/>\n<meta property=\"og:site_name\" content=\"Bootlegger Cocktail Bar &amp; Cuisine Montreal\" \/>\n<meta property=\"article:publisher\" content=\"https:\/\/www.facebook.com\/barbootlegger\" \/>\n<meta property=\"article:modified_time\" content=\"2025-11-21T18:53:56+00:00\" \/>\n<meta property=\"og:image\" content=\"https:\/\/barbootlegger.com\/wp-content\/uploads\/2020\/09\/bootleger_t-shirt-v1-600x381-1.png\" \/>\n\t<meta property=\"og:image:width\" content=\"600\" \/>\n\t<meta property=\"og:image:height\" content=\"381\" \/>\n\t<meta property=\"og:image:type\" content=\"image\/png\" \/>\n<meta name=\"twitter:card\" content=\"summary_large_image\" \/>\n<meta name=\"twitter:label1\" content=\"Dur\u00e9e de lecture estim\u00e9e\" \/>\n\t<meta name=\"twitter:data1\" content=\"1 minute\" \/>\n<script type=\"application\/ld+json\" class=\"yoast-schema-graph\">{\"@context\":\"https:\/\/schema.org\",\"@graph\":[{\"@type\":\"WebPage\",\"@id\":\"https:\/\/barbootlegger.com\/fr\/produit\/t-shirt-call-me-old-fashioned\/\",\"url\":\"https:\/\/barbootlegger.com\/fr\/produit\/t-shirt-call-me-old-fashioned\/\",\"name\":\"T-Shirt - Collection Original \u00abCall Me Old Fashioned\u00bb - Bootlegger Cocktail Bar &amp; Cuisine Montreal\",\"isPartOf\":{\"@id\":\"https:\/\/barbootlegger.com\/#website\"},\"primaryImageOfPage\":{\"@id\":\"https:\/\/barbootlegger.com\/fr\/produit\/t-shirt-call-me-old-fashioned\/#primaryimage\"},\"image\":{\"@id\":\"https:\/\/barbootlegger.com\/fr\/produit\/t-shirt-call-me-old-fashioned\/#primaryimage\"},\"thumbnailUrl\":\"https:\/\/barbootlegger.com\/wp-content\/uploads\/2020\/09\/bootleger_t-shirt-v1-600x381-1.png\",\"datePublished\":\"2020-09-17T16:12:43+00:00\",\"dateModified\":\"2025-11-21T18:53:56+00:00\",\"description\":\"T-shirt noir unisexe \u00ab Call Me Old Fashioned \u00bb par Bootlegger. Confortable, styl\u00e9, il allie esprit speakeasy et design moderne. Parfait pour les amateurs de cocktails et de streetwear.Ceci est la toute premi\u00e8re collection fait par l'\u00e9quipe du Bootlegger qui sera toujours r\u00e9f\u00e9r\u00e9 comme \u00e9tant la \u00abOG\u00bb.\",\"breadcrumb\":{\"@id\":\"https:\/\/barbootlegger.com\/fr\/produit\/t-shirt-call-me-old-fashioned\/#breadcrumb\"},\"inLanguage\":\"fr-FR\",\"potentialAction\":[{\"@type\":\"ReadAction\",\"target\":[\"https:\/\/barbootlegger.com\/fr\/produit\/t-shirt-call-me-old-fashioned\/\"]}]},{\"@type\":\"ImageObject\",\"inLanguage\":\"fr-FR\",\"@id\":\"https:\/\/barbootlegger.com\/fr\/produit\/t-shirt-call-me-old-fashioned\/#primaryimage\",\"url\":\"https:\/\/barbootlegger.com\/wp-content\/uploads\/2020\/09\/bootleger_t-shirt-v1-600x381-1.png\",\"contentUrl\":\"https:\/\/barbootlegger.com\/wp-content\/uploads\/2020\/09\/bootleger_t-shirt-v1-600x381-1.png\",\"width\":600,\"height\":381},{\"@type\":\"BreadcrumbList\",\"@id\":\"https:\/\/barbootlegger.com\/fr\/produit\/t-shirt-call-me-old-fashioned\/#breadcrumb\",\"itemListElement\":[{\"@type\":\"ListItem\",\"position\":1,\"name\":\"Home\",\"item\":\"https:\/\/barbootlegger.com\/fr\/\"},{\"@type\":\"ListItem\",\"position\":2,\"name\":\"Shop\",\"item\":\"https:\/\/barbootlegger.com\/shop\/\"},{\"@type\":\"ListItem\",\"position\":3,\"name\":\"T-Shirt &#8211; Collection Original \u00abCall Me Old Fashioned\u00bb\"}]},{\"@type\":\"WebSite\",\"@id\":\"https:\/\/barbootlegger.com\/#website\",\"url\":\"https:\/\/barbootlegger.com\/\",\"name\":\"Bar Bootlegger\",\"description\":\"Cocktail, Whisky &amp; Live band\",\"publisher\":{\"@id\":\"https:\/\/barbootlegger.com\/#organization\"},\"potentialAction\":[{\"@type\":\"SearchAction\",\"target\":{\"@type\":\"EntryPoint\",\"urlTemplate\":\"https:\/\/barbootlegger.com\/?s={search_term_string}\"},\"query-input\":{\"@type\":\"PropertyValueSpecification\",\"valueRequired\":true,\"valueName\":\"search_term_string\"}}],\"inLanguage\":\"fr-FR\"},{\"@type\":\"Organization\",\"@id\":\"https:\/\/barbootlegger.com\/#organization\",\"name\":\"Bar Bootlegger\",\"url\":\"https:\/\/barbootlegger.com\/\",\"logo\":{\"@type\":\"ImageObject\",\"inLanguage\":\"fr-FR\",\"@id\":\"https:\/\/barbootlegger.com\/#\/schema\/logo\/image\/\",\"url\":\"http:\/\/barbootlegger.com\/wp-content\/uploads\/2020\/08\/cropped-logoBootLaurent_fav.png\",\"contentUrl\":\"http:\/\/barbootlegger.com\/wp-content\/uploads\/2020\/08\/cropped-logoBootLaurent_fav.png\",\"width\":512,\"height\":512,\"caption\":\"Bar Bootlegger\"},\"image\":{\"@id\":\"https:\/\/barbootlegger.com\/#\/schema\/logo\/image\/\"},\"sameAs\":[\"https:\/\/www.facebook.com\/barbootlegger\",\"https:\/\/www.tiktok.com\/@bootleggercocktailbar\",\"https:\/\/twitter.com\/barbootlegger?lang=fr\",\"https:\/\/www.youtube.com\/@bootleggerlauthentique2961\",\"https:\/\/www.instagram.com\/bootleggercocktailbar\/\"]}]}<\/script>\n<!-- \/ Yoast SEO plugin. -->","yoast_head_json":{"title":"T-Shirt - Collection Original \u00abCall Me Old Fashioned\u00bb - Bootlegger Cocktail Bar &amp; Cuisine Montreal","description":"T-shirt noir unisexe \u00ab Call Me Old Fashioned \u00bb par Bootlegger. Confortable, styl\u00e9, il allie esprit speakeasy et design moderne. Parfait pour les amateurs de cocktails et de streetwear.Ceci est la toute premi\u00e8re collection fait par l'\u00e9quipe du Bootlegger qui sera toujours r\u00e9f\u00e9r\u00e9 comme \u00e9tant la \u00abOG\u00bb.","robots":{"index":"index","follow":"follow","max-snippet":"max-snippet:-1","max-image-preview":"max-image-preview:large","max-video-preview":"max-video-preview:-1"},"canonical":"https:\/\/barbootlegger.com\/fr\/produit\/t-shirt-call-me-old-fashioned\/","og_locale":"fr_FR","og_type":"article","og_title":"T-Shirt - Collection Original \u00abCall Me Old Fashioned\u00bb - Bootlegger Cocktail Bar &amp; Cuisine Montreal","og_description":"T-shirt noir unisexe \u00ab Call Me Old Fashioned \u00bb par Bootlegger. Confortable, styl\u00e9, il allie esprit speakeasy et design moderne. Parfait pour les amateurs de cocktails et de streetwear.Ceci est la toute premi\u00e8re collection fait par l'\u00e9quipe du Bootlegger qui sera toujours r\u00e9f\u00e9r\u00e9 comme \u00e9tant la \u00abOG\u00bb.","og_url":"https:\/\/barbootlegger.com\/fr\/produit\/t-shirt-call-me-old-fashioned\/","og_site_name":"Bootlegger Cocktail Bar &amp; Cuisine Montreal","article_publisher":"https:\/\/www.facebook.com\/barbootlegger","article_modified_time":"2025-11-21T18:53:56+00:00","og_image":[{"width":600,"height":381,"url":"https:\/\/barbootlegger.com\/wp-content\/uploads\/2020\/09\/bootleger_t-shirt-v1-600x381-1.png","type":"image\/png"}],"twitter_card":"summary_large_image","twitter_misc":{"Dur\u00e9e de lecture estim\u00e9e":"1 minute"},"schema":{"@context":"https:\/\/schema.org","@graph":[{"@type":"WebPage","@id":"https:\/\/barbootlegger.com\/fr\/produit\/t-shirt-call-me-old-fashioned\/","url":"https:\/\/barbootlegger.com\/fr\/produit\/t-shirt-call-me-old-fashioned\/","name":"T-Shirt - Collection Original \u00abCall Me Old Fashioned\u00bb - Bootlegger Cocktail Bar &amp; Cuisine Montreal","isPartOf":{"@id":"https:\/\/barbootlegger.com\/#website"},"primaryImageOfPage":{"@id":"https:\/\/barbootlegger.com\/fr\/produit\/t-shirt-call-me-old-fashioned\/#primaryimage"},"image":{"@id":"https:\/\/barbootlegger.com\/fr\/produit\/t-shirt-call-me-old-fashioned\/#primaryimage"},"thumbnailUrl":"https:\/\/barbootlegger.com\/wp-content\/uploads\/2020\/09\/bootleger_t-shirt-v1-600x381-1.png","datePublished":"2020-09-17T16:12:43+00:00","dateModified":"2025-11-21T18:53:56+00:00","description":"T-shirt noir unisexe \u00ab Call Me Old Fashioned \u00bb par Bootlegger. Confortable, styl\u00e9, il allie esprit speakeasy et design moderne. Parfait pour les amateurs de cocktails et de streetwear.Ceci est la toute premi\u00e8re collection fait par l'\u00e9quipe du Bootlegger qui sera toujours r\u00e9f\u00e9r\u00e9 comme \u00e9tant la \u00abOG\u00bb.","breadcrumb":{"@id":"https:\/\/barbootlegger.com\/fr\/produit\/t-shirt-call-me-old-fashioned\/#breadcrumb"},"inLanguage":"fr-FR","potentialAction":[{"@type":"ReadAction","target":["https:\/\/barbootlegger.com\/fr\/produit\/t-shirt-call-me-old-fashioned\/"]}]},{"@type":"ImageObject","inLanguage":"fr-FR","@id":"https:\/\/barbootlegger.com\/fr\/produit\/t-shirt-call-me-old-fashioned\/#primaryimage","url":"https:\/\/barbootlegger.com\/wp-content\/uploads\/2020\/09\/bootleger_t-shirt-v1-600x381-1.png","contentUrl":"https:\/\/barbootlegger.com\/wp-content\/uploads\/2020\/09\/bootleger_t-shirt-v1-600x381-1.png","width":600,"height":381},{"@type":"BreadcrumbList","@id":"https:\/\/barbootlegger.com\/fr\/produit\/t-shirt-call-me-old-fashioned\/#breadcrumb","itemListElement":[{"@type":"ListItem","position":1,"name":"Home","item":"https:\/\/barbootlegger.com\/fr\/"},{"@type":"ListItem","position":2,"name":"Shop","item":"https:\/\/barbootlegger.com\/shop\/"},{"@type":"ListItem","position":3,"name":"T-Shirt &#8211; Collection Original \u00abCall Me Old Fashioned\u00bb"}]},{"@type":"WebSite","@id":"https:\/\/barbootlegger.com\/#website","url":"https:\/\/barbootlegger.com\/","name":"Bar Bootlegger","description":"Cocktail, Whisky &amp; Live band","publisher":{"@id":"https:\/\/barbootlegger.com\/#organization"},"potentialAction":[{"@type":"SearchAction","target":{"@type":"EntryPoint","urlTemplate":"https:\/\/barbootlegger.com\/?s={search_term_string}"},"query-input":{"@type":"PropertyValueSpecification","valueRequired":true,"valueName":"search_term_string"}}],"inLanguage":"fr-FR"},{"@type":"Organization","@id":"https:\/\/barbootlegger.com\/#organization","name":"Bar Bootlegger","url":"https:\/\/barbootlegger.com\/","logo":{"@type":"ImageObject","inLanguage":"fr-FR","@id":"https:\/\/barbootlegger.com\/#\/schema\/logo\/image\/","url":"http:\/\/barbootlegger.com\/wp-content\/uploads\/2020\/08\/cropped-logoBootLaurent_fav.png","contentUrl":"http:\/\/barbootlegger.com\/wp-content\/uploads\/2020\/08\/cropped-logoBootLaurent_fav.png","width":512,"height":512,"caption":"Bar Bootlegger"},"image":{"@id":"https:\/\/barbootlegger.com\/#\/schema\/logo\/image\/"},"sameAs":["https:\/\/www.facebook.com\/barbootlegger","https:\/\/www.tiktok.com\/@bootleggercocktailbar","https:\/\/twitter.com\/barbootlegger?lang=fr","https:\/\/www.youtube.com\/@bootleggerlauthentique2961","https:\/\/www.instagram.com\/bootleggercocktailbar\/"]}]}},"_links":{"self":[{"href":"https:\/\/barbootlegger.com\/fr\/wp-json\/wp\/v2\/product\/3229","targetHints":{"allow":["GET"]}}],"collection":[{"href":"https:\/\/barbootlegger.com\/fr\/wp-json\/wp\/v2\/product"}],"about":[{"href":"https:\/\/barbootlegger.com\/fr\/wp-json\/wp\/v2\/types\/product"}],"replies":[{"embeddable":true,"href":"https:\/\/barbootlegger.com\/fr\/wp-json\/wp\/v2\/comments?post=3229"}],"wp:featuredmedia":[{"embeddable":true,"href":"https:\/\/barbootlegger.com\/fr\/wp-json\/wp\/v2\/media\/3917"}],"wp:attachment":[{"href":"https:\/\/barbootlegger.com\/fr\/wp-json\/wp\/v2\/media?parent=3229"}],"wp:term":[{"taxonomy":"product_brand","embeddable":true,"href":"https:\/\/barbootlegger.com\/fr\/wp-json\/wp\/v2\/product_brand?post=3229"},{"taxonomy":"product_cat","embeddable":true,"href":"https:\/\/barbootlegger.com\/fr\/wp-json\/wp\/v2\/product_cat?post=3229"},{"taxonomy":"product_tag","embeddable":true,"href":"https:\/\/barbootlegger.com\/fr\/wp-json\/wp\/v2\/product_tag?post=3229"}],"curies":[{"name":"wp","href":"https:\/\/api.w.org\/{rel}","templated":true}]}}