{"id":15832,"date":"2025-12-01T18:14:58","date_gmt":"2025-12-01T23:14:58","guid":{"rendered":"https:\/\/barbootlegger.com\/?post_type=product&#038;p=15832"},"modified":"2025-12-01T18:27:01","modified_gmt":"2025-12-01T23:27:01","slug":"t-shirt-muse-collection","status":"publish","type":"product","link":"https:\/\/barbootlegger.com\/fr\/produit\/t-shirt-muse-collection\/","title":{"rendered":"T-shirt &#8211; Muse Collection"},"content":{"rendered":"<h1>T-Shirt &#8211; Muse Collection<\/h1>\n<p>D\u00e9couvrez le T-shirt unisexe Bootlegger de la Collection Muse, mettant en avant une \u0153uvre originale de l\u2019artiste James Bouthillier. Cette illustration iconique, la m\u00eame qui accueille nos invit\u00e9s \u00e0 l\u2019entr\u00e9e du Bootlegger, est devenue notre muse : un symbole fort de cr\u00e9ativit\u00e9, d\u2019inspiration et d\u2019audace.<\/p>\n<p>Imprim\u00e9e sur le devant du T-shirt, l\u2019\u0153uvre apporte une pr\u00e9sence artistique intense et distinctive. Au dos, notre logo Bootlegger est appos\u00e9 en haut, pour une touche finale sobre mais reconnaissable.<\/p>\n<p>Confortable, polyvalent et visuellement marquant, ce T-shirt est parfait pour les amateurs de mode artistique, de culture montr\u00e9alaise et de cr\u00e9ations locales qui ont une \u00e2me.<\/p>\n","protected":false},"excerpt":{"rendered":"<p>T-shirt unisexe Bootlegger \u2013 Collection Muse. Illustr\u00e9 d\u2019une \u0153uvre de James Bouthillier, la m\u00eame peinture qui veille sur l\u2019entr\u00e9e de notre bar. Design artistique, confortable et inspir\u00e9.<\/p>\n<h2>Bootlegger Cocktail Bar &amp; Cuisine Montr\u00e9al<\/h2>\n","protected":false},"featured_media":15789,"comment_status":"closed","ping_status":"closed","template":"","meta":{"_acf_changed":false},"product_brand":[1470],"product_cat":[102],"product_tag":[798,523,524,799],"class_list":{"0":"post-15832","1":"product","2":"type-product","3":"status-publish","4":"has-post-thumbnail","6":"product_brand-muse","7":"product_cat-vetement","8":"product_tag-bar-montreal-fr","9":"product_tag-bootlegger-cocktail-bar-fr","10":"product_tag-call-me-old-fashioned-fr","11":"product_tag-clothing-fr","13":"first","14":"instock","15":"taxable","16":"shipping-taxable","17":"purchasable","18":"product-type-variable"},"acf":[],"yoast_head":"<!-- This site is optimized with the Yoast SEO plugin v27.0 - https:\/\/yoast.com\/product\/yoast-seo-wordpress\/ -->\n<title>T-shirt Collection Muse \u2013 \u0152uvre de James Bouthillier | Bootlegger Montr\u00e9al<\/title>\n<meta name=\"description\" content=\"T-shirt unisexe de la Collection Muse, avec une \u0153uvre de James Bouthillier, la m\u00eame peinture qui accueille nos invit\u00e9s au Bootlegger. Style artistique et local.\" \/>\n<meta name=\"robots\" content=\"index, follow, max-snippet:-1, max-image-preview:large, max-video-preview:-1\" \/>\n<link rel=\"canonical\" href=\"https:\/\/barbootlegger.com\/fr\/produit\/t-shirt-muse-collection\/\" \/>\n<meta property=\"og:locale\" content=\"fr_FR\" \/>\n<meta property=\"og:type\" content=\"article\" \/>\n<meta property=\"og:title\" content=\"T-shirt Collection Muse \u2013 \u0152uvre de James Bouthillier | Bootlegger Montr\u00e9al\" \/>\n<meta property=\"og:description\" content=\"T-shirt unisexe de la Collection Muse, avec une \u0153uvre de James Bouthillier, la m\u00eame peinture qui accueille nos invit\u00e9s au Bootlegger. Style artistique et local.\" \/>\n<meta property=\"og:url\" content=\"https:\/\/barbootlegger.com\/fr\/produit\/t-shirt-muse-collection\/\" \/>\n<meta property=\"og:site_name\" content=\"Bootlegger Cocktail Bar &amp; Cuisine Montreal\" \/>\n<meta property=\"article:publisher\" content=\"https:\/\/www.facebook.com\/barbootlegger\" \/>\n<meta property=\"article:modified_time\" content=\"2025-12-01T23:27:01+00:00\" \/>\n<meta property=\"og:image\" content=\"https:\/\/barbootlegger.com\/wp-content\/uploads\/2025\/11\/T-Shirt-Muse-Bootlegger-Cocktail-Bar-Cuisine-Montreal-scaled.jpg\" \/>\n\t<meta property=\"og:image:width\" content=\"2560\" \/>\n\t<meta property=\"og:image:height\" content=\"2411\" \/>\n\t<meta property=\"og:image:type\" content=\"image\/jpeg\" \/>\n<meta name=\"twitter:card\" content=\"summary_large_image\" \/>\n<meta name=\"twitter:label1\" content=\"Dur\u00e9e de lecture estim\u00e9e\" \/>\n\t<meta name=\"twitter:data1\" content=\"1 minute\" \/>\n<script type=\"application\/ld+json\" class=\"yoast-schema-graph\">{\"@context\":\"https:\/\/schema.org\",\"@graph\":[{\"@type\":\"WebPage\",\"@id\":\"https:\/\/barbootlegger.com\/fr\/produit\/t-shirt-muse-collection\/\",\"url\":\"https:\/\/barbootlegger.com\/fr\/produit\/t-shirt-muse-collection\/\",\"name\":\"T-shirt Collection Muse \u2013 \u0152uvre de James Bouthillier | Bootlegger Montr\u00e9al\",\"isPartOf\":{\"@id\":\"https:\/\/barbootlegger.com\/#website\"},\"primaryImageOfPage\":{\"@id\":\"https:\/\/barbootlegger.com\/fr\/produit\/t-shirt-muse-collection\/#primaryimage\"},\"image\":{\"@id\":\"https:\/\/barbootlegger.com\/fr\/produit\/t-shirt-muse-collection\/#primaryimage\"},\"thumbnailUrl\":\"https:\/\/barbootlegger.com\/wp-content\/uploads\/2025\/11\/T-Shirt-Muse-Bootlegger-Cocktail-Bar-Cuisine-Montreal-scaled.jpg\",\"datePublished\":\"2025-12-01T23:14:58+00:00\",\"dateModified\":\"2025-12-01T23:27:01+00:00\",\"description\":\"T-shirt unisexe de la Collection Muse, avec une \u0153uvre de James Bouthillier, la m\u00eame peinture qui accueille nos invit\u00e9s au Bootlegger. Style artistique et local.\",\"breadcrumb\":{\"@id\":\"https:\/\/barbootlegger.com\/fr\/produit\/t-shirt-muse-collection\/#breadcrumb\"},\"inLanguage\":\"fr-FR\",\"potentialAction\":[{\"@type\":\"ReadAction\",\"target\":[\"https:\/\/barbootlegger.com\/fr\/produit\/t-shirt-muse-collection\/\"]}]},{\"@type\":\"ImageObject\",\"inLanguage\":\"fr-FR\",\"@id\":\"https:\/\/barbootlegger.com\/fr\/produit\/t-shirt-muse-collection\/#primaryimage\",\"url\":\"https:\/\/barbootlegger.com\/wp-content\/uploads\/2025\/11\/T-Shirt-Muse-Bootlegger-Cocktail-Bar-Cuisine-Montreal-scaled.jpg\",\"contentUrl\":\"https:\/\/barbootlegger.com\/wp-content\/uploads\/2025\/11\/T-Shirt-Muse-Bootlegger-Cocktail-Bar-Cuisine-Montreal-scaled.jpg\",\"width\":2560,\"height\":2411,\"caption\":\"T-Shirt Muse - Bootlegger Cocktail Bar & Cuisine Montreal\"},{\"@type\":\"BreadcrumbList\",\"@id\":\"https:\/\/barbootlegger.com\/fr\/produit\/t-shirt-muse-collection\/#breadcrumb\",\"itemListElement\":[{\"@type\":\"ListItem\",\"position\":1,\"name\":\"Home\",\"item\":\"https:\/\/barbootlegger.com\/fr\/\"},{\"@type\":\"ListItem\",\"position\":2,\"name\":\"Shop\",\"item\":\"https:\/\/barbootlegger.com\/shop\/\"},{\"@type\":\"ListItem\",\"position\":3,\"name\":\"T-shirt &#8211; Muse Collection\"}]},{\"@type\":\"WebSite\",\"@id\":\"https:\/\/barbootlegger.com\/#website\",\"url\":\"https:\/\/barbootlegger.com\/\",\"name\":\"Bar Bootlegger\",\"description\":\"Cocktail, Whisky &amp; Live band\",\"publisher\":{\"@id\":\"https:\/\/barbootlegger.com\/#organization\"},\"potentialAction\":[{\"@type\":\"SearchAction\",\"target\":{\"@type\":\"EntryPoint\",\"urlTemplate\":\"https:\/\/barbootlegger.com\/?s={search_term_string}\"},\"query-input\":{\"@type\":\"PropertyValueSpecification\",\"valueRequired\":true,\"valueName\":\"search_term_string\"}}],\"inLanguage\":\"fr-FR\"},{\"@type\":\"Organization\",\"@id\":\"https:\/\/barbootlegger.com\/#organization\",\"name\":\"Bar Bootlegger\",\"url\":\"https:\/\/barbootlegger.com\/\",\"logo\":{\"@type\":\"ImageObject\",\"inLanguage\":\"fr-FR\",\"@id\":\"https:\/\/barbootlegger.com\/#\/schema\/logo\/image\/\",\"url\":\"http:\/\/barbootlegger.com\/wp-content\/uploads\/2020\/08\/cropped-logoBootLaurent_fav.png\",\"contentUrl\":\"http:\/\/barbootlegger.com\/wp-content\/uploads\/2020\/08\/cropped-logoBootLaurent_fav.png\",\"width\":512,\"height\":512,\"caption\":\"Bar Bootlegger\"},\"image\":{\"@id\":\"https:\/\/barbootlegger.com\/#\/schema\/logo\/image\/\"},\"sameAs\":[\"https:\/\/www.facebook.com\/barbootlegger\",\"https:\/\/www.tiktok.com\/@bootleggercocktailbar\",\"https:\/\/twitter.com\/barbootlegger?lang=fr\",\"https:\/\/www.youtube.com\/@bootleggerlauthentique2961\",\"https:\/\/www.instagram.com\/bootleggercocktailbar\/\"]}]}<\/script>\n<!-- \/ Yoast SEO plugin. -->","yoast_head_json":{"title":"T-shirt Collection Muse \u2013 \u0152uvre de James Bouthillier | Bootlegger Montr\u00e9al","description":"T-shirt unisexe de la Collection Muse, avec une \u0153uvre de James Bouthillier, la m\u00eame peinture qui accueille nos invit\u00e9s au Bootlegger. Style artistique et local.","robots":{"index":"index","follow":"follow","max-snippet":"max-snippet:-1","max-image-preview":"max-image-preview:large","max-video-preview":"max-video-preview:-1"},"canonical":"https:\/\/barbootlegger.com\/fr\/produit\/t-shirt-muse-collection\/","og_locale":"fr_FR","og_type":"article","og_title":"T-shirt Collection Muse \u2013 \u0152uvre de James Bouthillier | Bootlegger Montr\u00e9al","og_description":"T-shirt unisexe de la Collection Muse, avec une \u0153uvre de James Bouthillier, la m\u00eame peinture qui accueille nos invit\u00e9s au Bootlegger. Style artistique et local.","og_url":"https:\/\/barbootlegger.com\/fr\/produit\/t-shirt-muse-collection\/","og_site_name":"Bootlegger Cocktail Bar &amp; Cuisine Montreal","article_publisher":"https:\/\/www.facebook.com\/barbootlegger","article_modified_time":"2025-12-01T23:27:01+00:00","og_image":[{"width":2560,"height":2411,"url":"https:\/\/barbootlegger.com\/wp-content\/uploads\/2025\/11\/T-Shirt-Muse-Bootlegger-Cocktail-Bar-Cuisine-Montreal-scaled.jpg","type":"image\/jpeg"}],"twitter_card":"summary_large_image","twitter_misc":{"Dur\u00e9e de lecture estim\u00e9e":"1 minute"},"schema":{"@context":"https:\/\/schema.org","@graph":[{"@type":"WebPage","@id":"https:\/\/barbootlegger.com\/fr\/produit\/t-shirt-muse-collection\/","url":"https:\/\/barbootlegger.com\/fr\/produit\/t-shirt-muse-collection\/","name":"T-shirt Collection Muse \u2013 \u0152uvre de James Bouthillier | Bootlegger Montr\u00e9al","isPartOf":{"@id":"https:\/\/barbootlegger.com\/#website"},"primaryImageOfPage":{"@id":"https:\/\/barbootlegger.com\/fr\/produit\/t-shirt-muse-collection\/#primaryimage"},"image":{"@id":"https:\/\/barbootlegger.com\/fr\/produit\/t-shirt-muse-collection\/#primaryimage"},"thumbnailUrl":"https:\/\/barbootlegger.com\/wp-content\/uploads\/2025\/11\/T-Shirt-Muse-Bootlegger-Cocktail-Bar-Cuisine-Montreal-scaled.jpg","datePublished":"2025-12-01T23:14:58+00:00","dateModified":"2025-12-01T23:27:01+00:00","description":"T-shirt unisexe de la Collection Muse, avec une \u0153uvre de James Bouthillier, la m\u00eame peinture qui accueille nos invit\u00e9s au Bootlegger. Style artistique et local.","breadcrumb":{"@id":"https:\/\/barbootlegger.com\/fr\/produit\/t-shirt-muse-collection\/#breadcrumb"},"inLanguage":"fr-FR","potentialAction":[{"@type":"ReadAction","target":["https:\/\/barbootlegger.com\/fr\/produit\/t-shirt-muse-collection\/"]}]},{"@type":"ImageObject","inLanguage":"fr-FR","@id":"https:\/\/barbootlegger.com\/fr\/produit\/t-shirt-muse-collection\/#primaryimage","url":"https:\/\/barbootlegger.com\/wp-content\/uploads\/2025\/11\/T-Shirt-Muse-Bootlegger-Cocktail-Bar-Cuisine-Montreal-scaled.jpg","contentUrl":"https:\/\/barbootlegger.com\/wp-content\/uploads\/2025\/11\/T-Shirt-Muse-Bootlegger-Cocktail-Bar-Cuisine-Montreal-scaled.jpg","width":2560,"height":2411,"caption":"T-Shirt Muse - Bootlegger Cocktail Bar & Cuisine Montreal"},{"@type":"BreadcrumbList","@id":"https:\/\/barbootlegger.com\/fr\/produit\/t-shirt-muse-collection\/#breadcrumb","itemListElement":[{"@type":"ListItem","position":1,"name":"Home","item":"https:\/\/barbootlegger.com\/fr\/"},{"@type":"ListItem","position":2,"name":"Shop","item":"https:\/\/barbootlegger.com\/shop\/"},{"@type":"ListItem","position":3,"name":"T-shirt &#8211; Muse Collection"}]},{"@type":"WebSite","@id":"https:\/\/barbootlegger.com\/#website","url":"https:\/\/barbootlegger.com\/","name":"Bar Bootlegger","description":"Cocktail, Whisky &amp; Live band","publisher":{"@id":"https:\/\/barbootlegger.com\/#organization"},"potentialAction":[{"@type":"SearchAction","target":{"@type":"EntryPoint","urlTemplate":"https:\/\/barbootlegger.com\/?s={search_term_string}"},"query-input":{"@type":"PropertyValueSpecification","valueRequired":true,"valueName":"search_term_string"}}],"inLanguage":"fr-FR"},{"@type":"Organization","@id":"https:\/\/barbootlegger.com\/#organization","name":"Bar Bootlegger","url":"https:\/\/barbootlegger.com\/","logo":{"@type":"ImageObject","inLanguage":"fr-FR","@id":"https:\/\/barbootlegger.com\/#\/schema\/logo\/image\/","url":"http:\/\/barbootlegger.com\/wp-content\/uploads\/2020\/08\/cropped-logoBootLaurent_fav.png","contentUrl":"http:\/\/barbootlegger.com\/wp-content\/uploads\/2020\/08\/cropped-logoBootLaurent_fav.png","width":512,"height":512,"caption":"Bar Bootlegger"},"image":{"@id":"https:\/\/barbootlegger.com\/#\/schema\/logo\/image\/"},"sameAs":["https:\/\/www.facebook.com\/barbootlegger","https:\/\/www.tiktok.com\/@bootleggercocktailbar","https:\/\/twitter.com\/barbootlegger?lang=fr","https:\/\/www.youtube.com\/@bootleggerlauthentique2961","https:\/\/www.instagram.com\/bootleggercocktailbar\/"]}]}},"_links":{"self":[{"href":"https:\/\/barbootlegger.com\/fr\/wp-json\/wp\/v2\/product\/15832","targetHints":{"allow":["GET"]}}],"collection":[{"href":"https:\/\/barbootlegger.com\/fr\/wp-json\/wp\/v2\/product"}],"about":[{"href":"https:\/\/barbootlegger.com\/fr\/wp-json\/wp\/v2\/types\/product"}],"replies":[{"embeddable":true,"href":"https:\/\/barbootlegger.com\/fr\/wp-json\/wp\/v2\/comments?post=15832"}],"wp:featuredmedia":[{"embeddable":true,"href":"https:\/\/barbootlegger.com\/fr\/wp-json\/wp\/v2\/media\/15789"}],"wp:attachment":[{"href":"https:\/\/barbootlegger.com\/fr\/wp-json\/wp\/v2\/media?parent=15832"}],"wp:term":[{"taxonomy":"product_brand","embeddable":true,"href":"https:\/\/barbootlegger.com\/fr\/wp-json\/wp\/v2\/product_brand?post=15832"},{"taxonomy":"product_cat","embeddable":true,"href":"https:\/\/barbootlegger.com\/fr\/wp-json\/wp\/v2\/product_cat?post=15832"},{"taxonomy":"product_tag","embeddable":true,"href":"https:\/\/barbootlegger.com\/fr\/wp-json\/wp\/v2\/product_tag?post=15832"}],"curies":[{"name":"wp","href":"https:\/\/api.w.org\/{rel}","templated":true}]}}