{"id":15753,"date":"2025-11-27T14:59:38","date_gmt":"2025-11-27T19:59:38","guid":{"rendered":"https:\/\/barbootlegger.com\/product\/cap-landmark\/"},"modified":"2025-11-28T14:21:17","modified_gmt":"2025-11-28T19:21:17","slug":"casquette-landmark-bootlegger","status":"publish","type":"product","link":"https:\/\/barbootlegger.com\/fr\/produit\/casquette-landmark-bootlegger\/","title":{"rendered":"Casquette \u00ab\u00a0Landmark\u00a0\u00bb"},"content":{"rendered":"<h1>Casquette \u00ab\u00a0Landmark\u00a0\u00bb<\/h1>\n<p>D\u00e9couvrez la nouvelle casquette Bootlegger unisexe, un accessoire unique qui combine style urbain, confort et identit\u00e9 montr\u00e9alaise. Con\u00e7ue en noir avec une large visi\u00e8re rouge au look audacieux, elle se distingue par son cordon d\u00e9coratif blanc et rouge, son logo Bootlegger 3D sur le devant et son \u00e9cusson Montr\u00e9al multicolore sur le c\u00f4t\u00e9.<\/p>\n<p>Son panneau arri\u00e8re perfor\u00e9 assure une excellente respirabilit\u00e9, id\u00e9ale pour un usage quotidien, en ville ou en terrasse. Gr\u00e2ce \u00e0 sa fermeture ajustable, elle s\u2019adapte parfaitement \u00e0 toutes les t\u00eates.<\/p>\n<p>Cette casquette repr\u00e9sente l\u2019\u00e9quilibre parfait entre mode streetwear, culture cocktail et fiert\u00e9 locale. Que ce soit pour compl\u00e9ter un outfit urbain, afficher votre amour pour Montr\u00e9al ou soutenir votre bar pr\u00e9f\u00e9r\u00e9, c\u2019est l\u2019accessoire essentiel \u00e0 ajouter \u00e0 votre collection.<\/p>\n","protected":false},"excerpt":{"rendered":"<p>Casquette unisexe Bootlegger noire et rouge, orn\u00e9e de notre logo embl\u00e9matique \u00e0 l\u2019avant et d\u2019un \u00e9cusson Montr\u00e9al sur le c\u00f4t\u00e9. Avec sa visi\u00e8re rouge, son cordon d\u00e9coratif blanc et rouge et son panneau arri\u00e8re perfor\u00e9, cette casquette streetwear ajustable est parfaite pour tous ceux qui appr\u00e9cient les accessoires tendance et embl\u00e9matiques.<\/p>\n<h1>Bootlegger Cocktail Bar &amp; Cuisine Montr\u00e9al<\/h1>\n","protected":false},"featured_media":15755,"comment_status":"closed","ping_status":"closed","template":"","meta":{"_acf_changed":false},"product_brand":[1473],"product_cat":[102],"product_tag":[],"class_list":{"0":"post-15753","1":"product","2":"type-product","3":"status-publish","4":"has-post-thumbnail","6":"product_brand-landmark","7":"product_cat-vetement","9":"first","10":"instock","11":"taxable","12":"shipping-taxable","13":"purchasable","14":"product-type-simple"},"acf":[],"yoast_head":"<!-- This site is optimized with the Yoast SEO plugin v27.0 - https:\/\/yoast.com\/product\/yoast-seo-wordpress\/ -->\n<title>Casquette &quot;Landmark&#039;&#039; - Bootlegger Cocktail Bar &amp; Cuisine Montreal<\/title>\n<meta name=\"description\" content=\"Black and red unisex Bootlegger cap, featuring our iconic logo on the front and a Montreal patch on the side.\" \/>\n<meta name=\"robots\" content=\"index, follow, max-snippet:-1, max-image-preview:large, max-video-preview:-1\" \/>\n<link rel=\"canonical\" href=\"https:\/\/barbootlegger.com\/fr\/produit\/casquette-landmark-bootlegger\/\" \/>\n<meta property=\"og:locale\" content=\"fr_FR\" \/>\n<meta property=\"og:type\" content=\"article\" \/>\n<meta property=\"og:title\" content=\"Casquette &quot;Landmark&#039;&#039; - Bootlegger Cocktail Bar &amp; Cuisine Montreal\" \/>\n<meta property=\"og:description\" content=\"Black and red unisex Bootlegger cap, featuring our iconic logo on the front and a Montreal patch on the side.\" \/>\n<meta property=\"og:url\" content=\"https:\/\/barbootlegger.com\/fr\/produit\/casquette-landmark-bootlegger\/\" \/>\n<meta property=\"og:site_name\" content=\"Bootlegger Cocktail Bar &amp; Cuisine Montreal\" \/>\n<meta property=\"article:publisher\" content=\"https:\/\/www.facebook.com\/barbootlegger\" \/>\n<meta property=\"article:modified_time\" content=\"2025-11-28T19:21:17+00:00\" \/>\n<meta property=\"og:image\" content=\"https:\/\/barbootlegger.com\/wp-content\/uploads\/2025\/11\/Casquette-Landmark-Bootlegger-Cocktail-Bar-Cuisine-Montreal.jpeg\" \/>\n\t<meta property=\"og:image:width\" content=\"1920\" \/>\n\t<meta property=\"og:image:height\" content=\"1459\" \/>\n\t<meta property=\"og:image:type\" content=\"image\/jpeg\" \/>\n<meta name=\"twitter:card\" content=\"summary_large_image\" \/>\n<meta name=\"twitter:label1\" content=\"Dur\u00e9e de lecture estim\u00e9e\" \/>\n\t<meta name=\"twitter:data1\" content=\"1 minute\" \/>\n<script type=\"application\/ld+json\" class=\"yoast-schema-graph\">{\"@context\":\"https:\/\/schema.org\",\"@graph\":[{\"@type\":\"WebPage\",\"@id\":\"https:\/\/barbootlegger.com\/fr\/produit\/casquette-landmark-bootlegger\/\",\"url\":\"https:\/\/barbootlegger.com\/fr\/produit\/casquette-landmark-bootlegger\/\",\"name\":\"Casquette \\\"Landmark'' - Bootlegger Cocktail Bar &amp; Cuisine Montreal\",\"isPartOf\":{\"@id\":\"https:\/\/barbootlegger.com\/#website\"},\"primaryImageOfPage\":{\"@id\":\"https:\/\/barbootlegger.com\/fr\/produit\/casquette-landmark-bootlegger\/#primaryimage\"},\"image\":{\"@id\":\"https:\/\/barbootlegger.com\/fr\/produit\/casquette-landmark-bootlegger\/#primaryimage\"},\"thumbnailUrl\":\"https:\/\/barbootlegger.com\/wp-content\/uploads\/2025\/11\/Casquette-Landmark-Bootlegger-Cocktail-Bar-Cuisine-Montreal.jpeg\",\"datePublished\":\"2025-11-27T19:59:38+00:00\",\"dateModified\":\"2025-11-28T19:21:17+00:00\",\"description\":\"Black and red unisex Bootlegger cap, featuring our iconic logo on the front and a Montreal patch on the side.\",\"breadcrumb\":{\"@id\":\"https:\/\/barbootlegger.com\/fr\/produit\/casquette-landmark-bootlegger\/#breadcrumb\"},\"inLanguage\":\"fr-FR\",\"potentialAction\":[{\"@type\":\"ReadAction\",\"target\":[\"https:\/\/barbootlegger.com\/fr\/produit\/casquette-landmark-bootlegger\/\"]}]},{\"@type\":\"ImageObject\",\"inLanguage\":\"fr-FR\",\"@id\":\"https:\/\/barbootlegger.com\/fr\/produit\/casquette-landmark-bootlegger\/#primaryimage\",\"url\":\"https:\/\/barbootlegger.com\/wp-content\/uploads\/2025\/11\/Casquette-Landmark-Bootlegger-Cocktail-Bar-Cuisine-Montreal.jpeg\",\"contentUrl\":\"https:\/\/barbootlegger.com\/wp-content\/uploads\/2025\/11\/Casquette-Landmark-Bootlegger-Cocktail-Bar-Cuisine-Montreal.jpeg\",\"width\":1920,\"height\":1459,\"caption\":\"Casquette Landmark - Bootlegger Cocktail Bar & Cuisine Montr\u00e9al\"},{\"@type\":\"BreadcrumbList\",\"@id\":\"https:\/\/barbootlegger.com\/fr\/produit\/casquette-landmark-bootlegger\/#breadcrumb\",\"itemListElement\":[{\"@type\":\"ListItem\",\"position\":1,\"name\":\"Home\",\"item\":\"https:\/\/barbootlegger.com\/fr\/\"},{\"@type\":\"ListItem\",\"position\":2,\"name\":\"Shop\",\"item\":\"https:\/\/barbootlegger.com\/shop\/\"},{\"@type\":\"ListItem\",\"position\":3,\"name\":\"Casquette \u00ab\u00a0Landmark\u00a0\u00bb\"}]},{\"@type\":\"WebSite\",\"@id\":\"https:\/\/barbootlegger.com\/#website\",\"url\":\"https:\/\/barbootlegger.com\/\",\"name\":\"Bar Bootlegger\",\"description\":\"Cocktail, Whisky &amp; Live band\",\"publisher\":{\"@id\":\"https:\/\/barbootlegger.com\/#organization\"},\"potentialAction\":[{\"@type\":\"SearchAction\",\"target\":{\"@type\":\"EntryPoint\",\"urlTemplate\":\"https:\/\/barbootlegger.com\/?s={search_term_string}\"},\"query-input\":{\"@type\":\"PropertyValueSpecification\",\"valueRequired\":true,\"valueName\":\"search_term_string\"}}],\"inLanguage\":\"fr-FR\"},{\"@type\":\"Organization\",\"@id\":\"https:\/\/barbootlegger.com\/#organization\",\"name\":\"Bar Bootlegger\",\"url\":\"https:\/\/barbootlegger.com\/\",\"logo\":{\"@type\":\"ImageObject\",\"inLanguage\":\"fr-FR\",\"@id\":\"https:\/\/barbootlegger.com\/#\/schema\/logo\/image\/\",\"url\":\"http:\/\/barbootlegger.com\/wp-content\/uploads\/2020\/08\/cropped-logoBootLaurent_fav.png\",\"contentUrl\":\"http:\/\/barbootlegger.com\/wp-content\/uploads\/2020\/08\/cropped-logoBootLaurent_fav.png\",\"width\":512,\"height\":512,\"caption\":\"Bar Bootlegger\"},\"image\":{\"@id\":\"https:\/\/barbootlegger.com\/#\/schema\/logo\/image\/\"},\"sameAs\":[\"https:\/\/www.facebook.com\/barbootlegger\",\"https:\/\/www.tiktok.com\/@bootleggercocktailbar\",\"https:\/\/twitter.com\/barbootlegger?lang=fr\",\"https:\/\/www.youtube.com\/@bootleggerlauthentique2961\",\"https:\/\/www.instagram.com\/bootleggercocktailbar\/\"]}]}<\/script>\n<!-- \/ Yoast SEO plugin. -->","yoast_head_json":{"title":"Casquette \"Landmark'' - Bootlegger Cocktail Bar &amp; Cuisine Montreal","description":"Black and red unisex Bootlegger cap, featuring our iconic logo on the front and a Montreal patch on the side.","robots":{"index":"index","follow":"follow","max-snippet":"max-snippet:-1","max-image-preview":"max-image-preview:large","max-video-preview":"max-video-preview:-1"},"canonical":"https:\/\/barbootlegger.com\/fr\/produit\/casquette-landmark-bootlegger\/","og_locale":"fr_FR","og_type":"article","og_title":"Casquette \"Landmark'' - Bootlegger Cocktail Bar &amp; Cuisine Montreal","og_description":"Black and red unisex Bootlegger cap, featuring our iconic logo on the front and a Montreal patch on the side.","og_url":"https:\/\/barbootlegger.com\/fr\/produit\/casquette-landmark-bootlegger\/","og_site_name":"Bootlegger Cocktail Bar &amp; Cuisine Montreal","article_publisher":"https:\/\/www.facebook.com\/barbootlegger","article_modified_time":"2025-11-28T19:21:17+00:00","og_image":[{"width":1920,"height":1459,"url":"https:\/\/barbootlegger.com\/wp-content\/uploads\/2025\/11\/Casquette-Landmark-Bootlegger-Cocktail-Bar-Cuisine-Montreal.jpeg","type":"image\/jpeg"}],"twitter_card":"summary_large_image","twitter_misc":{"Dur\u00e9e de lecture estim\u00e9e":"1 minute"},"schema":{"@context":"https:\/\/schema.org","@graph":[{"@type":"WebPage","@id":"https:\/\/barbootlegger.com\/fr\/produit\/casquette-landmark-bootlegger\/","url":"https:\/\/barbootlegger.com\/fr\/produit\/casquette-landmark-bootlegger\/","name":"Casquette \"Landmark'' - Bootlegger Cocktail Bar &amp; Cuisine Montreal","isPartOf":{"@id":"https:\/\/barbootlegger.com\/#website"},"primaryImageOfPage":{"@id":"https:\/\/barbootlegger.com\/fr\/produit\/casquette-landmark-bootlegger\/#primaryimage"},"image":{"@id":"https:\/\/barbootlegger.com\/fr\/produit\/casquette-landmark-bootlegger\/#primaryimage"},"thumbnailUrl":"https:\/\/barbootlegger.com\/wp-content\/uploads\/2025\/11\/Casquette-Landmark-Bootlegger-Cocktail-Bar-Cuisine-Montreal.jpeg","datePublished":"2025-11-27T19:59:38+00:00","dateModified":"2025-11-28T19:21:17+00:00","description":"Black and red unisex Bootlegger cap, featuring our iconic logo on the front and a Montreal patch on the side.","breadcrumb":{"@id":"https:\/\/barbootlegger.com\/fr\/produit\/casquette-landmark-bootlegger\/#breadcrumb"},"inLanguage":"fr-FR","potentialAction":[{"@type":"ReadAction","target":["https:\/\/barbootlegger.com\/fr\/produit\/casquette-landmark-bootlegger\/"]}]},{"@type":"ImageObject","inLanguage":"fr-FR","@id":"https:\/\/barbootlegger.com\/fr\/produit\/casquette-landmark-bootlegger\/#primaryimage","url":"https:\/\/barbootlegger.com\/wp-content\/uploads\/2025\/11\/Casquette-Landmark-Bootlegger-Cocktail-Bar-Cuisine-Montreal.jpeg","contentUrl":"https:\/\/barbootlegger.com\/wp-content\/uploads\/2025\/11\/Casquette-Landmark-Bootlegger-Cocktail-Bar-Cuisine-Montreal.jpeg","width":1920,"height":1459,"caption":"Casquette Landmark - Bootlegger Cocktail Bar & Cuisine Montr\u00e9al"},{"@type":"BreadcrumbList","@id":"https:\/\/barbootlegger.com\/fr\/produit\/casquette-landmark-bootlegger\/#breadcrumb","itemListElement":[{"@type":"ListItem","position":1,"name":"Home","item":"https:\/\/barbootlegger.com\/fr\/"},{"@type":"ListItem","position":2,"name":"Shop","item":"https:\/\/barbootlegger.com\/shop\/"},{"@type":"ListItem","position":3,"name":"Casquette \u00ab\u00a0Landmark\u00a0\u00bb"}]},{"@type":"WebSite","@id":"https:\/\/barbootlegger.com\/#website","url":"https:\/\/barbootlegger.com\/","name":"Bar Bootlegger","description":"Cocktail, Whisky &amp; Live band","publisher":{"@id":"https:\/\/barbootlegger.com\/#organization"},"potentialAction":[{"@type":"SearchAction","target":{"@type":"EntryPoint","urlTemplate":"https:\/\/barbootlegger.com\/?s={search_term_string}"},"query-input":{"@type":"PropertyValueSpecification","valueRequired":true,"valueName":"search_term_string"}}],"inLanguage":"fr-FR"},{"@type":"Organization","@id":"https:\/\/barbootlegger.com\/#organization","name":"Bar Bootlegger","url":"https:\/\/barbootlegger.com\/","logo":{"@type":"ImageObject","inLanguage":"fr-FR","@id":"https:\/\/barbootlegger.com\/#\/schema\/logo\/image\/","url":"http:\/\/barbootlegger.com\/wp-content\/uploads\/2020\/08\/cropped-logoBootLaurent_fav.png","contentUrl":"http:\/\/barbootlegger.com\/wp-content\/uploads\/2020\/08\/cropped-logoBootLaurent_fav.png","width":512,"height":512,"caption":"Bar Bootlegger"},"image":{"@id":"https:\/\/barbootlegger.com\/#\/schema\/logo\/image\/"},"sameAs":["https:\/\/www.facebook.com\/barbootlegger","https:\/\/www.tiktok.com\/@bootleggercocktailbar","https:\/\/twitter.com\/barbootlegger?lang=fr","https:\/\/www.youtube.com\/@bootleggerlauthentique2961","https:\/\/www.instagram.com\/bootleggercocktailbar\/"]}]}},"_links":{"self":[{"href":"https:\/\/barbootlegger.com\/fr\/wp-json\/wp\/v2\/product\/15753","targetHints":{"allow":["GET"]}}],"collection":[{"href":"https:\/\/barbootlegger.com\/fr\/wp-json\/wp\/v2\/product"}],"about":[{"href":"https:\/\/barbootlegger.com\/fr\/wp-json\/wp\/v2\/types\/product"}],"replies":[{"embeddable":true,"href":"https:\/\/barbootlegger.com\/fr\/wp-json\/wp\/v2\/comments?post=15753"}],"wp:featuredmedia":[{"embeddable":true,"href":"https:\/\/barbootlegger.com\/fr\/wp-json\/wp\/v2\/media\/15755"}],"wp:attachment":[{"href":"https:\/\/barbootlegger.com\/fr\/wp-json\/wp\/v2\/media?parent=15753"}],"wp:term":[{"taxonomy":"product_brand","embeddable":true,"href":"https:\/\/barbootlegger.com\/fr\/wp-json\/wp\/v2\/product_brand?post=15753"},{"taxonomy":"product_cat","embeddable":true,"href":"https:\/\/barbootlegger.com\/fr\/wp-json\/wp\/v2\/product_cat?post=15753"},{"taxonomy":"product_tag","embeddable":true,"href":"https:\/\/barbootlegger.com\/fr\/wp-json\/wp\/v2\/product_tag?post=15753"}],"curies":[{"name":"wp","href":"https:\/\/api.w.org\/{rel}","templated":true}]}}