{"id":14101,"date":"2021-04-27T01:59:19","date_gmt":"2021-04-27T01:59:19","guid":{"rendered":"https:\/\/barbootlegger.com\/product\/tuque-bootlegger\/"},"modified":"2025-11-12T13:04:13","modified_gmt":"2025-11-12T18:04:13","slug":"tuque-bootlegger","status":"publish","type":"product","link":"https:\/\/barbootlegger.com\/fr\/produit\/tuque-bootlegger\/","title":{"rendered":"Tuque &#8211; Collection Legacy"},"content":{"rendered":"<h1>Tuque &#8211; Collection Legacy<\/h1>\n<p>La tuque noire unisexe Bootlegger est l\u2019accessoire parfait pour combiner style urbain et confort. Con\u00e7ue en tissu chaud et r\u00e9sistant, elle offre une coupe ajust\u00e9e qui convient \u00e0 toutes les occasions.<\/p>\n<p>Sur le devant, elle arbore le logo embl\u00e9matique Bootlegger. Que ce soit pour une sortie en ville, une soir\u00e9e entre amis ou vos moments du quotidien, cette tuque apporte une touche de caract\u00e8re \u00e0 votre look.<\/p>\n<p>Id\u00e9ale pour les amateurs de cocktails, les passionn\u00e9s de whisky et les adeptes de streetwear, la tuque Bootlegger est bien plus qu\u2019un simple accessoire : c\u2019est une d\u00e9claration de style.<\/p>\n","protected":false},"excerpt":{"rendered":"<p>Gardez la t\u00eate au chaud avec la tuque noire unisexe Bootlegger, munis de son logo embl\u00e9matique. Confortable, durable et styl\u00e9e, parfaite pour les amateurs de cocktails et de mode urbaine.<\/p>\n<h2>Bootlegger Cocktail Bar Montreal<\/h2>\n","protected":false},"featured_media":4538,"comment_status":"closed","ping_status":"closed","template":"","meta":{"_acf_changed":false},"product_brand":[1471],"product_cat":[102],"product_tag":[798,523,799,800],"class_list":{"0":"post-14101","1":"product","2":"type-product","3":"status-publish","4":"has-post-thumbnail","6":"product_brand-legacy-collection","7":"product_cat-vetement","8":"product_tag-bar-montreal-fr","9":"product_tag-bootlegger-cocktail-bar-fr","10":"product_tag-clothing-fr","11":"product_tag-og-collection-fr","13":"first","14":"instock","15":"taxable","16":"shipping-taxable","17":"purchasable","18":"product-type-simple"},"acf":[],"yoast_head":"<!-- This site is optimized with the Yoast SEO plugin v27.0 - https:\/\/yoast.com\/product\/yoast-seo-wordpress\/ -->\n<title>Tuque - Collection Legacy - Bootlegger Cocktail Bar &amp; Cuisine Montreal<\/title>\n<meta name=\"description\" content=\"Gardez la t\u00eate au chaud avec la tuque noire unisexe Bootlegger, munis de son logo embl\u00e9matique. Confortable, durable et styl\u00e9e, parfaite pour les amateurs de cocktails et de mode urbaine.\" \/>\n<meta name=\"robots\" content=\"index, follow, max-snippet:-1, max-image-preview:large, max-video-preview:-1\" \/>\n<link rel=\"canonical\" href=\"https:\/\/barbootlegger.com\/fr\/produit\/tuque-bootlegger\/\" \/>\n<meta property=\"og:locale\" content=\"fr_FR\" \/>\n<meta property=\"og:type\" content=\"article\" \/>\n<meta property=\"og:title\" content=\"Tuque - Collection Legacy - Bootlegger Cocktail Bar &amp; Cuisine Montreal\" \/>\n<meta property=\"og:description\" content=\"Gardez la t\u00eate au chaud avec la tuque noire unisexe Bootlegger, munis de son logo embl\u00e9matique. Confortable, durable et styl\u00e9e, parfaite pour les amateurs de cocktails et de mode urbaine.\" \/>\n<meta property=\"og:url\" content=\"https:\/\/barbootlegger.com\/fr\/produit\/tuque-bootlegger\/\" \/>\n<meta property=\"og:site_name\" content=\"Bootlegger Cocktail Bar &amp; Cuisine Montreal\" \/>\n<meta property=\"article:publisher\" content=\"https:\/\/www.facebook.com\/barbootlegger\" \/>\n<meta property=\"article:modified_time\" content=\"2025-11-12T18:04:13+00:00\" \/>\n<meta property=\"og:image\" content=\"https:\/\/barbootlegger.com\/wp-content\/uploads\/2021\/04\/C9A4387.jpg\" \/>\n\t<meta property=\"og:image:width\" content=\"1620\" \/>\n\t<meta property=\"og:image:height\" content=\"1080\" \/>\n\t<meta property=\"og:image:type\" content=\"image\/jpeg\" \/>\n<meta name=\"twitter:card\" content=\"summary_large_image\" \/>\n<meta name=\"twitter:label1\" content=\"Dur\u00e9e de lecture estim\u00e9e\" \/>\n\t<meta name=\"twitter:data1\" content=\"1 minute\" \/>\n<script type=\"application\/ld+json\" class=\"yoast-schema-graph\">{\"@context\":\"https:\/\/schema.org\",\"@graph\":[{\"@type\":\"WebPage\",\"@id\":\"https:\/\/barbootlegger.com\/fr\/produit\/tuque-bootlegger\/\",\"url\":\"https:\/\/barbootlegger.com\/fr\/produit\/tuque-bootlegger\/\",\"name\":\"Tuque - Collection Legacy - Bootlegger Cocktail Bar &amp; Cuisine Montreal\",\"isPartOf\":{\"@id\":\"https:\/\/barbootlegger.com\/#website\"},\"primaryImageOfPage\":{\"@id\":\"https:\/\/barbootlegger.com\/fr\/produit\/tuque-bootlegger\/#primaryimage\"},\"image\":{\"@id\":\"https:\/\/barbootlegger.com\/fr\/produit\/tuque-bootlegger\/#primaryimage\"},\"thumbnailUrl\":\"https:\/\/barbootlegger.com\/wp-content\/uploads\/2021\/04\/C9A4387.jpg\",\"datePublished\":\"2021-04-27T01:59:19+00:00\",\"dateModified\":\"2025-11-12T18:04:13+00:00\",\"description\":\"Gardez la t\u00eate au chaud avec la tuque noire unisexe Bootlegger, munis de son logo embl\u00e9matique. Confortable, durable et styl\u00e9e, parfaite pour les amateurs de cocktails et de mode urbaine.\",\"breadcrumb\":{\"@id\":\"https:\/\/barbootlegger.com\/fr\/produit\/tuque-bootlegger\/#breadcrumb\"},\"inLanguage\":\"fr-FR\",\"potentialAction\":[{\"@type\":\"ReadAction\",\"target\":[\"https:\/\/barbootlegger.com\/fr\/produit\/tuque-bootlegger\/\"]}]},{\"@type\":\"ImageObject\",\"inLanguage\":\"fr-FR\",\"@id\":\"https:\/\/barbootlegger.com\/fr\/produit\/tuque-bootlegger\/#primaryimage\",\"url\":\"https:\/\/barbootlegger.com\/wp-content\/uploads\/2021\/04\/C9A4387.jpg\",\"contentUrl\":\"https:\/\/barbootlegger.com\/wp-content\/uploads\/2021\/04\/C9A4387.jpg\",\"width\":1620,\"height\":1080,\"caption\":\"tuque Bootlegger\"},{\"@type\":\"BreadcrumbList\",\"@id\":\"https:\/\/barbootlegger.com\/fr\/produit\/tuque-bootlegger\/#breadcrumb\",\"itemListElement\":[{\"@type\":\"ListItem\",\"position\":1,\"name\":\"Home\",\"item\":\"https:\/\/barbootlegger.com\/fr\/\"},{\"@type\":\"ListItem\",\"position\":2,\"name\":\"Shop\",\"item\":\"https:\/\/barbootlegger.com\/shop\/\"},{\"@type\":\"ListItem\",\"position\":3,\"name\":\"Tuque &#8211; Collection Legacy\"}]},{\"@type\":\"WebSite\",\"@id\":\"https:\/\/barbootlegger.com\/#website\",\"url\":\"https:\/\/barbootlegger.com\/\",\"name\":\"Bar Bootlegger\",\"description\":\"Cocktail, Whisky &amp; Live band\",\"publisher\":{\"@id\":\"https:\/\/barbootlegger.com\/#organization\"},\"potentialAction\":[{\"@type\":\"SearchAction\",\"target\":{\"@type\":\"EntryPoint\",\"urlTemplate\":\"https:\/\/barbootlegger.com\/?s={search_term_string}\"},\"query-input\":{\"@type\":\"PropertyValueSpecification\",\"valueRequired\":true,\"valueName\":\"search_term_string\"}}],\"inLanguage\":\"fr-FR\"},{\"@type\":\"Organization\",\"@id\":\"https:\/\/barbootlegger.com\/#organization\",\"name\":\"Bar Bootlegger\",\"url\":\"https:\/\/barbootlegger.com\/\",\"logo\":{\"@type\":\"ImageObject\",\"inLanguage\":\"fr-FR\",\"@id\":\"https:\/\/barbootlegger.com\/#\/schema\/logo\/image\/\",\"url\":\"http:\/\/barbootlegger.com\/wp-content\/uploads\/2020\/08\/cropped-logoBootLaurent_fav.png\",\"contentUrl\":\"http:\/\/barbootlegger.com\/wp-content\/uploads\/2020\/08\/cropped-logoBootLaurent_fav.png\",\"width\":512,\"height\":512,\"caption\":\"Bar Bootlegger\"},\"image\":{\"@id\":\"https:\/\/barbootlegger.com\/#\/schema\/logo\/image\/\"},\"sameAs\":[\"https:\/\/www.facebook.com\/barbootlegger\",\"https:\/\/www.tiktok.com\/@bootleggercocktailbar\",\"https:\/\/twitter.com\/barbootlegger?lang=fr\",\"https:\/\/www.youtube.com\/@bootleggerlauthentique2961\",\"https:\/\/www.instagram.com\/bootleggercocktailbar\/\"]}]}<\/script>\n<!-- \/ Yoast SEO plugin. -->","yoast_head_json":{"title":"Tuque - Collection Legacy - Bootlegger Cocktail Bar &amp; Cuisine Montreal","description":"Gardez la t\u00eate au chaud avec la tuque noire unisexe Bootlegger, munis de son logo embl\u00e9matique. Confortable, durable et styl\u00e9e, parfaite pour les amateurs de cocktails et de mode urbaine.","robots":{"index":"index","follow":"follow","max-snippet":"max-snippet:-1","max-image-preview":"max-image-preview:large","max-video-preview":"max-video-preview:-1"},"canonical":"https:\/\/barbootlegger.com\/fr\/produit\/tuque-bootlegger\/","og_locale":"fr_FR","og_type":"article","og_title":"Tuque - Collection Legacy - Bootlegger Cocktail Bar &amp; Cuisine Montreal","og_description":"Gardez la t\u00eate au chaud avec la tuque noire unisexe Bootlegger, munis de son logo embl\u00e9matique. Confortable, durable et styl\u00e9e, parfaite pour les amateurs de cocktails et de mode urbaine.","og_url":"https:\/\/barbootlegger.com\/fr\/produit\/tuque-bootlegger\/","og_site_name":"Bootlegger Cocktail Bar &amp; Cuisine Montreal","article_publisher":"https:\/\/www.facebook.com\/barbootlegger","article_modified_time":"2025-11-12T18:04:13+00:00","og_image":[{"width":1620,"height":1080,"url":"https:\/\/barbootlegger.com\/wp-content\/uploads\/2021\/04\/C9A4387.jpg","type":"image\/jpeg"}],"twitter_card":"summary_large_image","twitter_misc":{"Dur\u00e9e de lecture estim\u00e9e":"1 minute"},"schema":{"@context":"https:\/\/schema.org","@graph":[{"@type":"WebPage","@id":"https:\/\/barbootlegger.com\/fr\/produit\/tuque-bootlegger\/","url":"https:\/\/barbootlegger.com\/fr\/produit\/tuque-bootlegger\/","name":"Tuque - Collection Legacy - Bootlegger Cocktail Bar &amp; Cuisine Montreal","isPartOf":{"@id":"https:\/\/barbootlegger.com\/#website"},"primaryImageOfPage":{"@id":"https:\/\/barbootlegger.com\/fr\/produit\/tuque-bootlegger\/#primaryimage"},"image":{"@id":"https:\/\/barbootlegger.com\/fr\/produit\/tuque-bootlegger\/#primaryimage"},"thumbnailUrl":"https:\/\/barbootlegger.com\/wp-content\/uploads\/2021\/04\/C9A4387.jpg","datePublished":"2021-04-27T01:59:19+00:00","dateModified":"2025-11-12T18:04:13+00:00","description":"Gardez la t\u00eate au chaud avec la tuque noire unisexe Bootlegger, munis de son logo embl\u00e9matique. Confortable, durable et styl\u00e9e, parfaite pour les amateurs de cocktails et de mode urbaine.","breadcrumb":{"@id":"https:\/\/barbootlegger.com\/fr\/produit\/tuque-bootlegger\/#breadcrumb"},"inLanguage":"fr-FR","potentialAction":[{"@type":"ReadAction","target":["https:\/\/barbootlegger.com\/fr\/produit\/tuque-bootlegger\/"]}]},{"@type":"ImageObject","inLanguage":"fr-FR","@id":"https:\/\/barbootlegger.com\/fr\/produit\/tuque-bootlegger\/#primaryimage","url":"https:\/\/barbootlegger.com\/wp-content\/uploads\/2021\/04\/C9A4387.jpg","contentUrl":"https:\/\/barbootlegger.com\/wp-content\/uploads\/2021\/04\/C9A4387.jpg","width":1620,"height":1080,"caption":"tuque Bootlegger"},{"@type":"BreadcrumbList","@id":"https:\/\/barbootlegger.com\/fr\/produit\/tuque-bootlegger\/#breadcrumb","itemListElement":[{"@type":"ListItem","position":1,"name":"Home","item":"https:\/\/barbootlegger.com\/fr\/"},{"@type":"ListItem","position":2,"name":"Shop","item":"https:\/\/barbootlegger.com\/shop\/"},{"@type":"ListItem","position":3,"name":"Tuque &#8211; Collection Legacy"}]},{"@type":"WebSite","@id":"https:\/\/barbootlegger.com\/#website","url":"https:\/\/barbootlegger.com\/","name":"Bar Bootlegger","description":"Cocktail, Whisky &amp; Live band","publisher":{"@id":"https:\/\/barbootlegger.com\/#organization"},"potentialAction":[{"@type":"SearchAction","target":{"@type":"EntryPoint","urlTemplate":"https:\/\/barbootlegger.com\/?s={search_term_string}"},"query-input":{"@type":"PropertyValueSpecification","valueRequired":true,"valueName":"search_term_string"}}],"inLanguage":"fr-FR"},{"@type":"Organization","@id":"https:\/\/barbootlegger.com\/#organization","name":"Bar Bootlegger","url":"https:\/\/barbootlegger.com\/","logo":{"@type":"ImageObject","inLanguage":"fr-FR","@id":"https:\/\/barbootlegger.com\/#\/schema\/logo\/image\/","url":"http:\/\/barbootlegger.com\/wp-content\/uploads\/2020\/08\/cropped-logoBootLaurent_fav.png","contentUrl":"http:\/\/barbootlegger.com\/wp-content\/uploads\/2020\/08\/cropped-logoBootLaurent_fav.png","width":512,"height":512,"caption":"Bar Bootlegger"},"image":{"@id":"https:\/\/barbootlegger.com\/#\/schema\/logo\/image\/"},"sameAs":["https:\/\/www.facebook.com\/barbootlegger","https:\/\/www.tiktok.com\/@bootleggercocktailbar","https:\/\/twitter.com\/barbootlegger?lang=fr","https:\/\/www.youtube.com\/@bootleggerlauthentique2961","https:\/\/www.instagram.com\/bootleggercocktailbar\/"]}]}},"_links":{"self":[{"href":"https:\/\/barbootlegger.com\/fr\/wp-json\/wp\/v2\/product\/14101","targetHints":{"allow":["GET"]}}],"collection":[{"href":"https:\/\/barbootlegger.com\/fr\/wp-json\/wp\/v2\/product"}],"about":[{"href":"https:\/\/barbootlegger.com\/fr\/wp-json\/wp\/v2\/types\/product"}],"replies":[{"embeddable":true,"href":"https:\/\/barbootlegger.com\/fr\/wp-json\/wp\/v2\/comments?post=14101"}],"wp:featuredmedia":[{"embeddable":true,"href":"https:\/\/barbootlegger.com\/fr\/wp-json\/wp\/v2\/media\/4538"}],"wp:attachment":[{"href":"https:\/\/barbootlegger.com\/fr\/wp-json\/wp\/v2\/media?parent=14101"}],"wp:term":[{"taxonomy":"product_brand","embeddable":true,"href":"https:\/\/barbootlegger.com\/fr\/wp-json\/wp\/v2\/product_brand?post=14101"},{"taxonomy":"product_cat","embeddable":true,"href":"https:\/\/barbootlegger.com\/fr\/wp-json\/wp\/v2\/product_cat?post=14101"},{"taxonomy":"product_tag","embeddable":true,"href":"https:\/\/barbootlegger.com\/fr\/wp-json\/wp\/v2\/product_tag?post=14101"}],"curies":[{"name":"wp","href":"https:\/\/api.w.org\/{rel}","templated":true}]}}