{"id":14098,"date":"2020-09-17T16:12:41","date_gmt":"2020-09-17T16:12:41","guid":{"rendered":"https:\/\/barbootlegger.com\/product\/cap\/"},"modified":"2025-11-21T14:12:13","modified_gmt":"2025-11-21T19:12:13","slug":"casquette-new-era-cap-collection-legacy","status":"publish","type":"product","link":"https:\/\/barbootlegger.com\/fr\/produit\/casquette-new-era-cap-collection-legacy\/","title":{"rendered":"Casquette \u00abNew Era Cap\u00bb &#8211; Collection Legacy"},"content":{"rendered":"<h1>Casquette \u00abNew Era Cap\u00bb &#8211; Collection Legacy<\/h1>\n<p>Affichez un style affirm\u00e9 avec la casquette noire unisexe \u00abNew Era Cap\u00bb. Cette casquette arbore fi\u00e8rement le logo embl\u00e9matique Bootlegger brod\u00e9 sur le devant. Son design intemporel et sa coupe ajustable en font un accessoire streetwear incontournable, que vous soyez en ville, en soir\u00e9e entre amis ou dans vos moments de d\u00e9tente.<\/p>\n<p>Elle garantit une qualit\u00e9 sup\u00e9rieure, un ajustement parfait et une long\u00e9vit\u00e9 exceptionnelle. Polyvalente et moderne, elle compl\u00e8te facilement vos tenues casual, sportives ou mode urbaine.<\/p>\n","protected":false},"excerpt":{"rendered":"<p>Casquette noire \u00abNew Era Cap\u00bb unisexe Bootlegger avec le logo embl\u00e9matique Bootlegger sur le devant. Elle offre une coupe qui peut s&rsquo;ajust\u00e9e et un look styl\u00e9 et urbain. Parfaite pour la ville, les soir\u00e9es entre amis ou vos activit\u00e9s quotidiennes.<\/p>\n<h2>Bootlegger Cocktail Bar Montreal<\/h2>\n<p>&nbsp;<\/p>\n","protected":false},"featured_media":2996,"comment_status":"closed","ping_status":"closed","template":"","meta":{"_acf_changed":false},"product_brand":[1471],"product_cat":[102],"product_tag":[798,523,519,799,800],"class_list":{"0":"post-14098","1":"product","2":"type-product","3":"status-publish","4":"has-post-thumbnail","6":"product_brand-legacy-collection","7":"product_cat-vetement","8":"product_tag-bar-montreal-fr","9":"product_tag-bootlegger-cocktail-bar-fr","10":"product_tag-casquette-fr","11":"product_tag-clothing-fr","12":"product_tag-og-collection-fr","14":"first","15":"outofstock","16":"taxable","17":"shipping-taxable","18":"purchasable","19":"product-type-simple"},"acf":[],"yoast_head":"<!-- This site is optimized with the Yoast SEO plugin v27.0 - https:\/\/yoast.com\/product\/yoast-seo-wordpress\/ -->\n<title>Casquette \u00abNew Era Cap\u00bb - Collection Legacy - Bootlegger Cocktail Bar &amp; Cuisine Montreal<\/title>\n<meta name=\"description\" content=\"Casquette noire \u00abNew Era Cap\u00bb unisexe Bootlegger avec le logo embl\u00e9matique Bootlegger sur le devant. Elle offre une coupe qui peut s&#039;ajust\u00e9e et un look styl\u00e9 et urbain. Parfaite pour la ville, les soir\u00e9es entre amis ou vos activit\u00e9s quotidiennes.\" \/>\n<meta name=\"robots\" content=\"index, follow, max-snippet:-1, max-image-preview:large, max-video-preview:-1\" \/>\n<link rel=\"canonical\" href=\"https:\/\/barbootlegger.com\/fr\/produit\/casquette-new-era-cap-collection-legacy\/\" \/>\n<meta property=\"og:locale\" content=\"fr_FR\" \/>\n<meta property=\"og:type\" content=\"article\" \/>\n<meta property=\"og:title\" content=\"Casquette \u00abNew Era Cap\u00bb - Collection Legacy - Bootlegger Cocktail Bar &amp; Cuisine Montreal\" \/>\n<meta property=\"og:description\" content=\"Casquette noire \u00abNew Era Cap\u00bb unisexe Bootlegger avec le logo embl\u00e9matique Bootlegger sur le devant. Elle offre une coupe qui peut s&#039;ajust\u00e9e et un look styl\u00e9 et urbain. Parfaite pour la ville, les soir\u00e9es entre amis ou vos activit\u00e9s quotidiennes.\" \/>\n<meta property=\"og:url\" content=\"https:\/\/barbootlegger.com\/fr\/produit\/casquette-new-era-cap-collection-legacy\/\" \/>\n<meta property=\"og:site_name\" content=\"Bootlegger Cocktail Bar &amp; Cuisine Montreal\" \/>\n<meta property=\"article:publisher\" content=\"https:\/\/www.facebook.com\/barbootlegger\" \/>\n<meta property=\"article:modified_time\" content=\"2025-11-21T19:12:13+00:00\" \/>\n<meta property=\"og:image\" content=\"https:\/\/barbootlegger.com\/wp-content\/uploads\/2020\/09\/Shop_Bootlegger_720x500_Accesoires_Cap00.png\" \/>\n\t<meta property=\"og:image:width\" content=\"800\" \/>\n\t<meta property=\"og:image:height\" content=\"800\" \/>\n\t<meta property=\"og:image:type\" content=\"image\/png\" \/>\n<meta name=\"twitter:card\" content=\"summary_large_image\" \/>\n<meta name=\"twitter:label1\" content=\"Dur\u00e9e de lecture estim\u00e9e\" \/>\n\t<meta name=\"twitter:data1\" content=\"1 minute\" \/>\n<script type=\"application\/ld+json\" class=\"yoast-schema-graph\">{\"@context\":\"https:\/\/schema.org\",\"@graph\":[{\"@type\":\"WebPage\",\"@id\":\"https:\/\/barbootlegger.com\/fr\/produit\/casquette-new-era-cap-collection-legacy\/\",\"url\":\"https:\/\/barbootlegger.com\/fr\/produit\/casquette-new-era-cap-collection-legacy\/\",\"name\":\"Casquette \u00abNew Era Cap\u00bb - Collection Legacy - Bootlegger Cocktail Bar &amp; Cuisine Montreal\",\"isPartOf\":{\"@id\":\"https:\/\/barbootlegger.com\/#website\"},\"primaryImageOfPage\":{\"@id\":\"https:\/\/barbootlegger.com\/fr\/produit\/casquette-new-era-cap-collection-legacy\/#primaryimage\"},\"image\":{\"@id\":\"https:\/\/barbootlegger.com\/fr\/produit\/casquette-new-era-cap-collection-legacy\/#primaryimage\"},\"thumbnailUrl\":\"https:\/\/barbootlegger.com\/wp-content\/uploads\/2020\/09\/Shop_Bootlegger_720x500_Accesoires_Cap00.png\",\"datePublished\":\"2020-09-17T16:12:41+00:00\",\"dateModified\":\"2025-11-21T19:12:13+00:00\",\"description\":\"Casquette noire \u00abNew Era Cap\u00bb unisexe Bootlegger avec le logo embl\u00e9matique Bootlegger sur le devant. Elle offre une coupe qui peut s'ajust\u00e9e et un look styl\u00e9 et urbain. Parfaite pour la ville, les soir\u00e9es entre amis ou vos activit\u00e9s quotidiennes.\",\"breadcrumb\":{\"@id\":\"https:\/\/barbootlegger.com\/fr\/produit\/casquette-new-era-cap-collection-legacy\/#breadcrumb\"},\"inLanguage\":\"fr-FR\",\"potentialAction\":[{\"@type\":\"ReadAction\",\"target\":[\"https:\/\/barbootlegger.com\/fr\/produit\/casquette-new-era-cap-collection-legacy\/\"]}]},{\"@type\":\"ImageObject\",\"inLanguage\":\"fr-FR\",\"@id\":\"https:\/\/barbootlegger.com\/fr\/produit\/casquette-new-era-cap-collection-legacy\/#primaryimage\",\"url\":\"https:\/\/barbootlegger.com\/wp-content\/uploads\/2020\/09\/Shop_Bootlegger_720x500_Accesoires_Cap00.png\",\"contentUrl\":\"https:\/\/barbootlegger.com\/wp-content\/uploads\/2020\/09\/Shop_Bootlegger_720x500_Accesoires_Cap00.png\",\"width\":800,\"height\":800},{\"@type\":\"BreadcrumbList\",\"@id\":\"https:\/\/barbootlegger.com\/fr\/produit\/casquette-new-era-cap-collection-legacy\/#breadcrumb\",\"itemListElement\":[{\"@type\":\"ListItem\",\"position\":1,\"name\":\"Home\",\"item\":\"https:\/\/barbootlegger.com\/fr\/\"},{\"@type\":\"ListItem\",\"position\":2,\"name\":\"Shop\",\"item\":\"https:\/\/barbootlegger.com\/shop\/\"},{\"@type\":\"ListItem\",\"position\":3,\"name\":\"Casquette \u00abNew Era Cap\u00bb &#8211; Collection Legacy\"}]},{\"@type\":\"WebSite\",\"@id\":\"https:\/\/barbootlegger.com\/#website\",\"url\":\"https:\/\/barbootlegger.com\/\",\"name\":\"Bar Bootlegger\",\"description\":\"Cocktail, Whisky &amp; Live band\",\"publisher\":{\"@id\":\"https:\/\/barbootlegger.com\/#organization\"},\"potentialAction\":[{\"@type\":\"SearchAction\",\"target\":{\"@type\":\"EntryPoint\",\"urlTemplate\":\"https:\/\/barbootlegger.com\/?s={search_term_string}\"},\"query-input\":{\"@type\":\"PropertyValueSpecification\",\"valueRequired\":true,\"valueName\":\"search_term_string\"}}],\"inLanguage\":\"fr-FR\"},{\"@type\":\"Organization\",\"@id\":\"https:\/\/barbootlegger.com\/#organization\",\"name\":\"Bar Bootlegger\",\"url\":\"https:\/\/barbootlegger.com\/\",\"logo\":{\"@type\":\"ImageObject\",\"inLanguage\":\"fr-FR\",\"@id\":\"https:\/\/barbootlegger.com\/#\/schema\/logo\/image\/\",\"url\":\"http:\/\/barbootlegger.com\/wp-content\/uploads\/2020\/08\/cropped-logoBootLaurent_fav.png\",\"contentUrl\":\"http:\/\/barbootlegger.com\/wp-content\/uploads\/2020\/08\/cropped-logoBootLaurent_fav.png\",\"width\":512,\"height\":512,\"caption\":\"Bar Bootlegger\"},\"image\":{\"@id\":\"https:\/\/barbootlegger.com\/#\/schema\/logo\/image\/\"},\"sameAs\":[\"https:\/\/www.facebook.com\/barbootlegger\",\"https:\/\/www.tiktok.com\/@bootleggercocktailbar\",\"https:\/\/twitter.com\/barbootlegger?lang=fr\",\"https:\/\/www.youtube.com\/@bootleggerlauthentique2961\",\"https:\/\/www.instagram.com\/bootleggercocktailbar\/\"]}]}<\/script>\n<!-- \/ Yoast SEO plugin. -->","yoast_head_json":{"title":"Casquette \u00abNew Era Cap\u00bb - Collection Legacy - Bootlegger Cocktail Bar &amp; Cuisine Montreal","description":"Casquette noire \u00abNew Era Cap\u00bb unisexe Bootlegger avec le logo embl\u00e9matique Bootlegger sur le devant. Elle offre une coupe qui peut s'ajust\u00e9e et un look styl\u00e9 et urbain. Parfaite pour la ville, les soir\u00e9es entre amis ou vos activit\u00e9s quotidiennes.","robots":{"index":"index","follow":"follow","max-snippet":"max-snippet:-1","max-image-preview":"max-image-preview:large","max-video-preview":"max-video-preview:-1"},"canonical":"https:\/\/barbootlegger.com\/fr\/produit\/casquette-new-era-cap-collection-legacy\/","og_locale":"fr_FR","og_type":"article","og_title":"Casquette \u00abNew Era Cap\u00bb - Collection Legacy - Bootlegger Cocktail Bar &amp; Cuisine Montreal","og_description":"Casquette noire \u00abNew Era Cap\u00bb unisexe Bootlegger avec le logo embl\u00e9matique Bootlegger sur le devant. Elle offre une coupe qui peut s'ajust\u00e9e et un look styl\u00e9 et urbain. Parfaite pour la ville, les soir\u00e9es entre amis ou vos activit\u00e9s quotidiennes.","og_url":"https:\/\/barbootlegger.com\/fr\/produit\/casquette-new-era-cap-collection-legacy\/","og_site_name":"Bootlegger Cocktail Bar &amp; Cuisine Montreal","article_publisher":"https:\/\/www.facebook.com\/barbootlegger","article_modified_time":"2025-11-21T19:12:13+00:00","og_image":[{"width":800,"height":800,"url":"https:\/\/barbootlegger.com\/wp-content\/uploads\/2020\/09\/Shop_Bootlegger_720x500_Accesoires_Cap00.png","type":"image\/png"}],"twitter_card":"summary_large_image","twitter_misc":{"Dur\u00e9e de lecture estim\u00e9e":"1 minute"},"schema":{"@context":"https:\/\/schema.org","@graph":[{"@type":"WebPage","@id":"https:\/\/barbootlegger.com\/fr\/produit\/casquette-new-era-cap-collection-legacy\/","url":"https:\/\/barbootlegger.com\/fr\/produit\/casquette-new-era-cap-collection-legacy\/","name":"Casquette \u00abNew Era Cap\u00bb - Collection Legacy - Bootlegger Cocktail Bar &amp; Cuisine Montreal","isPartOf":{"@id":"https:\/\/barbootlegger.com\/#website"},"primaryImageOfPage":{"@id":"https:\/\/barbootlegger.com\/fr\/produit\/casquette-new-era-cap-collection-legacy\/#primaryimage"},"image":{"@id":"https:\/\/barbootlegger.com\/fr\/produit\/casquette-new-era-cap-collection-legacy\/#primaryimage"},"thumbnailUrl":"https:\/\/barbootlegger.com\/wp-content\/uploads\/2020\/09\/Shop_Bootlegger_720x500_Accesoires_Cap00.png","datePublished":"2020-09-17T16:12:41+00:00","dateModified":"2025-11-21T19:12:13+00:00","description":"Casquette noire \u00abNew Era Cap\u00bb unisexe Bootlegger avec le logo embl\u00e9matique Bootlegger sur le devant. Elle offre une coupe qui peut s'ajust\u00e9e et un look styl\u00e9 et urbain. Parfaite pour la ville, les soir\u00e9es entre amis ou vos activit\u00e9s quotidiennes.","breadcrumb":{"@id":"https:\/\/barbootlegger.com\/fr\/produit\/casquette-new-era-cap-collection-legacy\/#breadcrumb"},"inLanguage":"fr-FR","potentialAction":[{"@type":"ReadAction","target":["https:\/\/barbootlegger.com\/fr\/produit\/casquette-new-era-cap-collection-legacy\/"]}]},{"@type":"ImageObject","inLanguage":"fr-FR","@id":"https:\/\/barbootlegger.com\/fr\/produit\/casquette-new-era-cap-collection-legacy\/#primaryimage","url":"https:\/\/barbootlegger.com\/wp-content\/uploads\/2020\/09\/Shop_Bootlegger_720x500_Accesoires_Cap00.png","contentUrl":"https:\/\/barbootlegger.com\/wp-content\/uploads\/2020\/09\/Shop_Bootlegger_720x500_Accesoires_Cap00.png","width":800,"height":800},{"@type":"BreadcrumbList","@id":"https:\/\/barbootlegger.com\/fr\/produit\/casquette-new-era-cap-collection-legacy\/#breadcrumb","itemListElement":[{"@type":"ListItem","position":1,"name":"Home","item":"https:\/\/barbootlegger.com\/fr\/"},{"@type":"ListItem","position":2,"name":"Shop","item":"https:\/\/barbootlegger.com\/shop\/"},{"@type":"ListItem","position":3,"name":"Casquette \u00abNew Era Cap\u00bb &#8211; Collection Legacy"}]},{"@type":"WebSite","@id":"https:\/\/barbootlegger.com\/#website","url":"https:\/\/barbootlegger.com\/","name":"Bar Bootlegger","description":"Cocktail, Whisky &amp; Live band","publisher":{"@id":"https:\/\/barbootlegger.com\/#organization"},"potentialAction":[{"@type":"SearchAction","target":{"@type":"EntryPoint","urlTemplate":"https:\/\/barbootlegger.com\/?s={search_term_string}"},"query-input":{"@type":"PropertyValueSpecification","valueRequired":true,"valueName":"search_term_string"}}],"inLanguage":"fr-FR"},{"@type":"Organization","@id":"https:\/\/barbootlegger.com\/#organization","name":"Bar Bootlegger","url":"https:\/\/barbootlegger.com\/","logo":{"@type":"ImageObject","inLanguage":"fr-FR","@id":"https:\/\/barbootlegger.com\/#\/schema\/logo\/image\/","url":"http:\/\/barbootlegger.com\/wp-content\/uploads\/2020\/08\/cropped-logoBootLaurent_fav.png","contentUrl":"http:\/\/barbootlegger.com\/wp-content\/uploads\/2020\/08\/cropped-logoBootLaurent_fav.png","width":512,"height":512,"caption":"Bar Bootlegger"},"image":{"@id":"https:\/\/barbootlegger.com\/#\/schema\/logo\/image\/"},"sameAs":["https:\/\/www.facebook.com\/barbootlegger","https:\/\/www.tiktok.com\/@bootleggercocktailbar","https:\/\/twitter.com\/barbootlegger?lang=fr","https:\/\/www.youtube.com\/@bootleggerlauthentique2961","https:\/\/www.instagram.com\/bootleggercocktailbar\/"]}]}},"_links":{"self":[{"href":"https:\/\/barbootlegger.com\/fr\/wp-json\/wp\/v2\/product\/14098","targetHints":{"allow":["GET"]}}],"collection":[{"href":"https:\/\/barbootlegger.com\/fr\/wp-json\/wp\/v2\/product"}],"about":[{"href":"https:\/\/barbootlegger.com\/fr\/wp-json\/wp\/v2\/types\/product"}],"replies":[{"embeddable":true,"href":"https:\/\/barbootlegger.com\/fr\/wp-json\/wp\/v2\/comments?post=14098"}],"wp:featuredmedia":[{"embeddable":true,"href":"https:\/\/barbootlegger.com\/fr\/wp-json\/wp\/v2\/media\/2996"}],"wp:attachment":[{"href":"https:\/\/barbootlegger.com\/fr\/wp-json\/wp\/v2\/media?parent=14098"}],"wp:term":[{"taxonomy":"product_brand","embeddable":true,"href":"https:\/\/barbootlegger.com\/fr\/wp-json\/wp\/v2\/product_brand?post=14098"},{"taxonomy":"product_cat","embeddable":true,"href":"https:\/\/barbootlegger.com\/fr\/wp-json\/wp\/v2\/product_cat?post=14098"},{"taxonomy":"product_tag","embeddable":true,"href":"https:\/\/barbootlegger.com\/fr\/wp-json\/wp\/v2\/product_tag?post=14098"}],"curies":[{"name":"wp","href":"https:\/\/api.w.org\/{rel}","templated":true}]}}