{"id":14096,"date":"2020-09-17T16:12:42","date_gmt":"2020-09-17T16:12:42","guid":{"rendered":"https:\/\/barbootlegger.com\/product\/whiskey-stone\/"},"modified":"2025-09-10T12:51:48","modified_gmt":"2025-09-10T16:51:48","slug":"whiskey-stones","status":"publish","type":"product","link":"https:\/\/barbootlegger.com\/fr\/produit\/whiskey-stones\/","title":{"rendered":"Whisky Stones"},"content":{"rendered":"<h1>Whisky Stones<\/h1>\n<p>D\u00e9couvrez nos Whisky Stones en c\u00e9ramique, un accessoire indispensable pour les passionn\u00e9s de whisky qui souhaitent savourer leurs spiritueux sans alt\u00e9rer leur go\u00fbt. Id\u00e9al comme cadeau \u00e9l\u00e9gant, id\u00e9e originale pour amateurs de whisky ou compl\u00e9ment de coffret cadeau, ce lot allie style et praticit\u00e9.<\/p>\n<p>Ce lot comprend :<\/p>\n<p>\u2022\u00a03 pierres en c\u00e9ramique noire pour refroidir vos boissons sans les diluer<\/p>\n<p>\u2022\u00a0Logo grav\u00e9 pour une touche \u00e9l\u00e9gante et personnalis\u00e9e<\/p>\n<p>\u2022\u00a0R\u00e9utilisables et faciles \u00e0 nettoyer, pour une utilisation durable<\/p>\n<p>Compactes et raffin\u00e9es, ces pierres permettent de maintenir la temp\u00e9rature id\u00e9ale de votre whisky, de votre bourbon ou de tout autre spiritueux, tout en ajoutant une note sophistiqu\u00e9e \u00e0 votre d\u00e9gustation. Parfaites pour offrir en cadeau ou compl\u00e9ter un coffret whisky, elles s\u00e9duiront les amateurs de spiritueux soucieux de profiter pleinement de chaque saveur.<\/p>\n<p>&nbsp;<\/p>\n<p>&nbsp;<\/p>\n","protected":false},"excerpt":{"rendered":"<p>Refroidissez vos whiskys sans les diluer ! Ce lot de 3 Whisky Stones en c\u00e9ramique noire, avec logo grav\u00e9, offre une mani\u00e8re \u00e9l\u00e9gante et pratique de d\u00e9guster vos spiritueux pr\u00e9f\u00e9r\u00e9s. Un accessoire parfait pour les amateurs de whisky ou comme cadeau original.<\/p>\n<h2>Bootlegger Cocktail Bar Montreal<\/h2>\n<p>&nbsp;<\/p>\n<p>&nbsp;<\/p>\n","protected":false},"featured_media":3002,"comment_status":"closed","ping_status":"closed","template":"","meta":{"_acf_changed":false},"product_brand":[],"product_cat":[189],"product_tag":[798,523,487,489],"class_list":{"0":"post-14096","1":"product","2":"type-product","3":"status-publish","4":"has-post-thumbnail","6":"product_cat-accessoires","7":"product_tag-bar-montreal-fr","8":"product_tag-bootlegger-cocktail-bar-fr","9":"product_tag-bourbon-fr","10":"product_tag-whisky-fr","12":"first","13":"instock","14":"taxable","15":"shipping-taxable","16":"purchasable","17":"product-type-simple"},"acf":[],"yoast_head":"<!-- This site is optimized with the Yoast SEO plugin v27.0 - https:\/\/yoast.com\/product\/yoast-seo-wordpress\/ -->\n<title>Whisky Stones - Bootlegger Cocktail Bar &amp; Cuisine Montreal<\/title>\n<meta name=\"description\" content=\"Refroidissez vos whiskys sans les diluer ! Ce lot de 3 Whisky Stones en c\u00e9ramique noire, avec logo grav\u00e9, offre une mani\u00e8re \u00e9l\u00e9gante et pratique de d\u00e9guster vos spiritueux pr\u00e9f\u00e9r\u00e9s. Un accessoire parfait pour les amateurs de whisky ou comme cadeau original.\" \/>\n<meta name=\"robots\" content=\"index, follow, max-snippet:-1, max-image-preview:large, max-video-preview:-1\" \/>\n<link rel=\"canonical\" href=\"https:\/\/barbootlegger.com\/fr\/produit\/whiskey-stones\/\" \/>\n<meta property=\"og:locale\" content=\"fr_FR\" \/>\n<meta property=\"og:type\" content=\"article\" \/>\n<meta property=\"og:title\" content=\"Whisky Stones - Bootlegger Cocktail Bar &amp; Cuisine Montreal\" \/>\n<meta property=\"og:description\" content=\"Refroidissez vos whiskys sans les diluer ! Ce lot de 3 Whisky Stones en c\u00e9ramique noire, avec logo grav\u00e9, offre une mani\u00e8re \u00e9l\u00e9gante et pratique de d\u00e9guster vos spiritueux pr\u00e9f\u00e9r\u00e9s. Un accessoire parfait pour les amateurs de whisky ou comme cadeau original.\" \/>\n<meta property=\"og:url\" content=\"https:\/\/barbootlegger.com\/fr\/produit\/whiskey-stones\/\" \/>\n<meta property=\"og:site_name\" content=\"Bootlegger Cocktail Bar &amp; Cuisine Montreal\" \/>\n<meta property=\"article:publisher\" content=\"https:\/\/www.facebook.com\/barbootlegger\" \/>\n<meta property=\"article:modified_time\" content=\"2025-09-10T16:51:48+00:00\" \/>\n<meta property=\"og:image\" content=\"https:\/\/barbootlegger.com\/wp-content\/uploads\/2020\/09\/Shop_Bootlegger_720x500_Accessoires_PierreWhisky.png\" \/>\n\t<meta property=\"og:image:width\" content=\"720\" \/>\n\t<meta property=\"og:image:height\" content=\"500\" \/>\n\t<meta property=\"og:image:type\" content=\"image\/png\" \/>\n<meta name=\"twitter:card\" content=\"summary_large_image\" \/>\n<meta name=\"twitter:label1\" content=\"Dur\u00e9e de lecture estim\u00e9e\" \/>\n\t<meta name=\"twitter:data1\" content=\"1 minute\" \/>\n<script type=\"application\/ld+json\" class=\"yoast-schema-graph\">{\"@context\":\"https:\/\/schema.org\",\"@graph\":[{\"@type\":\"WebPage\",\"@id\":\"https:\/\/barbootlegger.com\/fr\/produit\/whiskey-stones\/\",\"url\":\"https:\/\/barbootlegger.com\/fr\/produit\/whiskey-stones\/\",\"name\":\"Whisky Stones - Bootlegger Cocktail Bar &amp; Cuisine Montreal\",\"isPartOf\":{\"@id\":\"https:\/\/barbootlegger.com\/#website\"},\"primaryImageOfPage\":{\"@id\":\"https:\/\/barbootlegger.com\/fr\/produit\/whiskey-stones\/#primaryimage\"},\"image\":{\"@id\":\"https:\/\/barbootlegger.com\/fr\/produit\/whiskey-stones\/#primaryimage\"},\"thumbnailUrl\":\"https:\/\/barbootlegger.com\/wp-content\/uploads\/2020\/09\/Shop_Bootlegger_720x500_Accessoires_PierreWhisky.png\",\"datePublished\":\"2020-09-17T16:12:42+00:00\",\"dateModified\":\"2025-09-10T16:51:48+00:00\",\"description\":\"Refroidissez vos whiskys sans les diluer ! Ce lot de 3 Whisky Stones en c\u00e9ramique noire, avec logo grav\u00e9, offre une mani\u00e8re \u00e9l\u00e9gante et pratique de d\u00e9guster vos spiritueux pr\u00e9f\u00e9r\u00e9s. Un accessoire parfait pour les amateurs de whisky ou comme cadeau original.\",\"breadcrumb\":{\"@id\":\"https:\/\/barbootlegger.com\/fr\/produit\/whiskey-stones\/#breadcrumb\"},\"inLanguage\":\"fr-FR\",\"potentialAction\":[{\"@type\":\"ReadAction\",\"target\":[\"https:\/\/barbootlegger.com\/fr\/produit\/whiskey-stones\/\"]}]},{\"@type\":\"ImageObject\",\"inLanguage\":\"fr-FR\",\"@id\":\"https:\/\/barbootlegger.com\/fr\/produit\/whiskey-stones\/#primaryimage\",\"url\":\"https:\/\/barbootlegger.com\/wp-content\/uploads\/2020\/09\/Shop_Bootlegger_720x500_Accessoires_PierreWhisky.png\",\"contentUrl\":\"https:\/\/barbootlegger.com\/wp-content\/uploads\/2020\/09\/Shop_Bootlegger_720x500_Accessoires_PierreWhisky.png\",\"width\":720,\"height\":500},{\"@type\":\"BreadcrumbList\",\"@id\":\"https:\/\/barbootlegger.com\/fr\/produit\/whiskey-stones\/#breadcrumb\",\"itemListElement\":[{\"@type\":\"ListItem\",\"position\":1,\"name\":\"Home\",\"item\":\"https:\/\/barbootlegger.com\/fr\/\"},{\"@type\":\"ListItem\",\"position\":2,\"name\":\"Shop\",\"item\":\"https:\/\/barbootlegger.com\/shop\/\"},{\"@type\":\"ListItem\",\"position\":3,\"name\":\"Whisky Stones\"}]},{\"@type\":\"WebSite\",\"@id\":\"https:\/\/barbootlegger.com\/#website\",\"url\":\"https:\/\/barbootlegger.com\/\",\"name\":\"Bar Bootlegger\",\"description\":\"Cocktail, Whisky &amp; Live band\",\"publisher\":{\"@id\":\"https:\/\/barbootlegger.com\/#organization\"},\"potentialAction\":[{\"@type\":\"SearchAction\",\"target\":{\"@type\":\"EntryPoint\",\"urlTemplate\":\"https:\/\/barbootlegger.com\/?s={search_term_string}\"},\"query-input\":{\"@type\":\"PropertyValueSpecification\",\"valueRequired\":true,\"valueName\":\"search_term_string\"}}],\"inLanguage\":\"fr-FR\"},{\"@type\":\"Organization\",\"@id\":\"https:\/\/barbootlegger.com\/#organization\",\"name\":\"Bar Bootlegger\",\"url\":\"https:\/\/barbootlegger.com\/\",\"logo\":{\"@type\":\"ImageObject\",\"inLanguage\":\"fr-FR\",\"@id\":\"https:\/\/barbootlegger.com\/#\/schema\/logo\/image\/\",\"url\":\"http:\/\/barbootlegger.com\/wp-content\/uploads\/2020\/08\/cropped-logoBootLaurent_fav.png\",\"contentUrl\":\"http:\/\/barbootlegger.com\/wp-content\/uploads\/2020\/08\/cropped-logoBootLaurent_fav.png\",\"width\":512,\"height\":512,\"caption\":\"Bar Bootlegger\"},\"image\":{\"@id\":\"https:\/\/barbootlegger.com\/#\/schema\/logo\/image\/\"},\"sameAs\":[\"https:\/\/www.facebook.com\/barbootlegger\",\"https:\/\/www.tiktok.com\/@bootleggercocktailbar\",\"https:\/\/twitter.com\/barbootlegger?lang=fr\",\"https:\/\/www.youtube.com\/@bootleggerlauthentique2961\",\"https:\/\/www.instagram.com\/bootleggercocktailbar\/\"]}]}<\/script>\n<!-- \/ Yoast SEO plugin. -->","yoast_head_json":{"title":"Whisky Stones - Bootlegger Cocktail Bar &amp; Cuisine Montreal","description":"Refroidissez vos whiskys sans les diluer ! Ce lot de 3 Whisky Stones en c\u00e9ramique noire, avec logo grav\u00e9, offre une mani\u00e8re \u00e9l\u00e9gante et pratique de d\u00e9guster vos spiritueux pr\u00e9f\u00e9r\u00e9s. Un accessoire parfait pour les amateurs de whisky ou comme cadeau original.","robots":{"index":"index","follow":"follow","max-snippet":"max-snippet:-1","max-image-preview":"max-image-preview:large","max-video-preview":"max-video-preview:-1"},"canonical":"https:\/\/barbootlegger.com\/fr\/produit\/whiskey-stones\/","og_locale":"fr_FR","og_type":"article","og_title":"Whisky Stones - Bootlegger Cocktail Bar &amp; Cuisine Montreal","og_description":"Refroidissez vos whiskys sans les diluer ! Ce lot de 3 Whisky Stones en c\u00e9ramique noire, avec logo grav\u00e9, offre une mani\u00e8re \u00e9l\u00e9gante et pratique de d\u00e9guster vos spiritueux pr\u00e9f\u00e9r\u00e9s. Un accessoire parfait pour les amateurs de whisky ou comme cadeau original.","og_url":"https:\/\/barbootlegger.com\/fr\/produit\/whiskey-stones\/","og_site_name":"Bootlegger Cocktail Bar &amp; Cuisine Montreal","article_publisher":"https:\/\/www.facebook.com\/barbootlegger","article_modified_time":"2025-09-10T16:51:48+00:00","og_image":[{"width":720,"height":500,"url":"https:\/\/barbootlegger.com\/wp-content\/uploads\/2020\/09\/Shop_Bootlegger_720x500_Accessoires_PierreWhisky.png","type":"image\/png"}],"twitter_card":"summary_large_image","twitter_misc":{"Dur\u00e9e de lecture estim\u00e9e":"1 minute"},"schema":{"@context":"https:\/\/schema.org","@graph":[{"@type":"WebPage","@id":"https:\/\/barbootlegger.com\/fr\/produit\/whiskey-stones\/","url":"https:\/\/barbootlegger.com\/fr\/produit\/whiskey-stones\/","name":"Whisky Stones - Bootlegger Cocktail Bar &amp; Cuisine Montreal","isPartOf":{"@id":"https:\/\/barbootlegger.com\/#website"},"primaryImageOfPage":{"@id":"https:\/\/barbootlegger.com\/fr\/produit\/whiskey-stones\/#primaryimage"},"image":{"@id":"https:\/\/barbootlegger.com\/fr\/produit\/whiskey-stones\/#primaryimage"},"thumbnailUrl":"https:\/\/barbootlegger.com\/wp-content\/uploads\/2020\/09\/Shop_Bootlegger_720x500_Accessoires_PierreWhisky.png","datePublished":"2020-09-17T16:12:42+00:00","dateModified":"2025-09-10T16:51:48+00:00","description":"Refroidissez vos whiskys sans les diluer ! Ce lot de 3 Whisky Stones en c\u00e9ramique noire, avec logo grav\u00e9, offre une mani\u00e8re \u00e9l\u00e9gante et pratique de d\u00e9guster vos spiritueux pr\u00e9f\u00e9r\u00e9s. Un accessoire parfait pour les amateurs de whisky ou comme cadeau original.","breadcrumb":{"@id":"https:\/\/barbootlegger.com\/fr\/produit\/whiskey-stones\/#breadcrumb"},"inLanguage":"fr-FR","potentialAction":[{"@type":"ReadAction","target":["https:\/\/barbootlegger.com\/fr\/produit\/whiskey-stones\/"]}]},{"@type":"ImageObject","inLanguage":"fr-FR","@id":"https:\/\/barbootlegger.com\/fr\/produit\/whiskey-stones\/#primaryimage","url":"https:\/\/barbootlegger.com\/wp-content\/uploads\/2020\/09\/Shop_Bootlegger_720x500_Accessoires_PierreWhisky.png","contentUrl":"https:\/\/barbootlegger.com\/wp-content\/uploads\/2020\/09\/Shop_Bootlegger_720x500_Accessoires_PierreWhisky.png","width":720,"height":500},{"@type":"BreadcrumbList","@id":"https:\/\/barbootlegger.com\/fr\/produit\/whiskey-stones\/#breadcrumb","itemListElement":[{"@type":"ListItem","position":1,"name":"Home","item":"https:\/\/barbootlegger.com\/fr\/"},{"@type":"ListItem","position":2,"name":"Shop","item":"https:\/\/barbootlegger.com\/shop\/"},{"@type":"ListItem","position":3,"name":"Whisky Stones"}]},{"@type":"WebSite","@id":"https:\/\/barbootlegger.com\/#website","url":"https:\/\/barbootlegger.com\/","name":"Bar Bootlegger","description":"Cocktail, Whisky &amp; Live band","publisher":{"@id":"https:\/\/barbootlegger.com\/#organization"},"potentialAction":[{"@type":"SearchAction","target":{"@type":"EntryPoint","urlTemplate":"https:\/\/barbootlegger.com\/?s={search_term_string}"},"query-input":{"@type":"PropertyValueSpecification","valueRequired":true,"valueName":"search_term_string"}}],"inLanguage":"fr-FR"},{"@type":"Organization","@id":"https:\/\/barbootlegger.com\/#organization","name":"Bar Bootlegger","url":"https:\/\/barbootlegger.com\/","logo":{"@type":"ImageObject","inLanguage":"fr-FR","@id":"https:\/\/barbootlegger.com\/#\/schema\/logo\/image\/","url":"http:\/\/barbootlegger.com\/wp-content\/uploads\/2020\/08\/cropped-logoBootLaurent_fav.png","contentUrl":"http:\/\/barbootlegger.com\/wp-content\/uploads\/2020\/08\/cropped-logoBootLaurent_fav.png","width":512,"height":512,"caption":"Bar Bootlegger"},"image":{"@id":"https:\/\/barbootlegger.com\/#\/schema\/logo\/image\/"},"sameAs":["https:\/\/www.facebook.com\/barbootlegger","https:\/\/www.tiktok.com\/@bootleggercocktailbar","https:\/\/twitter.com\/barbootlegger?lang=fr","https:\/\/www.youtube.com\/@bootleggerlauthentique2961","https:\/\/www.instagram.com\/bootleggercocktailbar\/"]}]}},"_links":{"self":[{"href":"https:\/\/barbootlegger.com\/fr\/wp-json\/wp\/v2\/product\/14096","targetHints":{"allow":["GET"]}}],"collection":[{"href":"https:\/\/barbootlegger.com\/fr\/wp-json\/wp\/v2\/product"}],"about":[{"href":"https:\/\/barbootlegger.com\/fr\/wp-json\/wp\/v2\/types\/product"}],"replies":[{"embeddable":true,"href":"https:\/\/barbootlegger.com\/fr\/wp-json\/wp\/v2\/comments?post=14096"}],"wp:featuredmedia":[{"embeddable":true,"href":"https:\/\/barbootlegger.com\/fr\/wp-json\/wp\/v2\/media\/3002"}],"wp:attachment":[{"href":"https:\/\/barbootlegger.com\/fr\/wp-json\/wp\/v2\/media?parent=14096"}],"wp:term":[{"taxonomy":"product_brand","embeddable":true,"href":"https:\/\/barbootlegger.com\/fr\/wp-json\/wp\/v2\/product_brand?post=14096"},{"taxonomy":"product_cat","embeddable":true,"href":"https:\/\/barbootlegger.com\/fr\/wp-json\/wp\/v2\/product_cat?post=14096"},{"taxonomy":"product_tag","embeddable":true,"href":"https:\/\/barbootlegger.com\/fr\/wp-json\/wp\/v2\/product_tag?post=14096"}],"curies":[{"name":"wp","href":"https:\/\/api.w.org\/{rel}","templated":true}]}}