{"id":14093,"date":"2020-09-17T16:12:42","date_gmt":"2020-09-17T16:12:42","guid":{"rendered":"https:\/\/barbootlegger.com\/product\/poker-game\/"},"modified":"2025-09-10T13:05:12","modified_gmt":"2025-09-10T17:05:12","slug":"jeu-de-poker-portatif","status":"publish","type":"product","link":"https:\/\/barbootlegger.com\/fr\/produit\/jeu-de-poker-portatif\/","title":{"rendered":"Jeu de Poker"},"content":{"rendered":"<h1>Jeu de Poker<\/h1>\n<p>D\u00e9couvrez notre Jeu de Poker portatif, un coffret \u00e9l\u00e9gant pens\u00e9 pour les passionn\u00e9s de jeux et les amateurs de soir\u00e9es conviviales. Id\u00e9al comme cadeau original, cadeau d\u2019entreprise ou pour pimenter vos soir\u00e9es entre amis, ce coffret r\u00e9unit tous les \u00e9l\u00e9ments essentiels pour profiter d\u2019une partie de poker compl\u00e8te.<\/p>\n<p>Ce coffret comprend :<\/p>\n<p>\u00c9tui en cuir noir pour transporter et prot\u00e9ger vos accessoires avec style<\/p>\n<p>Deux jeux de cartes pour des parties rapides ou des tournois improvis\u00e9s<\/p>\n<p>Un jeu de jetons pour jouer comme un vrai professionnel<\/p>\n<p>Compact et raffin\u00e9, ce mini coffret permet de jouer partout et \u00e0 tout moment, tout en ajoutant une touche d\u2019\u00e9l\u00e9gance \u00e0 vos soir\u00e9es. Parfait pour offrir un cadeau original ou pour compl\u00e9ter un coffret whisky pour des moments de plaisir et de convivialit\u00e9.<\/p>\n","protected":false},"excerpt":{"rendered":"<p>Offrez le cadeau parfait pour les amateurs de jeux et soir\u00e9es entre amis ! Ce Jeu de Poker portatif comprend un \u00e9tui en cuir noir, deux jeux de cartes et un jeu de jetons. Un coffret compact, \u00e9l\u00e9gant et pratique pour des parties de poker o\u00f9 que vous soyez.<\/p>\n<h2>Bootlegger Cocktail Bar Montreal<\/h2>\n","protected":false},"featured_media":3006,"comment_status":"closed","ping_status":"closed","template":"","meta":{"_acf_changed":false},"product_brand":[],"product_cat":[189],"product_tag":[798],"class_list":{"0":"post-14093","1":"product","2":"type-product","3":"status-publish","4":"has-post-thumbnail","6":"product_cat-accessoires","7":"product_tag-bar-montreal-fr","9":"first","10":"instock","11":"taxable","12":"shipping-taxable","13":"purchasable","14":"product-type-simple"},"acf":[],"yoast_head":"<!-- This site is optimized with the Yoast SEO plugin v27.0 - https:\/\/yoast.com\/product\/yoast-seo-wordpress\/ -->\n<title>Jeu de Poker - Bootlegger Cocktail Bar &amp; Cuisine Montreal<\/title>\n<meta name=\"description\" content=\"Offrez le cadeau parfait pour les amateurs de jeux et soir\u00e9es entre amis ! Ce Jeu de Poker portatif comprend un \u00e9tui en cuir noir, deux jeux de cartes et un jeu de jetons. Un coffret compact, \u00e9l\u00e9gant et pratique pour des parties de poker o\u00f9 que vous soyez.\" \/>\n<meta name=\"robots\" content=\"index, follow, max-snippet:-1, max-image-preview:large, max-video-preview:-1\" \/>\n<link rel=\"canonical\" href=\"https:\/\/barbootlegger.com\/fr\/produit\/jeu-de-poker-portatif\/\" \/>\n<meta property=\"og:locale\" content=\"fr_FR\" \/>\n<meta property=\"og:type\" content=\"article\" \/>\n<meta property=\"og:title\" content=\"Jeu de Poker - Bootlegger Cocktail Bar &amp; Cuisine Montreal\" \/>\n<meta property=\"og:description\" content=\"Offrez le cadeau parfait pour les amateurs de jeux et soir\u00e9es entre amis ! Ce Jeu de Poker portatif comprend un \u00e9tui en cuir noir, deux jeux de cartes et un jeu de jetons. Un coffret compact, \u00e9l\u00e9gant et pratique pour des parties de poker o\u00f9 que vous soyez.\" \/>\n<meta property=\"og:url\" content=\"https:\/\/barbootlegger.com\/fr\/produit\/jeu-de-poker-portatif\/\" \/>\n<meta property=\"og:site_name\" content=\"Bootlegger Cocktail Bar &amp; Cuisine Montreal\" \/>\n<meta property=\"article:publisher\" content=\"https:\/\/www.facebook.com\/barbootlegger\" \/>\n<meta property=\"article:modified_time\" content=\"2025-09-10T17:05:12+00:00\" \/>\n<meta property=\"og:image\" content=\"https:\/\/barbootlegger.com\/wp-content\/uploads\/2020\/09\/Shop_Bootlegger_720x500_Accesoires_Poker1.png\" \/>\n\t<meta property=\"og:image:width\" content=\"720\" \/>\n\t<meta property=\"og:image:height\" content=\"500\" \/>\n\t<meta property=\"og:image:type\" content=\"image\/png\" \/>\n<meta name=\"twitter:card\" content=\"summary_large_image\" \/>\n<meta name=\"twitter:label1\" content=\"Dur\u00e9e de lecture estim\u00e9e\" \/>\n\t<meta name=\"twitter:data1\" content=\"1 minute\" \/>\n<script type=\"application\/ld+json\" class=\"yoast-schema-graph\">{\"@context\":\"https:\/\/schema.org\",\"@graph\":[{\"@type\":\"WebPage\",\"@id\":\"https:\/\/barbootlegger.com\/fr\/produit\/jeu-de-poker-portatif\/\",\"url\":\"https:\/\/barbootlegger.com\/fr\/produit\/jeu-de-poker-portatif\/\",\"name\":\"Jeu de Poker - Bootlegger Cocktail Bar &amp; Cuisine Montreal\",\"isPartOf\":{\"@id\":\"https:\/\/barbootlegger.com\/#website\"},\"primaryImageOfPage\":{\"@id\":\"https:\/\/barbootlegger.com\/fr\/produit\/jeu-de-poker-portatif\/#primaryimage\"},\"image\":{\"@id\":\"https:\/\/barbootlegger.com\/fr\/produit\/jeu-de-poker-portatif\/#primaryimage\"},\"thumbnailUrl\":\"https:\/\/barbootlegger.com\/wp-content\/uploads\/2020\/09\/Shop_Bootlegger_720x500_Accesoires_Poker1.png\",\"datePublished\":\"2020-09-17T16:12:42+00:00\",\"dateModified\":\"2025-09-10T17:05:12+00:00\",\"description\":\"Offrez le cadeau parfait pour les amateurs de jeux et soir\u00e9es entre amis ! Ce Jeu de Poker portatif comprend un \u00e9tui en cuir noir, deux jeux de cartes et un jeu de jetons. Un coffret compact, \u00e9l\u00e9gant et pratique pour des parties de poker o\u00f9 que vous soyez.\",\"breadcrumb\":{\"@id\":\"https:\/\/barbootlegger.com\/fr\/produit\/jeu-de-poker-portatif\/#breadcrumb\"},\"inLanguage\":\"fr-FR\",\"potentialAction\":[{\"@type\":\"ReadAction\",\"target\":[\"https:\/\/barbootlegger.com\/fr\/produit\/jeu-de-poker-portatif\/\"]}]},{\"@type\":\"ImageObject\",\"inLanguage\":\"fr-FR\",\"@id\":\"https:\/\/barbootlegger.com\/fr\/produit\/jeu-de-poker-portatif\/#primaryimage\",\"url\":\"https:\/\/barbootlegger.com\/wp-content\/uploads\/2020\/09\/Shop_Bootlegger_720x500_Accesoires_Poker1.png\",\"contentUrl\":\"https:\/\/barbootlegger.com\/wp-content\/uploads\/2020\/09\/Shop_Bootlegger_720x500_Accesoires_Poker1.png\",\"width\":720,\"height\":500},{\"@type\":\"BreadcrumbList\",\"@id\":\"https:\/\/barbootlegger.com\/fr\/produit\/jeu-de-poker-portatif\/#breadcrumb\",\"itemListElement\":[{\"@type\":\"ListItem\",\"position\":1,\"name\":\"Home\",\"item\":\"https:\/\/barbootlegger.com\/fr\/\"},{\"@type\":\"ListItem\",\"position\":2,\"name\":\"Shop\",\"item\":\"https:\/\/barbootlegger.com\/shop\/\"},{\"@type\":\"ListItem\",\"position\":3,\"name\":\"Jeu de Poker\"}]},{\"@type\":\"WebSite\",\"@id\":\"https:\/\/barbootlegger.com\/#website\",\"url\":\"https:\/\/barbootlegger.com\/\",\"name\":\"Bar Bootlegger\",\"description\":\"Cocktail, Whisky &amp; Live band\",\"publisher\":{\"@id\":\"https:\/\/barbootlegger.com\/#organization\"},\"potentialAction\":[{\"@type\":\"SearchAction\",\"target\":{\"@type\":\"EntryPoint\",\"urlTemplate\":\"https:\/\/barbootlegger.com\/?s={search_term_string}\"},\"query-input\":{\"@type\":\"PropertyValueSpecification\",\"valueRequired\":true,\"valueName\":\"search_term_string\"}}],\"inLanguage\":\"fr-FR\"},{\"@type\":\"Organization\",\"@id\":\"https:\/\/barbootlegger.com\/#organization\",\"name\":\"Bar Bootlegger\",\"url\":\"https:\/\/barbootlegger.com\/\",\"logo\":{\"@type\":\"ImageObject\",\"inLanguage\":\"fr-FR\",\"@id\":\"https:\/\/barbootlegger.com\/#\/schema\/logo\/image\/\",\"url\":\"http:\/\/barbootlegger.com\/wp-content\/uploads\/2020\/08\/cropped-logoBootLaurent_fav.png\",\"contentUrl\":\"http:\/\/barbootlegger.com\/wp-content\/uploads\/2020\/08\/cropped-logoBootLaurent_fav.png\",\"width\":512,\"height\":512,\"caption\":\"Bar Bootlegger\"},\"image\":{\"@id\":\"https:\/\/barbootlegger.com\/#\/schema\/logo\/image\/\"},\"sameAs\":[\"https:\/\/www.facebook.com\/barbootlegger\",\"https:\/\/www.tiktok.com\/@bootleggercocktailbar\",\"https:\/\/twitter.com\/barbootlegger?lang=fr\",\"https:\/\/www.youtube.com\/@bootleggerlauthentique2961\",\"https:\/\/www.instagram.com\/bootleggercocktailbar\/\"]}]}<\/script>\n<!-- \/ Yoast SEO plugin. -->","yoast_head_json":{"title":"Jeu de Poker - Bootlegger Cocktail Bar &amp; Cuisine Montreal","description":"Offrez le cadeau parfait pour les amateurs de jeux et soir\u00e9es entre amis ! Ce Jeu de Poker portatif comprend un \u00e9tui en cuir noir, deux jeux de cartes et un jeu de jetons. Un coffret compact, \u00e9l\u00e9gant et pratique pour des parties de poker o\u00f9 que vous soyez.","robots":{"index":"index","follow":"follow","max-snippet":"max-snippet:-1","max-image-preview":"max-image-preview:large","max-video-preview":"max-video-preview:-1"},"canonical":"https:\/\/barbootlegger.com\/fr\/produit\/jeu-de-poker-portatif\/","og_locale":"fr_FR","og_type":"article","og_title":"Jeu de Poker - Bootlegger Cocktail Bar &amp; Cuisine Montreal","og_description":"Offrez le cadeau parfait pour les amateurs de jeux et soir\u00e9es entre amis ! Ce Jeu de Poker portatif comprend un \u00e9tui en cuir noir, deux jeux de cartes et un jeu de jetons. Un coffret compact, \u00e9l\u00e9gant et pratique pour des parties de poker o\u00f9 que vous soyez.","og_url":"https:\/\/barbootlegger.com\/fr\/produit\/jeu-de-poker-portatif\/","og_site_name":"Bootlegger Cocktail Bar &amp; Cuisine Montreal","article_publisher":"https:\/\/www.facebook.com\/barbootlegger","article_modified_time":"2025-09-10T17:05:12+00:00","og_image":[{"width":720,"height":500,"url":"https:\/\/barbootlegger.com\/wp-content\/uploads\/2020\/09\/Shop_Bootlegger_720x500_Accesoires_Poker1.png","type":"image\/png"}],"twitter_card":"summary_large_image","twitter_misc":{"Dur\u00e9e de lecture estim\u00e9e":"1 minute"},"schema":{"@context":"https:\/\/schema.org","@graph":[{"@type":"WebPage","@id":"https:\/\/barbootlegger.com\/fr\/produit\/jeu-de-poker-portatif\/","url":"https:\/\/barbootlegger.com\/fr\/produit\/jeu-de-poker-portatif\/","name":"Jeu de Poker - Bootlegger Cocktail Bar &amp; Cuisine Montreal","isPartOf":{"@id":"https:\/\/barbootlegger.com\/#website"},"primaryImageOfPage":{"@id":"https:\/\/barbootlegger.com\/fr\/produit\/jeu-de-poker-portatif\/#primaryimage"},"image":{"@id":"https:\/\/barbootlegger.com\/fr\/produit\/jeu-de-poker-portatif\/#primaryimage"},"thumbnailUrl":"https:\/\/barbootlegger.com\/wp-content\/uploads\/2020\/09\/Shop_Bootlegger_720x500_Accesoires_Poker1.png","datePublished":"2020-09-17T16:12:42+00:00","dateModified":"2025-09-10T17:05:12+00:00","description":"Offrez le cadeau parfait pour les amateurs de jeux et soir\u00e9es entre amis ! Ce Jeu de Poker portatif comprend un \u00e9tui en cuir noir, deux jeux de cartes et un jeu de jetons. Un coffret compact, \u00e9l\u00e9gant et pratique pour des parties de poker o\u00f9 que vous soyez.","breadcrumb":{"@id":"https:\/\/barbootlegger.com\/fr\/produit\/jeu-de-poker-portatif\/#breadcrumb"},"inLanguage":"fr-FR","potentialAction":[{"@type":"ReadAction","target":["https:\/\/barbootlegger.com\/fr\/produit\/jeu-de-poker-portatif\/"]}]},{"@type":"ImageObject","inLanguage":"fr-FR","@id":"https:\/\/barbootlegger.com\/fr\/produit\/jeu-de-poker-portatif\/#primaryimage","url":"https:\/\/barbootlegger.com\/wp-content\/uploads\/2020\/09\/Shop_Bootlegger_720x500_Accesoires_Poker1.png","contentUrl":"https:\/\/barbootlegger.com\/wp-content\/uploads\/2020\/09\/Shop_Bootlegger_720x500_Accesoires_Poker1.png","width":720,"height":500},{"@type":"BreadcrumbList","@id":"https:\/\/barbootlegger.com\/fr\/produit\/jeu-de-poker-portatif\/#breadcrumb","itemListElement":[{"@type":"ListItem","position":1,"name":"Home","item":"https:\/\/barbootlegger.com\/fr\/"},{"@type":"ListItem","position":2,"name":"Shop","item":"https:\/\/barbootlegger.com\/shop\/"},{"@type":"ListItem","position":3,"name":"Jeu de Poker"}]},{"@type":"WebSite","@id":"https:\/\/barbootlegger.com\/#website","url":"https:\/\/barbootlegger.com\/","name":"Bar Bootlegger","description":"Cocktail, Whisky &amp; Live band","publisher":{"@id":"https:\/\/barbootlegger.com\/#organization"},"potentialAction":[{"@type":"SearchAction","target":{"@type":"EntryPoint","urlTemplate":"https:\/\/barbootlegger.com\/?s={search_term_string}"},"query-input":{"@type":"PropertyValueSpecification","valueRequired":true,"valueName":"search_term_string"}}],"inLanguage":"fr-FR"},{"@type":"Organization","@id":"https:\/\/barbootlegger.com\/#organization","name":"Bar Bootlegger","url":"https:\/\/barbootlegger.com\/","logo":{"@type":"ImageObject","inLanguage":"fr-FR","@id":"https:\/\/barbootlegger.com\/#\/schema\/logo\/image\/","url":"http:\/\/barbootlegger.com\/wp-content\/uploads\/2020\/08\/cropped-logoBootLaurent_fav.png","contentUrl":"http:\/\/barbootlegger.com\/wp-content\/uploads\/2020\/08\/cropped-logoBootLaurent_fav.png","width":512,"height":512,"caption":"Bar Bootlegger"},"image":{"@id":"https:\/\/barbootlegger.com\/#\/schema\/logo\/image\/"},"sameAs":["https:\/\/www.facebook.com\/barbootlegger","https:\/\/www.tiktok.com\/@bootleggercocktailbar","https:\/\/twitter.com\/barbootlegger?lang=fr","https:\/\/www.youtube.com\/@bootleggerlauthentique2961","https:\/\/www.instagram.com\/bootleggercocktailbar\/"]}]}},"_links":{"self":[{"href":"https:\/\/barbootlegger.com\/fr\/wp-json\/wp\/v2\/product\/14093","targetHints":{"allow":["GET"]}}],"collection":[{"href":"https:\/\/barbootlegger.com\/fr\/wp-json\/wp\/v2\/product"}],"about":[{"href":"https:\/\/barbootlegger.com\/fr\/wp-json\/wp\/v2\/types\/product"}],"replies":[{"embeddable":true,"href":"https:\/\/barbootlegger.com\/fr\/wp-json\/wp\/v2\/comments?post=14093"}],"wp:featuredmedia":[{"embeddable":true,"href":"https:\/\/barbootlegger.com\/fr\/wp-json\/wp\/v2\/media\/3006"}],"wp:attachment":[{"href":"https:\/\/barbootlegger.com\/fr\/wp-json\/wp\/v2\/media?parent=14093"}],"wp:term":[{"taxonomy":"product_brand","embeddable":true,"href":"https:\/\/barbootlegger.com\/fr\/wp-json\/wp\/v2\/product_brand?post=14093"},{"taxonomy":"product_cat","embeddable":true,"href":"https:\/\/barbootlegger.com\/fr\/wp-json\/wp\/v2\/product_cat?post=14093"},{"taxonomy":"product_tag","embeddable":true,"href":"https:\/\/barbootlegger.com\/fr\/wp-json\/wp\/v2\/product_tag?post=14093"}],"curies":[{"name":"wp","href":"https:\/\/api.w.org\/{rel}","templated":true}]}}