{"id":14091,"date":"2020-09-17T16:12:42","date_gmt":"2020-09-17T16:12:42","guid":{"rendered":"https:\/\/barbootlegger.com\/product\/beer-boot\/"},"modified":"2026-02-09T16:10:18","modified_gmt":"2026-02-09T21:10:18","slug":"beer-boot","status":"publish","type":"product","link":"https:\/\/barbootlegger.com\/fr\/produit\/beer-boot\/","title":{"rendered":"Beer Boot"},"content":{"rendered":"<h1 dir=\"ltr\" role=\"presentation\">Beer Boot<\/h1>\n<p data-start=\"373\" data-end=\"657\">D\u00e9couvrez le verre \u00e0 bi\u00e8re en forme de botte \u2013 30 oz (900 ml), un incontournable pour les passionn\u00e9s de bi\u00e8re \u00e0 la recherche d\u2019originalit\u00e9 et de capacit\u00e9. Avec son design embl\u00e9matique en forme de botte, il attire tous les regards et ajoute une touche festive \u00e0 vos d\u00e9gustations.<\/p>\n<p data-start=\"659\" data-end=\"929\">Sa g\u00e9n\u00e9reuse contenance de 30 oz (900 ml) permet de savourer vos bi\u00e8res pr\u00e9f\u00e9r\u00e9es sans avoir \u00e0 remplir constamment votre verre. Id\u00e9al pour les soir\u00e9es entre amis, les cadeaux originaux ou compl\u00e9ter une collection, ce verre botte allie style, convivialit\u00e9 et praticit\u00e9.<\/p>\n<p>&nbsp;<\/p>\n","protected":false},"excerpt":{"rendered":"<p data-start=\"229\" data-end=\"396\">Verre \u00e0 bi\u00e8re en forme de botte \u2013 30 oz (900 ml)<br data-start=\"181\" data-end=\"184\" \/>Original et ludique, ce grand verre en forme de botte est parfait pour les amateurs de bi\u00e8re qui aiment d\u00e9guster avec style et g\u00e9n\u00e9rosit\u00e9.<\/p>\n<h2 data-start=\"229\" data-end=\"396\">Bootlegger Cocktail Bar Montreal<\/h2>\n<p>&nbsp;<\/p>\n","protected":false},"featured_media":14089,"comment_status":"closed","ping_status":"closed","template":"","meta":{"_acf_changed":false},"product_brand":[],"product_cat":[189],"product_tag":[798,523,198,489],"class_list":{"0":"post-14091","1":"product","2":"type-product","3":"status-publish","4":"has-post-thumbnail","6":"product_cat-accessoires","7":"product_tag-bar-montreal-fr","8":"product_tag-bootlegger-cocktail-bar-fr","9":"product_tag-cocktails-fr","10":"product_tag-whisky-fr","12":"first","13":"instock","14":"taxable","15":"shipping-taxable","16":"purchasable","17":"product-type-simple"},"acf":[],"yoast_head":"<!-- This site is optimized with the Yoast SEO plugin v27.0 - https:\/\/yoast.com\/product\/yoast-seo-wordpress\/ -->\n<title>Beer Boot - Bootlegger Cocktail Bar &amp; Cuisine Montreal<\/title>\n<meta name=\"description\" content=\"Verre \u00e0 bi\u00e8re en forme de botte \u2013 30 oz (900 ml) Original et ludique, ce grand verre en forme de botte est parfait pour les amateurs de bi\u00e8re qui aiment d\u00e9guster avec style et g\u00e9n\u00e9rosit\u00e9.\" \/>\n<meta name=\"robots\" content=\"index, follow, max-snippet:-1, max-image-preview:large, max-video-preview:-1\" \/>\n<link rel=\"canonical\" href=\"https:\/\/barbootlegger.com\/fr\/produit\/beer-boot\/\" \/>\n<meta property=\"og:locale\" content=\"fr_FR\" \/>\n<meta property=\"og:type\" content=\"article\" \/>\n<meta property=\"og:title\" content=\"Beer Boot - Bootlegger Cocktail Bar &amp; Cuisine Montreal\" \/>\n<meta property=\"og:description\" content=\"Verre \u00e0 bi\u00e8re en forme de botte \u2013 30 oz (900 ml) Original et ludique, ce grand verre en forme de botte est parfait pour les amateurs de bi\u00e8re qui aiment d\u00e9guster avec style et g\u00e9n\u00e9rosit\u00e9.\" \/>\n<meta property=\"og:url\" content=\"https:\/\/barbootlegger.com\/fr\/produit\/beer-boot\/\" \/>\n<meta property=\"og:site_name\" content=\"Bootlegger Cocktail Bar &amp; Cuisine Montreal\" \/>\n<meta property=\"article:publisher\" content=\"https:\/\/www.facebook.com\/barbootlegger\" \/>\n<meta property=\"article:modified_time\" content=\"2026-02-09T21:10:18+00:00\" \/>\n<meta property=\"og:image\" content=\"https:\/\/barbootlegger.com\/wp-content\/uploads\/2020\/09\/0C9A0635-scaled.jpg\" \/>\n\t<meta property=\"og:image:width\" content=\"2048\" \/>\n\t<meta property=\"og:image:height\" content=\"2560\" \/>\n\t<meta property=\"og:image:type\" content=\"image\/jpeg\" \/>\n<meta name=\"twitter:card\" content=\"summary_large_image\" \/>\n<meta name=\"twitter:label1\" content=\"Dur\u00e9e de lecture estim\u00e9e\" \/>\n\t<meta name=\"twitter:data1\" content=\"1 minute\" \/>\n<script type=\"application\/ld+json\" class=\"yoast-schema-graph\">{\"@context\":\"https:\/\/schema.org\",\"@graph\":[{\"@type\":\"WebPage\",\"@id\":\"https:\/\/barbootlegger.com\/fr\/produit\/beer-boot\/\",\"url\":\"https:\/\/barbootlegger.com\/fr\/produit\/beer-boot\/\",\"name\":\"Beer Boot - Bootlegger Cocktail Bar &amp; Cuisine Montreal\",\"isPartOf\":{\"@id\":\"https:\/\/barbootlegger.com\/#website\"},\"primaryImageOfPage\":{\"@id\":\"https:\/\/barbootlegger.com\/fr\/produit\/beer-boot\/#primaryimage\"},\"image\":{\"@id\":\"https:\/\/barbootlegger.com\/fr\/produit\/beer-boot\/#primaryimage\"},\"thumbnailUrl\":\"https:\/\/barbootlegger.com\/wp-content\/uploads\/2020\/09\/0C9A0635-scaled.jpg\",\"datePublished\":\"2020-09-17T16:12:42+00:00\",\"dateModified\":\"2026-02-09T21:10:18+00:00\",\"description\":\"Verre \u00e0 bi\u00e8re en forme de botte \u2013 30 oz (900 ml) Original et ludique, ce grand verre en forme de botte est parfait pour les amateurs de bi\u00e8re qui aiment d\u00e9guster avec style et g\u00e9n\u00e9rosit\u00e9.\",\"breadcrumb\":{\"@id\":\"https:\/\/barbootlegger.com\/fr\/produit\/beer-boot\/#breadcrumb\"},\"inLanguage\":\"fr-FR\",\"potentialAction\":[{\"@type\":\"ReadAction\",\"target\":[\"https:\/\/barbootlegger.com\/fr\/produit\/beer-boot\/\"]}]},{\"@type\":\"ImageObject\",\"inLanguage\":\"fr-FR\",\"@id\":\"https:\/\/barbootlegger.com\/fr\/produit\/beer-boot\/#primaryimage\",\"url\":\"https:\/\/barbootlegger.com\/wp-content\/uploads\/2020\/09\/0C9A0635-scaled.jpg\",\"contentUrl\":\"https:\/\/barbootlegger.com\/wp-content\/uploads\/2020\/09\/0C9A0635-scaled.jpg\",\"width\":2048,\"height\":2560},{\"@type\":\"BreadcrumbList\",\"@id\":\"https:\/\/barbootlegger.com\/fr\/produit\/beer-boot\/#breadcrumb\",\"itemListElement\":[{\"@type\":\"ListItem\",\"position\":1,\"name\":\"Home\",\"item\":\"https:\/\/barbootlegger.com\/fr\/\"},{\"@type\":\"ListItem\",\"position\":2,\"name\":\"Shop\",\"item\":\"https:\/\/barbootlegger.com\/shop\/\"},{\"@type\":\"ListItem\",\"position\":3,\"name\":\"Beer Boot\"}]},{\"@type\":\"WebSite\",\"@id\":\"https:\/\/barbootlegger.com\/#website\",\"url\":\"https:\/\/barbootlegger.com\/\",\"name\":\"Bar Bootlegger\",\"description\":\"Cocktail, Whisky &amp; Live band\",\"publisher\":{\"@id\":\"https:\/\/barbootlegger.com\/#organization\"},\"potentialAction\":[{\"@type\":\"SearchAction\",\"target\":{\"@type\":\"EntryPoint\",\"urlTemplate\":\"https:\/\/barbootlegger.com\/?s={search_term_string}\"},\"query-input\":{\"@type\":\"PropertyValueSpecification\",\"valueRequired\":true,\"valueName\":\"search_term_string\"}}],\"inLanguage\":\"fr-FR\"},{\"@type\":\"Organization\",\"@id\":\"https:\/\/barbootlegger.com\/#organization\",\"name\":\"Bar Bootlegger\",\"url\":\"https:\/\/barbootlegger.com\/\",\"logo\":{\"@type\":\"ImageObject\",\"inLanguage\":\"fr-FR\",\"@id\":\"https:\/\/barbootlegger.com\/#\/schema\/logo\/image\/\",\"url\":\"http:\/\/barbootlegger.com\/wp-content\/uploads\/2020\/08\/cropped-logoBootLaurent_fav.png\",\"contentUrl\":\"http:\/\/barbootlegger.com\/wp-content\/uploads\/2020\/08\/cropped-logoBootLaurent_fav.png\",\"width\":512,\"height\":512,\"caption\":\"Bar Bootlegger\"},\"image\":{\"@id\":\"https:\/\/barbootlegger.com\/#\/schema\/logo\/image\/\"},\"sameAs\":[\"https:\/\/www.facebook.com\/barbootlegger\",\"https:\/\/www.tiktok.com\/@bootleggercocktailbar\",\"https:\/\/twitter.com\/barbootlegger?lang=fr\",\"https:\/\/www.youtube.com\/@bootleggerlauthentique2961\",\"https:\/\/www.instagram.com\/bootleggercocktailbar\/\"]}]}<\/script>\n<!-- \/ Yoast SEO plugin. -->","yoast_head_json":{"title":"Beer Boot - Bootlegger Cocktail Bar &amp; Cuisine Montreal","description":"Verre \u00e0 bi\u00e8re en forme de botte \u2013 30 oz (900 ml) Original et ludique, ce grand verre en forme de botte est parfait pour les amateurs de bi\u00e8re qui aiment d\u00e9guster avec style et g\u00e9n\u00e9rosit\u00e9.","robots":{"index":"index","follow":"follow","max-snippet":"max-snippet:-1","max-image-preview":"max-image-preview:large","max-video-preview":"max-video-preview:-1"},"canonical":"https:\/\/barbootlegger.com\/fr\/produit\/beer-boot\/","og_locale":"fr_FR","og_type":"article","og_title":"Beer Boot - Bootlegger Cocktail Bar &amp; Cuisine Montreal","og_description":"Verre \u00e0 bi\u00e8re en forme de botte \u2013 30 oz (900 ml) Original et ludique, ce grand verre en forme de botte est parfait pour les amateurs de bi\u00e8re qui aiment d\u00e9guster avec style et g\u00e9n\u00e9rosit\u00e9.","og_url":"https:\/\/barbootlegger.com\/fr\/produit\/beer-boot\/","og_site_name":"Bootlegger Cocktail Bar &amp; Cuisine Montreal","article_publisher":"https:\/\/www.facebook.com\/barbootlegger","article_modified_time":"2026-02-09T21:10:18+00:00","og_image":[{"width":2048,"height":2560,"url":"https:\/\/barbootlegger.com\/wp-content\/uploads\/2020\/09\/0C9A0635-scaled.jpg","type":"image\/jpeg"}],"twitter_card":"summary_large_image","twitter_misc":{"Dur\u00e9e de lecture estim\u00e9e":"1 minute"},"schema":{"@context":"https:\/\/schema.org","@graph":[{"@type":"WebPage","@id":"https:\/\/barbootlegger.com\/fr\/produit\/beer-boot\/","url":"https:\/\/barbootlegger.com\/fr\/produit\/beer-boot\/","name":"Beer Boot - Bootlegger Cocktail Bar &amp; Cuisine Montreal","isPartOf":{"@id":"https:\/\/barbootlegger.com\/#website"},"primaryImageOfPage":{"@id":"https:\/\/barbootlegger.com\/fr\/produit\/beer-boot\/#primaryimage"},"image":{"@id":"https:\/\/barbootlegger.com\/fr\/produit\/beer-boot\/#primaryimage"},"thumbnailUrl":"https:\/\/barbootlegger.com\/wp-content\/uploads\/2020\/09\/0C9A0635-scaled.jpg","datePublished":"2020-09-17T16:12:42+00:00","dateModified":"2026-02-09T21:10:18+00:00","description":"Verre \u00e0 bi\u00e8re en forme de botte \u2013 30 oz (900 ml) Original et ludique, ce grand verre en forme de botte est parfait pour les amateurs de bi\u00e8re qui aiment d\u00e9guster avec style et g\u00e9n\u00e9rosit\u00e9.","breadcrumb":{"@id":"https:\/\/barbootlegger.com\/fr\/produit\/beer-boot\/#breadcrumb"},"inLanguage":"fr-FR","potentialAction":[{"@type":"ReadAction","target":["https:\/\/barbootlegger.com\/fr\/produit\/beer-boot\/"]}]},{"@type":"ImageObject","inLanguage":"fr-FR","@id":"https:\/\/barbootlegger.com\/fr\/produit\/beer-boot\/#primaryimage","url":"https:\/\/barbootlegger.com\/wp-content\/uploads\/2020\/09\/0C9A0635-scaled.jpg","contentUrl":"https:\/\/barbootlegger.com\/wp-content\/uploads\/2020\/09\/0C9A0635-scaled.jpg","width":2048,"height":2560},{"@type":"BreadcrumbList","@id":"https:\/\/barbootlegger.com\/fr\/produit\/beer-boot\/#breadcrumb","itemListElement":[{"@type":"ListItem","position":1,"name":"Home","item":"https:\/\/barbootlegger.com\/fr\/"},{"@type":"ListItem","position":2,"name":"Shop","item":"https:\/\/barbootlegger.com\/shop\/"},{"@type":"ListItem","position":3,"name":"Beer Boot"}]},{"@type":"WebSite","@id":"https:\/\/barbootlegger.com\/#website","url":"https:\/\/barbootlegger.com\/","name":"Bar Bootlegger","description":"Cocktail, Whisky &amp; Live band","publisher":{"@id":"https:\/\/barbootlegger.com\/#organization"},"potentialAction":[{"@type":"SearchAction","target":{"@type":"EntryPoint","urlTemplate":"https:\/\/barbootlegger.com\/?s={search_term_string}"},"query-input":{"@type":"PropertyValueSpecification","valueRequired":true,"valueName":"search_term_string"}}],"inLanguage":"fr-FR"},{"@type":"Organization","@id":"https:\/\/barbootlegger.com\/#organization","name":"Bar Bootlegger","url":"https:\/\/barbootlegger.com\/","logo":{"@type":"ImageObject","inLanguage":"fr-FR","@id":"https:\/\/barbootlegger.com\/#\/schema\/logo\/image\/","url":"http:\/\/barbootlegger.com\/wp-content\/uploads\/2020\/08\/cropped-logoBootLaurent_fav.png","contentUrl":"http:\/\/barbootlegger.com\/wp-content\/uploads\/2020\/08\/cropped-logoBootLaurent_fav.png","width":512,"height":512,"caption":"Bar Bootlegger"},"image":{"@id":"https:\/\/barbootlegger.com\/#\/schema\/logo\/image\/"},"sameAs":["https:\/\/www.facebook.com\/barbootlegger","https:\/\/www.tiktok.com\/@bootleggercocktailbar","https:\/\/twitter.com\/barbootlegger?lang=fr","https:\/\/www.youtube.com\/@bootleggerlauthentique2961","https:\/\/www.instagram.com\/bootleggercocktailbar\/"]}]}},"_links":{"self":[{"href":"https:\/\/barbootlegger.com\/fr\/wp-json\/wp\/v2\/product\/14091","targetHints":{"allow":["GET"]}}],"collection":[{"href":"https:\/\/barbootlegger.com\/fr\/wp-json\/wp\/v2\/product"}],"about":[{"href":"https:\/\/barbootlegger.com\/fr\/wp-json\/wp\/v2\/types\/product"}],"replies":[{"embeddable":true,"href":"https:\/\/barbootlegger.com\/fr\/wp-json\/wp\/v2\/comments?post=14091"}],"wp:featuredmedia":[{"embeddable":true,"href":"https:\/\/barbootlegger.com\/fr\/wp-json\/wp\/v2\/media\/14089"}],"wp:attachment":[{"href":"https:\/\/barbootlegger.com\/fr\/wp-json\/wp\/v2\/media?parent=14091"}],"wp:term":[{"taxonomy":"product_brand","embeddable":true,"href":"https:\/\/barbootlegger.com\/fr\/wp-json\/wp\/v2\/product_brand?post=14091"},{"taxonomy":"product_cat","embeddable":true,"href":"https:\/\/barbootlegger.com\/fr\/wp-json\/wp\/v2\/product_cat?post=14091"},{"taxonomy":"product_tag","embeddable":true,"href":"https:\/\/barbootlegger.com\/fr\/wp-json\/wp\/v2\/product_tag?post=14091"}],"curies":[{"name":"wp","href":"https:\/\/api.w.org\/{rel}","templated":true}]}}