{"id":14082,"date":"2021-11-09T18:21:42","date_gmt":"2021-11-09T18:21:42","guid":{"rendered":"https:\/\/barbootlegger.com\/product\/carte-cadeau\/"},"modified":"2025-09-10T12:28:49","modified_gmt":"2025-09-10T16:28:49","slug":"carte-cadeau","status":"publish","type":"product","link":"https:\/\/barbootlegger.com\/fr\/produit\/carte-cadeau\/","title":{"rendered":"Carte Cadeau Bootlegger"},"content":{"rendered":"<h1 data-start=\"351\" data-end=\"686\">Carte Cadeau Bootlegger<\/h1>\n<p data-start=\"372\" data-end=\"736\">La carte cadeau Bootlegger est l\u2019id\u00e9e cadeau id\u00e9ale pour surprendre les passionn\u00e9s de whisky, de cocktails et d\u2019art de vivre. Que ce soit pour un anniversaire, un cadeau d\u2019entreprise, une f\u00eate ou simplement pour faire plaisir, cette carte permet \u00e0 vos proches de choisir parmi une s\u00e9lection exclusive de spiritueux, accessoires et exp\u00e9riences de d\u00e9gustation.<\/p>\n<p data-start=\"738\" data-end=\"991\">Flexible, \u00e9l\u00e9gante et pratique, elle s\u2019adapte \u00e0 toutes les occasions et garantit de faire plaisir \u00e0 coup s\u00fbr. Offrez plus qu\u2019un cadeau : offrez la possibilit\u00e9 de d\u00e9couvrir l\u2019univers raffin\u00e9 Bootlegger, entre mixologie, d\u00e9gustations et art de recevoir.<\/p>\n","protected":false},"excerpt":{"rendered":"<p>Offrez la libert\u00e9 de choisir avec la carte-cadeau Bootlegger. Un cadeau simple, \u00e9l\u00e9gant et parfait pour les passionn\u00e9s de whisky, de cocktails et d\u2019exp\u00e9riences uniques.<\/p>\n<h2>Bootlegger Cocktail Bar Montreal<\/h2>\n","protected":false},"featured_media":4535,"comment_status":"closed","ping_status":"closed","template":"","meta":{"_acf_changed":false},"product_brand":[],"product_cat":[189],"product_tag":[798,523,198,488],"class_list":{"0":"post-14082","1":"product","2":"type-product","3":"status-publish","4":"has-post-thumbnail","6":"product_cat-accessoires","7":"product_tag-bar-montreal-fr","8":"product_tag-bootlegger-cocktail-bar-fr","9":"product_tag-cocktails-fr","10":"product_tag-scotch-whisky-fr","12":"first","13":"instock","14":"purchasable","15":"product-type-variable"},"acf":[],"yoast_head":"<!-- This site is optimized with the Yoast SEO plugin v27.0 - https:\/\/yoast.com\/product\/yoast-seo-wordpress\/ -->\n<title>Carte Cadeau Bootlegger - Bootlegger Cocktail Bar &amp; Cuisine Montreal<\/title>\n<meta name=\"description\" content=\"Offrez la libert\u00e9 de choisir avec la carte-cadeau Bootlegger. Un cadeau simple, \u00e9l\u00e9gant et parfait pour les passionn\u00e9s de whisky, de cocktails et d\u2019exp\u00e9riences uniques.\" \/>\n<meta name=\"robots\" content=\"index, follow, max-snippet:-1, max-image-preview:large, max-video-preview:-1\" \/>\n<link rel=\"canonical\" href=\"https:\/\/barbootlegger.com\/fr\/produit\/carte-cadeau\/\" \/>\n<meta property=\"og:locale\" content=\"fr_FR\" \/>\n<meta property=\"og:type\" content=\"article\" \/>\n<meta property=\"og:title\" content=\"Carte Cadeau Bootlegger - Bootlegger Cocktail Bar &amp; Cuisine Montreal\" \/>\n<meta property=\"og:description\" content=\"Offrez la libert\u00e9 de choisir avec la carte-cadeau Bootlegger. Un cadeau simple, \u00e9l\u00e9gant et parfait pour les passionn\u00e9s de whisky, de cocktails et d\u2019exp\u00e9riences uniques.\" \/>\n<meta property=\"og:url\" content=\"https:\/\/barbootlegger.com\/fr\/produit\/carte-cadeau\/\" \/>\n<meta property=\"og:site_name\" content=\"Bootlegger Cocktail Bar &amp; Cuisine Montreal\" \/>\n<meta property=\"article:publisher\" content=\"https:\/\/www.facebook.com\/barbootlegger\" \/>\n<meta property=\"article:modified_time\" content=\"2025-09-10T16:28:49+00:00\" \/>\n<meta property=\"og:image\" content=\"https:\/\/barbootlegger.com\/wp-content\/uploads\/2020\/09\/C9A4364.jpg\" \/>\n\t<meta property=\"og:image:width\" content=\"1620\" \/>\n\t<meta property=\"og:image:height\" content=\"1080\" \/>\n\t<meta property=\"og:image:type\" content=\"image\/jpeg\" \/>\n<meta name=\"twitter:card\" content=\"summary_large_image\" \/>\n<meta name=\"twitter:label1\" content=\"Dur\u00e9e de lecture estim\u00e9e\" \/>\n\t<meta name=\"twitter:data1\" content=\"1 minute\" \/>\n<script type=\"application\/ld+json\" class=\"yoast-schema-graph\">{\"@context\":\"https:\/\/schema.org\",\"@graph\":[{\"@type\":\"WebPage\",\"@id\":\"https:\/\/barbootlegger.com\/fr\/produit\/carte-cadeau\/\",\"url\":\"https:\/\/barbootlegger.com\/fr\/produit\/carte-cadeau\/\",\"name\":\"Carte Cadeau Bootlegger - Bootlegger Cocktail Bar &amp; Cuisine Montreal\",\"isPartOf\":{\"@id\":\"https:\/\/barbootlegger.com\/#website\"},\"primaryImageOfPage\":{\"@id\":\"https:\/\/barbootlegger.com\/fr\/produit\/carte-cadeau\/#primaryimage\"},\"image\":{\"@id\":\"https:\/\/barbootlegger.com\/fr\/produit\/carte-cadeau\/#primaryimage\"},\"thumbnailUrl\":\"https:\/\/barbootlegger.com\/wp-content\/uploads\/2020\/09\/C9A4364.jpg\",\"datePublished\":\"2021-11-09T18:21:42+00:00\",\"dateModified\":\"2025-09-10T16:28:49+00:00\",\"description\":\"Offrez la libert\u00e9 de choisir avec la carte-cadeau Bootlegger. Un cadeau simple, \u00e9l\u00e9gant et parfait pour les passionn\u00e9s de whisky, de cocktails et d\u2019exp\u00e9riences uniques.\",\"breadcrumb\":{\"@id\":\"https:\/\/barbootlegger.com\/fr\/produit\/carte-cadeau\/#breadcrumb\"},\"inLanguage\":\"fr-FR\",\"potentialAction\":[{\"@type\":\"ReadAction\",\"target\":[\"https:\/\/barbootlegger.com\/fr\/produit\/carte-cadeau\/\"]}]},{\"@type\":\"ImageObject\",\"inLanguage\":\"fr-FR\",\"@id\":\"https:\/\/barbootlegger.com\/fr\/produit\/carte-cadeau\/#primaryimage\",\"url\":\"https:\/\/barbootlegger.com\/wp-content\/uploads\/2020\/09\/C9A4364.jpg\",\"contentUrl\":\"https:\/\/barbootlegger.com\/wp-content\/uploads\/2020\/09\/C9A4364.jpg\",\"width\":1620,\"height\":1080,\"caption\":\"bar bootlegger montreal certificat cadeau\"},{\"@type\":\"BreadcrumbList\",\"@id\":\"https:\/\/barbootlegger.com\/fr\/produit\/carte-cadeau\/#breadcrumb\",\"itemListElement\":[{\"@type\":\"ListItem\",\"position\":1,\"name\":\"Home\",\"item\":\"https:\/\/barbootlegger.com\/fr\/\"},{\"@type\":\"ListItem\",\"position\":2,\"name\":\"Shop\",\"item\":\"https:\/\/barbootlegger.com\/shop\/\"},{\"@type\":\"ListItem\",\"position\":3,\"name\":\"Carte Cadeau Bootlegger\"}]},{\"@type\":\"WebSite\",\"@id\":\"https:\/\/barbootlegger.com\/#website\",\"url\":\"https:\/\/barbootlegger.com\/\",\"name\":\"Bar Bootlegger\",\"description\":\"Cocktail, Whisky &amp; Live band\",\"publisher\":{\"@id\":\"https:\/\/barbootlegger.com\/#organization\"},\"potentialAction\":[{\"@type\":\"SearchAction\",\"target\":{\"@type\":\"EntryPoint\",\"urlTemplate\":\"https:\/\/barbootlegger.com\/?s={search_term_string}\"},\"query-input\":{\"@type\":\"PropertyValueSpecification\",\"valueRequired\":true,\"valueName\":\"search_term_string\"}}],\"inLanguage\":\"fr-FR\"},{\"@type\":\"Organization\",\"@id\":\"https:\/\/barbootlegger.com\/#organization\",\"name\":\"Bar Bootlegger\",\"url\":\"https:\/\/barbootlegger.com\/\",\"logo\":{\"@type\":\"ImageObject\",\"inLanguage\":\"fr-FR\",\"@id\":\"https:\/\/barbootlegger.com\/#\/schema\/logo\/image\/\",\"url\":\"http:\/\/barbootlegger.com\/wp-content\/uploads\/2020\/08\/cropped-logoBootLaurent_fav.png\",\"contentUrl\":\"http:\/\/barbootlegger.com\/wp-content\/uploads\/2020\/08\/cropped-logoBootLaurent_fav.png\",\"width\":512,\"height\":512,\"caption\":\"Bar Bootlegger\"},\"image\":{\"@id\":\"https:\/\/barbootlegger.com\/#\/schema\/logo\/image\/\"},\"sameAs\":[\"https:\/\/www.facebook.com\/barbootlegger\",\"https:\/\/www.tiktok.com\/@bootleggercocktailbar\",\"https:\/\/twitter.com\/barbootlegger?lang=fr\",\"https:\/\/www.youtube.com\/@bootleggerlauthentique2961\",\"https:\/\/www.instagram.com\/bootleggercocktailbar\/\"]}]}<\/script>\n<!-- \/ Yoast SEO plugin. -->","yoast_head_json":{"title":"Carte Cadeau Bootlegger - Bootlegger Cocktail Bar &amp; Cuisine Montreal","description":"Offrez la libert\u00e9 de choisir avec la carte-cadeau Bootlegger. Un cadeau simple, \u00e9l\u00e9gant et parfait pour les passionn\u00e9s de whisky, de cocktails et d\u2019exp\u00e9riences uniques.","robots":{"index":"index","follow":"follow","max-snippet":"max-snippet:-1","max-image-preview":"max-image-preview:large","max-video-preview":"max-video-preview:-1"},"canonical":"https:\/\/barbootlegger.com\/fr\/produit\/carte-cadeau\/","og_locale":"fr_FR","og_type":"article","og_title":"Carte Cadeau Bootlegger - Bootlegger Cocktail Bar &amp; Cuisine Montreal","og_description":"Offrez la libert\u00e9 de choisir avec la carte-cadeau Bootlegger. Un cadeau simple, \u00e9l\u00e9gant et parfait pour les passionn\u00e9s de whisky, de cocktails et d\u2019exp\u00e9riences uniques.","og_url":"https:\/\/barbootlegger.com\/fr\/produit\/carte-cadeau\/","og_site_name":"Bootlegger Cocktail Bar &amp; Cuisine Montreal","article_publisher":"https:\/\/www.facebook.com\/barbootlegger","article_modified_time":"2025-09-10T16:28:49+00:00","og_image":[{"width":1620,"height":1080,"url":"https:\/\/barbootlegger.com\/wp-content\/uploads\/2020\/09\/C9A4364.jpg","type":"image\/jpeg"}],"twitter_card":"summary_large_image","twitter_misc":{"Dur\u00e9e de lecture estim\u00e9e":"1 minute"},"schema":{"@context":"https:\/\/schema.org","@graph":[{"@type":"WebPage","@id":"https:\/\/barbootlegger.com\/fr\/produit\/carte-cadeau\/","url":"https:\/\/barbootlegger.com\/fr\/produit\/carte-cadeau\/","name":"Carte Cadeau Bootlegger - Bootlegger Cocktail Bar &amp; Cuisine Montreal","isPartOf":{"@id":"https:\/\/barbootlegger.com\/#website"},"primaryImageOfPage":{"@id":"https:\/\/barbootlegger.com\/fr\/produit\/carte-cadeau\/#primaryimage"},"image":{"@id":"https:\/\/barbootlegger.com\/fr\/produit\/carte-cadeau\/#primaryimage"},"thumbnailUrl":"https:\/\/barbootlegger.com\/wp-content\/uploads\/2020\/09\/C9A4364.jpg","datePublished":"2021-11-09T18:21:42+00:00","dateModified":"2025-09-10T16:28:49+00:00","description":"Offrez la libert\u00e9 de choisir avec la carte-cadeau Bootlegger. Un cadeau simple, \u00e9l\u00e9gant et parfait pour les passionn\u00e9s de whisky, de cocktails et d\u2019exp\u00e9riences uniques.","breadcrumb":{"@id":"https:\/\/barbootlegger.com\/fr\/produit\/carte-cadeau\/#breadcrumb"},"inLanguage":"fr-FR","potentialAction":[{"@type":"ReadAction","target":["https:\/\/barbootlegger.com\/fr\/produit\/carte-cadeau\/"]}]},{"@type":"ImageObject","inLanguage":"fr-FR","@id":"https:\/\/barbootlegger.com\/fr\/produit\/carte-cadeau\/#primaryimage","url":"https:\/\/barbootlegger.com\/wp-content\/uploads\/2020\/09\/C9A4364.jpg","contentUrl":"https:\/\/barbootlegger.com\/wp-content\/uploads\/2020\/09\/C9A4364.jpg","width":1620,"height":1080,"caption":"bar bootlegger montreal certificat cadeau"},{"@type":"BreadcrumbList","@id":"https:\/\/barbootlegger.com\/fr\/produit\/carte-cadeau\/#breadcrumb","itemListElement":[{"@type":"ListItem","position":1,"name":"Home","item":"https:\/\/barbootlegger.com\/fr\/"},{"@type":"ListItem","position":2,"name":"Shop","item":"https:\/\/barbootlegger.com\/shop\/"},{"@type":"ListItem","position":3,"name":"Carte Cadeau Bootlegger"}]},{"@type":"WebSite","@id":"https:\/\/barbootlegger.com\/#website","url":"https:\/\/barbootlegger.com\/","name":"Bar Bootlegger","description":"Cocktail, Whisky &amp; Live band","publisher":{"@id":"https:\/\/barbootlegger.com\/#organization"},"potentialAction":[{"@type":"SearchAction","target":{"@type":"EntryPoint","urlTemplate":"https:\/\/barbootlegger.com\/?s={search_term_string}"},"query-input":{"@type":"PropertyValueSpecification","valueRequired":true,"valueName":"search_term_string"}}],"inLanguage":"fr-FR"},{"@type":"Organization","@id":"https:\/\/barbootlegger.com\/#organization","name":"Bar Bootlegger","url":"https:\/\/barbootlegger.com\/","logo":{"@type":"ImageObject","inLanguage":"fr-FR","@id":"https:\/\/barbootlegger.com\/#\/schema\/logo\/image\/","url":"http:\/\/barbootlegger.com\/wp-content\/uploads\/2020\/08\/cropped-logoBootLaurent_fav.png","contentUrl":"http:\/\/barbootlegger.com\/wp-content\/uploads\/2020\/08\/cropped-logoBootLaurent_fav.png","width":512,"height":512,"caption":"Bar Bootlegger"},"image":{"@id":"https:\/\/barbootlegger.com\/#\/schema\/logo\/image\/"},"sameAs":["https:\/\/www.facebook.com\/barbootlegger","https:\/\/www.tiktok.com\/@bootleggercocktailbar","https:\/\/twitter.com\/barbootlegger?lang=fr","https:\/\/www.youtube.com\/@bootleggerlauthentique2961","https:\/\/www.instagram.com\/bootleggercocktailbar\/"]}]}},"_links":{"self":[{"href":"https:\/\/barbootlegger.com\/fr\/wp-json\/wp\/v2\/product\/14082","targetHints":{"allow":["GET"]}}],"collection":[{"href":"https:\/\/barbootlegger.com\/fr\/wp-json\/wp\/v2\/product"}],"about":[{"href":"https:\/\/barbootlegger.com\/fr\/wp-json\/wp\/v2\/types\/product"}],"replies":[{"embeddable":true,"href":"https:\/\/barbootlegger.com\/fr\/wp-json\/wp\/v2\/comments?post=14082"}],"wp:featuredmedia":[{"embeddable":true,"href":"https:\/\/barbootlegger.com\/fr\/wp-json\/wp\/v2\/media\/4535"}],"wp:attachment":[{"href":"https:\/\/barbootlegger.com\/fr\/wp-json\/wp\/v2\/media?parent=14082"}],"wp:term":[{"taxonomy":"product_brand","embeddable":true,"href":"https:\/\/barbootlegger.com\/fr\/wp-json\/wp\/v2\/product_brand?post=14082"},{"taxonomy":"product_cat","embeddable":true,"href":"https:\/\/barbootlegger.com\/fr\/wp-json\/wp\/v2\/product_cat?post=14082"},{"taxonomy":"product_tag","embeddable":true,"href":"https:\/\/barbootlegger.com\/fr\/wp-json\/wp\/v2\/product_tag?post=14082"}],"curies":[{"name":"wp","href":"https:\/\/api.w.org\/{rel}","templated":true}]}}