{"id":14074,"date":"2020-09-17T16:12:42","date_gmt":"2020-09-17T16:12:42","guid":{"rendered":"https:\/\/barbootlegger.com\/product\/private-whiskey-tasting-minimum-of-2-people\/"},"modified":"2025-12-03T11:14:44","modified_gmt":"2025-12-03T16:14:44","slug":"degustation-privee-de-whisky-minimum-de-2-personnes","status":"publish","type":"product","link":"https:\/\/barbootlegger.com\/fr\/produit\/degustation-privee-de-whisky-minimum-de-2-personnes\/","title":{"rendered":"D\u00e9gustation Priv\u00e9e de Whisky (Minimum de 2 personnes)"},"content":{"rendered":"<h1>D\u00e9gustation Priv\u00e9e de Whisky (Minimum de 2 personnes)<\/h1>\n<p>Offrez-vous une exp\u00e9rience exclusive avec notre D\u00e9gustation Priv\u00e9e de Whisky, guid\u00e9e par un sp\u00e9cialiste passionn\u00e9. Cette activit\u00e9 unique vous plonge au c\u0153ur de l\u2019univers du whisky \u00e0 travers une d\u00e9couverte immersive de ses ar\u00f4mes, son histoire et ses techniques de d\u00e9gustation.<\/p>\n<p>\u2022 Une d\u00e9gustation priv\u00e9e accompagn\u00e9e par un sp\u00e9cialiste du whisky<br \/>\n\u2022 Vous devez vous procurer vos billets \u00e0 partir de notre <a href=\"https:\/\/barbootlegger.com\/fr\/produit\/private-whiskey-tasting-minimum-of-2-people\/\"><strong><em>boutique en ligne<\/em><\/strong><\/a> afin qu&rsquo;on prenne votre r\u00e9servation et fasse appel \u00e0 un sp\u00e9cialiste whisky<br \/>\n\u2022 Vous devez avoir un certificat obligatoirement pour pouvoir participer \u00e0 l\u2019exp\u00e9rience<br \/>\n\u2022 5 whiskys pr\u00e9sent\u00e9s et comment\u00e9s avec p\u00e9dagogie et passion<br \/>\n\u2022 Disponible pour un minimum de 2 personnes (2 billets minimum requis)<br \/>\n\u2022 Une s\u00e9lection premium et exclusive selon le forfait choisi (Bronze \u00e0 Platinum)<br \/>\n\u2022 Il n\u2019y a aucune nourriture de servis durant la d\u00e9gustation puisque ce n\u2019est pas recommand\u00e9.<br \/>\n\u2022 Pr\u00e9sentation disponible en fran\u00e7ais et en anglais<br \/>\n\u2022 Les d\u00e9gustations d\u00e9butent \u00e0 16h ou \u00e0 17h selon les disponibilit\u00e9s du sp\u00e9cialiste et durent environ 2h30 jusqu\u2019\u00e0 3h, selon le rythme du groupe<br \/>\n\u2022 Forfait exclusif \u00e0 notre boutique en ligne<br \/>\n\u2022 Le certificat vous sera livr\u00e9 \u00e0 domicile, il sera n\u00e9cessaire d\u2019avoir ce dernier pour pouvoir en profiter<br \/>\n\u2022 Il est primordial d\u2019effectuer une r\u00e9servation avec nos sp\u00e9cialistes pour pouvoir profiter du forfait. Nous vous recommandons de communiquer avec nous quelques semaines \u00e0 l\u2019avance afin de r\u00e9server votre date, en nous proposant des dates: <strong>information@barbootlegger.com<\/strong><br \/>\nParfait pour les amateurs curieux comme pour les connaisseurs, ce forfait haut de gamme vous permet de go\u00fbter, sentir et \u00e9valuer une s\u00e9lection raffin\u00e9e de whiskys soigneusement choisis. Les niveaux de d\u00e9gustation \u2013 Bronze, Argent, Or et Platinum \u2013 s\u2019adaptent \u00e0 vos connaissances et vous offrent des spiritueux de plus en plus rares et prestigieux selon le forfait choisis.<\/p>\n","protected":false},"excerpt":{"rendered":"<p>Offrez-vous une d\u00e9gustation priv\u00e9e de whisky guid\u00e9e par un sp\u00e9cialiste passionn\u00e9. Cette exp\u00e9rience immersive vous plonge dans l\u2019univers du whisky \u00e0 travers ses ar\u00f4mes, son histoire et ses techniques de d\u00e9gustation. Id\u00e9al pour les curieux comme pour les connaisseurs, ce forfait haut de gamme vous permet de go\u00fbter et d\u2019\u00e9valuer une s\u00e9lection raffin\u00e9e de whiskys. Avec plusieurs niveaux \u2013 Bronze, Argent, Or et Platinum \u2013 vous d\u00e9couvrirez des spiritueux de plus en plus rares et prestigieux selon le forfait choisi.<br \/>\nUne exp\u00e9rience id\u00e9ale comme cadeau original ou pour c\u00e9l\u00e9brer une occasion sp\u00e9ciale.<\/p>\n<p>____________________<\/p>\n<p>Bronze \u2013 D\u00e9butant<br \/>\nArgent \u2013 Connaisseur<br \/>\nOr \u2013 Amateur<br \/>\nPlatinum \u2013 Sp\u00e9cialiste<\/p>\n<h2>Bootlegger Cocktail Bar Montreal<\/h2>\n","protected":false},"featured_media":4519,"comment_status":"closed","ping_status":"closed","template":"","meta":{"_acf_changed":false},"product_brand":[],"product_cat":[188],"product_tag":[798,523,487,801,489,490],"class_list":{"0":"post-14074","1":"product","2":"type-product","3":"status-publish","4":"has-post-thumbnail","6":"product_cat-experience","7":"product_tag-bar-montreal-fr","8":"product_tag-bootlegger-cocktail-bar-fr","9":"product_tag-bourbon-fr","10":"product_tag-private-tasting-fr","11":"product_tag-whisky-fr","12":"product_tag-whisky-tasting-fr","14":"first","15":"instock","16":"taxable","17":"shipping-taxable","18":"purchasable","19":"product-type-variable"},"acf":[],"yoast_head":"<!-- This site is optimized with the Yoast SEO plugin v27.0 - https:\/\/yoast.com\/product\/yoast-seo-wordpress\/ -->\n<title>D\u00e9gustation Priv\u00e9e de Whisky (Minimum de 2 personnes) - Bootlegger Cocktail Bar &amp; Cuisine Montreal<\/title>\n<meta name=\"description\" content=\"Offrez-vous une d\u00e9gustation priv\u00e9e de whisky guid\u00e9e par un sp\u00e9cialiste passionn\u00e9. Cette exp\u00e9rience immersive vous plonge dans l\u2019univers du whisky \u00e0 travers ses ar\u00f4mes, son histoire et ses techniques de d\u00e9gustation.\" \/>\n<meta name=\"robots\" content=\"index, follow, max-snippet:-1, max-image-preview:large, max-video-preview:-1\" \/>\n<link rel=\"canonical\" href=\"https:\/\/barbootlegger.com\/fr\/produit\/degustation-privee-de-whisky-minimum-de-2-personnes\/\" \/>\n<meta property=\"og:locale\" content=\"fr_FR\" \/>\n<meta property=\"og:type\" content=\"article\" \/>\n<meta property=\"og:title\" content=\"D\u00e9gustation Priv\u00e9e de Whisky (Minimum de 2 personnes) - Bootlegger Cocktail Bar &amp; Cuisine Montreal\" \/>\n<meta property=\"og:description\" content=\"Offrez-vous une d\u00e9gustation priv\u00e9e de whisky guid\u00e9e par un sp\u00e9cialiste passionn\u00e9. Cette exp\u00e9rience immersive vous plonge dans l\u2019univers du whisky \u00e0 travers ses ar\u00f4mes, son histoire et ses techniques de d\u00e9gustation.\" \/>\n<meta property=\"og:url\" content=\"https:\/\/barbootlegger.com\/fr\/produit\/degustation-privee-de-whisky-minimum-de-2-personnes\/\" \/>\n<meta property=\"og:site_name\" content=\"Bootlegger Cocktail Bar &amp; Cuisine Montreal\" \/>\n<meta property=\"article:publisher\" content=\"https:\/\/www.facebook.com\/barbootlegger\" \/>\n<meta property=\"article:modified_time\" content=\"2025-12-03T16:14:44+00:00\" \/>\n<meta property=\"og:image\" content=\"https:\/\/barbootlegger.com\/wp-content\/uploads\/2021\/04\/C9A3475.jpg\" \/>\n\t<meta property=\"og:image:width\" content=\"1845\" \/>\n\t<meta property=\"og:image:height\" content=\"1080\" \/>\n\t<meta property=\"og:image:type\" content=\"image\/jpeg\" \/>\n<meta name=\"twitter:card\" content=\"summary_large_image\" \/>\n<meta name=\"twitter:label1\" content=\"Dur\u00e9e de lecture estim\u00e9e\" \/>\n\t<meta name=\"twitter:data1\" content=\"2 minutes\" \/>\n<script type=\"application\/ld+json\" class=\"yoast-schema-graph\">{\"@context\":\"https:\/\/schema.org\",\"@graph\":[{\"@type\":\"WebPage\",\"@id\":\"https:\/\/barbootlegger.com\/fr\/produit\/degustation-privee-de-whisky-minimum-de-2-personnes\/\",\"url\":\"https:\/\/barbootlegger.com\/fr\/produit\/degustation-privee-de-whisky-minimum-de-2-personnes\/\",\"name\":\"D\u00e9gustation Priv\u00e9e de Whisky (Minimum de 2 personnes) - Bootlegger Cocktail Bar &amp; Cuisine Montreal\",\"isPartOf\":{\"@id\":\"https:\/\/barbootlegger.com\/#website\"},\"primaryImageOfPage\":{\"@id\":\"https:\/\/barbootlegger.com\/fr\/produit\/degustation-privee-de-whisky-minimum-de-2-personnes\/#primaryimage\"},\"image\":{\"@id\":\"https:\/\/barbootlegger.com\/fr\/produit\/degustation-privee-de-whisky-minimum-de-2-personnes\/#primaryimage\"},\"thumbnailUrl\":\"https:\/\/barbootlegger.com\/wp-content\/uploads\/2021\/04\/C9A3475.jpg\",\"datePublished\":\"2020-09-17T16:12:42+00:00\",\"dateModified\":\"2025-12-03T16:14:44+00:00\",\"description\":\"Offrez-vous une d\u00e9gustation priv\u00e9e de whisky guid\u00e9e par un sp\u00e9cialiste passionn\u00e9. Cette exp\u00e9rience immersive vous plonge dans l\u2019univers du whisky \u00e0 travers ses ar\u00f4mes, son histoire et ses techniques de d\u00e9gustation.\",\"breadcrumb\":{\"@id\":\"https:\/\/barbootlegger.com\/fr\/produit\/degustation-privee-de-whisky-minimum-de-2-personnes\/#breadcrumb\"},\"inLanguage\":\"fr-FR\",\"potentialAction\":[{\"@type\":\"ReadAction\",\"target\":[\"https:\/\/barbootlegger.com\/fr\/produit\/degustation-privee-de-whisky-minimum-de-2-personnes\/\"]}]},{\"@type\":\"ImageObject\",\"inLanguage\":\"fr-FR\",\"@id\":\"https:\/\/barbootlegger.com\/fr\/produit\/degustation-privee-de-whisky-minimum-de-2-personnes\/#primaryimage\",\"url\":\"https:\/\/barbootlegger.com\/wp-content\/uploads\/2021\/04\/C9A3475.jpg\",\"contentUrl\":\"https:\/\/barbootlegger.com\/wp-content\/uploads\/2021\/04\/C9A3475.jpg\",\"width\":1845,\"height\":1080,\"caption\":\"world whisky day\"},{\"@type\":\"BreadcrumbList\",\"@id\":\"https:\/\/barbootlegger.com\/fr\/produit\/degustation-privee-de-whisky-minimum-de-2-personnes\/#breadcrumb\",\"itemListElement\":[{\"@type\":\"ListItem\",\"position\":1,\"name\":\"Home\",\"item\":\"https:\/\/barbootlegger.com\/fr\/\"},{\"@type\":\"ListItem\",\"position\":2,\"name\":\"Shop\",\"item\":\"https:\/\/barbootlegger.com\/shop\/\"},{\"@type\":\"ListItem\",\"position\":3,\"name\":\"D\u00e9gustation Priv\u00e9e de Whisky (Minimum de 2 personnes)\"}]},{\"@type\":\"WebSite\",\"@id\":\"https:\/\/barbootlegger.com\/#website\",\"url\":\"https:\/\/barbootlegger.com\/\",\"name\":\"Bar Bootlegger\",\"description\":\"Cocktail, Whisky &amp; Live band\",\"publisher\":{\"@id\":\"https:\/\/barbootlegger.com\/#organization\"},\"potentialAction\":[{\"@type\":\"SearchAction\",\"target\":{\"@type\":\"EntryPoint\",\"urlTemplate\":\"https:\/\/barbootlegger.com\/?s={search_term_string}\"},\"query-input\":{\"@type\":\"PropertyValueSpecification\",\"valueRequired\":true,\"valueName\":\"search_term_string\"}}],\"inLanguage\":\"fr-FR\"},{\"@type\":\"Organization\",\"@id\":\"https:\/\/barbootlegger.com\/#organization\",\"name\":\"Bar Bootlegger\",\"url\":\"https:\/\/barbootlegger.com\/\",\"logo\":{\"@type\":\"ImageObject\",\"inLanguage\":\"fr-FR\",\"@id\":\"https:\/\/barbootlegger.com\/#\/schema\/logo\/image\/\",\"url\":\"http:\/\/barbootlegger.com\/wp-content\/uploads\/2020\/08\/cropped-logoBootLaurent_fav.png\",\"contentUrl\":\"http:\/\/barbootlegger.com\/wp-content\/uploads\/2020\/08\/cropped-logoBootLaurent_fav.png\",\"width\":512,\"height\":512,\"caption\":\"Bar Bootlegger\"},\"image\":{\"@id\":\"https:\/\/barbootlegger.com\/#\/schema\/logo\/image\/\"},\"sameAs\":[\"https:\/\/www.facebook.com\/barbootlegger\",\"https:\/\/www.tiktok.com\/@bootleggercocktailbar\",\"https:\/\/twitter.com\/barbootlegger?lang=fr\",\"https:\/\/www.youtube.com\/@bootleggerlauthentique2961\",\"https:\/\/www.instagram.com\/bootleggercocktailbar\/\"]}]}<\/script>\n<!-- \/ Yoast SEO plugin. -->","yoast_head_json":{"title":"D\u00e9gustation Priv\u00e9e de Whisky (Minimum de 2 personnes) - Bootlegger Cocktail Bar &amp; Cuisine Montreal","description":"Offrez-vous une d\u00e9gustation priv\u00e9e de whisky guid\u00e9e par un sp\u00e9cialiste passionn\u00e9. Cette exp\u00e9rience immersive vous plonge dans l\u2019univers du whisky \u00e0 travers ses ar\u00f4mes, son histoire et ses techniques de d\u00e9gustation.","robots":{"index":"index","follow":"follow","max-snippet":"max-snippet:-1","max-image-preview":"max-image-preview:large","max-video-preview":"max-video-preview:-1"},"canonical":"https:\/\/barbootlegger.com\/fr\/produit\/degustation-privee-de-whisky-minimum-de-2-personnes\/","og_locale":"fr_FR","og_type":"article","og_title":"D\u00e9gustation Priv\u00e9e de Whisky (Minimum de 2 personnes) - Bootlegger Cocktail Bar &amp; Cuisine Montreal","og_description":"Offrez-vous une d\u00e9gustation priv\u00e9e de whisky guid\u00e9e par un sp\u00e9cialiste passionn\u00e9. Cette exp\u00e9rience immersive vous plonge dans l\u2019univers du whisky \u00e0 travers ses ar\u00f4mes, son histoire et ses techniques de d\u00e9gustation.","og_url":"https:\/\/barbootlegger.com\/fr\/produit\/degustation-privee-de-whisky-minimum-de-2-personnes\/","og_site_name":"Bootlegger Cocktail Bar &amp; Cuisine Montreal","article_publisher":"https:\/\/www.facebook.com\/barbootlegger","article_modified_time":"2025-12-03T16:14:44+00:00","og_image":[{"width":1845,"height":1080,"url":"https:\/\/barbootlegger.com\/wp-content\/uploads\/2021\/04\/C9A3475.jpg","type":"image\/jpeg"}],"twitter_card":"summary_large_image","twitter_misc":{"Dur\u00e9e de lecture estim\u00e9e":"2 minutes"},"schema":{"@context":"https:\/\/schema.org","@graph":[{"@type":"WebPage","@id":"https:\/\/barbootlegger.com\/fr\/produit\/degustation-privee-de-whisky-minimum-de-2-personnes\/","url":"https:\/\/barbootlegger.com\/fr\/produit\/degustation-privee-de-whisky-minimum-de-2-personnes\/","name":"D\u00e9gustation Priv\u00e9e de Whisky (Minimum de 2 personnes) - Bootlegger Cocktail Bar &amp; Cuisine Montreal","isPartOf":{"@id":"https:\/\/barbootlegger.com\/#website"},"primaryImageOfPage":{"@id":"https:\/\/barbootlegger.com\/fr\/produit\/degustation-privee-de-whisky-minimum-de-2-personnes\/#primaryimage"},"image":{"@id":"https:\/\/barbootlegger.com\/fr\/produit\/degustation-privee-de-whisky-minimum-de-2-personnes\/#primaryimage"},"thumbnailUrl":"https:\/\/barbootlegger.com\/wp-content\/uploads\/2021\/04\/C9A3475.jpg","datePublished":"2020-09-17T16:12:42+00:00","dateModified":"2025-12-03T16:14:44+00:00","description":"Offrez-vous une d\u00e9gustation priv\u00e9e de whisky guid\u00e9e par un sp\u00e9cialiste passionn\u00e9. Cette exp\u00e9rience immersive vous plonge dans l\u2019univers du whisky \u00e0 travers ses ar\u00f4mes, son histoire et ses techniques de d\u00e9gustation.","breadcrumb":{"@id":"https:\/\/barbootlegger.com\/fr\/produit\/degustation-privee-de-whisky-minimum-de-2-personnes\/#breadcrumb"},"inLanguage":"fr-FR","potentialAction":[{"@type":"ReadAction","target":["https:\/\/barbootlegger.com\/fr\/produit\/degustation-privee-de-whisky-minimum-de-2-personnes\/"]}]},{"@type":"ImageObject","inLanguage":"fr-FR","@id":"https:\/\/barbootlegger.com\/fr\/produit\/degustation-privee-de-whisky-minimum-de-2-personnes\/#primaryimage","url":"https:\/\/barbootlegger.com\/wp-content\/uploads\/2021\/04\/C9A3475.jpg","contentUrl":"https:\/\/barbootlegger.com\/wp-content\/uploads\/2021\/04\/C9A3475.jpg","width":1845,"height":1080,"caption":"world whisky day"},{"@type":"BreadcrumbList","@id":"https:\/\/barbootlegger.com\/fr\/produit\/degustation-privee-de-whisky-minimum-de-2-personnes\/#breadcrumb","itemListElement":[{"@type":"ListItem","position":1,"name":"Home","item":"https:\/\/barbootlegger.com\/fr\/"},{"@type":"ListItem","position":2,"name":"Shop","item":"https:\/\/barbootlegger.com\/shop\/"},{"@type":"ListItem","position":3,"name":"D\u00e9gustation Priv\u00e9e de Whisky (Minimum de 2 personnes)"}]},{"@type":"WebSite","@id":"https:\/\/barbootlegger.com\/#website","url":"https:\/\/barbootlegger.com\/","name":"Bar Bootlegger","description":"Cocktail, Whisky &amp; Live band","publisher":{"@id":"https:\/\/barbootlegger.com\/#organization"},"potentialAction":[{"@type":"SearchAction","target":{"@type":"EntryPoint","urlTemplate":"https:\/\/barbootlegger.com\/?s={search_term_string}"},"query-input":{"@type":"PropertyValueSpecification","valueRequired":true,"valueName":"search_term_string"}}],"inLanguage":"fr-FR"},{"@type":"Organization","@id":"https:\/\/barbootlegger.com\/#organization","name":"Bar Bootlegger","url":"https:\/\/barbootlegger.com\/","logo":{"@type":"ImageObject","inLanguage":"fr-FR","@id":"https:\/\/barbootlegger.com\/#\/schema\/logo\/image\/","url":"http:\/\/barbootlegger.com\/wp-content\/uploads\/2020\/08\/cropped-logoBootLaurent_fav.png","contentUrl":"http:\/\/barbootlegger.com\/wp-content\/uploads\/2020\/08\/cropped-logoBootLaurent_fav.png","width":512,"height":512,"caption":"Bar Bootlegger"},"image":{"@id":"https:\/\/barbootlegger.com\/#\/schema\/logo\/image\/"},"sameAs":["https:\/\/www.facebook.com\/barbootlegger","https:\/\/www.tiktok.com\/@bootleggercocktailbar","https:\/\/twitter.com\/barbootlegger?lang=fr","https:\/\/www.youtube.com\/@bootleggerlauthentique2961","https:\/\/www.instagram.com\/bootleggercocktailbar\/"]}]}},"_links":{"self":[{"href":"https:\/\/barbootlegger.com\/fr\/wp-json\/wp\/v2\/product\/14074","targetHints":{"allow":["GET"]}}],"collection":[{"href":"https:\/\/barbootlegger.com\/fr\/wp-json\/wp\/v2\/product"}],"about":[{"href":"https:\/\/barbootlegger.com\/fr\/wp-json\/wp\/v2\/types\/product"}],"replies":[{"embeddable":true,"href":"https:\/\/barbootlegger.com\/fr\/wp-json\/wp\/v2\/comments?post=14074"}],"wp:featuredmedia":[{"embeddable":true,"href":"https:\/\/barbootlegger.com\/fr\/wp-json\/wp\/v2\/media\/4519"}],"wp:attachment":[{"href":"https:\/\/barbootlegger.com\/fr\/wp-json\/wp\/v2\/media?parent=14074"}],"wp:term":[{"taxonomy":"product_brand","embeddable":true,"href":"https:\/\/barbootlegger.com\/fr\/wp-json\/wp\/v2\/product_brand?post=14074"},{"taxonomy":"product_cat","embeddable":true,"href":"https:\/\/barbootlegger.com\/fr\/wp-json\/wp\/v2\/product_cat?post=14074"},{"taxonomy":"product_tag","embeddable":true,"href":"https:\/\/barbootlegger.com\/fr\/wp-json\/wp\/v2\/product_tag?post=14074"}],"curies":[{"name":"wp","href":"https:\/\/api.w.org\/{rel}","templated":true}]}}