{"id":14065,"date":"2021-12-16T02:46:09","date_gmt":"2021-12-16T02:46:09","guid":{"rendered":"https:\/\/barbootlegger.com\/product\/amateur\/"},"modified":"2025-09-10T12:24:32","modified_gmt":"2025-09-10T16:24:32","slug":"ensemble-cadeau-amateur","status":"publish","type":"product","link":"https:\/\/barbootlegger.com\/fr\/produit\/ensemble-cadeau-amateur\/","title":{"rendered":"Ensemble Cadeau Amateur"},"content":{"rendered":"<h1>Ensemble Cadeau Amateur<\/h1>\n<p>D\u00e9couvrez notre Ensemble Cadeau Amateur, con\u00e7u pour les passionn\u00e9s d\u00e9butants ou ceux qui souhaitent s\u2019initier \u00e0 l\u2019art de la d\u00e9gustation de whisky. Id\u00e9al comme cadeau d\u2019anniversaire, cadeau de f\u00eate ou surprise originale, ce coffret r\u00e9unit des accessoires essentiels pour appr\u00e9cier pleinement chaque d\u00e9gustation.<\/p>\n<p>Ce coffret comprend :<\/p>\n<p>\u2022 1 Verre sur pied pour savourer vos whiskys avec \u00e9l\u00e9gance<\/p>\n<p>\u2022 1 Verre \u00e0 cocktail pour varier les plaisirs de d\u00e9gustation<\/p>\n<p>\u2022 1 Kit de pierres \u00e0 whisky en c\u00e9ramique (3 chacune) pour rafra\u00eechir vos spiritueux sans les diluer<\/p>\n<p>\u2022 1 Carte-cadeau Bootlegger de 25 $ pour prolonger l\u2019exp\u00e9rience et d\u00e9couvrir encore plus de produits dans notre boutique<\/p>\n<p>Chaque \u00e9l\u00e9ment est pens\u00e9 pour offrir une exp\u00e9rience conviviale et raffin\u00e9e, parfaite pour initier vos proches \u00e0 la d\u00e9gustation et partager des moments uniques autour du whisky.<\/p>\n<p>Offrez ce coffret pour faire plaisir \u00e0 un amateur de whisky, d\u00e9couvrir de nouvelles saveurs ou simplement profiter d\u2019un moment chaleureux et \u00e9l\u00e9gant.<\/p>\n","protected":false},"excerpt":{"rendered":"<p>L\u2019Ensemble Cadeau Amateur comprend un verre sur pied, un verre \u00e0 cocktail, un kit de pierres \u00e0 whisky en c\u00e9ramique (3 chacune) et une carte-cadeau Bootlegger de 25 $.<br \/>\nUn coffret \u00e9l\u00e9gant et pratique pour initier vos proches \u00e0 l\u2019univers du whisky.<\/p>\n<h2>Bootlegger Cocktail Bar Montreal<\/h2>\n","protected":false},"featured_media":5147,"comment_status":"closed","ping_status":"closed","template":"","meta":{"_acf_changed":false},"product_brand":[],"product_cat":[189],"product_tag":[798,523,198,489],"class_list":{"0":"post-14065","1":"product","2":"type-product","3":"status-publish","4":"has-post-thumbnail","6":"product_cat-accessoires","7":"product_tag-bar-montreal-fr","8":"product_tag-bootlegger-cocktail-bar-fr","9":"product_tag-cocktails-fr","10":"product_tag-whisky-fr","12":"first","13":"instock","14":"taxable","15":"shipping-taxable","16":"purchasable","17":"product-type-simple"},"acf":[],"yoast_head":"<!-- This site is optimized with the Yoast SEO plugin v27.0 - https:\/\/yoast.com\/product\/yoast-seo-wordpress\/ -->\n<title>Ensemble Cadeau Amateur - Bootlegger Cocktail Bar &amp; Cuisine Montreal<\/title>\n<meta name=\"description\" content=\"L\u2019Ensemble Cadeau Amateur comprend un verre sur pied, un verre \u00e0 cocktail, un kit de pierres \u00e0 whisky en c\u00e9ramique (3 chacune) et une carte cadeau Bootlegger de 25 $.Un coffret \u00e9l\u00e9gant et pratique pour initier vos proches \u00e0 l\u2019univers du whisky.\" \/>\n<meta name=\"robots\" content=\"index, follow, max-snippet:-1, max-image-preview:large, max-video-preview:-1\" \/>\n<link rel=\"canonical\" href=\"https:\/\/barbootlegger.com\/fr\/produit\/ensemble-cadeau-amateur\/\" \/>\n<meta property=\"og:locale\" content=\"fr_FR\" \/>\n<meta property=\"og:type\" content=\"article\" \/>\n<meta property=\"og:title\" content=\"Ensemble Cadeau Amateur - Bootlegger Cocktail Bar &amp; Cuisine Montreal\" \/>\n<meta property=\"og:description\" content=\"L\u2019Ensemble Cadeau Amateur comprend un verre sur pied, un verre \u00e0 cocktail, un kit de pierres \u00e0 whisky en c\u00e9ramique (3 chacune) et une carte cadeau Bootlegger de 25 $.Un coffret \u00e9l\u00e9gant et pratique pour initier vos proches \u00e0 l\u2019univers du whisky.\" \/>\n<meta property=\"og:url\" content=\"https:\/\/barbootlegger.com\/fr\/produit\/ensemble-cadeau-amateur\/\" \/>\n<meta property=\"og:site_name\" content=\"Bootlegger Cocktail Bar &amp; Cuisine Montreal\" \/>\n<meta property=\"article:publisher\" content=\"https:\/\/www.facebook.com\/barbootlegger\" \/>\n<meta property=\"article:modified_time\" content=\"2025-09-10T16:24:32+00:00\" \/>\n<meta property=\"og:image\" content=\"https:\/\/barbootlegger.com\/wp-content\/uploads\/2021\/12\/IMG_0005-scaled.jpg\" \/>\n\t<meta property=\"og:image:width\" content=\"2560\" \/>\n\t<meta property=\"og:image:height\" content=\"1707\" \/>\n\t<meta property=\"og:image:type\" content=\"image\/jpeg\" \/>\n<meta name=\"twitter:card\" content=\"summary_large_image\" \/>\n<meta name=\"twitter:label1\" content=\"Dur\u00e9e de lecture estim\u00e9e\" \/>\n\t<meta name=\"twitter:data1\" content=\"2 minutes\" \/>\n<script type=\"application\/ld+json\" class=\"yoast-schema-graph\">{\"@context\":\"https:\/\/schema.org\",\"@graph\":[{\"@type\":\"WebPage\",\"@id\":\"https:\/\/barbootlegger.com\/fr\/produit\/ensemble-cadeau-amateur\/\",\"url\":\"https:\/\/barbootlegger.com\/fr\/produit\/ensemble-cadeau-amateur\/\",\"name\":\"Ensemble Cadeau Amateur - Bootlegger Cocktail Bar &amp; Cuisine Montreal\",\"isPartOf\":{\"@id\":\"https:\/\/barbootlegger.com\/#website\"},\"primaryImageOfPage\":{\"@id\":\"https:\/\/barbootlegger.com\/fr\/produit\/ensemble-cadeau-amateur\/#primaryimage\"},\"image\":{\"@id\":\"https:\/\/barbootlegger.com\/fr\/produit\/ensemble-cadeau-amateur\/#primaryimage\"},\"thumbnailUrl\":\"https:\/\/barbootlegger.com\/wp-content\/uploads\/2021\/12\/IMG_0005-scaled.jpg\",\"datePublished\":\"2021-12-16T02:46:09+00:00\",\"dateModified\":\"2025-09-10T16:24:32+00:00\",\"description\":\"L\u2019Ensemble Cadeau Amateur comprend un verre sur pied, un verre \u00e0 cocktail, un kit de pierres \u00e0 whisky en c\u00e9ramique (3 chacune) et une carte cadeau Bootlegger de 25 $.Un coffret \u00e9l\u00e9gant et pratique pour initier vos proches \u00e0 l\u2019univers du whisky.\",\"breadcrumb\":{\"@id\":\"https:\/\/barbootlegger.com\/fr\/produit\/ensemble-cadeau-amateur\/#breadcrumb\"},\"inLanguage\":\"fr-FR\",\"potentialAction\":[{\"@type\":\"ReadAction\",\"target\":[\"https:\/\/barbootlegger.com\/fr\/produit\/ensemble-cadeau-amateur\/\"]}]},{\"@type\":\"ImageObject\",\"inLanguage\":\"fr-FR\",\"@id\":\"https:\/\/barbootlegger.com\/fr\/produit\/ensemble-cadeau-amateur\/#primaryimage\",\"url\":\"https:\/\/barbootlegger.com\/wp-content\/uploads\/2021\/12\/IMG_0005-scaled.jpg\",\"contentUrl\":\"https:\/\/barbootlegger.com\/wp-content\/uploads\/2021\/12\/IMG_0005-scaled.jpg\",\"width\":2560,\"height\":1707},{\"@type\":\"BreadcrumbList\",\"@id\":\"https:\/\/barbootlegger.com\/fr\/produit\/ensemble-cadeau-amateur\/#breadcrumb\",\"itemListElement\":[{\"@type\":\"ListItem\",\"position\":1,\"name\":\"Home\",\"item\":\"https:\/\/barbootlegger.com\/fr\/\"},{\"@type\":\"ListItem\",\"position\":2,\"name\":\"Shop\",\"item\":\"https:\/\/barbootlegger.com\/shop\/\"},{\"@type\":\"ListItem\",\"position\":3,\"name\":\"Ensemble Cadeau Amateur\"}]},{\"@type\":\"WebSite\",\"@id\":\"https:\/\/barbootlegger.com\/#website\",\"url\":\"https:\/\/barbootlegger.com\/\",\"name\":\"Bar Bootlegger\",\"description\":\"Cocktail, Whisky &amp; Live band\",\"publisher\":{\"@id\":\"https:\/\/barbootlegger.com\/#organization\"},\"potentialAction\":[{\"@type\":\"SearchAction\",\"target\":{\"@type\":\"EntryPoint\",\"urlTemplate\":\"https:\/\/barbootlegger.com\/?s={search_term_string}\"},\"query-input\":{\"@type\":\"PropertyValueSpecification\",\"valueRequired\":true,\"valueName\":\"search_term_string\"}}],\"inLanguage\":\"fr-FR\"},{\"@type\":\"Organization\",\"@id\":\"https:\/\/barbootlegger.com\/#organization\",\"name\":\"Bar Bootlegger\",\"url\":\"https:\/\/barbootlegger.com\/\",\"logo\":{\"@type\":\"ImageObject\",\"inLanguage\":\"fr-FR\",\"@id\":\"https:\/\/barbootlegger.com\/#\/schema\/logo\/image\/\",\"url\":\"http:\/\/barbootlegger.com\/wp-content\/uploads\/2020\/08\/cropped-logoBootLaurent_fav.png\",\"contentUrl\":\"http:\/\/barbootlegger.com\/wp-content\/uploads\/2020\/08\/cropped-logoBootLaurent_fav.png\",\"width\":512,\"height\":512,\"caption\":\"Bar Bootlegger\"},\"image\":{\"@id\":\"https:\/\/barbootlegger.com\/#\/schema\/logo\/image\/\"},\"sameAs\":[\"https:\/\/www.facebook.com\/barbootlegger\",\"https:\/\/www.tiktok.com\/@bootleggercocktailbar\",\"https:\/\/twitter.com\/barbootlegger?lang=fr\",\"https:\/\/www.youtube.com\/@bootleggerlauthentique2961\",\"https:\/\/www.instagram.com\/bootleggercocktailbar\/\"]}]}<\/script>\n<!-- \/ Yoast SEO plugin. -->","yoast_head_json":{"title":"Ensemble Cadeau Amateur - Bootlegger Cocktail Bar &amp; Cuisine Montreal","description":"L\u2019Ensemble Cadeau Amateur comprend un verre sur pied, un verre \u00e0 cocktail, un kit de pierres \u00e0 whisky en c\u00e9ramique (3 chacune) et une carte cadeau Bootlegger de 25 $.Un coffret \u00e9l\u00e9gant et pratique pour initier vos proches \u00e0 l\u2019univers du whisky.","robots":{"index":"index","follow":"follow","max-snippet":"max-snippet:-1","max-image-preview":"max-image-preview:large","max-video-preview":"max-video-preview:-1"},"canonical":"https:\/\/barbootlegger.com\/fr\/produit\/ensemble-cadeau-amateur\/","og_locale":"fr_FR","og_type":"article","og_title":"Ensemble Cadeau Amateur - Bootlegger Cocktail Bar &amp; Cuisine Montreal","og_description":"L\u2019Ensemble Cadeau Amateur comprend un verre sur pied, un verre \u00e0 cocktail, un kit de pierres \u00e0 whisky en c\u00e9ramique (3 chacune) et une carte cadeau Bootlegger de 25 $.Un coffret \u00e9l\u00e9gant et pratique pour initier vos proches \u00e0 l\u2019univers du whisky.","og_url":"https:\/\/barbootlegger.com\/fr\/produit\/ensemble-cadeau-amateur\/","og_site_name":"Bootlegger Cocktail Bar &amp; Cuisine Montreal","article_publisher":"https:\/\/www.facebook.com\/barbootlegger","article_modified_time":"2025-09-10T16:24:32+00:00","og_image":[{"width":2560,"height":1707,"url":"https:\/\/barbootlegger.com\/wp-content\/uploads\/2021\/12\/IMG_0005-scaled.jpg","type":"image\/jpeg"}],"twitter_card":"summary_large_image","twitter_misc":{"Dur\u00e9e de lecture estim\u00e9e":"2 minutes"},"schema":{"@context":"https:\/\/schema.org","@graph":[{"@type":"WebPage","@id":"https:\/\/barbootlegger.com\/fr\/produit\/ensemble-cadeau-amateur\/","url":"https:\/\/barbootlegger.com\/fr\/produit\/ensemble-cadeau-amateur\/","name":"Ensemble Cadeau Amateur - Bootlegger Cocktail Bar &amp; Cuisine Montreal","isPartOf":{"@id":"https:\/\/barbootlegger.com\/#website"},"primaryImageOfPage":{"@id":"https:\/\/barbootlegger.com\/fr\/produit\/ensemble-cadeau-amateur\/#primaryimage"},"image":{"@id":"https:\/\/barbootlegger.com\/fr\/produit\/ensemble-cadeau-amateur\/#primaryimage"},"thumbnailUrl":"https:\/\/barbootlegger.com\/wp-content\/uploads\/2021\/12\/IMG_0005-scaled.jpg","datePublished":"2021-12-16T02:46:09+00:00","dateModified":"2025-09-10T16:24:32+00:00","description":"L\u2019Ensemble Cadeau Amateur comprend un verre sur pied, un verre \u00e0 cocktail, un kit de pierres \u00e0 whisky en c\u00e9ramique (3 chacune) et une carte cadeau Bootlegger de 25 $.Un coffret \u00e9l\u00e9gant et pratique pour initier vos proches \u00e0 l\u2019univers du whisky.","breadcrumb":{"@id":"https:\/\/barbootlegger.com\/fr\/produit\/ensemble-cadeau-amateur\/#breadcrumb"},"inLanguage":"fr-FR","potentialAction":[{"@type":"ReadAction","target":["https:\/\/barbootlegger.com\/fr\/produit\/ensemble-cadeau-amateur\/"]}]},{"@type":"ImageObject","inLanguage":"fr-FR","@id":"https:\/\/barbootlegger.com\/fr\/produit\/ensemble-cadeau-amateur\/#primaryimage","url":"https:\/\/barbootlegger.com\/wp-content\/uploads\/2021\/12\/IMG_0005-scaled.jpg","contentUrl":"https:\/\/barbootlegger.com\/wp-content\/uploads\/2021\/12\/IMG_0005-scaled.jpg","width":2560,"height":1707},{"@type":"BreadcrumbList","@id":"https:\/\/barbootlegger.com\/fr\/produit\/ensemble-cadeau-amateur\/#breadcrumb","itemListElement":[{"@type":"ListItem","position":1,"name":"Home","item":"https:\/\/barbootlegger.com\/fr\/"},{"@type":"ListItem","position":2,"name":"Shop","item":"https:\/\/barbootlegger.com\/shop\/"},{"@type":"ListItem","position":3,"name":"Ensemble Cadeau Amateur"}]},{"@type":"WebSite","@id":"https:\/\/barbootlegger.com\/#website","url":"https:\/\/barbootlegger.com\/","name":"Bar Bootlegger","description":"Cocktail, Whisky &amp; Live band","publisher":{"@id":"https:\/\/barbootlegger.com\/#organization"},"potentialAction":[{"@type":"SearchAction","target":{"@type":"EntryPoint","urlTemplate":"https:\/\/barbootlegger.com\/?s={search_term_string}"},"query-input":{"@type":"PropertyValueSpecification","valueRequired":true,"valueName":"search_term_string"}}],"inLanguage":"fr-FR"},{"@type":"Organization","@id":"https:\/\/barbootlegger.com\/#organization","name":"Bar Bootlegger","url":"https:\/\/barbootlegger.com\/","logo":{"@type":"ImageObject","inLanguage":"fr-FR","@id":"https:\/\/barbootlegger.com\/#\/schema\/logo\/image\/","url":"http:\/\/barbootlegger.com\/wp-content\/uploads\/2020\/08\/cropped-logoBootLaurent_fav.png","contentUrl":"http:\/\/barbootlegger.com\/wp-content\/uploads\/2020\/08\/cropped-logoBootLaurent_fav.png","width":512,"height":512,"caption":"Bar Bootlegger"},"image":{"@id":"https:\/\/barbootlegger.com\/#\/schema\/logo\/image\/"},"sameAs":["https:\/\/www.facebook.com\/barbootlegger","https:\/\/www.tiktok.com\/@bootleggercocktailbar","https:\/\/twitter.com\/barbootlegger?lang=fr","https:\/\/www.youtube.com\/@bootleggerlauthentique2961","https:\/\/www.instagram.com\/bootleggercocktailbar\/"]}]}},"_links":{"self":[{"href":"https:\/\/barbootlegger.com\/fr\/wp-json\/wp\/v2\/product\/14065","targetHints":{"allow":["GET"]}}],"collection":[{"href":"https:\/\/barbootlegger.com\/fr\/wp-json\/wp\/v2\/product"}],"about":[{"href":"https:\/\/barbootlegger.com\/fr\/wp-json\/wp\/v2\/types\/product"}],"replies":[{"embeddable":true,"href":"https:\/\/barbootlegger.com\/fr\/wp-json\/wp\/v2\/comments?post=14065"}],"wp:featuredmedia":[{"embeddable":true,"href":"https:\/\/barbootlegger.com\/fr\/wp-json\/wp\/v2\/media\/5147"}],"wp:attachment":[{"href":"https:\/\/barbootlegger.com\/fr\/wp-json\/wp\/v2\/media?parent=14065"}],"wp:term":[{"taxonomy":"product_brand","embeddable":true,"href":"https:\/\/barbootlegger.com\/fr\/wp-json\/wp\/v2\/product_brand?post=14065"},{"taxonomy":"product_cat","embeddable":true,"href":"https:\/\/barbootlegger.com\/fr\/wp-json\/wp\/v2\/product_cat?post=14065"},{"taxonomy":"product_tag","embeddable":true,"href":"https:\/\/barbootlegger.com\/fr\/wp-json\/wp\/v2\/product_tag?post=14065"}],"curies":[{"name":"wp","href":"https:\/\/api.w.org\/{rel}","templated":true}]}}