{"id":14062,"date":"2021-12-16T02:53:24","date_gmt":"2021-12-16T02:53:24","guid":{"rendered":"https:\/\/barbootlegger.com\/product\/expert\/"},"modified":"2025-09-10T12:23:17","modified_gmt":"2025-09-10T16:23:17","slug":"ensemble-cadeau-expert","status":"publish","type":"product","link":"https:\/\/barbootlegger.com\/fr\/produit\/ensemble-cadeau-expert\/","title":{"rendered":"Ensemble Cadeau Expert"},"content":{"rendered":"<h1>Ensemble Cadeau Expert<\/h1>\n<p>D\u00e9couvrez notre Ensemble Cadeau Expert, un coffret premium pens\u00e9 pour les passionn\u00e9s de whisky. Id\u00e9al comme cadeau d\u2019anniversaire, cadeau d\u2019entreprise ou surprise originale, ce coffret r\u00e9unit des accessoires de haute qualit\u00e9 pour vivre une exp\u00e9rience raffin\u00e9e \u00e0 la maison.<\/p>\n<p>Ce coffret comprend :<\/p>\n<p>\u2022 1 Bol \u00e0 glace<\/p>\n<p>\u2022 1 Verre sur pied<\/p>\n<p>\u2022 1 Verre \u00e0 cocktail<\/p>\n<p>\u2022 2 Kits de pierres \u00e0 whisky en c\u00e9ramique (3 chacune)<\/p>\n<p>\u2022 1 Carte-cadeau Bootlegger de 25 $<\/p>\n<p>\u2022 1 Petite carafe<\/p>\n<p>\u2022 1 T-shirt Bootlegger<\/p>\n<p>\u2022 1 Jeu de poker portable<\/p>\n<p>Chaque \u00e9l\u00e9ment de ce coffret a \u00e9t\u00e9 soigneusement s\u00e9lectionn\u00e9 pour offrir une exp\u00e9rience \u00e9l\u00e9gante et compl\u00e8te, parfaite pour ceux qui appr\u00e9cient les plaisirs de la vie et souhaitent partager des moments conviviaux autour du whisky.<\/p>\n<p>Faites plaisir \u00e0 un proche ou offrez-vous ce coffret d\u2019exception \u2014 une id\u00e9e cadeau originale et raffin\u00e9e qui allie style, qualit\u00e9 et convivialit\u00e9.<\/p>\n","protected":false},"excerpt":{"rendered":"<p>Cet Ensemble Cadeau Expert r\u00e9unit tout le n\u00e9cessaire pour une exp\u00e9rience raffin\u00e9e : un bol \u00e0 glace, un verre sur pied, un verre \u00e0 cocktail, deux kits de pierres \u00e0 whisky en c\u00e9ramique, une carte-cadeau Bootlegger de 25 $, une petite carafe, un t-shirt Bootlegger et un jeu de poker portable.<br data-start=\"456\" data-end=\"459\" \/>Un coffret unique pour surprendre vos proches ou c\u00e9l\u00e9brer une occasion sp\u00e9ciale.<\/p>\n<h2>Bootlegger Cocktail Bar Montreal<\/h2>\n","protected":false},"featured_media":5153,"comment_status":"closed","ping_status":"closed","template":"","meta":{"_acf_changed":false},"product_brand":[],"product_cat":[189],"product_tag":[798,523,527,489],"class_list":{"0":"post-14062","1":"product","2":"type-product","3":"status-publish","4":"has-post-thumbnail","6":"product_cat-accessoires","7":"product_tag-bar-montreal-fr","8":"product_tag-bootlegger-cocktail-bar-fr","9":"product_tag-tshirt-fr","10":"product_tag-whisky-fr","12":"first","13":"instock","14":"taxable","15":"shipping-taxable","16":"purchasable","17":"product-type-simple"},"acf":[],"yoast_head":"<!-- This site is optimized with the Yoast SEO plugin v27.0 - https:\/\/yoast.com\/product\/yoast-seo-wordpress\/ -->\n<title>Ensemble Cadeau Expert - Bootlegger Cocktail Bar &amp; Cuisine Montreal<\/title>\n<meta name=\"description\" content=\"Cet Ensemble Cadeau Expert r\u00e9unit tout le n\u00e9cessaire pour une exp\u00e9rience raffin\u00e9e : un bol \u00e0 glace, un verre sur pied, un verre \u00e0 cocktail, deux kits de pierres \u00e0 whisky en c\u00e9ramique, une carte-cadeau Bootlegger de 25 $, une petite carafe, un t-shirt Bootlegger et un jeu de poker portable.Un coffret unique pour surprendre vos proches ou c\u00e9l\u00e9brer une occasion sp\u00e9ciale.\" \/>\n<meta name=\"robots\" content=\"index, follow, max-snippet:-1, max-image-preview:large, max-video-preview:-1\" \/>\n<link rel=\"canonical\" href=\"https:\/\/barbootlegger.com\/fr\/produit\/ensemble-cadeau-expert\/\" \/>\n<meta property=\"og:locale\" content=\"fr_FR\" \/>\n<meta property=\"og:type\" content=\"article\" \/>\n<meta property=\"og:title\" content=\"Ensemble Cadeau Expert - Bootlegger Cocktail Bar &amp; Cuisine Montreal\" \/>\n<meta property=\"og:description\" content=\"Cet Ensemble Cadeau Expert r\u00e9unit tout le n\u00e9cessaire pour une exp\u00e9rience raffin\u00e9e : un bol \u00e0 glace, un verre sur pied, un verre \u00e0 cocktail, deux kits de pierres \u00e0 whisky en c\u00e9ramique, une carte-cadeau Bootlegger de 25 $, une petite carafe, un t-shirt Bootlegger et un jeu de poker portable.Un coffret unique pour surprendre vos proches ou c\u00e9l\u00e9brer une occasion sp\u00e9ciale.\" \/>\n<meta property=\"og:url\" content=\"https:\/\/barbootlegger.com\/fr\/produit\/ensemble-cadeau-expert\/\" \/>\n<meta property=\"og:site_name\" content=\"Bootlegger Cocktail Bar &amp; Cuisine Montreal\" \/>\n<meta property=\"article:publisher\" content=\"https:\/\/www.facebook.com\/barbootlegger\" \/>\n<meta property=\"article:modified_time\" content=\"2025-09-10T16:23:17+00:00\" \/>\n<meta property=\"og:image\" content=\"https:\/\/barbootlegger.com\/wp-content\/uploads\/2021\/12\/IMG_9997-scaled.jpg\" \/>\n\t<meta property=\"og:image:width\" content=\"2560\" \/>\n\t<meta property=\"og:image:height\" content=\"1707\" \/>\n\t<meta property=\"og:image:type\" content=\"image\/jpeg\" \/>\n<meta name=\"twitter:card\" content=\"summary_large_image\" \/>\n<meta name=\"twitter:label1\" content=\"Dur\u00e9e de lecture estim\u00e9e\" \/>\n\t<meta name=\"twitter:data1\" content=\"1 minute\" \/>\n<script type=\"application\/ld+json\" class=\"yoast-schema-graph\">{\"@context\":\"https:\/\/schema.org\",\"@graph\":[{\"@type\":\"WebPage\",\"@id\":\"https:\/\/barbootlegger.com\/fr\/produit\/ensemble-cadeau-expert\/\",\"url\":\"https:\/\/barbootlegger.com\/fr\/produit\/ensemble-cadeau-expert\/\",\"name\":\"Ensemble Cadeau Expert - Bootlegger Cocktail Bar &amp; Cuisine Montreal\",\"isPartOf\":{\"@id\":\"https:\/\/barbootlegger.com\/#website\"},\"primaryImageOfPage\":{\"@id\":\"https:\/\/barbootlegger.com\/fr\/produit\/ensemble-cadeau-expert\/#primaryimage\"},\"image\":{\"@id\":\"https:\/\/barbootlegger.com\/fr\/produit\/ensemble-cadeau-expert\/#primaryimage\"},\"thumbnailUrl\":\"https:\/\/barbootlegger.com\/wp-content\/uploads\/2021\/12\/IMG_9997-scaled.jpg\",\"datePublished\":\"2021-12-16T02:53:24+00:00\",\"dateModified\":\"2025-09-10T16:23:17+00:00\",\"description\":\"Cet Ensemble Cadeau Expert r\u00e9unit tout le n\u00e9cessaire pour une exp\u00e9rience raffin\u00e9e : un bol \u00e0 glace, un verre sur pied, un verre \u00e0 cocktail, deux kits de pierres \u00e0 whisky en c\u00e9ramique, une carte-cadeau Bootlegger de 25 $, une petite carafe, un t-shirt Bootlegger et un jeu de poker portable.Un coffret unique pour surprendre vos proches ou c\u00e9l\u00e9brer une occasion sp\u00e9ciale.\",\"breadcrumb\":{\"@id\":\"https:\/\/barbootlegger.com\/fr\/produit\/ensemble-cadeau-expert\/#breadcrumb\"},\"inLanguage\":\"fr-FR\",\"potentialAction\":[{\"@type\":\"ReadAction\",\"target\":[\"https:\/\/barbootlegger.com\/fr\/produit\/ensemble-cadeau-expert\/\"]}]},{\"@type\":\"ImageObject\",\"inLanguage\":\"fr-FR\",\"@id\":\"https:\/\/barbootlegger.com\/fr\/produit\/ensemble-cadeau-expert\/#primaryimage\",\"url\":\"https:\/\/barbootlegger.com\/wp-content\/uploads\/2021\/12\/IMG_9997-scaled.jpg\",\"contentUrl\":\"https:\/\/barbootlegger.com\/wp-content\/uploads\/2021\/12\/IMG_9997-scaled.jpg\",\"width\":2560,\"height\":1707},{\"@type\":\"BreadcrumbList\",\"@id\":\"https:\/\/barbootlegger.com\/fr\/produit\/ensemble-cadeau-expert\/#breadcrumb\",\"itemListElement\":[{\"@type\":\"ListItem\",\"position\":1,\"name\":\"Home\",\"item\":\"https:\/\/barbootlegger.com\/fr\/\"},{\"@type\":\"ListItem\",\"position\":2,\"name\":\"Shop\",\"item\":\"https:\/\/barbootlegger.com\/shop\/\"},{\"@type\":\"ListItem\",\"position\":3,\"name\":\"Ensemble Cadeau Expert\"}]},{\"@type\":\"WebSite\",\"@id\":\"https:\/\/barbootlegger.com\/#website\",\"url\":\"https:\/\/barbootlegger.com\/\",\"name\":\"Bar Bootlegger\",\"description\":\"Cocktail, Whisky &amp; Live band\",\"publisher\":{\"@id\":\"https:\/\/barbootlegger.com\/#organization\"},\"potentialAction\":[{\"@type\":\"SearchAction\",\"target\":{\"@type\":\"EntryPoint\",\"urlTemplate\":\"https:\/\/barbootlegger.com\/?s={search_term_string}\"},\"query-input\":{\"@type\":\"PropertyValueSpecification\",\"valueRequired\":true,\"valueName\":\"search_term_string\"}}],\"inLanguage\":\"fr-FR\"},{\"@type\":\"Organization\",\"@id\":\"https:\/\/barbootlegger.com\/#organization\",\"name\":\"Bar Bootlegger\",\"url\":\"https:\/\/barbootlegger.com\/\",\"logo\":{\"@type\":\"ImageObject\",\"inLanguage\":\"fr-FR\",\"@id\":\"https:\/\/barbootlegger.com\/#\/schema\/logo\/image\/\",\"url\":\"http:\/\/barbootlegger.com\/wp-content\/uploads\/2020\/08\/cropped-logoBootLaurent_fav.png\",\"contentUrl\":\"http:\/\/barbootlegger.com\/wp-content\/uploads\/2020\/08\/cropped-logoBootLaurent_fav.png\",\"width\":512,\"height\":512,\"caption\":\"Bar Bootlegger\"},\"image\":{\"@id\":\"https:\/\/barbootlegger.com\/#\/schema\/logo\/image\/\"},\"sameAs\":[\"https:\/\/www.facebook.com\/barbootlegger\",\"https:\/\/www.tiktok.com\/@bootleggercocktailbar\",\"https:\/\/twitter.com\/barbootlegger?lang=fr\",\"https:\/\/www.youtube.com\/@bootleggerlauthentique2961\",\"https:\/\/www.instagram.com\/bootleggercocktailbar\/\"]}]}<\/script>\n<!-- \/ Yoast SEO plugin. -->","yoast_head_json":{"title":"Ensemble Cadeau Expert - Bootlegger Cocktail Bar &amp; Cuisine Montreal","description":"Cet Ensemble Cadeau Expert r\u00e9unit tout le n\u00e9cessaire pour une exp\u00e9rience raffin\u00e9e : un bol \u00e0 glace, un verre sur pied, un verre \u00e0 cocktail, deux kits de pierres \u00e0 whisky en c\u00e9ramique, une carte-cadeau Bootlegger de 25 $, une petite carafe, un t-shirt Bootlegger et un jeu de poker portable.Un coffret unique pour surprendre vos proches ou c\u00e9l\u00e9brer une occasion sp\u00e9ciale.","robots":{"index":"index","follow":"follow","max-snippet":"max-snippet:-1","max-image-preview":"max-image-preview:large","max-video-preview":"max-video-preview:-1"},"canonical":"https:\/\/barbootlegger.com\/fr\/produit\/ensemble-cadeau-expert\/","og_locale":"fr_FR","og_type":"article","og_title":"Ensemble Cadeau Expert - Bootlegger Cocktail Bar &amp; Cuisine Montreal","og_description":"Cet Ensemble Cadeau Expert r\u00e9unit tout le n\u00e9cessaire pour une exp\u00e9rience raffin\u00e9e : un bol \u00e0 glace, un verre sur pied, un verre \u00e0 cocktail, deux kits de pierres \u00e0 whisky en c\u00e9ramique, une carte-cadeau Bootlegger de 25 $, une petite carafe, un t-shirt Bootlegger et un jeu de poker portable.Un coffret unique pour surprendre vos proches ou c\u00e9l\u00e9brer une occasion sp\u00e9ciale.","og_url":"https:\/\/barbootlegger.com\/fr\/produit\/ensemble-cadeau-expert\/","og_site_name":"Bootlegger Cocktail Bar &amp; Cuisine Montreal","article_publisher":"https:\/\/www.facebook.com\/barbootlegger","article_modified_time":"2025-09-10T16:23:17+00:00","og_image":[{"width":2560,"height":1707,"url":"https:\/\/barbootlegger.com\/wp-content\/uploads\/2021\/12\/IMG_9997-scaled.jpg","type":"image\/jpeg"}],"twitter_card":"summary_large_image","twitter_misc":{"Dur\u00e9e de lecture estim\u00e9e":"1 minute"},"schema":{"@context":"https:\/\/schema.org","@graph":[{"@type":"WebPage","@id":"https:\/\/barbootlegger.com\/fr\/produit\/ensemble-cadeau-expert\/","url":"https:\/\/barbootlegger.com\/fr\/produit\/ensemble-cadeau-expert\/","name":"Ensemble Cadeau Expert - Bootlegger Cocktail Bar &amp; Cuisine Montreal","isPartOf":{"@id":"https:\/\/barbootlegger.com\/#website"},"primaryImageOfPage":{"@id":"https:\/\/barbootlegger.com\/fr\/produit\/ensemble-cadeau-expert\/#primaryimage"},"image":{"@id":"https:\/\/barbootlegger.com\/fr\/produit\/ensemble-cadeau-expert\/#primaryimage"},"thumbnailUrl":"https:\/\/barbootlegger.com\/wp-content\/uploads\/2021\/12\/IMG_9997-scaled.jpg","datePublished":"2021-12-16T02:53:24+00:00","dateModified":"2025-09-10T16:23:17+00:00","description":"Cet Ensemble Cadeau Expert r\u00e9unit tout le n\u00e9cessaire pour une exp\u00e9rience raffin\u00e9e : un bol \u00e0 glace, un verre sur pied, un verre \u00e0 cocktail, deux kits de pierres \u00e0 whisky en c\u00e9ramique, une carte-cadeau Bootlegger de 25 $, une petite carafe, un t-shirt Bootlegger et un jeu de poker portable.Un coffret unique pour surprendre vos proches ou c\u00e9l\u00e9brer une occasion sp\u00e9ciale.","breadcrumb":{"@id":"https:\/\/barbootlegger.com\/fr\/produit\/ensemble-cadeau-expert\/#breadcrumb"},"inLanguage":"fr-FR","potentialAction":[{"@type":"ReadAction","target":["https:\/\/barbootlegger.com\/fr\/produit\/ensemble-cadeau-expert\/"]}]},{"@type":"ImageObject","inLanguage":"fr-FR","@id":"https:\/\/barbootlegger.com\/fr\/produit\/ensemble-cadeau-expert\/#primaryimage","url":"https:\/\/barbootlegger.com\/wp-content\/uploads\/2021\/12\/IMG_9997-scaled.jpg","contentUrl":"https:\/\/barbootlegger.com\/wp-content\/uploads\/2021\/12\/IMG_9997-scaled.jpg","width":2560,"height":1707},{"@type":"BreadcrumbList","@id":"https:\/\/barbootlegger.com\/fr\/produit\/ensemble-cadeau-expert\/#breadcrumb","itemListElement":[{"@type":"ListItem","position":1,"name":"Home","item":"https:\/\/barbootlegger.com\/fr\/"},{"@type":"ListItem","position":2,"name":"Shop","item":"https:\/\/barbootlegger.com\/shop\/"},{"@type":"ListItem","position":3,"name":"Ensemble Cadeau Expert"}]},{"@type":"WebSite","@id":"https:\/\/barbootlegger.com\/#website","url":"https:\/\/barbootlegger.com\/","name":"Bar Bootlegger","description":"Cocktail, Whisky &amp; Live band","publisher":{"@id":"https:\/\/barbootlegger.com\/#organization"},"potentialAction":[{"@type":"SearchAction","target":{"@type":"EntryPoint","urlTemplate":"https:\/\/barbootlegger.com\/?s={search_term_string}"},"query-input":{"@type":"PropertyValueSpecification","valueRequired":true,"valueName":"search_term_string"}}],"inLanguage":"fr-FR"},{"@type":"Organization","@id":"https:\/\/barbootlegger.com\/#organization","name":"Bar Bootlegger","url":"https:\/\/barbootlegger.com\/","logo":{"@type":"ImageObject","inLanguage":"fr-FR","@id":"https:\/\/barbootlegger.com\/#\/schema\/logo\/image\/","url":"http:\/\/barbootlegger.com\/wp-content\/uploads\/2020\/08\/cropped-logoBootLaurent_fav.png","contentUrl":"http:\/\/barbootlegger.com\/wp-content\/uploads\/2020\/08\/cropped-logoBootLaurent_fav.png","width":512,"height":512,"caption":"Bar Bootlegger"},"image":{"@id":"https:\/\/barbootlegger.com\/#\/schema\/logo\/image\/"},"sameAs":["https:\/\/www.facebook.com\/barbootlegger","https:\/\/www.tiktok.com\/@bootleggercocktailbar","https:\/\/twitter.com\/barbootlegger?lang=fr","https:\/\/www.youtube.com\/@bootleggerlauthentique2961","https:\/\/www.instagram.com\/bootleggercocktailbar\/"]}]}},"_links":{"self":[{"href":"https:\/\/barbootlegger.com\/fr\/wp-json\/wp\/v2\/product\/14062","targetHints":{"allow":["GET"]}}],"collection":[{"href":"https:\/\/barbootlegger.com\/fr\/wp-json\/wp\/v2\/product"}],"about":[{"href":"https:\/\/barbootlegger.com\/fr\/wp-json\/wp\/v2\/types\/product"}],"replies":[{"embeddable":true,"href":"https:\/\/barbootlegger.com\/fr\/wp-json\/wp\/v2\/comments?post=14062"}],"wp:featuredmedia":[{"embeddable":true,"href":"https:\/\/barbootlegger.com\/fr\/wp-json\/wp\/v2\/media\/5153"}],"wp:attachment":[{"href":"https:\/\/barbootlegger.com\/fr\/wp-json\/wp\/v2\/media?parent=14062"}],"wp:term":[{"taxonomy":"product_brand","embeddable":true,"href":"https:\/\/barbootlegger.com\/fr\/wp-json\/wp\/v2\/product_brand?post=14062"},{"taxonomy":"product_cat","embeddable":true,"href":"https:\/\/barbootlegger.com\/fr\/wp-json\/wp\/v2\/product_cat?post=14062"},{"taxonomy":"product_tag","embeddable":true,"href":"https:\/\/barbootlegger.com\/fr\/wp-json\/wp\/v2\/product_tag?post=14062"}],"curies":[{"name":"wp","href":"https:\/\/api.w.org\/{rel}","templated":true}]}}