{"id":14059,"date":"2021-12-16T03:01:47","date_gmt":"2021-12-16T03:01:47","guid":{"rendered":"https:\/\/barbootlegger.com\/product\/collectionneur\/"},"modified":"2025-09-10T12:20:18","modified_gmt":"2025-09-10T16:20:18","slug":"ensemble-cadeau-collectionneur","status":"publish","type":"product","link":"https:\/\/barbootlegger.com\/fr\/produit\/ensemble-cadeau-collectionneur\/","title":{"rendered":"Ensemble Cadeau Collectionneur"},"content":{"rendered":"<h1>Ensemble Cadeau Collectionneur<\/h1>\n<p>D\u00e9couvrez notre Ensemble Cadeau Collectionneur, un coffret premium pens\u00e9 pour les v\u00e9ritables passionn\u00e9s de whisky. Id\u00e9al comme cadeau d\u2019anniversaire, cadeau d\u2019entreprise ou surprise originale, ce coffret r\u00e9unit tous les accessoires pour une exp\u00e9rience compl\u00e8te et raffin\u00e9e \u00e0 la maison.<\/p>\n<p>Ce coffret comprend :<\/p>\n<p>\u2022 1 Hoodie \u00ab\u00a0Call Me Old-Fashioned\u00a0\u00bb pour un confort \u00e9l\u00e9gant lors de vos d\u00e9gustations<\/p>\n<p>\u2022 1 Tuque Bootlegger<\/p>\n<p>1 Jeu de poker pour des soir\u00e9es conviviales entre amis<\/p>\n<p>\u2022 4 verres Glenmorangie pour appr\u00e9cier vos whiskys pr\u00e9f\u00e9r\u00e9s<\/p>\n<p>\u2022 1 Verseur d&rsquo;eau<\/p>\n<p>\u2022 1 Bol \u00e0 glace<\/p>\n<p>\u2022 2 kits de gla\u00e7ons \u00e0 whisky pour servir vos spiritueux \u00e0 la perfection (3 chaque)<\/p>\n<p>\u2022 1 Plateau Glenmorangie accompagner vos moments de d\u00e9gustation<\/p>\n<p>Chaque \u00e9l\u00e9ment a \u00e9t\u00e9 soigneusement s\u00e9lectionn\u00e9 pour offrir une exp\u00e9rience compl\u00e8te et raffin\u00e9e, parfaite pour ceux qui souhaitent partager des moments conviviaux autour du whisky.<\/p>\n<p>Faites plaisir \u00e0 un proche ou offrez-vous ce coffret d\u2019exception, une id\u00e9e cadeau \u00e9l\u00e9gante et originale qui allie style, qualit\u00e9 et convivialit\u00e9.<\/p>\n","protected":false},"excerpt":{"rendered":"<p>Offrez un cadeau exceptionnel aux passionn\u00e9s de whisky!<\/p>\n<p>L\u2019Ensemble Cadeau Collectionneur comprend hoodie Call Me Old-Fashioned, une tuque Booltegger, jeu de poker, 4 verres Glenmorangie, seau \u00e0 glaces, gla\u00e7ons \u00e0 whisky et plateau Glenmorangie.<\/p>\n<p>Un coffret unique pour surprendre vos proches ou c\u00e9l\u00e9brer une occasion sp\u00e9ciale.<\/p>\n<h2>Bootlegger Cocktail Bar Montreal<\/h2>\n","protected":false},"featured_media":5156,"comment_status":"closed","ping_status":"closed","template":"","meta":{"_acf_changed":false},"product_brand":[],"product_cat":[189],"product_tag":[798,523,487,488],"class_list":{"0":"post-14059","1":"product","2":"type-product","3":"status-publish","4":"has-post-thumbnail","6":"product_cat-accessoires","7":"product_tag-bar-montreal-fr","8":"product_tag-bootlegger-cocktail-bar-fr","9":"product_tag-bourbon-fr","10":"product_tag-scotch-whisky-fr","12":"first","13":"instock","14":"taxable","15":"shipping-taxable","16":"purchasable","17":"product-type-simple"},"acf":[],"yoast_head":"<!-- This site is optimized with the Yoast SEO plugin v27.0 - https:\/\/yoast.com\/product\/yoast-seo-wordpress\/ -->\n<title>Ensemble Cadeau Collectionneur - Bootlegger Cocktail Bar &amp; Cuisine Montreal<\/title>\n<meta name=\"description\" content=\"Offrez un cadeau exceptionnel aux passionn\u00e9s de whisky!L\u2019Ensemble Cadeau Collectionneur comprend hoodie Call Me Old-Fashioned, une tuque Booltegger, jeu de poker, 4 verres Glenmorangie, seau \u00e0 glaces, gla\u00e7ons \u00e0 whisky et plateau Glenmorangie.Un coffret unique pour surprendre vos proches ou c\u00e9l\u00e9brer une occasion sp\u00e9ciale.\" \/>\n<meta name=\"robots\" content=\"index, follow, max-snippet:-1, max-image-preview:large, max-video-preview:-1\" \/>\n<link rel=\"canonical\" href=\"https:\/\/barbootlegger.com\/fr\/produit\/ensemble-cadeau-collectionneur\/\" \/>\n<meta property=\"og:locale\" content=\"fr_FR\" \/>\n<meta property=\"og:type\" content=\"article\" \/>\n<meta property=\"og:title\" content=\"Ensemble Cadeau Collectionneur - Bootlegger Cocktail Bar &amp; Cuisine Montreal\" \/>\n<meta property=\"og:description\" content=\"Offrez un cadeau exceptionnel aux passionn\u00e9s de whisky!L\u2019Ensemble Cadeau Collectionneur comprend hoodie Call Me Old-Fashioned, une tuque Booltegger, jeu de poker, 4 verres Glenmorangie, seau \u00e0 glaces, gla\u00e7ons \u00e0 whisky et plateau Glenmorangie.Un coffret unique pour surprendre vos proches ou c\u00e9l\u00e9brer une occasion sp\u00e9ciale.\" \/>\n<meta property=\"og:url\" content=\"https:\/\/barbootlegger.com\/fr\/produit\/ensemble-cadeau-collectionneur\/\" \/>\n<meta property=\"og:site_name\" content=\"Bootlegger Cocktail Bar &amp; Cuisine Montreal\" \/>\n<meta property=\"article:publisher\" content=\"https:\/\/www.facebook.com\/barbootlegger\" \/>\n<meta property=\"article:modified_time\" content=\"2025-09-10T16:20:18+00:00\" \/>\n<meta property=\"og:image\" content=\"https:\/\/barbootlegger.com\/wp-content\/uploads\/2021\/12\/IMG_9992-scaled.jpg\" \/>\n\t<meta property=\"og:image:width\" content=\"2560\" \/>\n\t<meta property=\"og:image:height\" content=\"1707\" \/>\n\t<meta property=\"og:image:type\" content=\"image\/jpeg\" \/>\n<meta name=\"twitter:card\" content=\"summary_large_image\" \/>\n<meta name=\"twitter:label1\" content=\"Dur\u00e9e de lecture estim\u00e9e\" \/>\n\t<meta name=\"twitter:data1\" content=\"2 minutes\" \/>\n<script type=\"application\/ld+json\" class=\"yoast-schema-graph\">{\"@context\":\"https:\/\/schema.org\",\"@graph\":[{\"@type\":\"WebPage\",\"@id\":\"https:\/\/barbootlegger.com\/fr\/produit\/ensemble-cadeau-collectionneur\/\",\"url\":\"https:\/\/barbootlegger.com\/fr\/produit\/ensemble-cadeau-collectionneur\/\",\"name\":\"Ensemble Cadeau Collectionneur - Bootlegger Cocktail Bar &amp; Cuisine Montreal\",\"isPartOf\":{\"@id\":\"https:\/\/barbootlegger.com\/#website\"},\"primaryImageOfPage\":{\"@id\":\"https:\/\/barbootlegger.com\/fr\/produit\/ensemble-cadeau-collectionneur\/#primaryimage\"},\"image\":{\"@id\":\"https:\/\/barbootlegger.com\/fr\/produit\/ensemble-cadeau-collectionneur\/#primaryimage\"},\"thumbnailUrl\":\"https:\/\/barbootlegger.com\/wp-content\/uploads\/2021\/12\/IMG_9992-scaled.jpg\",\"datePublished\":\"2021-12-16T03:01:47+00:00\",\"dateModified\":\"2025-09-10T16:20:18+00:00\",\"description\":\"Offrez un cadeau exceptionnel aux passionn\u00e9s de whisky!L\u2019Ensemble Cadeau Collectionneur comprend hoodie Call Me Old-Fashioned, une tuque Booltegger, jeu de poker, 4 verres Glenmorangie, seau \u00e0 glaces, gla\u00e7ons \u00e0 whisky et plateau Glenmorangie.Un coffret unique pour surprendre vos proches ou c\u00e9l\u00e9brer une occasion sp\u00e9ciale.\",\"breadcrumb\":{\"@id\":\"https:\/\/barbootlegger.com\/fr\/produit\/ensemble-cadeau-collectionneur\/#breadcrumb\"},\"inLanguage\":\"fr-FR\",\"potentialAction\":[{\"@type\":\"ReadAction\",\"target\":[\"https:\/\/barbootlegger.com\/fr\/produit\/ensemble-cadeau-collectionneur\/\"]}]},{\"@type\":\"ImageObject\",\"inLanguage\":\"fr-FR\",\"@id\":\"https:\/\/barbootlegger.com\/fr\/produit\/ensemble-cadeau-collectionneur\/#primaryimage\",\"url\":\"https:\/\/barbootlegger.com\/wp-content\/uploads\/2021\/12\/IMG_9992-scaled.jpg\",\"contentUrl\":\"https:\/\/barbootlegger.com\/wp-content\/uploads\/2021\/12\/IMG_9992-scaled.jpg\",\"width\":2560,\"height\":1707},{\"@type\":\"BreadcrumbList\",\"@id\":\"https:\/\/barbootlegger.com\/fr\/produit\/ensemble-cadeau-collectionneur\/#breadcrumb\",\"itemListElement\":[{\"@type\":\"ListItem\",\"position\":1,\"name\":\"Home\",\"item\":\"https:\/\/barbootlegger.com\/fr\/\"},{\"@type\":\"ListItem\",\"position\":2,\"name\":\"Shop\",\"item\":\"https:\/\/barbootlegger.com\/shop\/\"},{\"@type\":\"ListItem\",\"position\":3,\"name\":\"Ensemble Cadeau Collectionneur\"}]},{\"@type\":\"WebSite\",\"@id\":\"https:\/\/barbootlegger.com\/#website\",\"url\":\"https:\/\/barbootlegger.com\/\",\"name\":\"Bar Bootlegger\",\"description\":\"Cocktail, Whisky &amp; Live band\",\"publisher\":{\"@id\":\"https:\/\/barbootlegger.com\/#organization\"},\"potentialAction\":[{\"@type\":\"SearchAction\",\"target\":{\"@type\":\"EntryPoint\",\"urlTemplate\":\"https:\/\/barbootlegger.com\/?s={search_term_string}\"},\"query-input\":{\"@type\":\"PropertyValueSpecification\",\"valueRequired\":true,\"valueName\":\"search_term_string\"}}],\"inLanguage\":\"fr-FR\"},{\"@type\":\"Organization\",\"@id\":\"https:\/\/barbootlegger.com\/#organization\",\"name\":\"Bar Bootlegger\",\"url\":\"https:\/\/barbootlegger.com\/\",\"logo\":{\"@type\":\"ImageObject\",\"inLanguage\":\"fr-FR\",\"@id\":\"https:\/\/barbootlegger.com\/#\/schema\/logo\/image\/\",\"url\":\"http:\/\/barbootlegger.com\/wp-content\/uploads\/2020\/08\/cropped-logoBootLaurent_fav.png\",\"contentUrl\":\"http:\/\/barbootlegger.com\/wp-content\/uploads\/2020\/08\/cropped-logoBootLaurent_fav.png\",\"width\":512,\"height\":512,\"caption\":\"Bar Bootlegger\"},\"image\":{\"@id\":\"https:\/\/barbootlegger.com\/#\/schema\/logo\/image\/\"},\"sameAs\":[\"https:\/\/www.facebook.com\/barbootlegger\",\"https:\/\/www.tiktok.com\/@bootleggercocktailbar\",\"https:\/\/twitter.com\/barbootlegger?lang=fr\",\"https:\/\/www.youtube.com\/@bootleggerlauthentique2961\",\"https:\/\/www.instagram.com\/bootleggercocktailbar\/\"]}]}<\/script>\n<!-- \/ Yoast SEO plugin. -->","yoast_head_json":{"title":"Ensemble Cadeau Collectionneur - Bootlegger Cocktail Bar &amp; Cuisine Montreal","description":"Offrez un cadeau exceptionnel aux passionn\u00e9s de whisky!L\u2019Ensemble Cadeau Collectionneur comprend hoodie Call Me Old-Fashioned, une tuque Booltegger, jeu de poker, 4 verres Glenmorangie, seau \u00e0 glaces, gla\u00e7ons \u00e0 whisky et plateau Glenmorangie.Un coffret unique pour surprendre vos proches ou c\u00e9l\u00e9brer une occasion sp\u00e9ciale.","robots":{"index":"index","follow":"follow","max-snippet":"max-snippet:-1","max-image-preview":"max-image-preview:large","max-video-preview":"max-video-preview:-1"},"canonical":"https:\/\/barbootlegger.com\/fr\/produit\/ensemble-cadeau-collectionneur\/","og_locale":"fr_FR","og_type":"article","og_title":"Ensemble Cadeau Collectionneur - Bootlegger Cocktail Bar &amp; Cuisine Montreal","og_description":"Offrez un cadeau exceptionnel aux passionn\u00e9s de whisky!L\u2019Ensemble Cadeau Collectionneur comprend hoodie Call Me Old-Fashioned, une tuque Booltegger, jeu de poker, 4 verres Glenmorangie, seau \u00e0 glaces, gla\u00e7ons \u00e0 whisky et plateau Glenmorangie.Un coffret unique pour surprendre vos proches ou c\u00e9l\u00e9brer une occasion sp\u00e9ciale.","og_url":"https:\/\/barbootlegger.com\/fr\/produit\/ensemble-cadeau-collectionneur\/","og_site_name":"Bootlegger Cocktail Bar &amp; Cuisine Montreal","article_publisher":"https:\/\/www.facebook.com\/barbootlegger","article_modified_time":"2025-09-10T16:20:18+00:00","og_image":[{"width":2560,"height":1707,"url":"https:\/\/barbootlegger.com\/wp-content\/uploads\/2021\/12\/IMG_9992-scaled.jpg","type":"image\/jpeg"}],"twitter_card":"summary_large_image","twitter_misc":{"Dur\u00e9e de lecture estim\u00e9e":"2 minutes"},"schema":{"@context":"https:\/\/schema.org","@graph":[{"@type":"WebPage","@id":"https:\/\/barbootlegger.com\/fr\/produit\/ensemble-cadeau-collectionneur\/","url":"https:\/\/barbootlegger.com\/fr\/produit\/ensemble-cadeau-collectionneur\/","name":"Ensemble Cadeau Collectionneur - Bootlegger Cocktail Bar &amp; Cuisine Montreal","isPartOf":{"@id":"https:\/\/barbootlegger.com\/#website"},"primaryImageOfPage":{"@id":"https:\/\/barbootlegger.com\/fr\/produit\/ensemble-cadeau-collectionneur\/#primaryimage"},"image":{"@id":"https:\/\/barbootlegger.com\/fr\/produit\/ensemble-cadeau-collectionneur\/#primaryimage"},"thumbnailUrl":"https:\/\/barbootlegger.com\/wp-content\/uploads\/2021\/12\/IMG_9992-scaled.jpg","datePublished":"2021-12-16T03:01:47+00:00","dateModified":"2025-09-10T16:20:18+00:00","description":"Offrez un cadeau exceptionnel aux passionn\u00e9s de whisky!L\u2019Ensemble Cadeau Collectionneur comprend hoodie Call Me Old-Fashioned, une tuque Booltegger, jeu de poker, 4 verres Glenmorangie, seau \u00e0 glaces, gla\u00e7ons \u00e0 whisky et plateau Glenmorangie.Un coffret unique pour surprendre vos proches ou c\u00e9l\u00e9brer une occasion sp\u00e9ciale.","breadcrumb":{"@id":"https:\/\/barbootlegger.com\/fr\/produit\/ensemble-cadeau-collectionneur\/#breadcrumb"},"inLanguage":"fr-FR","potentialAction":[{"@type":"ReadAction","target":["https:\/\/barbootlegger.com\/fr\/produit\/ensemble-cadeau-collectionneur\/"]}]},{"@type":"ImageObject","inLanguage":"fr-FR","@id":"https:\/\/barbootlegger.com\/fr\/produit\/ensemble-cadeau-collectionneur\/#primaryimage","url":"https:\/\/barbootlegger.com\/wp-content\/uploads\/2021\/12\/IMG_9992-scaled.jpg","contentUrl":"https:\/\/barbootlegger.com\/wp-content\/uploads\/2021\/12\/IMG_9992-scaled.jpg","width":2560,"height":1707},{"@type":"BreadcrumbList","@id":"https:\/\/barbootlegger.com\/fr\/produit\/ensemble-cadeau-collectionneur\/#breadcrumb","itemListElement":[{"@type":"ListItem","position":1,"name":"Home","item":"https:\/\/barbootlegger.com\/fr\/"},{"@type":"ListItem","position":2,"name":"Shop","item":"https:\/\/barbootlegger.com\/shop\/"},{"@type":"ListItem","position":3,"name":"Ensemble Cadeau Collectionneur"}]},{"@type":"WebSite","@id":"https:\/\/barbootlegger.com\/#website","url":"https:\/\/barbootlegger.com\/","name":"Bar Bootlegger","description":"Cocktail, Whisky &amp; Live band","publisher":{"@id":"https:\/\/barbootlegger.com\/#organization"},"potentialAction":[{"@type":"SearchAction","target":{"@type":"EntryPoint","urlTemplate":"https:\/\/barbootlegger.com\/?s={search_term_string}"},"query-input":{"@type":"PropertyValueSpecification","valueRequired":true,"valueName":"search_term_string"}}],"inLanguage":"fr-FR"},{"@type":"Organization","@id":"https:\/\/barbootlegger.com\/#organization","name":"Bar Bootlegger","url":"https:\/\/barbootlegger.com\/","logo":{"@type":"ImageObject","inLanguage":"fr-FR","@id":"https:\/\/barbootlegger.com\/#\/schema\/logo\/image\/","url":"http:\/\/barbootlegger.com\/wp-content\/uploads\/2020\/08\/cropped-logoBootLaurent_fav.png","contentUrl":"http:\/\/barbootlegger.com\/wp-content\/uploads\/2020\/08\/cropped-logoBootLaurent_fav.png","width":512,"height":512,"caption":"Bar Bootlegger"},"image":{"@id":"https:\/\/barbootlegger.com\/#\/schema\/logo\/image\/"},"sameAs":["https:\/\/www.facebook.com\/barbootlegger","https:\/\/www.tiktok.com\/@bootleggercocktailbar","https:\/\/twitter.com\/barbootlegger?lang=fr","https:\/\/www.youtube.com\/@bootleggerlauthentique2961","https:\/\/www.instagram.com\/bootleggercocktailbar\/"]}]}},"_links":{"self":[{"href":"https:\/\/barbootlegger.com\/fr\/wp-json\/wp\/v2\/product\/14059","targetHints":{"allow":["GET"]}}],"collection":[{"href":"https:\/\/barbootlegger.com\/fr\/wp-json\/wp\/v2\/product"}],"about":[{"href":"https:\/\/barbootlegger.com\/fr\/wp-json\/wp\/v2\/types\/product"}],"replies":[{"embeddable":true,"href":"https:\/\/barbootlegger.com\/fr\/wp-json\/wp\/v2\/comments?post=14059"}],"wp:featuredmedia":[{"embeddable":true,"href":"https:\/\/barbootlegger.com\/fr\/wp-json\/wp\/v2\/media\/5156"}],"wp:attachment":[{"href":"https:\/\/barbootlegger.com\/fr\/wp-json\/wp\/v2\/media?parent=14059"}],"wp:term":[{"taxonomy":"product_brand","embeddable":true,"href":"https:\/\/barbootlegger.com\/fr\/wp-json\/wp\/v2\/product_brand?post=14059"},{"taxonomy":"product_cat","embeddable":true,"href":"https:\/\/barbootlegger.com\/fr\/wp-json\/wp\/v2\/product_cat?post=14059"},{"taxonomy":"product_tag","embeddable":true,"href":"https:\/\/barbootlegger.com\/fr\/wp-json\/wp\/v2\/product_tag?post=14059"}],"curies":[{"name":"wp","href":"https:\/\/api.w.org\/{rel}","templated":true}]}}