{"id":14054,"date":"2022-05-19T19:53:01","date_gmt":"2022-05-19T19:53:01","guid":{"rendered":"https:\/\/barbootlegger.com\/product\/apero-cocktail\/"},"modified":"2025-09-29T13:21:11","modified_gmt":"2025-09-29T17:21:11","slug":"apero-cocktail","status":"publish","type":"product","link":"https:\/\/barbootlegger.com\/fr\/produit\/apero-cocktail\/","title":{"rendered":"Ap\u00e9ro Cocktail"},"content":{"rendered":"<h1>Ap\u00e9ro Cocktail<\/h1>\n<p>\u2022 Forfait disponible pour 2 ou 4 personnes<br \/>\n\u2022 Un choix de cocktail parmi notre menu pr\u00e9s\u00e9lectionn\u00e9 par personne<br \/>\n\u2022 Une assiette \u00e0 partager aux choix parmi menu pr\u00e9s\u00e9lectionn\u00e9 pour deux personnes<br \/>\n\u2022 Forfait exclusif \u00e0 notre boutique en ligne<br \/>\n\u2022 Le certificat vous sera livr\u00e9 \u00e0 domicile, il sera n\u00e9cessaire d\u2019avoir ce dernier pour pouvoir en profiter<br \/>\n\u2022 Vous pourrez profiter de forfait \u00e0 votre convenance durant nos heures d\u2019ouverture r\u00e9guli\u00e8re<br \/>\n\u2022 Il est recommand\u00e9 de faire une r\u00e9servation au pr\u00e9alable<br \/>\n\u2022 Vous pouvez r\u00e9server en tout temps pour un groupe jusqu\u2019\u00e0 8 invit\u00e9s \u00e0 partir de notre site web.<\/p>\n<p>___________________<\/p>\n<p>Pour 2 personnes:<br \/>\n\u2022 1 cocktail par personnes<br \/>\n\u2022 1 assiette \u00e0 partager<\/p>\n<p>Pour 4 personnes:<br \/>\n\u2022 1 cocktails par personnes<br \/>\n\u2022 2 assiettes \u00e0 partager<\/p>\n","protected":false},"excerpt":{"rendered":"<p>Exp\u00e9rience de d\u00e9couverte du monde de la mixologie \u00e0 faire en duo ou avec un groupe d\u2019ami. Le forfait s\u2019offre tr\u00e8s bien en cadeau \u00e0 quelqu\u2019un qui d\u00e9sire s\u2019initier au monde du cocktail ou simplement s\u2019offrir une belle soir\u00e9e de d\u00e9couverte. Super pour des cadeaux corporatifs ou pour un proche.<\/p>\n<h2>Bootlegger Cocktail Bar Montreal<\/h2>\n","protected":false},"featured_media":4484,"comment_status":"closed","ping_status":"closed","template":"","meta":{"_acf_changed":false},"product_brand":[],"product_cat":[188],"product_tag":[798,523,198],"class_list":{"0":"post-14054","1":"product","2":"type-product","3":"status-publish","4":"has-post-thumbnail","6":"product_cat-experience","7":"product_tag-bar-montreal-fr","8":"product_tag-bootlegger-cocktail-bar-fr","9":"product_tag-cocktails-fr","11":"first","12":"instock","13":"taxable","14":"shipping-taxable","15":"purchasable","16":"product-type-variable"},"acf":[],"yoast_head":"<!-- This site is optimized with the Yoast SEO plugin v27.0 - https:\/\/yoast.com\/product\/yoast-seo-wordpress\/ -->\n<title>Ap\u00e9ro Cocktail - Bootlegger Cocktail Bar &amp; Cuisine Montreal<\/title>\n<meta name=\"description\" content=\"Exp\u00e9rience de d\u00e9couverte du monde de la mixologie \u00e0 faire en duo ou avec un groupe d\u2019ami. Le forfait s\u2019offre tr\u00e8s bien en cadeau \u00e0 quelqu\u2019un qui d\u00e9sire s\u2019initier au monde du cocktail ou simplement s\u2019offrir une belle soir\u00e9e de d\u00e9couverte. Super pour des cadeaux corporatifs ou pour un proche.\" \/>\n<meta name=\"robots\" content=\"index, follow, max-snippet:-1, max-image-preview:large, max-video-preview:-1\" \/>\n<link rel=\"canonical\" href=\"https:\/\/barbootlegger.com\/fr\/produit\/apero-cocktail\/\" \/>\n<meta property=\"og:locale\" content=\"fr_FR\" \/>\n<meta property=\"og:type\" content=\"article\" \/>\n<meta property=\"og:title\" content=\"Ap\u00e9ro Cocktail - Bootlegger Cocktail Bar &amp; Cuisine Montreal\" \/>\n<meta property=\"og:description\" content=\"Exp\u00e9rience de d\u00e9couverte du monde de la mixologie \u00e0 faire en duo ou avec un groupe d\u2019ami. Le forfait s\u2019offre tr\u00e8s bien en cadeau \u00e0 quelqu\u2019un qui d\u00e9sire s\u2019initier au monde du cocktail ou simplement s\u2019offrir une belle soir\u00e9e de d\u00e9couverte. Super pour des cadeaux corporatifs ou pour un proche.\" \/>\n<meta property=\"og:url\" content=\"https:\/\/barbootlegger.com\/fr\/produit\/apero-cocktail\/\" \/>\n<meta property=\"og:site_name\" content=\"Bootlegger Cocktail Bar &amp; Cuisine Montreal\" \/>\n<meta property=\"article:publisher\" content=\"https:\/\/www.facebook.com\/barbootlegger\" \/>\n<meta property=\"article:modified_time\" content=\"2025-09-29T17:21:11+00:00\" \/>\n<meta property=\"og:image\" content=\"https:\/\/barbootlegger.com\/wp-content\/uploads\/2021\/03\/IMG_0575-scaled-e1616710975492.jpg\" \/>\n\t<meta property=\"og:image:width\" content=\"2560\" \/>\n\t<meta property=\"og:image:height\" content=\"1707\" \/>\n\t<meta property=\"og:image:type\" content=\"image\/jpeg\" \/>\n<meta name=\"twitter:card\" content=\"summary_large_image\" \/>\n<meta name=\"twitter:label1\" content=\"Dur\u00e9e de lecture estim\u00e9e\" \/>\n\t<meta name=\"twitter:data1\" content=\"1 minute\" \/>\n<script type=\"application\/ld+json\" class=\"yoast-schema-graph\">{\"@context\":\"https:\/\/schema.org\",\"@graph\":[{\"@type\":\"WebPage\",\"@id\":\"https:\/\/barbootlegger.com\/fr\/produit\/apero-cocktail\/\",\"url\":\"https:\/\/barbootlegger.com\/fr\/produit\/apero-cocktail\/\",\"name\":\"Ap\u00e9ro Cocktail - Bootlegger Cocktail Bar &amp; Cuisine Montreal\",\"isPartOf\":{\"@id\":\"https:\/\/barbootlegger.com\/#website\"},\"primaryImageOfPage\":{\"@id\":\"https:\/\/barbootlegger.com\/fr\/produit\/apero-cocktail\/#primaryimage\"},\"image\":{\"@id\":\"https:\/\/barbootlegger.com\/fr\/produit\/apero-cocktail\/#primaryimage\"},\"thumbnailUrl\":\"https:\/\/barbootlegger.com\/wp-content\/uploads\/2021\/03\/IMG_0575-scaled-e1616710975492.jpg\",\"datePublished\":\"2022-05-19T19:53:01+00:00\",\"dateModified\":\"2025-09-29T17:21:11+00:00\",\"description\":\"Exp\u00e9rience de d\u00e9couverte du monde de la mixologie \u00e0 faire en duo ou avec un groupe d\u2019ami. Le forfait s\u2019offre tr\u00e8s bien en cadeau \u00e0 quelqu\u2019un qui d\u00e9sire s\u2019initier au monde du cocktail ou simplement s\u2019offrir une belle soir\u00e9e de d\u00e9couverte. Super pour des cadeaux corporatifs ou pour un proche.\",\"breadcrumb\":{\"@id\":\"https:\/\/barbootlegger.com\/fr\/produit\/apero-cocktail\/#breadcrumb\"},\"inLanguage\":\"fr-FR\",\"potentialAction\":[{\"@type\":\"ReadAction\",\"target\":[\"https:\/\/barbootlegger.com\/fr\/produit\/apero-cocktail\/\"]}]},{\"@type\":\"ImageObject\",\"inLanguage\":\"fr-FR\",\"@id\":\"https:\/\/barbootlegger.com\/fr\/produit\/apero-cocktail\/#primaryimage\",\"url\":\"https:\/\/barbootlegger.com\/wp-content\/uploads\/2021\/03\/IMG_0575-scaled-e1616710975492.jpg\",\"contentUrl\":\"https:\/\/barbootlegger.com\/wp-content\/uploads\/2021\/03\/IMG_0575-scaled-e1616710975492.jpg\",\"width\":1459,\"height\":1708,\"caption\":\"Bootlegger Cocktail bar montreal\"},{\"@type\":\"BreadcrumbList\",\"@id\":\"https:\/\/barbootlegger.com\/fr\/produit\/apero-cocktail\/#breadcrumb\",\"itemListElement\":[{\"@type\":\"ListItem\",\"position\":1,\"name\":\"Home\",\"item\":\"https:\/\/barbootlegger.com\/fr\/\"},{\"@type\":\"ListItem\",\"position\":2,\"name\":\"Shop\",\"item\":\"https:\/\/barbootlegger.com\/shop\/\"},{\"@type\":\"ListItem\",\"position\":3,\"name\":\"Ap\u00e9ro Cocktail\"}]},{\"@type\":\"WebSite\",\"@id\":\"https:\/\/barbootlegger.com\/#website\",\"url\":\"https:\/\/barbootlegger.com\/\",\"name\":\"Bar Bootlegger\",\"description\":\"Cocktail, Whisky &amp; Live band\",\"publisher\":{\"@id\":\"https:\/\/barbootlegger.com\/#organization\"},\"potentialAction\":[{\"@type\":\"SearchAction\",\"target\":{\"@type\":\"EntryPoint\",\"urlTemplate\":\"https:\/\/barbootlegger.com\/?s={search_term_string}\"},\"query-input\":{\"@type\":\"PropertyValueSpecification\",\"valueRequired\":true,\"valueName\":\"search_term_string\"}}],\"inLanguage\":\"fr-FR\"},{\"@type\":\"Organization\",\"@id\":\"https:\/\/barbootlegger.com\/#organization\",\"name\":\"Bar Bootlegger\",\"url\":\"https:\/\/barbootlegger.com\/\",\"logo\":{\"@type\":\"ImageObject\",\"inLanguage\":\"fr-FR\",\"@id\":\"https:\/\/barbootlegger.com\/#\/schema\/logo\/image\/\",\"url\":\"http:\/\/barbootlegger.com\/wp-content\/uploads\/2020\/08\/cropped-logoBootLaurent_fav.png\",\"contentUrl\":\"http:\/\/barbootlegger.com\/wp-content\/uploads\/2020\/08\/cropped-logoBootLaurent_fav.png\",\"width\":512,\"height\":512,\"caption\":\"Bar Bootlegger\"},\"image\":{\"@id\":\"https:\/\/barbootlegger.com\/#\/schema\/logo\/image\/\"},\"sameAs\":[\"https:\/\/www.facebook.com\/barbootlegger\",\"https:\/\/www.tiktok.com\/@bootleggercocktailbar\",\"https:\/\/twitter.com\/barbootlegger?lang=fr\",\"https:\/\/www.youtube.com\/@bootleggerlauthentique2961\",\"https:\/\/www.instagram.com\/bootleggercocktailbar\/\"]}]}<\/script>\n<!-- \/ Yoast SEO plugin. -->","yoast_head_json":{"title":"Ap\u00e9ro Cocktail - Bootlegger Cocktail Bar &amp; Cuisine Montreal","description":"Exp\u00e9rience de d\u00e9couverte du monde de la mixologie \u00e0 faire en duo ou avec un groupe d\u2019ami. Le forfait s\u2019offre tr\u00e8s bien en cadeau \u00e0 quelqu\u2019un qui d\u00e9sire s\u2019initier au monde du cocktail ou simplement s\u2019offrir une belle soir\u00e9e de d\u00e9couverte. Super pour des cadeaux corporatifs ou pour un proche.","robots":{"index":"index","follow":"follow","max-snippet":"max-snippet:-1","max-image-preview":"max-image-preview:large","max-video-preview":"max-video-preview:-1"},"canonical":"https:\/\/barbootlegger.com\/fr\/produit\/apero-cocktail\/","og_locale":"fr_FR","og_type":"article","og_title":"Ap\u00e9ro Cocktail - Bootlegger Cocktail Bar &amp; Cuisine Montreal","og_description":"Exp\u00e9rience de d\u00e9couverte du monde de la mixologie \u00e0 faire en duo ou avec un groupe d\u2019ami. Le forfait s\u2019offre tr\u00e8s bien en cadeau \u00e0 quelqu\u2019un qui d\u00e9sire s\u2019initier au monde du cocktail ou simplement s\u2019offrir une belle soir\u00e9e de d\u00e9couverte. Super pour des cadeaux corporatifs ou pour un proche.","og_url":"https:\/\/barbootlegger.com\/fr\/produit\/apero-cocktail\/","og_site_name":"Bootlegger Cocktail Bar &amp; Cuisine Montreal","article_publisher":"https:\/\/www.facebook.com\/barbootlegger","article_modified_time":"2025-09-29T17:21:11+00:00","og_image":[{"width":2560,"height":1707,"url":"https:\/\/barbootlegger.com\/wp-content\/uploads\/2021\/03\/IMG_0575-scaled-e1616710975492.jpg","type":"image\/jpeg"}],"twitter_card":"summary_large_image","twitter_misc":{"Dur\u00e9e de lecture estim\u00e9e":"1 minute"},"schema":{"@context":"https:\/\/schema.org","@graph":[{"@type":"WebPage","@id":"https:\/\/barbootlegger.com\/fr\/produit\/apero-cocktail\/","url":"https:\/\/barbootlegger.com\/fr\/produit\/apero-cocktail\/","name":"Ap\u00e9ro Cocktail - Bootlegger Cocktail Bar &amp; Cuisine Montreal","isPartOf":{"@id":"https:\/\/barbootlegger.com\/#website"},"primaryImageOfPage":{"@id":"https:\/\/barbootlegger.com\/fr\/produit\/apero-cocktail\/#primaryimage"},"image":{"@id":"https:\/\/barbootlegger.com\/fr\/produit\/apero-cocktail\/#primaryimage"},"thumbnailUrl":"https:\/\/barbootlegger.com\/wp-content\/uploads\/2021\/03\/IMG_0575-scaled-e1616710975492.jpg","datePublished":"2022-05-19T19:53:01+00:00","dateModified":"2025-09-29T17:21:11+00:00","description":"Exp\u00e9rience de d\u00e9couverte du monde de la mixologie \u00e0 faire en duo ou avec un groupe d\u2019ami. Le forfait s\u2019offre tr\u00e8s bien en cadeau \u00e0 quelqu\u2019un qui d\u00e9sire s\u2019initier au monde du cocktail ou simplement s\u2019offrir une belle soir\u00e9e de d\u00e9couverte. Super pour des cadeaux corporatifs ou pour un proche.","breadcrumb":{"@id":"https:\/\/barbootlegger.com\/fr\/produit\/apero-cocktail\/#breadcrumb"},"inLanguage":"fr-FR","potentialAction":[{"@type":"ReadAction","target":["https:\/\/barbootlegger.com\/fr\/produit\/apero-cocktail\/"]}]},{"@type":"ImageObject","inLanguage":"fr-FR","@id":"https:\/\/barbootlegger.com\/fr\/produit\/apero-cocktail\/#primaryimage","url":"https:\/\/barbootlegger.com\/wp-content\/uploads\/2021\/03\/IMG_0575-scaled-e1616710975492.jpg","contentUrl":"https:\/\/barbootlegger.com\/wp-content\/uploads\/2021\/03\/IMG_0575-scaled-e1616710975492.jpg","width":1459,"height":1708,"caption":"Bootlegger Cocktail bar montreal"},{"@type":"BreadcrumbList","@id":"https:\/\/barbootlegger.com\/fr\/produit\/apero-cocktail\/#breadcrumb","itemListElement":[{"@type":"ListItem","position":1,"name":"Home","item":"https:\/\/barbootlegger.com\/fr\/"},{"@type":"ListItem","position":2,"name":"Shop","item":"https:\/\/barbootlegger.com\/shop\/"},{"@type":"ListItem","position":3,"name":"Ap\u00e9ro Cocktail"}]},{"@type":"WebSite","@id":"https:\/\/barbootlegger.com\/#website","url":"https:\/\/barbootlegger.com\/","name":"Bar Bootlegger","description":"Cocktail, Whisky &amp; Live band","publisher":{"@id":"https:\/\/barbootlegger.com\/#organization"},"potentialAction":[{"@type":"SearchAction","target":{"@type":"EntryPoint","urlTemplate":"https:\/\/barbootlegger.com\/?s={search_term_string}"},"query-input":{"@type":"PropertyValueSpecification","valueRequired":true,"valueName":"search_term_string"}}],"inLanguage":"fr-FR"},{"@type":"Organization","@id":"https:\/\/barbootlegger.com\/#organization","name":"Bar Bootlegger","url":"https:\/\/barbootlegger.com\/","logo":{"@type":"ImageObject","inLanguage":"fr-FR","@id":"https:\/\/barbootlegger.com\/#\/schema\/logo\/image\/","url":"http:\/\/barbootlegger.com\/wp-content\/uploads\/2020\/08\/cropped-logoBootLaurent_fav.png","contentUrl":"http:\/\/barbootlegger.com\/wp-content\/uploads\/2020\/08\/cropped-logoBootLaurent_fav.png","width":512,"height":512,"caption":"Bar Bootlegger"},"image":{"@id":"https:\/\/barbootlegger.com\/#\/schema\/logo\/image\/"},"sameAs":["https:\/\/www.facebook.com\/barbootlegger","https:\/\/www.tiktok.com\/@bootleggercocktailbar","https:\/\/twitter.com\/barbootlegger?lang=fr","https:\/\/www.youtube.com\/@bootleggerlauthentique2961","https:\/\/www.instagram.com\/bootleggercocktailbar\/"]}]}},"_links":{"self":[{"href":"https:\/\/barbootlegger.com\/fr\/wp-json\/wp\/v2\/product\/14054","targetHints":{"allow":["GET"]}}],"collection":[{"href":"https:\/\/barbootlegger.com\/fr\/wp-json\/wp\/v2\/product"}],"about":[{"href":"https:\/\/barbootlegger.com\/fr\/wp-json\/wp\/v2\/types\/product"}],"replies":[{"embeddable":true,"href":"https:\/\/barbootlegger.com\/fr\/wp-json\/wp\/v2\/comments?post=14054"}],"wp:featuredmedia":[{"embeddable":true,"href":"https:\/\/barbootlegger.com\/fr\/wp-json\/wp\/v2\/media\/4484"}],"wp:attachment":[{"href":"https:\/\/barbootlegger.com\/fr\/wp-json\/wp\/v2\/media?parent=14054"}],"wp:term":[{"taxonomy":"product_brand","embeddable":true,"href":"https:\/\/barbootlegger.com\/fr\/wp-json\/wp\/v2\/product_brand?post=14054"},{"taxonomy":"product_cat","embeddable":true,"href":"https:\/\/barbootlegger.com\/fr\/wp-json\/wp\/v2\/product_cat?post=14054"},{"taxonomy":"product_tag","embeddable":true,"href":"https:\/\/barbootlegger.com\/fr\/wp-json\/wp\/v2\/product_tag?post=14054"}],"curies":[{"name":"wp","href":"https:\/\/api.w.org\/{rel}","templated":true}]}}