{"id":14029,"date":"2025-09-09T13:03:57","date_gmt":"2025-09-09T17:03:57","guid":{"rendered":"https:\/\/barbootlegger.com\/product\/whisky-tasting-experience-for-4-guests\/"},"modified":"2025-09-17T12:01:25","modified_gmt":"2025-09-17T16:01:25","slug":"forfait-decouverte-whisky-pour-4-personnes","status":"publish","type":"product","link":"https:\/\/barbootlegger.com\/fr\/produit\/forfait-decouverte-whisky-pour-4-personnes\/","title":{"rendered":"D\u00e9couverte Whisky pour 4 personnes"},"content":{"rendered":"<h1>D\u00e9couverte Whisky pour 4 personnes<\/h1>\n<p>Que vous soyez novice ou connaisseur, laissez-vous guider par nos s\u00e9lections exclusives de d\u00e9gustation de whisky, allant du niveau Bronze au Platinum, pour enrichir vos connaissances et \u00e9veiller vos papilles. Parfait pour un cadeau d\u2019entreprise, une soir\u00e9e entre amis ou une sortie originale en couple<\/p>\n<p>Ce qui est inclus dans le forfait :<br \/>\n\u2022 Disponible pour 4 personnes<br \/>\n\u2022 Un choix de 8 flights de whisky par invit\u00e9 parmi notre menu pr\u00e9s\u00e9lectionn\u00e9<br \/>\n\u2022 Assiette \u00e0 partager aux choix parmi menu pr\u00e9s\u00e9lectionn\u00e9 pour deux personnes<br \/>\n\u2022 Forfait exclusif \u00e0 notre boutique en ligne<br \/>\n\u2022 Le certificat vous sera livr\u00e9 \u00e0 domicile, il sera n\u00e9cessaire d\u2019avoir ce dernier pour pouvoir en profiter<br \/>\n\u2022 Valable durant nos heures d\u2019ouverture r\u00e9guli\u00e8res<br \/>\n\u2022 Il est recommand\u00e9 de faire une r\u00e9servation au pr\u00e9alable<\/p>\n<p>\u2022 Doit avoir 18 ans ou plus<\/p>\n<p>&nbsp;<\/p>\n<p>Pour 4 personnes:<br \/>\n\u2022 1 flight par personne<br \/>\n\u2022 2 assiettes \u00e0 partager<\/p>\n","protected":false},"excerpt":{"rendered":"<p>Plongez dans l\u2019univers raffin\u00e9 du whisky avec notre Forfait D\u00e9couverte Whisky, une exp\u00e9rience con\u00e7ue pour les amateurs comme pour les curieux. Id\u00e9al petit groupe de quatre, ce forfait vous invite \u00e0 explorer les ar\u00f4mes et saveurs des meilleurs whiskys \u00e0 travers nos flights pr\u00e9s\u00e9lectionn\u00e9s.<\/p>\n<p>___________________<\/p>\n<p>Bronze \u2013 D\u00e9butant<br \/>\nArgent \u2013 Connaisseur<br \/>\nOr \u2013 Amateur<br \/>\nPlatinum \u2013 Sp\u00e9cialiste<\/p>\n<h2>Bootlegger Cocktail Bar Montr\u00e9al<\/h2>\n","protected":false},"featured_media":5387,"comment_status":"closed","ping_status":"closed","template":"","meta":{"_acf_changed":false},"product_brand":[],"product_cat":[188],"product_tag":[487,488,489,490],"class_list":{"0":"post-14029","1":"product","2":"type-product","3":"status-publish","4":"has-post-thumbnail","6":"product_cat-experience","7":"product_tag-bourbon-fr","8":"product_tag-scotch-whisky-fr","9":"product_tag-whisky-fr","10":"product_tag-whisky-tasting-fr","12":"first","13":"instock","14":"taxable","15":"shipping-taxable","16":"purchasable","17":"product-type-variable"},"acf":[],"yoast_head":"<!-- This site is optimized with the Yoast SEO plugin v27.0 - https:\/\/yoast.com\/product\/yoast-seo-wordpress\/ -->\n<title>D\u00e9couverte Whisky | Bootlegger Cocktail Bar &amp; Cuisine Montreal | Premium Bourbon, Scotch, Whisky Tasting<\/title>\n<meta name=\"description\" content=\"Exp\u00e9rience de d\u00e9gustation de whisky haut de gamme pour 4 personnes, parfaite pour les amateurs de bourbon et de scotch whisky. Id\u00e9ale pour les d\u00e9butants et les sp\u00e9cialistes. Profitez d&#039;une d\u00e9gustation de whisky premium avec notre large s\u00e9lection de blended scotch whisky.\" \/>\n<meta name=\"robots\" content=\"index, follow, max-snippet:-1, max-image-preview:large, max-video-preview:-1\" \/>\n<link rel=\"canonical\" href=\"https:\/\/barbootlegger.com\/fr\/produit\/forfait-decouverte-whisky-pour-4-personnes\/\" \/>\n<meta property=\"og:locale\" content=\"fr_FR\" \/>\n<meta property=\"og:type\" content=\"article\" \/>\n<meta property=\"og:title\" content=\"D\u00e9couverte Whisky | Bootlegger Cocktail Bar &amp; Cuisine Montreal | Premium Bourbon, Scotch, Whisky Tasting\" \/>\n<meta property=\"og:description\" content=\"Exp\u00e9rience de d\u00e9gustation de whisky haut de gamme pour 4 personnes, parfaite pour les amateurs de bourbon et de scotch whisky. Id\u00e9ale pour les d\u00e9butants et les sp\u00e9cialistes. Profitez d&#039;une d\u00e9gustation de whisky premium avec notre large s\u00e9lection de blended scotch whisky.\" \/>\n<meta property=\"og:url\" content=\"https:\/\/barbootlegger.com\/fr\/produit\/forfait-decouverte-whisky-pour-4-personnes\/\" \/>\n<meta property=\"og:site_name\" content=\"Bootlegger Cocktail Bar &amp; Cuisine Montreal\" \/>\n<meta property=\"article:publisher\" content=\"https:\/\/www.facebook.com\/barbootlegger\" \/>\n<meta property=\"article:modified_time\" content=\"2025-09-17T16:01:25+00:00\" \/>\n<meta property=\"og:image\" content=\"https:\/\/barbootlegger.com\/wp-content\/uploads\/2022\/05\/2022-05-12-1024x557.png\" \/>\n\t<meta property=\"og:image:width\" content=\"1024\" \/>\n\t<meta property=\"og:image:height\" content=\"557\" \/>\n\t<meta property=\"og:image:type\" content=\"image\/png\" \/>\n<meta name=\"twitter:card\" content=\"summary_large_image\" \/>\n<meta name=\"twitter:label1\" content=\"Dur\u00e9e de lecture estim\u00e9e\" \/>\n\t<meta name=\"twitter:data1\" content=\"1 minute\" \/>\n<script type=\"application\/ld+json\" class=\"yoast-schema-graph\">{\"@context\":\"https:\/\/schema.org\",\"@graph\":[{\"@type\":\"WebPage\",\"@id\":\"https:\/\/barbootlegger.com\/fr\/produit\/forfait-decouverte-whisky-pour-4-personnes\/\",\"url\":\"https:\/\/barbootlegger.com\/fr\/produit\/forfait-decouverte-whisky-pour-4-personnes\/\",\"name\":\"D\u00e9couverte Whisky | Bootlegger Cocktail Bar &amp; Cuisine Montreal | Premium Bourbon, Scotch, Whisky Tasting\",\"isPartOf\":{\"@id\":\"https:\/\/barbootlegger.com\/#website\"},\"primaryImageOfPage\":{\"@id\":\"https:\/\/barbootlegger.com\/fr\/produit\/forfait-decouverte-whisky-pour-4-personnes\/#primaryimage\"},\"image\":{\"@id\":\"https:\/\/barbootlegger.com\/fr\/produit\/forfait-decouverte-whisky-pour-4-personnes\/#primaryimage\"},\"thumbnailUrl\":\"https:\/\/barbootlegger.com\/wp-content\/uploads\/2022\/05\/2022-05-12.png\",\"datePublished\":\"2025-09-09T17:03:57+00:00\",\"dateModified\":\"2025-09-17T16:01:25+00:00\",\"description\":\"Exp\u00e9rience de d\u00e9gustation de whisky haut de gamme pour 4 personnes, parfaite pour les amateurs de bourbon et de scotch whisky. Id\u00e9ale pour les d\u00e9butants et les sp\u00e9cialistes. Profitez d'une d\u00e9gustation de whisky premium avec notre large s\u00e9lection de blended scotch whisky.\",\"breadcrumb\":{\"@id\":\"https:\/\/barbootlegger.com\/fr\/produit\/forfait-decouverte-whisky-pour-4-personnes\/#breadcrumb\"},\"inLanguage\":\"fr-FR\",\"potentialAction\":[{\"@type\":\"ReadAction\",\"target\":[\"https:\/\/barbootlegger.com\/fr\/produit\/forfait-decouverte-whisky-pour-4-personnes\/\"]}]},{\"@type\":\"ImageObject\",\"inLanguage\":\"fr-FR\",\"@id\":\"https:\/\/barbootlegger.com\/fr\/produit\/forfait-decouverte-whisky-pour-4-personnes\/#primaryimage\",\"url\":\"https:\/\/barbootlegger.com\/wp-content\/uploads\/2022\/05\/2022-05-12.png\",\"contentUrl\":\"https:\/\/barbootlegger.com\/wp-content\/uploads\/2022\/05\/2022-05-12.png\",\"width\":1342,\"height\":730,\"caption\":\"whisky tasting experience,\"},{\"@type\":\"BreadcrumbList\",\"@id\":\"https:\/\/barbootlegger.com\/fr\/produit\/forfait-decouverte-whisky-pour-4-personnes\/#breadcrumb\",\"itemListElement\":[{\"@type\":\"ListItem\",\"position\":1,\"name\":\"Home\",\"item\":\"https:\/\/barbootlegger.com\/fr\/\"},{\"@type\":\"ListItem\",\"position\":2,\"name\":\"Shop\",\"item\":\"https:\/\/barbootlegger.com\/shop\/\"},{\"@type\":\"ListItem\",\"position\":3,\"name\":\"D\u00e9couverte Whisky pour 4 personnes\"}]},{\"@type\":\"WebSite\",\"@id\":\"https:\/\/barbootlegger.com\/#website\",\"url\":\"https:\/\/barbootlegger.com\/\",\"name\":\"Bar Bootlegger\",\"description\":\"Cocktail, Whisky &amp; Live band\",\"publisher\":{\"@id\":\"https:\/\/barbootlegger.com\/#organization\"},\"potentialAction\":[{\"@type\":\"SearchAction\",\"target\":{\"@type\":\"EntryPoint\",\"urlTemplate\":\"https:\/\/barbootlegger.com\/?s={search_term_string}\"},\"query-input\":{\"@type\":\"PropertyValueSpecification\",\"valueRequired\":true,\"valueName\":\"search_term_string\"}}],\"inLanguage\":\"fr-FR\"},{\"@type\":\"Organization\",\"@id\":\"https:\/\/barbootlegger.com\/#organization\",\"name\":\"Bar Bootlegger\",\"url\":\"https:\/\/barbootlegger.com\/\",\"logo\":{\"@type\":\"ImageObject\",\"inLanguage\":\"fr-FR\",\"@id\":\"https:\/\/barbootlegger.com\/#\/schema\/logo\/image\/\",\"url\":\"http:\/\/barbootlegger.com\/wp-content\/uploads\/2020\/08\/cropped-logoBootLaurent_fav.png\",\"contentUrl\":\"http:\/\/barbootlegger.com\/wp-content\/uploads\/2020\/08\/cropped-logoBootLaurent_fav.png\",\"width\":512,\"height\":512,\"caption\":\"Bar Bootlegger\"},\"image\":{\"@id\":\"https:\/\/barbootlegger.com\/#\/schema\/logo\/image\/\"},\"sameAs\":[\"https:\/\/www.facebook.com\/barbootlegger\",\"https:\/\/www.tiktok.com\/@bootleggercocktailbar\",\"https:\/\/twitter.com\/barbootlegger?lang=fr\",\"https:\/\/www.youtube.com\/@bootleggerlauthentique2961\",\"https:\/\/www.instagram.com\/bootleggercocktailbar\/\"]}]}<\/script>\n<!-- \/ Yoast SEO plugin. -->","yoast_head_json":{"title":"D\u00e9couverte Whisky | Bootlegger Cocktail Bar &amp; Cuisine Montreal | Premium Bourbon, Scotch, Whisky Tasting","description":"Exp\u00e9rience de d\u00e9gustation de whisky haut de gamme pour 4 personnes, parfaite pour les amateurs de bourbon et de scotch whisky. Id\u00e9ale pour les d\u00e9butants et les sp\u00e9cialistes. Profitez d'une d\u00e9gustation de whisky premium avec notre large s\u00e9lection de blended scotch whisky.","robots":{"index":"index","follow":"follow","max-snippet":"max-snippet:-1","max-image-preview":"max-image-preview:large","max-video-preview":"max-video-preview:-1"},"canonical":"https:\/\/barbootlegger.com\/fr\/produit\/forfait-decouverte-whisky-pour-4-personnes\/","og_locale":"fr_FR","og_type":"article","og_title":"D\u00e9couverte Whisky | Bootlegger Cocktail Bar &amp; Cuisine Montreal | Premium Bourbon, Scotch, Whisky Tasting","og_description":"Exp\u00e9rience de d\u00e9gustation de whisky haut de gamme pour 4 personnes, parfaite pour les amateurs de bourbon et de scotch whisky. Id\u00e9ale pour les d\u00e9butants et les sp\u00e9cialistes. Profitez d'une d\u00e9gustation de whisky premium avec notre large s\u00e9lection de blended scotch whisky.","og_url":"https:\/\/barbootlegger.com\/fr\/produit\/forfait-decouverte-whisky-pour-4-personnes\/","og_site_name":"Bootlegger Cocktail Bar &amp; Cuisine Montreal","article_publisher":"https:\/\/www.facebook.com\/barbootlegger","article_modified_time":"2025-09-17T16:01:25+00:00","og_image":[{"width":1024,"height":557,"url":"https:\/\/barbootlegger.com\/wp-content\/uploads\/2022\/05\/2022-05-12-1024x557.png","type":"image\/png"}],"twitter_card":"summary_large_image","twitter_misc":{"Dur\u00e9e de lecture estim\u00e9e":"1 minute"},"schema":{"@context":"https:\/\/schema.org","@graph":[{"@type":"WebPage","@id":"https:\/\/barbootlegger.com\/fr\/produit\/forfait-decouverte-whisky-pour-4-personnes\/","url":"https:\/\/barbootlegger.com\/fr\/produit\/forfait-decouverte-whisky-pour-4-personnes\/","name":"D\u00e9couverte Whisky | Bootlegger Cocktail Bar &amp; Cuisine Montreal | Premium Bourbon, Scotch, Whisky Tasting","isPartOf":{"@id":"https:\/\/barbootlegger.com\/#website"},"primaryImageOfPage":{"@id":"https:\/\/barbootlegger.com\/fr\/produit\/forfait-decouverte-whisky-pour-4-personnes\/#primaryimage"},"image":{"@id":"https:\/\/barbootlegger.com\/fr\/produit\/forfait-decouverte-whisky-pour-4-personnes\/#primaryimage"},"thumbnailUrl":"https:\/\/barbootlegger.com\/wp-content\/uploads\/2022\/05\/2022-05-12.png","datePublished":"2025-09-09T17:03:57+00:00","dateModified":"2025-09-17T16:01:25+00:00","description":"Exp\u00e9rience de d\u00e9gustation de whisky haut de gamme pour 4 personnes, parfaite pour les amateurs de bourbon et de scotch whisky. Id\u00e9ale pour les d\u00e9butants et les sp\u00e9cialistes. Profitez d'une d\u00e9gustation de whisky premium avec notre large s\u00e9lection de blended scotch whisky.","breadcrumb":{"@id":"https:\/\/barbootlegger.com\/fr\/produit\/forfait-decouverte-whisky-pour-4-personnes\/#breadcrumb"},"inLanguage":"fr-FR","potentialAction":[{"@type":"ReadAction","target":["https:\/\/barbootlegger.com\/fr\/produit\/forfait-decouverte-whisky-pour-4-personnes\/"]}]},{"@type":"ImageObject","inLanguage":"fr-FR","@id":"https:\/\/barbootlegger.com\/fr\/produit\/forfait-decouverte-whisky-pour-4-personnes\/#primaryimage","url":"https:\/\/barbootlegger.com\/wp-content\/uploads\/2022\/05\/2022-05-12.png","contentUrl":"https:\/\/barbootlegger.com\/wp-content\/uploads\/2022\/05\/2022-05-12.png","width":1342,"height":730,"caption":"whisky tasting experience,"},{"@type":"BreadcrumbList","@id":"https:\/\/barbootlegger.com\/fr\/produit\/forfait-decouverte-whisky-pour-4-personnes\/#breadcrumb","itemListElement":[{"@type":"ListItem","position":1,"name":"Home","item":"https:\/\/barbootlegger.com\/fr\/"},{"@type":"ListItem","position":2,"name":"Shop","item":"https:\/\/barbootlegger.com\/shop\/"},{"@type":"ListItem","position":3,"name":"D\u00e9couverte Whisky pour 4 personnes"}]},{"@type":"WebSite","@id":"https:\/\/barbootlegger.com\/#website","url":"https:\/\/barbootlegger.com\/","name":"Bar Bootlegger","description":"Cocktail, Whisky &amp; Live band","publisher":{"@id":"https:\/\/barbootlegger.com\/#organization"},"potentialAction":[{"@type":"SearchAction","target":{"@type":"EntryPoint","urlTemplate":"https:\/\/barbootlegger.com\/?s={search_term_string}"},"query-input":{"@type":"PropertyValueSpecification","valueRequired":true,"valueName":"search_term_string"}}],"inLanguage":"fr-FR"},{"@type":"Organization","@id":"https:\/\/barbootlegger.com\/#organization","name":"Bar Bootlegger","url":"https:\/\/barbootlegger.com\/","logo":{"@type":"ImageObject","inLanguage":"fr-FR","@id":"https:\/\/barbootlegger.com\/#\/schema\/logo\/image\/","url":"http:\/\/barbootlegger.com\/wp-content\/uploads\/2020\/08\/cropped-logoBootLaurent_fav.png","contentUrl":"http:\/\/barbootlegger.com\/wp-content\/uploads\/2020\/08\/cropped-logoBootLaurent_fav.png","width":512,"height":512,"caption":"Bar Bootlegger"},"image":{"@id":"https:\/\/barbootlegger.com\/#\/schema\/logo\/image\/"},"sameAs":["https:\/\/www.facebook.com\/barbootlegger","https:\/\/www.tiktok.com\/@bootleggercocktailbar","https:\/\/twitter.com\/barbootlegger?lang=fr","https:\/\/www.youtube.com\/@bootleggerlauthentique2961","https:\/\/www.instagram.com\/bootleggercocktailbar\/"]}]}},"_links":{"self":[{"href":"https:\/\/barbootlegger.com\/fr\/wp-json\/wp\/v2\/product\/14029","targetHints":{"allow":["GET"]}}],"collection":[{"href":"https:\/\/barbootlegger.com\/fr\/wp-json\/wp\/v2\/product"}],"about":[{"href":"https:\/\/barbootlegger.com\/fr\/wp-json\/wp\/v2\/types\/product"}],"replies":[{"embeddable":true,"href":"https:\/\/barbootlegger.com\/fr\/wp-json\/wp\/v2\/comments?post=14029"}],"wp:featuredmedia":[{"embeddable":true,"href":"https:\/\/barbootlegger.com\/fr\/wp-json\/wp\/v2\/media\/5387"}],"wp:attachment":[{"href":"https:\/\/barbootlegger.com\/fr\/wp-json\/wp\/v2\/media?parent=14029"}],"wp:term":[{"taxonomy":"product_brand","embeddable":true,"href":"https:\/\/barbootlegger.com\/fr\/wp-json\/wp\/v2\/product_brand?post=14029"},{"taxonomy":"product_cat","embeddable":true,"href":"https:\/\/barbootlegger.com\/fr\/wp-json\/wp\/v2\/product_cat?post=14029"},{"taxonomy":"product_tag","embeddable":true,"href":"https:\/\/barbootlegger.com\/fr\/wp-json\/wp\/v2\/product_tag?post=14029"}],"curies":[{"name":"wp","href":"https:\/\/api.w.org\/{rel}","templated":true}]}}