{"id":11186,"date":"2024-11-30T15:41:22","date_gmt":"2024-11-30T20:41:22","guid":{"rendered":"https:\/product\/hoddie-call-me-old-fashioned-version-tattoo-par-james-bouthillier\/"},"modified":"2025-11-21T13:34:21","modified_gmt":"2025-11-21T18:34:21","slug":"hoddie-call-me-old-fashioned-version-tattoo-par-james-bouthillier","status":"publish","type":"product","link":"https:\/\/barbootlegger.com\/fr\/produit\/hoddie-call-me-old-fashioned-version-tattoo-par-james-bouthillier\/","title":{"rendered":"Hoodie &#8211; Collection Tattoo par James Bouthillier"},"content":{"rendered":"<h1>Hoodie &#8211; Collection Tattoo par James Bouthillier<\/h1>\n<p>Affirmez votre style avec le hoodie noir unisexe Bootlegger, orn\u00e9 d\u2019une illustration unique repr\u00e9sentant un cocktail \u00abOld Fashioned\u00bb. Ce design original s\u2019inspire d\u2019un dessin du tatoueur James Bouthillier, apportant une touche artistique et distinctive \u00e0 ce v\u00eatement.<\/p>\n<p>Fabriqu\u00e9 en tissu de qualit\u00e9, ce hoodie offre chaleur, confort et durabilit\u00e9, tout en affichant une identit\u00e9 streetwear moderne. Id\u00e9al pour vos soir\u00e9es entre amis, vos sorties urbaines ou simplement pour rester \u00e0 l\u2019aise au quotidien, il deviendra rapidement un incontournable de votre garde-robe.<\/p>\n","protected":false},"excerpt":{"rendered":"<p>Hoodie noir unisexe Bootlegger avec illustration d\u2019un cocktail Old Fashioned, inspir\u00e9e du dessin du tatoueur James Bouthillier. Confortable, chaud et styl\u00e9, il est parfait pour les amateurs de cocktails, streetwear et mode urbaine.<\/p>\n<h2>Bootlegger Cocktail Bar Montr\u00e9al<\/h2>\n","protected":false},"featured_media":11181,"comment_status":"closed","ping_status":"closed","template":"","meta":{"_acf_changed":false},"product_brand":[1469],"product_cat":[102],"product_tag":[798,523,524,799,525],"class_list":{"0":"post-11186","1":"product","2":"type-product","3":"status-publish","4":"has-post-thumbnail","6":"product_brand-tattoo","7":"product_cat-vetement","8":"product_tag-bar-montreal-fr","9":"product_tag-bootlegger-cocktail-bar-fr","10":"product_tag-call-me-old-fashioned-fr","11":"product_tag-clothing-fr","12":"product_tag-hoodie-fr","14":"first","15":"instock","16":"taxable","17":"shipping-taxable","18":"purchasable","19":"product-type-variable"},"acf":[],"yoast_head":"<!-- This site is optimized with the Yoast SEO plugin v27.0 - https:\/\/yoast.com\/product\/yoast-seo-wordpress\/ -->\n<title>Hoodie - Collection Tattoo par James Bouthillier - Bootlegger Cocktail Bar &amp; Cuisine Montreal<\/title>\n<meta name=\"description\" content=\"Hoodie noir unisexe Bootlegger avec illustration d\u2019un cocktail \u00abOld Fashioned\u00bb, inspir\u00e9e du dessin du tatoueur James Bouthillier. Confortable, chaud et styl\u00e9, il est parfait pour les amateurs de cocktails, streetwear et mode urbaine.\" \/>\n<meta name=\"robots\" content=\"index, follow, max-snippet:-1, max-image-preview:large, max-video-preview:-1\" \/>\n<link rel=\"canonical\" href=\"https:\/\/barbootlegger.com\/fr\/produit\/hoddie-call-me-old-fashioned-version-tattoo-par-james-bouthillier\/\" \/>\n<meta property=\"og:locale\" content=\"fr_FR\" \/>\n<meta property=\"og:type\" content=\"article\" \/>\n<meta property=\"og:title\" content=\"Hoodie - Collection Tattoo par James Bouthillier - Bootlegger Cocktail Bar &amp; Cuisine Montreal\" \/>\n<meta property=\"og:description\" content=\"Hoodie noir unisexe Bootlegger avec illustration d\u2019un cocktail \u00abOld Fashioned\u00bb, inspir\u00e9e du dessin du tatoueur James Bouthillier. Confortable, chaud et styl\u00e9, il est parfait pour les amateurs de cocktails, streetwear et mode urbaine.\" \/>\n<meta property=\"og:url\" content=\"https:\/\/barbootlegger.com\/fr\/produit\/hoddie-call-me-old-fashioned-version-tattoo-par-james-bouthillier\/\" \/>\n<meta property=\"og:site_name\" content=\"Bootlegger Cocktail Bar &amp; Cuisine Montreal\" \/>\n<meta property=\"article:publisher\" content=\"https:\/\/www.facebook.com\/barbootlegger\" \/>\n<meta property=\"article:modified_time\" content=\"2025-11-21T18:34:21+00:00\" \/>\n<meta property=\"og:image\" content=\"https:\/\/barbootlegger.com\/wp-content\/uploads\/2024\/11\/dos-hoodie.jpg\" \/>\n\t<meta property=\"og:image:width\" content=\"332\" \/>\n\t<meta property=\"og:image:height\" content=\"351\" \/>\n\t<meta property=\"og:image:type\" content=\"image\/jpeg\" \/>\n<meta name=\"twitter:card\" content=\"summary_large_image\" \/>\n<meta name=\"twitter:label1\" content=\"Dur\u00e9e de lecture estim\u00e9e\" \/>\n\t<meta name=\"twitter:data1\" content=\"1 minute\" \/>\n<script type=\"application\/ld+json\" class=\"yoast-schema-graph\">{\"@context\":\"https:\/\/schema.org\",\"@graph\":[{\"@type\":\"WebPage\",\"@id\":\"https:\/\/barbootlegger.com\/fr\/produit\/hoddie-call-me-old-fashioned-version-tattoo-par-james-bouthillier\/\",\"url\":\"https:\/\/barbootlegger.com\/fr\/produit\/hoddie-call-me-old-fashioned-version-tattoo-par-james-bouthillier\/\",\"name\":\"Hoodie - Collection Tattoo par James Bouthillier - Bootlegger Cocktail Bar &amp; Cuisine Montreal\",\"isPartOf\":{\"@id\":\"https:\/\/barbootlegger.com\/#website\"},\"primaryImageOfPage\":{\"@id\":\"https:\/\/barbootlegger.com\/fr\/produit\/hoddie-call-me-old-fashioned-version-tattoo-par-james-bouthillier\/#primaryimage\"},\"image\":{\"@id\":\"https:\/\/barbootlegger.com\/fr\/produit\/hoddie-call-me-old-fashioned-version-tattoo-par-james-bouthillier\/#primaryimage\"},\"thumbnailUrl\":\"https:\/\/barbootlegger.com\/wp-content\/uploads\/2024\/11\/dos-hoodie.jpg\",\"datePublished\":\"2024-11-30T20:41:22+00:00\",\"dateModified\":\"2025-11-21T18:34:21+00:00\",\"description\":\"Hoodie noir unisexe Bootlegger avec illustration d\u2019un cocktail \u00abOld Fashioned\u00bb, inspir\u00e9e du dessin du tatoueur James Bouthillier. Confortable, chaud et styl\u00e9, il est parfait pour les amateurs de cocktails, streetwear et mode urbaine.\",\"breadcrumb\":{\"@id\":\"https:\/\/barbootlegger.com\/fr\/produit\/hoddie-call-me-old-fashioned-version-tattoo-par-james-bouthillier\/#breadcrumb\"},\"inLanguage\":\"fr-FR\",\"potentialAction\":[{\"@type\":\"ReadAction\",\"target\":[\"https:\/\/barbootlegger.com\/fr\/produit\/hoddie-call-me-old-fashioned-version-tattoo-par-james-bouthillier\/\"]}]},{\"@type\":\"ImageObject\",\"inLanguage\":\"fr-FR\",\"@id\":\"https:\/\/barbootlegger.com\/fr\/produit\/hoddie-call-me-old-fashioned-version-tattoo-par-james-bouthillier\/#primaryimage\",\"url\":\"https:\/\/barbootlegger.com\/wp-content\/uploads\/2024\/11\/dos-hoodie.jpg\",\"contentUrl\":\"https:\/\/barbootlegger.com\/wp-content\/uploads\/2024\/11\/dos-hoodie.jpg\",\"width\":332,\"height\":351,\"caption\":\"Hoodie call me old fashioned par Bootlegger cocktail bar Montreal\"},{\"@type\":\"BreadcrumbList\",\"@id\":\"https:\/\/barbootlegger.com\/fr\/produit\/hoddie-call-me-old-fashioned-version-tattoo-par-james-bouthillier\/#breadcrumb\",\"itemListElement\":[{\"@type\":\"ListItem\",\"position\":1,\"name\":\"Home\",\"item\":\"https:\/\/barbootlegger.com\/fr\/\"},{\"@type\":\"ListItem\",\"position\":2,\"name\":\"Shop\",\"item\":\"https:\/\/barbootlegger.com\/shop\/\"},{\"@type\":\"ListItem\",\"position\":3,\"name\":\"Hoodie &#8211; Collection Tattoo par James Bouthillier\"}]},{\"@type\":\"WebSite\",\"@id\":\"https:\/\/barbootlegger.com\/#website\",\"url\":\"https:\/\/barbootlegger.com\/\",\"name\":\"Bar Bootlegger\",\"description\":\"Cocktail, Whisky &amp; Live band\",\"publisher\":{\"@id\":\"https:\/\/barbootlegger.com\/#organization\"},\"potentialAction\":[{\"@type\":\"SearchAction\",\"target\":{\"@type\":\"EntryPoint\",\"urlTemplate\":\"https:\/\/barbootlegger.com\/?s={search_term_string}\"},\"query-input\":{\"@type\":\"PropertyValueSpecification\",\"valueRequired\":true,\"valueName\":\"search_term_string\"}}],\"inLanguage\":\"fr-FR\"},{\"@type\":\"Organization\",\"@id\":\"https:\/\/barbootlegger.com\/#organization\",\"name\":\"Bar Bootlegger\",\"url\":\"https:\/\/barbootlegger.com\/\",\"logo\":{\"@type\":\"ImageObject\",\"inLanguage\":\"fr-FR\",\"@id\":\"https:\/\/barbootlegger.com\/#\/schema\/logo\/image\/\",\"url\":\"http:\/\/barbootlegger.com\/wp-content\/uploads\/2020\/08\/cropped-logoBootLaurent_fav.png\",\"contentUrl\":\"http:\/\/barbootlegger.com\/wp-content\/uploads\/2020\/08\/cropped-logoBootLaurent_fav.png\",\"width\":512,\"height\":512,\"caption\":\"Bar Bootlegger\"},\"image\":{\"@id\":\"https:\/\/barbootlegger.com\/#\/schema\/logo\/image\/\"},\"sameAs\":[\"https:\/\/www.facebook.com\/barbootlegger\",\"https:\/\/www.tiktok.com\/@bootleggercocktailbar\",\"https:\/\/twitter.com\/barbootlegger?lang=fr\",\"https:\/\/www.youtube.com\/@bootleggerlauthentique2961\",\"https:\/\/www.instagram.com\/bootleggercocktailbar\/\"]}]}<\/script>\n<!-- \/ Yoast SEO plugin. -->","yoast_head_json":{"title":"Hoodie - Collection Tattoo par James Bouthillier - Bootlegger Cocktail Bar &amp; Cuisine Montreal","description":"Hoodie noir unisexe Bootlegger avec illustration d\u2019un cocktail \u00abOld Fashioned\u00bb, inspir\u00e9e du dessin du tatoueur James Bouthillier. Confortable, chaud et styl\u00e9, il est parfait pour les amateurs de cocktails, streetwear et mode urbaine.","robots":{"index":"index","follow":"follow","max-snippet":"max-snippet:-1","max-image-preview":"max-image-preview:large","max-video-preview":"max-video-preview:-1"},"canonical":"https:\/\/barbootlegger.com\/fr\/produit\/hoddie-call-me-old-fashioned-version-tattoo-par-james-bouthillier\/","og_locale":"fr_FR","og_type":"article","og_title":"Hoodie - Collection Tattoo par James Bouthillier - Bootlegger Cocktail Bar &amp; Cuisine Montreal","og_description":"Hoodie noir unisexe Bootlegger avec illustration d\u2019un cocktail \u00abOld Fashioned\u00bb, inspir\u00e9e du dessin du tatoueur James Bouthillier. Confortable, chaud et styl\u00e9, il est parfait pour les amateurs de cocktails, streetwear et mode urbaine.","og_url":"https:\/\/barbootlegger.com\/fr\/produit\/hoddie-call-me-old-fashioned-version-tattoo-par-james-bouthillier\/","og_site_name":"Bootlegger Cocktail Bar &amp; Cuisine Montreal","article_publisher":"https:\/\/www.facebook.com\/barbootlegger","article_modified_time":"2025-11-21T18:34:21+00:00","og_image":[{"width":332,"height":351,"url":"https:\/\/barbootlegger.com\/wp-content\/uploads\/2024\/11\/dos-hoodie.jpg","type":"image\/jpeg"}],"twitter_card":"summary_large_image","twitter_misc":{"Dur\u00e9e de lecture estim\u00e9e":"1 minute"},"schema":{"@context":"https:\/\/schema.org","@graph":[{"@type":"WebPage","@id":"https:\/\/barbootlegger.com\/fr\/produit\/hoddie-call-me-old-fashioned-version-tattoo-par-james-bouthillier\/","url":"https:\/\/barbootlegger.com\/fr\/produit\/hoddie-call-me-old-fashioned-version-tattoo-par-james-bouthillier\/","name":"Hoodie - Collection Tattoo par James Bouthillier - Bootlegger Cocktail Bar &amp; Cuisine Montreal","isPartOf":{"@id":"https:\/\/barbootlegger.com\/#website"},"primaryImageOfPage":{"@id":"https:\/\/barbootlegger.com\/fr\/produit\/hoddie-call-me-old-fashioned-version-tattoo-par-james-bouthillier\/#primaryimage"},"image":{"@id":"https:\/\/barbootlegger.com\/fr\/produit\/hoddie-call-me-old-fashioned-version-tattoo-par-james-bouthillier\/#primaryimage"},"thumbnailUrl":"https:\/\/barbootlegger.com\/wp-content\/uploads\/2024\/11\/dos-hoodie.jpg","datePublished":"2024-11-30T20:41:22+00:00","dateModified":"2025-11-21T18:34:21+00:00","description":"Hoodie noir unisexe Bootlegger avec illustration d\u2019un cocktail \u00abOld Fashioned\u00bb, inspir\u00e9e du dessin du tatoueur James Bouthillier. Confortable, chaud et styl\u00e9, il est parfait pour les amateurs de cocktails, streetwear et mode urbaine.","breadcrumb":{"@id":"https:\/\/barbootlegger.com\/fr\/produit\/hoddie-call-me-old-fashioned-version-tattoo-par-james-bouthillier\/#breadcrumb"},"inLanguage":"fr-FR","potentialAction":[{"@type":"ReadAction","target":["https:\/\/barbootlegger.com\/fr\/produit\/hoddie-call-me-old-fashioned-version-tattoo-par-james-bouthillier\/"]}]},{"@type":"ImageObject","inLanguage":"fr-FR","@id":"https:\/\/barbootlegger.com\/fr\/produit\/hoddie-call-me-old-fashioned-version-tattoo-par-james-bouthillier\/#primaryimage","url":"https:\/\/barbootlegger.com\/wp-content\/uploads\/2024\/11\/dos-hoodie.jpg","contentUrl":"https:\/\/barbootlegger.com\/wp-content\/uploads\/2024\/11\/dos-hoodie.jpg","width":332,"height":351,"caption":"Hoodie call me old fashioned par Bootlegger cocktail bar Montreal"},{"@type":"BreadcrumbList","@id":"https:\/\/barbootlegger.com\/fr\/produit\/hoddie-call-me-old-fashioned-version-tattoo-par-james-bouthillier\/#breadcrumb","itemListElement":[{"@type":"ListItem","position":1,"name":"Home","item":"https:\/\/barbootlegger.com\/fr\/"},{"@type":"ListItem","position":2,"name":"Shop","item":"https:\/\/barbootlegger.com\/shop\/"},{"@type":"ListItem","position":3,"name":"Hoodie &#8211; Collection Tattoo par James Bouthillier"}]},{"@type":"WebSite","@id":"https:\/\/barbootlegger.com\/#website","url":"https:\/\/barbootlegger.com\/","name":"Bar Bootlegger","description":"Cocktail, Whisky &amp; Live band","publisher":{"@id":"https:\/\/barbootlegger.com\/#organization"},"potentialAction":[{"@type":"SearchAction","target":{"@type":"EntryPoint","urlTemplate":"https:\/\/barbootlegger.com\/?s={search_term_string}"},"query-input":{"@type":"PropertyValueSpecification","valueRequired":true,"valueName":"search_term_string"}}],"inLanguage":"fr-FR"},{"@type":"Organization","@id":"https:\/\/barbootlegger.com\/#organization","name":"Bar Bootlegger","url":"https:\/\/barbootlegger.com\/","logo":{"@type":"ImageObject","inLanguage":"fr-FR","@id":"https:\/\/barbootlegger.com\/#\/schema\/logo\/image\/","url":"http:\/\/barbootlegger.com\/wp-content\/uploads\/2020\/08\/cropped-logoBootLaurent_fav.png","contentUrl":"http:\/\/barbootlegger.com\/wp-content\/uploads\/2020\/08\/cropped-logoBootLaurent_fav.png","width":512,"height":512,"caption":"Bar Bootlegger"},"image":{"@id":"https:\/\/barbootlegger.com\/#\/schema\/logo\/image\/"},"sameAs":["https:\/\/www.facebook.com\/barbootlegger","https:\/\/www.tiktok.com\/@bootleggercocktailbar","https:\/\/twitter.com\/barbootlegger?lang=fr","https:\/\/www.youtube.com\/@bootleggerlauthentique2961","https:\/\/www.instagram.com\/bootleggercocktailbar\/"]}]}},"_links":{"self":[{"href":"https:\/\/barbootlegger.com\/fr\/wp-json\/wp\/v2\/product\/11186","targetHints":{"allow":["GET"]}}],"collection":[{"href":"https:\/\/barbootlegger.com\/fr\/wp-json\/wp\/v2\/product"}],"about":[{"href":"https:\/\/barbootlegger.com\/fr\/wp-json\/wp\/v2\/types\/product"}],"replies":[{"embeddable":true,"href":"https:\/\/barbootlegger.com\/fr\/wp-json\/wp\/v2\/comments?post=11186"}],"wp:featuredmedia":[{"embeddable":true,"href":"https:\/\/barbootlegger.com\/fr\/wp-json\/wp\/v2\/media\/11181"}],"wp:attachment":[{"href":"https:\/\/barbootlegger.com\/fr\/wp-json\/wp\/v2\/media?parent=11186"}],"wp:term":[{"taxonomy":"product_brand","embeddable":true,"href":"https:\/\/barbootlegger.com\/fr\/wp-json\/wp\/v2\/product_brand?post=11186"},{"taxonomy":"product_cat","embeddable":true,"href":"https:\/\/barbootlegger.com\/fr\/wp-json\/wp\/v2\/product_cat?post=11186"},{"taxonomy":"product_tag","embeddable":true,"href":"https:\/\/barbootlegger.com\/fr\/wp-json\/wp\/v2\/product_tag?post=11186"}],"curies":[{"name":"wp","href":"https:\/\/api.w.org\/{rel}","templated":true}]}}