{"id":11170,"date":"2024-11-30T15:25:58","date_gmt":"2024-11-30T20:25:58","guid":{"rendered":"https:\/product\/casquette-make-cocktail-great-again-par-le-bootlegger-cocktail-bar\/"},"modified":"2025-09-10T12:05:45","modified_gmt":"2025-09-10T16:05:45","slug":"casquette-make-cocktail-great-again-par-le-bootlegger-cocktail-bar","status":"publish","type":"product","link":"https:\/\/barbootlegger.com\/fr\/produit\/casquette-make-cocktail-great-again-par-le-bootlegger-cocktail-bar\/","title":{"rendered":"Casquette \u00abMake Cocktail Great Again\u00bb"},"content":{"rendered":"<h1>Casquette \u00abMake Cocktail Great Again\u00bb<\/h1>\n<p>Affichez un style audacieux avec la casquette rouge unisexe Bootlegger. Sur le devant, on retrouve l\u2019inscription \u00abMake cocktail Great Again\u00bb, brod\u00e9e en blanc ainsi que le logo embl\u00e9matique Bootlegger sur le c\u00f4t\u00e9.<\/p>\n<p>Avec sa coupe confortable et ajustable, elle s\u2019adapte facilement \u00e0 toutes les t\u00eates et compl\u00e8te parfaitement vos tenues casual, urbaines ou streetwear. Plus qu\u2019un simple accessoire, cette casquette est une d\u00e9claration originale pour les amateurs de cocktails et d\u2019ambiance conviviale.<\/p>\n","protected":false},"excerpt":{"rendered":"<p>Casquette rouge unisexe Bootlegger avec slogan brod\u00e9 \u00abMake Cocktail Great Again\u00bb et notre logo embl\u00e9matique sur le c\u00f4t\u00e9. Ajustable, tendance et streetwear, elle est parfaite pour les amateurs de cocktails, mode urbaine et accessoires originaux.<\/p>\n<h2>Bootlegger Cocktail Bar Montr\u00e9al<\/h2>\n","protected":false},"featured_media":11169,"comment_status":"closed","ping_status":"closed","template":"","meta":{"_acf_changed":false},"product_brand":[1472],"product_cat":[102],"product_tag":[523,519,198],"class_list":{"0":"post-11170","1":"product","2":"type-product","3":"status-publish","4":"has-post-thumbnail","6":"product_brand-make-cocktail-great-again-collection","7":"product_cat-vetement","8":"product_tag-bootlegger-cocktail-bar-fr","9":"product_tag-casquette-fr","10":"product_tag-cocktails-fr","12":"first","13":"instock","14":"taxable","15":"shipping-taxable","16":"purchasable","17":"product-type-simple"},"acf":[],"yoast_head":"<!-- This site is optimized with the Yoast SEO plugin v27.0 - https:\/\/yoast.com\/product\/yoast-seo-wordpress\/ -->\n<title>Casquette \u00abMake Cocktail Great Again\u00bb - Bootlegger Cocktail Bar &amp; Cuisine Montreal<\/title>\n<meta name=\"description\" content=\"Casquette rouge unisexe Bootlegger avec slogan brod\u00e9 \u00abMake Cocktail Great Again\u00bb et notre logo embl\u00e9matique sur le c\u00f4t\u00e9. Ajustable, tendance et streetwear, elle est parfaite pour les amateurs de cocktails, mode urbaine et accessoires originaux\" \/>\n<meta name=\"robots\" content=\"index, follow, max-snippet:-1, max-image-preview:large, max-video-preview:-1\" \/>\n<link rel=\"canonical\" href=\"https:\/\/barbootlegger.com\/fr\/produit\/casquette-make-cocktail-great-again-par-le-bootlegger-cocktail-bar\/\" \/>\n<meta property=\"og:locale\" content=\"fr_FR\" \/>\n<meta property=\"og:type\" content=\"article\" \/>\n<meta property=\"og:title\" content=\"Casquette \u00abMake Cocktail Great Again\u00bb - Bootlegger Cocktail Bar &amp; Cuisine Montreal\" \/>\n<meta property=\"og:description\" content=\"Casquette rouge unisexe Bootlegger avec slogan brod\u00e9 \u00abMake Cocktail Great Again\u00bb et notre logo embl\u00e9matique sur le c\u00f4t\u00e9. Ajustable, tendance et streetwear, elle est parfaite pour les amateurs de cocktails, mode urbaine et accessoires originaux\" \/>\n<meta property=\"og:url\" content=\"https:\/\/barbootlegger.com\/fr\/produit\/casquette-make-cocktail-great-again-par-le-bootlegger-cocktail-bar\/\" \/>\n<meta property=\"og:site_name\" content=\"Bootlegger Cocktail Bar &amp; Cuisine Montreal\" \/>\n<meta property=\"article:publisher\" content=\"https:\/\/www.facebook.com\/barbootlegger\" \/>\n<meta property=\"article:modified_time\" content=\"2025-09-10T16:05:45+00:00\" \/>\n<meta property=\"og:image\" content=\"https:\/\/barbootlegger.com\/wp-content\/uploads\/2024\/11\/sans-titre-1312-scaled.jpg\" \/>\n\t<meta property=\"og:image:width\" content=\"2560\" \/>\n\t<meta property=\"og:image:height\" content=\"1922\" \/>\n\t<meta property=\"og:image:type\" content=\"image\/jpeg\" \/>\n<meta name=\"twitter:card\" content=\"summary_large_image\" \/>\n<meta name=\"twitter:label1\" content=\"Dur\u00e9e de lecture estim\u00e9e\" \/>\n\t<meta name=\"twitter:data1\" content=\"1 minute\" \/>\n<script type=\"application\/ld+json\" class=\"yoast-schema-graph\">{\"@context\":\"https:\/\/schema.org\",\"@graph\":[{\"@type\":\"WebPage\",\"@id\":\"https:\/\/barbootlegger.com\/fr\/produit\/casquette-make-cocktail-great-again-par-le-bootlegger-cocktail-bar\/\",\"url\":\"https:\/\/barbootlegger.com\/fr\/produit\/casquette-make-cocktail-great-again-par-le-bootlegger-cocktail-bar\/\",\"name\":\"Casquette \u00abMake Cocktail Great Again\u00bb - Bootlegger Cocktail Bar &amp; Cuisine Montreal\",\"isPartOf\":{\"@id\":\"https:\/\/barbootlegger.com\/#website\"},\"primaryImageOfPage\":{\"@id\":\"https:\/\/barbootlegger.com\/fr\/produit\/casquette-make-cocktail-great-again-par-le-bootlegger-cocktail-bar\/#primaryimage\"},\"image\":{\"@id\":\"https:\/\/barbootlegger.com\/fr\/produit\/casquette-make-cocktail-great-again-par-le-bootlegger-cocktail-bar\/#primaryimage\"},\"thumbnailUrl\":\"https:\/\/barbootlegger.com\/wp-content\/uploads\/2024\/11\/sans-titre-1312-scaled.jpg\",\"datePublished\":\"2024-11-30T20:25:58+00:00\",\"dateModified\":\"2025-09-10T16:05:45+00:00\",\"description\":\"Casquette rouge unisexe Bootlegger avec slogan brod\u00e9 \u00abMake Cocktail Great Again\u00bb et notre logo embl\u00e9matique sur le c\u00f4t\u00e9. Ajustable, tendance et streetwear, elle est parfaite pour les amateurs de cocktails, mode urbaine et accessoires originaux\",\"breadcrumb\":{\"@id\":\"https:\/\/barbootlegger.com\/fr\/produit\/casquette-make-cocktail-great-again-par-le-bootlegger-cocktail-bar\/#breadcrumb\"},\"inLanguage\":\"fr-FR\",\"potentialAction\":[{\"@type\":\"ReadAction\",\"target\":[\"https:\/\/barbootlegger.com\/fr\/produit\/casquette-make-cocktail-great-again-par-le-bootlegger-cocktail-bar\/\"]}]},{\"@type\":\"ImageObject\",\"inLanguage\":\"fr-FR\",\"@id\":\"https:\/\/barbootlegger.com\/fr\/produit\/casquette-make-cocktail-great-again-par-le-bootlegger-cocktail-bar\/#primaryimage\",\"url\":\"https:\/\/barbootlegger.com\/wp-content\/uploads\/2024\/11\/sans-titre-1312-scaled.jpg\",\"contentUrl\":\"https:\/\/barbootlegger.com\/wp-content\/uploads\/2024\/11\/sans-titre-1312-scaled.jpg\",\"width\":2560,\"height\":1922,\"caption\":\"Casquette mod\u00e8le snapback - MAKE COCKTAIL GREAT AGAIN\"},{\"@type\":\"BreadcrumbList\",\"@id\":\"https:\/\/barbootlegger.com\/fr\/produit\/casquette-make-cocktail-great-again-par-le-bootlegger-cocktail-bar\/#breadcrumb\",\"itemListElement\":[{\"@type\":\"ListItem\",\"position\":1,\"name\":\"Home\",\"item\":\"https:\/\/barbootlegger.com\/fr\/\"},{\"@type\":\"ListItem\",\"position\":2,\"name\":\"Shop\",\"item\":\"https:\/\/barbootlegger.com\/shop\/\"},{\"@type\":\"ListItem\",\"position\":3,\"name\":\"Casquette \u00abMake Cocktail Great Again\u00bb\"}]},{\"@type\":\"WebSite\",\"@id\":\"https:\/\/barbootlegger.com\/#website\",\"url\":\"https:\/\/barbootlegger.com\/\",\"name\":\"Bar Bootlegger\",\"description\":\"Cocktail, Whisky &amp; Live band\",\"publisher\":{\"@id\":\"https:\/\/barbootlegger.com\/#organization\"},\"potentialAction\":[{\"@type\":\"SearchAction\",\"target\":{\"@type\":\"EntryPoint\",\"urlTemplate\":\"https:\/\/barbootlegger.com\/?s={search_term_string}\"},\"query-input\":{\"@type\":\"PropertyValueSpecification\",\"valueRequired\":true,\"valueName\":\"search_term_string\"}}],\"inLanguage\":\"fr-FR\"},{\"@type\":\"Organization\",\"@id\":\"https:\/\/barbootlegger.com\/#organization\",\"name\":\"Bar Bootlegger\",\"url\":\"https:\/\/barbootlegger.com\/\",\"logo\":{\"@type\":\"ImageObject\",\"inLanguage\":\"fr-FR\",\"@id\":\"https:\/\/barbootlegger.com\/#\/schema\/logo\/image\/\",\"url\":\"http:\/\/barbootlegger.com\/wp-content\/uploads\/2020\/08\/cropped-logoBootLaurent_fav.png\",\"contentUrl\":\"http:\/\/barbootlegger.com\/wp-content\/uploads\/2020\/08\/cropped-logoBootLaurent_fav.png\",\"width\":512,\"height\":512,\"caption\":\"Bar Bootlegger\"},\"image\":{\"@id\":\"https:\/\/barbootlegger.com\/#\/schema\/logo\/image\/\"},\"sameAs\":[\"https:\/\/www.facebook.com\/barbootlegger\",\"https:\/\/www.tiktok.com\/@bootleggercocktailbar\",\"https:\/\/twitter.com\/barbootlegger?lang=fr\",\"https:\/\/www.youtube.com\/@bootleggerlauthentique2961\",\"https:\/\/www.instagram.com\/bootleggercocktailbar\/\"]}]}<\/script>\n<!-- \/ Yoast SEO plugin. -->","yoast_head_json":{"title":"Casquette \u00abMake Cocktail Great Again\u00bb - Bootlegger Cocktail Bar &amp; Cuisine Montreal","description":"Casquette rouge unisexe Bootlegger avec slogan brod\u00e9 \u00abMake Cocktail Great Again\u00bb et notre logo embl\u00e9matique sur le c\u00f4t\u00e9. Ajustable, tendance et streetwear, elle est parfaite pour les amateurs de cocktails, mode urbaine et accessoires originaux","robots":{"index":"index","follow":"follow","max-snippet":"max-snippet:-1","max-image-preview":"max-image-preview:large","max-video-preview":"max-video-preview:-1"},"canonical":"https:\/\/barbootlegger.com\/fr\/produit\/casquette-make-cocktail-great-again-par-le-bootlegger-cocktail-bar\/","og_locale":"fr_FR","og_type":"article","og_title":"Casquette \u00abMake Cocktail Great Again\u00bb - Bootlegger Cocktail Bar &amp; Cuisine Montreal","og_description":"Casquette rouge unisexe Bootlegger avec slogan brod\u00e9 \u00abMake Cocktail Great Again\u00bb et notre logo embl\u00e9matique sur le c\u00f4t\u00e9. Ajustable, tendance et streetwear, elle est parfaite pour les amateurs de cocktails, mode urbaine et accessoires originaux","og_url":"https:\/\/barbootlegger.com\/fr\/produit\/casquette-make-cocktail-great-again-par-le-bootlegger-cocktail-bar\/","og_site_name":"Bootlegger Cocktail Bar &amp; Cuisine Montreal","article_publisher":"https:\/\/www.facebook.com\/barbootlegger","article_modified_time":"2025-09-10T16:05:45+00:00","og_image":[{"width":2560,"height":1922,"url":"https:\/\/barbootlegger.com\/wp-content\/uploads\/2024\/11\/sans-titre-1312-scaled.jpg","type":"image\/jpeg"}],"twitter_card":"summary_large_image","twitter_misc":{"Dur\u00e9e de lecture estim\u00e9e":"1 minute"},"schema":{"@context":"https:\/\/schema.org","@graph":[{"@type":"WebPage","@id":"https:\/\/barbootlegger.com\/fr\/produit\/casquette-make-cocktail-great-again-par-le-bootlegger-cocktail-bar\/","url":"https:\/\/barbootlegger.com\/fr\/produit\/casquette-make-cocktail-great-again-par-le-bootlegger-cocktail-bar\/","name":"Casquette \u00abMake Cocktail Great Again\u00bb - Bootlegger Cocktail Bar &amp; Cuisine Montreal","isPartOf":{"@id":"https:\/\/barbootlegger.com\/#website"},"primaryImageOfPage":{"@id":"https:\/\/barbootlegger.com\/fr\/produit\/casquette-make-cocktail-great-again-par-le-bootlegger-cocktail-bar\/#primaryimage"},"image":{"@id":"https:\/\/barbootlegger.com\/fr\/produit\/casquette-make-cocktail-great-again-par-le-bootlegger-cocktail-bar\/#primaryimage"},"thumbnailUrl":"https:\/\/barbootlegger.com\/wp-content\/uploads\/2024\/11\/sans-titre-1312-scaled.jpg","datePublished":"2024-11-30T20:25:58+00:00","dateModified":"2025-09-10T16:05:45+00:00","description":"Casquette rouge unisexe Bootlegger avec slogan brod\u00e9 \u00abMake Cocktail Great Again\u00bb et notre logo embl\u00e9matique sur le c\u00f4t\u00e9. Ajustable, tendance et streetwear, elle est parfaite pour les amateurs de cocktails, mode urbaine et accessoires originaux","breadcrumb":{"@id":"https:\/\/barbootlegger.com\/fr\/produit\/casquette-make-cocktail-great-again-par-le-bootlegger-cocktail-bar\/#breadcrumb"},"inLanguage":"fr-FR","potentialAction":[{"@type":"ReadAction","target":["https:\/\/barbootlegger.com\/fr\/produit\/casquette-make-cocktail-great-again-par-le-bootlegger-cocktail-bar\/"]}]},{"@type":"ImageObject","inLanguage":"fr-FR","@id":"https:\/\/barbootlegger.com\/fr\/produit\/casquette-make-cocktail-great-again-par-le-bootlegger-cocktail-bar\/#primaryimage","url":"https:\/\/barbootlegger.com\/wp-content\/uploads\/2024\/11\/sans-titre-1312-scaled.jpg","contentUrl":"https:\/\/barbootlegger.com\/wp-content\/uploads\/2024\/11\/sans-titre-1312-scaled.jpg","width":2560,"height":1922,"caption":"Casquette mod\u00e8le snapback - MAKE COCKTAIL GREAT AGAIN"},{"@type":"BreadcrumbList","@id":"https:\/\/barbootlegger.com\/fr\/produit\/casquette-make-cocktail-great-again-par-le-bootlegger-cocktail-bar\/#breadcrumb","itemListElement":[{"@type":"ListItem","position":1,"name":"Home","item":"https:\/\/barbootlegger.com\/fr\/"},{"@type":"ListItem","position":2,"name":"Shop","item":"https:\/\/barbootlegger.com\/shop\/"},{"@type":"ListItem","position":3,"name":"Casquette \u00abMake Cocktail Great Again\u00bb"}]},{"@type":"WebSite","@id":"https:\/\/barbootlegger.com\/#website","url":"https:\/\/barbootlegger.com\/","name":"Bar Bootlegger","description":"Cocktail, Whisky &amp; Live band","publisher":{"@id":"https:\/\/barbootlegger.com\/#organization"},"potentialAction":[{"@type":"SearchAction","target":{"@type":"EntryPoint","urlTemplate":"https:\/\/barbootlegger.com\/?s={search_term_string}"},"query-input":{"@type":"PropertyValueSpecification","valueRequired":true,"valueName":"search_term_string"}}],"inLanguage":"fr-FR"},{"@type":"Organization","@id":"https:\/\/barbootlegger.com\/#organization","name":"Bar Bootlegger","url":"https:\/\/barbootlegger.com\/","logo":{"@type":"ImageObject","inLanguage":"fr-FR","@id":"https:\/\/barbootlegger.com\/#\/schema\/logo\/image\/","url":"http:\/\/barbootlegger.com\/wp-content\/uploads\/2020\/08\/cropped-logoBootLaurent_fav.png","contentUrl":"http:\/\/barbootlegger.com\/wp-content\/uploads\/2020\/08\/cropped-logoBootLaurent_fav.png","width":512,"height":512,"caption":"Bar Bootlegger"},"image":{"@id":"https:\/\/barbootlegger.com\/#\/schema\/logo\/image\/"},"sameAs":["https:\/\/www.facebook.com\/barbootlegger","https:\/\/www.tiktok.com\/@bootleggercocktailbar","https:\/\/twitter.com\/barbootlegger?lang=fr","https:\/\/www.youtube.com\/@bootleggerlauthentique2961","https:\/\/www.instagram.com\/bootleggercocktailbar\/"]}]}},"_links":{"self":[{"href":"https:\/\/barbootlegger.com\/fr\/wp-json\/wp\/v2\/product\/11170","targetHints":{"allow":["GET"]}}],"collection":[{"href":"https:\/\/barbootlegger.com\/fr\/wp-json\/wp\/v2\/product"}],"about":[{"href":"https:\/\/barbootlegger.com\/fr\/wp-json\/wp\/v2\/types\/product"}],"replies":[{"embeddable":true,"href":"https:\/\/barbootlegger.com\/fr\/wp-json\/wp\/v2\/comments?post=11170"}],"wp:featuredmedia":[{"embeddable":true,"href":"https:\/\/barbootlegger.com\/fr\/wp-json\/wp\/v2\/media\/11169"}],"wp:attachment":[{"href":"https:\/\/barbootlegger.com\/fr\/wp-json\/wp\/v2\/media?parent=11170"}],"wp:term":[{"taxonomy":"product_brand","embeddable":true,"href":"https:\/\/barbootlegger.com\/fr\/wp-json\/wp\/v2\/product_brand?post=11170"},{"taxonomy":"product_cat","embeddable":true,"href":"https:\/\/barbootlegger.com\/fr\/wp-json\/wp\/v2\/product_cat?post=11170"},{"taxonomy":"product_tag","embeddable":true,"href":"https:\/\/barbootlegger.com\/fr\/wp-json\/wp\/v2\/product_tag?post=11170"}],"curies":[{"name":"wp","href":"https:\/\/api.w.org\/{rel}","templated":true}]}}