{"id":9369,"date":"2024-06-19T00:52:35","date_gmt":"2024-06-19T04:52:35","guid":{"rendered":"https:\/bar-and-catering-event-service\/"},"modified":"2025-09-24T10:53:06","modified_gmt":"2025-09-24T14:53:06","slug":"service-evenementiel-de-bar-et-nourriture","status":"publish","type":"page","link":"https:\/\/barbootlegger.com\/fr\/service-evenementiel-de-bar-et-nourriture\/","title":{"rendered":"Service \u00c9v\u00e9nementiel de Bar et Nourriture"},"content":{"rendered":"<div class=\"wpb-content-wrapper\"><p>[vc_row][vc_column]<div class=\"eltdf-elements-holder   eltdf-one-column  eltdf-responsive-mode-768  \" ><div class=\"eltdf-eh-item    \"  data-item-class=\"eltdf-eh-custom-2324\">\n\t<div class=\"eltdf-eh-item-inner\">\n\t\t<div class=\"eltdf-eh-item-content eltdf-eh-custom-2324\" style=\"padding: 50px\">\n\t\t\t\t\t<\/div>\n\t<\/div>\n<\/div><\/div>[\/vc_column][\/vc_row][vc_row][vc_column]<div class=\"eltdf-section-title-holder    \" style=\"text-align: center\">\n\t<div class=\"eltdf-st-inner\">\n        \t\t            <div class=\"eltdf-st-title-holder\">\n                                    <div class=\"decor\"><svg xmlns=\"http:\/\/www.w3.org\/2000\/svg\" width=\"41.125\" height=\"9.146\">\n                            <path fill=\"none\" stroke=\"#9C7C57\" stroke-miterlimit=\"10\" d=\"M40.881 8.576L20.562.591.244 8.576\"\/>\n                            <path fill=\"none\" stroke=\"#9C7C57\" stroke-miterlimit=\"10\" d=\"M40.881.591L20.562 8.576.243.591\"\/>\n                        <\/svg><\/div>\n                                <h2 class=\"eltdf-st-title\" >\n                    Service \u00e9v\u00e9nementiel de bar et nourriture                <\/h2>\n                                    <div class=\"decor\"><svg xmlns=\"http:\/\/www.w3.org\/2000\/svg\" width=\"41.125\" height=\"9.146\">\n                            <path fill=\"none\" stroke=\"#9C7C57\" stroke-miterlimit=\"10\" d=\"M40.881 8.576L20.562.591.244 8.576\"\/>\n                            <path fill=\"none\" stroke=\"#9C7C57\" stroke-miterlimit=\"10\" d=\"M40.881.591L20.562 8.576.243.591\"\/>\n                        <\/svg><\/div>\n                            <\/div>\n\t\t\t\t\t\t\t<\/div>\n<\/div>[\/vc_column][\/vc_row][vc_row][vc_column]<div class=\"eltdf-elements-holder   eltdf-one-column  eltdf-responsive-mode-768  \" ><div class=\"eltdf-eh-item    \"  data-item-class=\"eltdf-eh-custom-3399\">\n\t<div class=\"eltdf-eh-item-inner\">\n\t\t<div class=\"eltdf-eh-item-content eltdf-eh-custom-3399\" style=\"padding: 32px\">\n\t\t\t\t\t<\/div>\n\t<\/div>\n<\/div><\/div>[\/vc_column][\/vc_row][vc_row][vc_column][vc_column_text]<\/p>\n<p style=\"text-align: center;\">L\u2019\u00e9quipe de Bootlegger se d\u00e9place \u00e0 l\u2019ext\u00e9rieur de notre \u00e9tablissement afin de propulser vos \u00e9v\u00e9nements. Notre \u00e9quipe \u00e9v\u00e9nementielle offre plusieurs services ainsi qu\u2019une \u00e9quipe de professionnels qui peuvent se d\u00e9placer jusqu\u2019au lieu de l\u2019\u00e9v\u00e9nement. Nous offrons un service cl\u00e9 en main en passant par l\u2019organisation, le service, cr\u00e9ation du menu, s\u00e9lection des produit et achat du mat\u00e9riel requis.<\/p>\n<p>&#8211;\u00a0\u00a0\u00a0\u00a0\u00a0\u00a0\u00a0\u00a0\u00a0 Festival<\/p>\n<p>&#8211;\u00a0\u00a0\u00a0\u00a0\u00a0\u00a0\u00a0\u00a0\u00a0 F\u00eates et \u00e9v\u00e9nements priv\u00e9es<\/p>\n<p>&#8211;\u00a0\u00a0\u00a0\u00a0\u00a0\u00a0\u00a0\u00a0\u00a0 Mariages<\/p>\n<p>&#8211;\u00a0\u00a0\u00a0\u00a0\u00a0\u00a0\u00a0\u00a0\u00a0 Salon<\/p>\n<p>&#8211;\u00a0\u00a0\u00a0\u00a0\u00a0\u00a0\u00a0\u00a0\u00a0 Etc \u2026[\/vc_column_text][\/vc_column][\/vc_row][vc_row][vc_column]<div class=\"eltdf-elements-holder   eltdf-one-column  eltdf-responsive-mode-768  \" ><div class=\"eltdf-eh-item    \"  data-item-class=\"eltdf-eh-custom-2364\">\n\t<div class=\"eltdf-eh-item-inner\">\n\t\t<div class=\"eltdf-eh-item-content eltdf-eh-custom-2364\" style=\"padding: 32px\">\n\t\t\t\t\t<\/div>\n\t<\/div>\n<\/div><\/div>[\/vc_column][\/vc_row][vc_row][vc_column][vc_column_text]<\/p>\n<h3 style=\"text-align: center;\">Service de cocktail et bar<\/h3>\n<p style=\"text-align: center;\">Notre \u00e9quipe de bartender peut d\u00e9velopper un menu de cocktail personnalis\u00e9 \u00e0 votre \u00e9v\u00e9nement ou mettre en vedette les produits de votre choix. Selon vos besoins, nous pouvons prendre en charge le service durant l\u2019\u00e9v\u00e9nement, la cr\u00e9ation du menu, les achats de mat\u00e9riel et la s\u00e9lection des produits.<\/p>\n<p>[\/vc_column_text][\/vc_column][\/vc_row][vc_row][vc_column]<div class=\"eltdf-elements-holder   eltdf-one-column  eltdf-responsive-mode-768  \" ><div class=\"eltdf-eh-item    \"  data-item-class=\"eltdf-eh-custom-3001\">\n\t<div class=\"eltdf-eh-item-inner\">\n\t\t<div class=\"eltdf-eh-item-content eltdf-eh-custom-3001\" style=\"padding: 32px\">\n\t\t\t\t\t<\/div>\n\t<\/div>\n<\/div><\/div>[\/vc_column][\/vc_row][vc_row][vc_column][vc_column_text]<\/p>\n<h3 style=\"text-align: center;\">Comptoir d\u00e9gustation de spiritueux et produit alcoolis\u00e9<\/h3>\n<p style=\"text-align: center;\">Notre \u00e9quipe de sp\u00e9cialistes est en mesure de pr\u00e9senter et d\u2019animer un comptoir de d\u00e9gustation de plusieurs types de spiritueux. Quoique notre \u00e9tablissement se sp\u00e9cialise en Whisky, nous avons plusieurs ressources afin de repr\u00e9senter, conseiller et animer un comptoir du spiritueux de votre choix.<\/p>\n<p style=\"text-align: center;\">&#8211;\u00a0\u00a0\u00a0\u00a0\u00a0\u00a0\u00a0\u00a0\u00a0 Whisky<\/p>\n<p style=\"text-align: center;\">&#8211;\u00a0\u00a0\u00a0\u00a0\u00a0\u00a0\u00a0\u00a0\u00a0 Tequila<\/p>\n<p style=\"text-align: center;\">&#8211;\u00a0\u00a0\u00a0\u00a0\u00a0\u00a0\u00a0\u00a0\u00a0 Gin<\/p>\n<p style=\"text-align: center;\">&#8211;\u00a0\u00a0\u00a0\u00a0\u00a0\u00a0\u00a0\u00a0\u00a0 Vodka<\/p>\n<p style=\"text-align: center;\">&#8211;\u00a0\u00a0\u00a0\u00a0\u00a0\u00a0\u00a0\u00a0\u00a0 Absinthe<\/p>\n<p style=\"text-align: center;\">&#8211;\u00a0\u00a0\u00a0\u00a0\u00a0\u00a0\u00a0\u00a0\u00a0 Pr\u00eat \u00e0 boire<\/p>\n<p>[\/vc_column_text][\/vc_column][\/vc_row][vc_row][vc_column]<div class=\"eltdf-elements-holder   eltdf-one-column  eltdf-responsive-mode-768  \" ><div class=\"eltdf-eh-item    \"  data-item-class=\"eltdf-eh-custom-8255\">\n\t<div class=\"eltdf-eh-item-inner\">\n\t\t<div class=\"eltdf-eh-item-content eltdf-eh-custom-8255\" style=\"padding: 32px\">\n\t\t\t\t\t<\/div>\n\t<\/div>\n<\/div><\/div>[\/vc_column][\/vc_row][vc_row][vc_column][vc_column_text]<\/p>\n<h3 style=\"text-align: center;\">Comptoir et service d&rsquo;hu\u00eetres fra\u00eeches<\/h3>\n<p style=\"text-align: center;\">Service complet cl\u00e9 en main de comptoir de service d&rsquo;hu\u00eetre ainsi que tous les condiments<\/p>\n<p>[\/vc_column_text][\/vc_column][\/vc_row][vc_row][vc_column]<div class=\"eltdf-elements-holder   eltdf-one-column  eltdf-responsive-mode-768  \" ><div class=\"eltdf-eh-item    \"  data-item-class=\"eltdf-eh-custom-4203\">\n\t<div class=\"eltdf-eh-item-inner\">\n\t\t<div class=\"eltdf-eh-item-content eltdf-eh-custom-4203\" style=\"padding: 32px\">\n\t\t\t\t\t<\/div>\n\t<\/div>\n<\/div><\/div>[\/vc_column][\/vc_row][vc_row][vc_column]<div class=\"eltdf-elements-holder   eltdf-one-column  eltdf-responsive-mode-768  \" ><div class=\"eltdf-eh-item    \"  data-item-class=\"eltdf-eh-custom-4092\">\n\t<div class=\"eltdf-eh-item-inner\">\n\t\t<div class=\"eltdf-eh-item-content eltdf-eh-custom-4092\" style=\"padding: 32px\">\n\t\t\t\t\t<\/div>\n\t<\/div>\n<\/div><\/div>[\/vc_column][\/vc_row][vc_row][vc_column]<div class=\"eltdf-section-title-holder    \" style=\"text-align: center\">\n\t<div class=\"eltdf-st-inner\">\n        \t\t            <div class=\"eltdf-st-title-holder\">\n                                    <div class=\"decor\"><svg xmlns=\"http:\/\/www.w3.org\/2000\/svg\" width=\"41.125\" height=\"9.146\">\n                            <path fill=\"none\" stroke=\"#9C7C57\" stroke-miterlimit=\"10\" d=\"M40.881 8.576L20.562.591.244 8.576\"\/>\n                            <path fill=\"none\" stroke=\"#9C7C57\" stroke-miterlimit=\"10\" d=\"M40.881.591L20.562 8.576.243.591\"\/>\n                        <\/svg><\/div>\n                                <h2 class=\"eltdf-st-title\" >\n                    Demandez une soumission                <\/h2>\n                                    <div class=\"decor\"><svg xmlns=\"http:\/\/www.w3.org\/2000\/svg\" width=\"41.125\" height=\"9.146\">\n                            <path fill=\"none\" stroke=\"#9C7C57\" stroke-miterlimit=\"10\" d=\"M40.881 8.576L20.562.591.244 8.576\"\/>\n                            <path fill=\"none\" stroke=\"#9C7C57\" stroke-miterlimit=\"10\" d=\"M40.881.591L20.562 8.576.243.591\"\/>\n                        <\/svg><\/div>\n                            <\/div>\n\t\t\t\t\t\t\t<p class=\"eltdf-st-text\" >\n\t\t\t\tinformation@\t\t\t<\/p>\n\t\t\t\t\t<\/div>\n<\/div>[\/vc_column][\/vc_row][vc_row][vc_column]<div class=\"eltdf-elements-holder   eltdf-one-column  eltdf-responsive-mode-768  \" ><div class=\"eltdf-eh-item    \"  data-item-class=\"eltdf-eh-custom-8123\">\n\t<div class=\"eltdf-eh-item-inner\">\n\t\t<div class=\"eltdf-eh-item-content eltdf-eh-custom-8123\" style=\"padding: 32px\">\n\t\t\t\t\t<\/div>\n\t<\/div>\n<\/div><\/div>[\/vc_column][\/vc_row]<\/p>\n<\/div>","protected":false},"excerpt":{"rendered":"<p>[vc_row][vc_column][\/vc_column][\/vc_row][vc_row][vc_column][\/vc_column][\/vc_row][vc_row][vc_column][\/vc_column][\/vc_row][vc_row][vc_column][vc_column_text] L\u2019\u00e9quipe de Bootlegger se d\u00e9place \u00e0 l\u2019ext\u00e9rieur de notre \u00e9tablissement afin de propulser vos \u00e9v\u00e9nements. Notre \u00e9quipe \u00e9v\u00e9nementielle offre plusieurs services ainsi qu\u2019une \u00e9quipe de professionnels qui peuvent se d\u00e9placer jusqu\u2019au lieu de l\u2019\u00e9v\u00e9nement. Nous offrons un service cl\u00e9 en main en passant par l\u2019organisation, le service, cr\u00e9ation du menu, s\u00e9lection des produit et achat du mat\u00e9riel requis. &#8211;\u00a0\u00a0\u00a0\u00a0\u00a0\u00a0\u00a0\u00a0\u00a0 [&hellip;]<\/p>\n","protected":false},"author":8,"featured_media":0,"parent":0,"menu_order":0,"comment_status":"closed","ping_status":"closed","template":"","meta":{"_acf_changed":false,"footnotes":""},"class_list":["post-9369","page","type-page","status-publish","hentry"],"acf":[],"yoast_head":"<!-- This site is optimized with the Yoast SEO plugin v27.0 - https:\/\/yoast.com\/product\/yoast-seo-wordpress\/ -->\n<title>Service de Bar et Nourriture \u2013 Cocktails, Whisky et Oysters \u00e0 Montreal<\/title>\n<meta name=\"description\" content=\"Service bar et catering pour \u00e9v\u00e9nements \u00e0 Montr\u00e9al : cocktails cr\u00e9atifs, hu\u00eetres fra\u00eeches et ambiance speakeasy sign\u00e9e Bootlegger\" \/>\n<meta name=\"robots\" content=\"index, follow, max-snippet:-1, max-image-preview:large, max-video-preview:-1\" \/>\n<link rel=\"canonical\" href=\"https:\/\/barbootlegger.com\/fr\/service-evenementiel-de-bar-et-nourriture\/\" \/>\n<meta property=\"og:locale\" content=\"fr_FR\" \/>\n<meta property=\"og:type\" content=\"article\" \/>\n<meta property=\"og:title\" content=\"Service de Bar et Nourriture \u2013 Cocktails, Whisky et Oysters \u00e0 Montreal\" \/>\n<meta property=\"og:description\" content=\"Service bar et catering pour \u00e9v\u00e9nements \u00e0 Montr\u00e9al : cocktails cr\u00e9atifs, hu\u00eetres fra\u00eeches et ambiance speakeasy sign\u00e9e Bootlegger\" \/>\n<meta property=\"og:url\" content=\"https:\/\/barbootlegger.com\/fr\/service-evenementiel-de-bar-et-nourriture\/\" \/>\n<meta property=\"og:site_name\" content=\"Bootlegger Cocktail Bar &amp; Cuisine Montreal\" \/>\n<meta property=\"article:publisher\" content=\"https:\/\/www.facebook.com\/barbootlegger\" \/>\n<meta property=\"article:modified_time\" content=\"2025-09-24T14:53:06+00:00\" \/>\n<meta name=\"twitter:card\" content=\"summary_large_image\" \/>\n<meta name=\"twitter:label1\" content=\"Dur\u00e9e de lecture estim\u00e9e\" \/>\n\t<meta name=\"twitter:data1\" content=\"2 minutes\" \/>\n<script type=\"application\/ld+json\" class=\"yoast-schema-graph\">{\"@context\":\"https:\/\/schema.org\",\"@graph\":[{\"@type\":\"WebPage\",\"@id\":\"https:\/\/barbootlegger.com\/fr\/service-evenementiel-de-bar-et-nourriture\/\",\"url\":\"https:\/\/barbootlegger.com\/fr\/service-evenementiel-de-bar-et-nourriture\/\",\"name\":\"Service de Bar et Nourriture \u2013 Cocktails, Whisky et Oysters \u00e0 Montreal\",\"isPartOf\":{\"@id\":\"https:\/\/barbootlegger.com\/#website\"},\"datePublished\":\"2024-06-19T04:52:35+00:00\",\"dateModified\":\"2025-09-24T14:53:06+00:00\",\"description\":\"Service bar et catering pour \u00e9v\u00e9nements \u00e0 Montr\u00e9al : cocktails cr\u00e9atifs, hu\u00eetres fra\u00eeches et ambiance speakeasy sign\u00e9e Bootlegger\",\"breadcrumb\":{\"@id\":\"https:\/\/barbootlegger.com\/fr\/service-evenementiel-de-bar-et-nourriture\/#breadcrumb\"},\"inLanguage\":\"fr-FR\",\"potentialAction\":[{\"@type\":\"ReadAction\",\"target\":[\"https:\/\/barbootlegger.com\/fr\/service-evenementiel-de-bar-et-nourriture\/\"]}]},{\"@type\":\"BreadcrumbList\",\"@id\":\"https:\/\/barbootlegger.com\/fr\/service-evenementiel-de-bar-et-nourriture\/#breadcrumb\",\"itemListElement\":[{\"@type\":\"ListItem\",\"position\":1,\"name\":\"Home\",\"item\":\"https:\/\/barbootlegger.com\/fr\/\"},{\"@type\":\"ListItem\",\"position\":2,\"name\":\"Service \u00c9v\u00e9nementiel de Bar et Nourriture\"}]},{\"@type\":\"WebSite\",\"@id\":\"https:\/\/barbootlegger.com\/#website\",\"url\":\"https:\/\/barbootlegger.com\/\",\"name\":\"Bar Bootlegger\",\"description\":\"Cocktail, Whisky &amp; Live band\",\"publisher\":{\"@id\":\"https:\/\/barbootlegger.com\/#organization\"},\"potentialAction\":[{\"@type\":\"SearchAction\",\"target\":{\"@type\":\"EntryPoint\",\"urlTemplate\":\"https:\/\/barbootlegger.com\/?s={search_term_string}\"},\"query-input\":{\"@type\":\"PropertyValueSpecification\",\"valueRequired\":true,\"valueName\":\"search_term_string\"}}],\"inLanguage\":\"fr-FR\"},{\"@type\":\"Organization\",\"@id\":\"https:\/\/barbootlegger.com\/#organization\",\"name\":\"Bar Bootlegger\",\"url\":\"https:\/\/barbootlegger.com\/\",\"logo\":{\"@type\":\"ImageObject\",\"inLanguage\":\"fr-FR\",\"@id\":\"https:\/\/barbootlegger.com\/#\/schema\/logo\/image\/\",\"url\":\"http:\/\/barbootlegger.com\/wp-content\/uploads\/2020\/08\/cropped-logoBootLaurent_fav.png\",\"contentUrl\":\"http:\/\/barbootlegger.com\/wp-content\/uploads\/2020\/08\/cropped-logoBootLaurent_fav.png\",\"width\":512,\"height\":512,\"caption\":\"Bar Bootlegger\"},\"image\":{\"@id\":\"https:\/\/barbootlegger.com\/#\/schema\/logo\/image\/\"},\"sameAs\":[\"https:\/\/www.facebook.com\/barbootlegger\",\"https:\/\/www.tiktok.com\/@bootleggercocktailbar\",\"https:\/\/twitter.com\/barbootlegger?lang=fr\",\"https:\/\/www.youtube.com\/@bootleggerlauthentique2961\",\"https:\/\/www.instagram.com\/bootleggercocktailbar\/\"]}]}<\/script>\n<!-- \/ Yoast SEO plugin. -->","yoast_head_json":{"title":"Service de Bar et Nourriture \u2013 Cocktails, Whisky et Oysters \u00e0 Montreal","description":"Service bar et catering pour \u00e9v\u00e9nements \u00e0 Montr\u00e9al : cocktails cr\u00e9atifs, hu\u00eetres fra\u00eeches et ambiance speakeasy sign\u00e9e Bootlegger","robots":{"index":"index","follow":"follow","max-snippet":"max-snippet:-1","max-image-preview":"max-image-preview:large","max-video-preview":"max-video-preview:-1"},"canonical":"https:\/\/barbootlegger.com\/fr\/service-evenementiel-de-bar-et-nourriture\/","og_locale":"fr_FR","og_type":"article","og_title":"Service de Bar et Nourriture \u2013 Cocktails, Whisky et Oysters \u00e0 Montreal","og_description":"Service bar et catering pour \u00e9v\u00e9nements \u00e0 Montr\u00e9al : cocktails cr\u00e9atifs, hu\u00eetres fra\u00eeches et ambiance speakeasy sign\u00e9e Bootlegger","og_url":"https:\/\/barbootlegger.com\/fr\/service-evenementiel-de-bar-et-nourriture\/","og_site_name":"Bootlegger Cocktail Bar &amp; Cuisine Montreal","article_publisher":"https:\/\/www.facebook.com\/barbootlegger","article_modified_time":"2025-09-24T14:53:06+00:00","twitter_card":"summary_large_image","twitter_misc":{"Dur\u00e9e de lecture estim\u00e9e":"2 minutes"},"schema":{"@context":"https:\/\/schema.org","@graph":[{"@type":"WebPage","@id":"https:\/\/barbootlegger.com\/fr\/service-evenementiel-de-bar-et-nourriture\/","url":"https:\/\/barbootlegger.com\/fr\/service-evenementiel-de-bar-et-nourriture\/","name":"Service de Bar et Nourriture \u2013 Cocktails, Whisky et Oysters \u00e0 Montreal","isPartOf":{"@id":"https:\/\/barbootlegger.com\/#website"},"datePublished":"2024-06-19T04:52:35+00:00","dateModified":"2025-09-24T14:53:06+00:00","description":"Service bar et catering pour \u00e9v\u00e9nements \u00e0 Montr\u00e9al : cocktails cr\u00e9atifs, hu\u00eetres fra\u00eeches et ambiance speakeasy sign\u00e9e Bootlegger","breadcrumb":{"@id":"https:\/\/barbootlegger.com\/fr\/service-evenementiel-de-bar-et-nourriture\/#breadcrumb"},"inLanguage":"fr-FR","potentialAction":[{"@type":"ReadAction","target":["https:\/\/barbootlegger.com\/fr\/service-evenementiel-de-bar-et-nourriture\/"]}]},{"@type":"BreadcrumbList","@id":"https:\/\/barbootlegger.com\/fr\/service-evenementiel-de-bar-et-nourriture\/#breadcrumb","itemListElement":[{"@type":"ListItem","position":1,"name":"Home","item":"https:\/\/barbootlegger.com\/fr\/"},{"@type":"ListItem","position":2,"name":"Service \u00c9v\u00e9nementiel de Bar et Nourriture"}]},{"@type":"WebSite","@id":"https:\/\/barbootlegger.com\/#website","url":"https:\/\/barbootlegger.com\/","name":"Bar Bootlegger","description":"Cocktail, Whisky &amp; Live band","publisher":{"@id":"https:\/\/barbootlegger.com\/#organization"},"potentialAction":[{"@type":"SearchAction","target":{"@type":"EntryPoint","urlTemplate":"https:\/\/barbootlegger.com\/?s={search_term_string}"},"query-input":{"@type":"PropertyValueSpecification","valueRequired":true,"valueName":"search_term_string"}}],"inLanguage":"fr-FR"},{"@type":"Organization","@id":"https:\/\/barbootlegger.com\/#organization","name":"Bar Bootlegger","url":"https:\/\/barbootlegger.com\/","logo":{"@type":"ImageObject","inLanguage":"fr-FR","@id":"https:\/\/barbootlegger.com\/#\/schema\/logo\/image\/","url":"http:\/\/barbootlegger.com\/wp-content\/uploads\/2020\/08\/cropped-logoBootLaurent_fav.png","contentUrl":"http:\/\/barbootlegger.com\/wp-content\/uploads\/2020\/08\/cropped-logoBootLaurent_fav.png","width":512,"height":512,"caption":"Bar Bootlegger"},"image":{"@id":"https:\/\/barbootlegger.com\/#\/schema\/logo\/image\/"},"sameAs":["https:\/\/www.facebook.com\/barbootlegger","https:\/\/www.tiktok.com\/@bootleggercocktailbar","https:\/\/twitter.com\/barbootlegger?lang=fr","https:\/\/www.youtube.com\/@bootleggerlauthentique2961","https:\/\/www.instagram.com\/bootleggercocktailbar\/"]}]}},"_links":{"self":[{"href":"https:\/\/barbootlegger.com\/fr\/wp-json\/wp\/v2\/pages\/9369","targetHints":{"allow":["GET"]}}],"collection":[{"href":"https:\/\/barbootlegger.com\/fr\/wp-json\/wp\/v2\/pages"}],"about":[{"href":"https:\/\/barbootlegger.com\/fr\/wp-json\/wp\/v2\/types\/page"}],"author":[{"embeddable":true,"href":"https:\/\/barbootlegger.com\/fr\/wp-json\/wp\/v2\/users\/8"}],"replies":[{"embeddable":true,"href":"https:\/\/barbootlegger.com\/fr\/wp-json\/wp\/v2\/comments?post=9369"}],"version-history":[{"count":9,"href":"https:\/\/barbootlegger.com\/fr\/wp-json\/wp\/v2\/pages\/9369\/revisions"}],"predecessor-version":[{"id":14597,"href":"https:\/\/barbootlegger.com\/fr\/wp-json\/wp\/v2\/pages\/9369\/revisions\/14597"}],"wp:attachment":[{"href":"https:\/\/barbootlegger.com\/fr\/wp-json\/wp\/v2\/media?parent=9369"}],"curies":[{"name":"wp","href":"https:\/\/api.w.org\/{rel}","templated":true}]}}