{"id":3138,"date":"2019-11-04T10:32:09","date_gmt":"2019-11-04T10:32:09","guid":{"rendered":"https:\/shop\/"},"modified":"2025-11-11T17:27:22","modified_gmt":"2025-11-11T22:27:22","slug":"boutique","status":"publish","type":"page","link":"https:\/\/barbootlegger.com\/fr\/boutique\/","title":{"rendered":"Shop"},"content":{"rendered":"","protected":false},"excerpt":{"rendered":"","protected":false},"author":1,"featured_media":15079,"parent":0,"menu_order":0,"comment_status":"closed","ping_status":"closed","template":"","meta":{"_acf_changed":false,"footnotes":""},"class_list":["post-3138","page","type-page","status-publish","has-post-thumbnail","hentry"],"acf":[],"yoast_head":"<!-- This site is optimized with the Yoast SEO plugin v27.0 - https:\/\/yoast.com\/product\/yoast-seo-wordpress\/ -->\n<title>Boutique en ligne | Merch &amp; Accessoires de Bootlegger Cocktail Bar Montr\u00e9al<\/title>\n<meta name=\"description\" content=\"D\u00e9couvrez la boutique en ligne du Bar Bootlegger Montr\u00e9al : merch, verres et accessoires de bar inspir\u00e9s de l\u2019univers de la prohibition.\" \/>\n<meta name=\"robots\" content=\"index, follow, max-snippet:-1, max-image-preview:large, max-video-preview:-1\" \/>\n<link rel=\"canonical\" href=\"https:\/\/barbootlegger.com\/fr\/boutique\/\" \/>\n<meta property=\"og:locale\" content=\"fr_FR\" \/>\n<meta property=\"og:type\" content=\"article\" \/>\n<meta property=\"og:title\" content=\"Boutique en ligne | Merch &amp; Accessoires de Bootlegger Cocktail Bar Montr\u00e9al\" \/>\n<meta property=\"og:description\" content=\"D\u00e9couvrez la boutique en ligne du Bar Bootlegger Montr\u00e9al : merch, verres et accessoires de bar inspir\u00e9s de l\u2019univers de la prohibition.\" \/>\n<meta property=\"og:url\" content=\"https:\/\/barbootlegger.com\/fr\/boutique\/\" \/>\n<meta property=\"og:site_name\" content=\"Bootlegger Cocktail Bar &amp; Cuisine Montreal\" \/>\n<meta property=\"article:publisher\" content=\"https:\/\/www.facebook.com\/barbootlegger\" \/>\n<meta property=\"article:modified_time\" content=\"2025-11-11T22:27:22+00:00\" \/>\n<meta property=\"og:image\" content=\"https:\/\/barbootlegger.com\/wp-content\/uploads\/2025\/10\/Merch-Casquette-New-Ear-Cap-Make-Cocktail-Great-Again-Bootlegger-Cocktail-Bar-Montreal-scaled.jpeg\" \/>\n\t<meta property=\"og:image:width\" content=\"2560\" \/>\n\t<meta property=\"og:image:height\" content=\"1922\" \/>\n\t<meta property=\"og:image:type\" content=\"image\/jpeg\" \/>\n<meta name=\"twitter:card\" content=\"summary_large_image\" \/>\n<meta name=\"twitter:label1\" content=\"Dur\u00e9e de lecture estim\u00e9e\" \/>\n\t<meta name=\"twitter:data1\" content=\"1 minute\" \/>\n<script type=\"application\/ld+json\" class=\"yoast-schema-graph\">{\"@context\":\"https:\/\/schema.org\",\"@graph\":[{\"@type\":\"WebPage\",\"@id\":\"https:\/\/barbootlegger.com\/fr\/boutique\/\",\"url\":\"https:\/\/barbootlegger.com\/fr\/boutique\/\",\"name\":\"Boutique en ligne | Merch & Accessoires de Bootlegger Cocktail Bar Montr\u00e9al\",\"isPartOf\":{\"@id\":\"https:\/\/barbootlegger.com\/#website\"},\"primaryImageOfPage\":{\"@id\":\"https:\/\/barbootlegger.com\/fr\/boutique\/#primaryimage\"},\"image\":{\"@id\":\"https:\/\/barbootlegger.com\/fr\/boutique\/#primaryimage\"},\"thumbnailUrl\":\"https:\/\/barbootlegger.com\/wp-content\/uploads\/2025\/10\/Merch-Casquette-New-Ear-Cap-Make-Cocktail-Great-Again-Bootlegger-Cocktail-Bar-Montreal-scaled.jpeg\",\"datePublished\":\"2019-11-04T10:32:09+00:00\",\"dateModified\":\"2025-11-11T22:27:22+00:00\",\"description\":\"D\u00e9couvrez la boutique en ligne du Bar Bootlegger Montr\u00e9al : merch, verres et accessoires de bar inspir\u00e9s de l\u2019univers de la prohibition.\",\"breadcrumb\":{\"@id\":\"https:\/\/barbootlegger.com\/fr\/boutique\/#breadcrumb\"},\"inLanguage\":\"fr-FR\",\"potentialAction\":[{\"@type\":\"ReadAction\",\"target\":[\"https:\/\/barbootlegger.com\/fr\/boutique\/\"]}]},{\"@type\":\"ImageObject\",\"inLanguage\":\"fr-FR\",\"@id\":\"https:\/\/barbootlegger.com\/fr\/boutique\/#primaryimage\",\"url\":\"https:\/\/barbootlegger.com\/wp-content\/uploads\/2025\/10\/Merch-Casquette-New-Ear-Cap-Make-Cocktail-Great-Again-Bootlegger-Cocktail-Bar-Montreal-scaled.jpeg\",\"contentUrl\":\"https:\/\/barbootlegger.com\/wp-content\/uploads\/2025\/10\/Merch-Casquette-New-Ear-Cap-Make-Cocktail-Great-Again-Bootlegger-Cocktail-Bar-Montreal-scaled.jpeg\",\"width\":2560,\"height\":1922},{\"@type\":\"BreadcrumbList\",\"@id\":\"https:\/\/barbootlegger.com\/fr\/boutique\/#breadcrumb\",\"itemListElement\":[{\"@type\":\"ListItem\",\"position\":1,\"name\":\"Home\",\"item\":\"https:\/\/barbootlegger.com\/fr\/\"},{\"@type\":\"ListItem\",\"position\":2,\"name\":\"Shop\"}]},{\"@type\":\"WebSite\",\"@id\":\"https:\/\/barbootlegger.com\/#website\",\"url\":\"https:\/\/barbootlegger.com\/\",\"name\":\"Bar Bootlegger\",\"description\":\"Cocktail, Whisky &amp; Live band\",\"publisher\":{\"@id\":\"https:\/\/barbootlegger.com\/#organization\"},\"potentialAction\":[{\"@type\":\"SearchAction\",\"target\":{\"@type\":\"EntryPoint\",\"urlTemplate\":\"https:\/\/barbootlegger.com\/?s={search_term_string}\"},\"query-input\":{\"@type\":\"PropertyValueSpecification\",\"valueRequired\":true,\"valueName\":\"search_term_string\"}}],\"inLanguage\":\"fr-FR\"},{\"@type\":\"Organization\",\"@id\":\"https:\/\/barbootlegger.com\/#organization\",\"name\":\"Bar Bootlegger\",\"url\":\"https:\/\/barbootlegger.com\/\",\"logo\":{\"@type\":\"ImageObject\",\"inLanguage\":\"fr-FR\",\"@id\":\"https:\/\/barbootlegger.com\/#\/schema\/logo\/image\/\",\"url\":\"http:\/\/barbootlegger.com\/wp-content\/uploads\/2020\/08\/cropped-logoBootLaurent_fav.png\",\"contentUrl\":\"http:\/\/barbootlegger.com\/wp-content\/uploads\/2020\/08\/cropped-logoBootLaurent_fav.png\",\"width\":512,\"height\":512,\"caption\":\"Bar Bootlegger\"},\"image\":{\"@id\":\"https:\/\/barbootlegger.com\/#\/schema\/logo\/image\/\"},\"sameAs\":[\"https:\/\/www.facebook.com\/barbootlegger\",\"https:\/\/www.tiktok.com\/@bootleggercocktailbar\",\"https:\/\/twitter.com\/barbootlegger?lang=fr\",\"https:\/\/www.youtube.com\/@bootleggerlauthentique2961\",\"https:\/\/www.instagram.com\/bootleggercocktailbar\/\"]}]}<\/script>\n<!-- \/ Yoast SEO plugin. -->","yoast_head_json":{"title":"Boutique en ligne | Merch & Accessoires de Bootlegger Cocktail Bar Montr\u00e9al","description":"D\u00e9couvrez la boutique en ligne du Bar Bootlegger Montr\u00e9al : merch, verres et accessoires de bar inspir\u00e9s de l\u2019univers de la prohibition.","robots":{"index":"index","follow":"follow","max-snippet":"max-snippet:-1","max-image-preview":"max-image-preview:large","max-video-preview":"max-video-preview:-1"},"canonical":"https:\/\/barbootlegger.com\/fr\/boutique\/","og_locale":"fr_FR","og_type":"article","og_title":"Boutique en ligne | Merch & Accessoires de Bootlegger Cocktail Bar Montr\u00e9al","og_description":"D\u00e9couvrez la boutique en ligne du Bar Bootlegger Montr\u00e9al : merch, verres et accessoires de bar inspir\u00e9s de l\u2019univers de la prohibition.","og_url":"https:\/\/barbootlegger.com\/fr\/boutique\/","og_site_name":"Bootlegger Cocktail Bar &amp; Cuisine Montreal","article_publisher":"https:\/\/www.facebook.com\/barbootlegger","article_modified_time":"2025-11-11T22:27:22+00:00","og_image":[{"width":2560,"height":1922,"url":"https:\/\/barbootlegger.com\/wp-content\/uploads\/2025\/10\/Merch-Casquette-New-Ear-Cap-Make-Cocktail-Great-Again-Bootlegger-Cocktail-Bar-Montreal-scaled.jpeg","type":"image\/jpeg"}],"twitter_card":"summary_large_image","twitter_misc":{"Dur\u00e9e de lecture estim\u00e9e":"1 minute"},"schema":{"@context":"https:\/\/schema.org","@graph":[{"@type":"WebPage","@id":"https:\/\/barbootlegger.com\/fr\/boutique\/","url":"https:\/\/barbootlegger.com\/fr\/boutique\/","name":"Boutique en ligne | Merch & Accessoires de Bootlegger Cocktail Bar Montr\u00e9al","isPartOf":{"@id":"https:\/\/barbootlegger.com\/#website"},"primaryImageOfPage":{"@id":"https:\/\/barbootlegger.com\/fr\/boutique\/#primaryimage"},"image":{"@id":"https:\/\/barbootlegger.com\/fr\/boutique\/#primaryimage"},"thumbnailUrl":"https:\/\/barbootlegger.com\/wp-content\/uploads\/2025\/10\/Merch-Casquette-New-Ear-Cap-Make-Cocktail-Great-Again-Bootlegger-Cocktail-Bar-Montreal-scaled.jpeg","datePublished":"2019-11-04T10:32:09+00:00","dateModified":"2025-11-11T22:27:22+00:00","description":"D\u00e9couvrez la boutique en ligne du Bar Bootlegger Montr\u00e9al : merch, verres et accessoires de bar inspir\u00e9s de l\u2019univers de la prohibition.","breadcrumb":{"@id":"https:\/\/barbootlegger.com\/fr\/boutique\/#breadcrumb"},"inLanguage":"fr-FR","potentialAction":[{"@type":"ReadAction","target":["https:\/\/barbootlegger.com\/fr\/boutique\/"]}]},{"@type":"ImageObject","inLanguage":"fr-FR","@id":"https:\/\/barbootlegger.com\/fr\/boutique\/#primaryimage","url":"https:\/\/barbootlegger.com\/wp-content\/uploads\/2025\/10\/Merch-Casquette-New-Ear-Cap-Make-Cocktail-Great-Again-Bootlegger-Cocktail-Bar-Montreal-scaled.jpeg","contentUrl":"https:\/\/barbootlegger.com\/wp-content\/uploads\/2025\/10\/Merch-Casquette-New-Ear-Cap-Make-Cocktail-Great-Again-Bootlegger-Cocktail-Bar-Montreal-scaled.jpeg","width":2560,"height":1922},{"@type":"BreadcrumbList","@id":"https:\/\/barbootlegger.com\/fr\/boutique\/#breadcrumb","itemListElement":[{"@type":"ListItem","position":1,"name":"Home","item":"https:\/\/barbootlegger.com\/fr\/"},{"@type":"ListItem","position":2,"name":"Shop"}]},{"@type":"WebSite","@id":"https:\/\/barbootlegger.com\/#website","url":"https:\/\/barbootlegger.com\/","name":"Bar Bootlegger","description":"Cocktail, Whisky &amp; Live band","publisher":{"@id":"https:\/\/barbootlegger.com\/#organization"},"potentialAction":[{"@type":"SearchAction","target":{"@type":"EntryPoint","urlTemplate":"https:\/\/barbootlegger.com\/?s={search_term_string}"},"query-input":{"@type":"PropertyValueSpecification","valueRequired":true,"valueName":"search_term_string"}}],"inLanguage":"fr-FR"},{"@type":"Organization","@id":"https:\/\/barbootlegger.com\/#organization","name":"Bar Bootlegger","url":"https:\/\/barbootlegger.com\/","logo":{"@type":"ImageObject","inLanguage":"fr-FR","@id":"https:\/\/barbootlegger.com\/#\/schema\/logo\/image\/","url":"http:\/\/barbootlegger.com\/wp-content\/uploads\/2020\/08\/cropped-logoBootLaurent_fav.png","contentUrl":"http:\/\/barbootlegger.com\/wp-content\/uploads\/2020\/08\/cropped-logoBootLaurent_fav.png","width":512,"height":512,"caption":"Bar Bootlegger"},"image":{"@id":"https:\/\/barbootlegger.com\/#\/schema\/logo\/image\/"},"sameAs":["https:\/\/www.facebook.com\/barbootlegger","https:\/\/www.tiktok.com\/@bootleggercocktailbar","https:\/\/twitter.com\/barbootlegger?lang=fr","https:\/\/www.youtube.com\/@bootleggerlauthentique2961","https:\/\/www.instagram.com\/bootleggercocktailbar\/"]}]}},"_links":{"self":[{"href":"https:\/\/barbootlegger.com\/fr\/wp-json\/wp\/v2\/pages\/3138","targetHints":{"allow":["GET"]}}],"collection":[{"href":"https:\/\/barbootlegger.com\/fr\/wp-json\/wp\/v2\/pages"}],"about":[{"href":"https:\/\/barbootlegger.com\/fr\/wp-json\/wp\/v2\/types\/page"}],"author":[{"embeddable":true,"href":"https:\/\/barbootlegger.com\/fr\/wp-json\/wp\/v2\/users\/1"}],"replies":[{"embeddable":true,"href":"https:\/\/barbootlegger.com\/fr\/wp-json\/wp\/v2\/comments?post=3138"}],"version-history":[{"count":2,"href":"https:\/\/barbootlegger.com\/fr\/wp-json\/wp\/v2\/pages\/3138\/revisions"}],"predecessor-version":[{"id":15451,"href":"https:\/\/barbootlegger.com\/fr\/wp-json\/wp\/v2\/pages\/3138\/revisions\/15451"}],"wp:featuredmedia":[{"embeddable":true,"href":"https:\/\/barbootlegger.com\/fr\/wp-json\/wp\/v2\/media\/15079"}],"wp:attachment":[{"href":"https:\/\/barbootlegger.com\/fr\/wp-json\/wp\/v2\/media?parent=3138"}],"curies":[{"name":"wp","href":"https:\/\/api.w.org\/{rel}","templated":true}]}}