{"id":18270,"date":"2026-05-06T14:08:23","date_gmt":"2026-05-06T18:08:23","guid":{"rendered":"https:\/\/barbootlegger.com\/distillerie-du-fjord-cocktail-competition\/"},"modified":"2026-05-06T14:12:54","modified_gmt":"2026-05-06T18:12:54","slug":"distillerie-du-fjord-cocktail-competition","status":"publish","type":"page","link":"https:\/\/barbootlegger.com\/fr\/distillerie-du-fjord-cocktail-competition\/","title":{"rendered":"Distillerie du Fjord Cocktail Competition"},"content":{"rendered":"<div class=\"wpb-content-wrapper\"><p>[vc_row][vc_column][vc_empty_space height=\u00a0\u00bb80px\u00a0\u00bb][\/vc_column][\/vc_row][vc_row][vc_column]<div class=\"eltdf-section-title-holder    \" style=\"text-align: center\">\n\t<div class=\"eltdf-st-inner\">\n        \t\t            <div class=\"eltdf-st-title-holder\">\n                                    <div class=\"decor\"><svg xmlns=\"http:\/\/www.w3.org\/2000\/svg\" width=\"41.125\" height=\"9.146\">\n                            <path fill=\"none\" stroke=\"#9C7C57\" stroke-miterlimit=\"10\" d=\"M40.881 8.576L20.562.591.244 8.576\"\/>\n                            <path fill=\"none\" stroke=\"#9C7C57\" stroke-miterlimit=\"10\" d=\"M40.881.591L20.562 8.576.243.591\"\/>\n                        <\/svg><\/div>\n                                <h2 class=\"eltdf-st-title\" >\n                    Distillerie du Fjord Cocktail Competition                <\/h2>\n                                    <div class=\"decor\"><svg xmlns=\"http:\/\/www.w3.org\/2000\/svg\" width=\"41.125\" height=\"9.146\">\n                            <path fill=\"none\" stroke=\"#9C7C57\" stroke-miterlimit=\"10\" d=\"M40.881 8.576L20.562.591.244 8.576\"\/>\n                            <path fill=\"none\" stroke=\"#9C7C57\" stroke-miterlimit=\"10\" d=\"M40.881.591L20.562 8.576.243.591\"\/>\n                        <\/svg><\/div>\n                            <\/div>\n\t\t\t\t\t\t\t<\/div>\n<\/div>[vc_column_text css=\u00a0\u00bb\u00a0\u00bb]<\/p>\n<p style=\"text-align: center;\">Un grand merci \u00e0 tous les participants et \u00e0 ceux qui \u00e9taient pr\u00e9sents pour la finale de la comp\u00e9tition cocktail KM12 au Bootlegger.<\/p>\n<p style=\"text-align: center;\">Ce fut un plaisir d\u2019accueillir des bartenders et cr\u00e9ateurs talentueux, chacun proposant sa propre interpr\u00e9tation de la for\u00eat bor\u00e9ale \u00e0 travers leur cocktail.<\/p>\n<p style=\"text-align: center;\">Un merci tout particulier \u00e0 la Distillerie du Fjord pour leur confiance et cette belle collaboration \u2014 ainsi que pour nous avoir fait d\u00e9couvrir le KM12.<\/p>\n<p style=\"text-align: center;\">Une soir\u00e9e inspirante, port\u00e9e par la cr\u00e9ativit\u00e9 et la passion.<\/p>\n<p>[\/vc_column_text][\/vc_column][\/vc_row][vc_row][vc_column][vc_empty_space height=\u00a0\u00bb50px\u00a0\u00bb][\/vc_column][\/vc_row][vc_row][vc_column]<div class=\"eltdf-elements-holder   eltdf-one-column  eltdf-responsive-mode-768  \" ><div class=\"eltdf-eh-item   eltdf-horizontal-alignment-center \"  data-item-class=\"eltdf-eh-custom-9824\">\n\t<div class=\"eltdf-eh-item-inner\">\n\t\t<div class=\"eltdf-eh-item-content eltdf-eh-custom-9824\" style=\"padding: 20\">\n\t\t\t<a itemprop=\"url\" href=\"https:\/\/www.distilleriedufjord.com\/pages\/notre-histoire\" target=\"_blank\"  class=\"eltdf-btn eltdf-btn-medium eltdf-btn-solid\"  >\n        <span class=\"eltdf-btn-text\">Learn more about Distillerie du Fjord<\/span>\n        <\/a>\t\t<\/div>\n\t<\/div>\n<\/div><\/div>[\/vc_column][\/vc_row][vc_row][vc_column][vc_empty_space height=\u00a0\u00bb50px\u00a0\u00bb][\/vc_column][\/vc_row][vc_row][vc_column][vc_single_image image=\u00a0\u00bb18222&Prime; img_size=\u00a0\u00bbfull\u00a0\u00bb alignment=\u00a0\u00bbcenter\u00a0\u00bb css=\u00a0\u00bb\u00a0\u00bb][\/vc_column][\/vc_row][vc_row][vc_column]<div class=\"eltdf-elements-holder   eltdf-one-column  eltdf-responsive-mode-768  \" ><div class=\"eltdf-eh-item    \"  data-item-class=\"eltdf-eh-custom-5880\">\n\t<div class=\"eltdf-eh-item-inner\">\n\t\t<div class=\"eltdf-eh-item-content eltdf-eh-custom-5880\" style=\"padding: 20\">\n\t\t\t[vc_empty_space height=\u00a0\u00bb80px\u00a0\u00bb]\t\t<\/div>\n\t<\/div>\n<\/div><\/div>[\/vc_column][\/vc_row][vc_row][vc_column]<div class=\"eltdf-elements-holder   eltdf-one-column  eltdf-responsive-mode-768  \" ><div class=\"eltdf-eh-item   eltdf-horizontal-alignment-center \"  data-item-class=\"eltdf-eh-custom-1329\">\n\t<div class=\"eltdf-eh-item-inner\">\n\t\t<div class=\"eltdf-eh-item-content eltdf-eh-custom-1329\" style=\"padding: 20\">\n\t\t\t[vc_gallery type=\u00a0\u00bbimage_grid\u00a0\u00bb images=\u00a0\u00bb18209,18222,18224,18226,18228,18230,18232,18234,18236,18238,18240,18242,18244,18246,18248,18250,18252,18254,18256,18258,18260,18262,18264,18266,18268&Prime; css=\u00a0\u00bb\u00a0\u00bb][vc_column_text css=\u00a0\u00bb\u00a0\u00bb]Pictures by : Jean Desjardins[\/vc_column_text]\t\t<\/div>\n\t<\/div>\n<\/div><\/div>[\/vc_column][\/vc_row][vc_row][vc_column]<div class=\"eltdf-elements-holder   eltdf-one-column  eltdf-responsive-mode-768  \" ><div class=\"eltdf-eh-item    \"  data-item-class=\"eltdf-eh-custom-2955\">\n\t<div class=\"eltdf-eh-item-inner\">\n\t\t<div class=\"eltdf-eh-item-content eltdf-eh-custom-2955\" style=\"padding: 20\">\n\t\t\t[vc_empty_space height=\u00a0\u00bb80px\u00a0\u00bb]\t\t<\/div>\n\t<\/div>\n<\/div><\/div>[\/vc_column][\/vc_row][vc_row][vc_column width=\u00a0\u00bb1\/3&Prime;][vc_facebook][\/vc_column][vc_column width=\u00a0\u00bb1\/3&Prime;][vc_tweetmeme][\/vc_column][vc_column width=\u00a0\u00bb1\/3&Prime;][vc_pinterest][\/vc_column][\/vc_row]<\/p>\n<\/div>","protected":false},"excerpt":{"rendered":"<p>[vc_row][vc_column][vc_empty_space height=\u00a0\u00bb80px\u00a0\u00bb][\/vc_column][\/vc_row][vc_row][vc_column][vc_column_text css=\u00a0\u00bb\u00a0\u00bb] Un grand merci \u00e0 tous les participants et \u00e0 ceux qui \u00e9taient pr\u00e9sents pour la finale de la comp\u00e9tition cocktail KM12 au Bootlegger. Ce fut un plaisir d\u2019accueillir des bartenders et cr\u00e9ateurs talentueux, chacun proposant sa propre interpr\u00e9tation de la for\u00eat bor\u00e9ale \u00e0 travers leur cocktail. Un merci tout particulier \u00e0 la Distillerie du Fjord pour leur [&hellip;]<\/p>\n","protected":false},"author":293,"featured_media":18260,"parent":0,"menu_order":0,"comment_status":"closed","ping_status":"closed","template":"","meta":{"_acf_changed":false,"footnotes":""},"class_list":["post-18270","page","type-page","status-publish","has-post-thumbnail","hentry"],"acf":[],"yoast_head":"<!-- This site is optimized with the Yoast SEO plugin v27.0 - https:\/\/yoast.com\/product\/yoast-seo-wordpress\/ -->\n<title>KM12 Cocktail Competition Montreal \u2013 Final Night at Bootlegger<\/title>\n<meta name=\"description\" content=\"Explore photos from the KM12 Cocktail Competition Montreal at Bootlegger Cocktail Bar. Discover the finalists, cocktails, and unforgettable moments from the event.\" \/>\n<meta name=\"robots\" content=\"index, follow, max-snippet:-1, max-image-preview:large, max-video-preview:-1\" \/>\n<link rel=\"canonical\" href=\"https:\/\/barbootlegger.com\/fr\/distillerie-du-fjord-cocktail-competition\/\" \/>\n<meta property=\"og:locale\" content=\"fr_FR\" \/>\n<meta property=\"og:type\" content=\"article\" \/>\n<meta property=\"og:title\" content=\"KM12 Cocktail Competition Montreal \u2013 Final Night at Bootlegger\" \/>\n<meta property=\"og:description\" content=\"Explore photos from the KM12 Cocktail Competition Montreal at Bootlegger Cocktail Bar. Discover the finalists, cocktails, and unforgettable moments from the event.\" \/>\n<meta property=\"og:url\" content=\"https:\/\/barbootlegger.com\/fr\/distillerie-du-fjord-cocktail-competition\/\" \/>\n<meta property=\"og:site_name\" content=\"Bootlegger Cocktail Bar &amp; Cuisine Montreal\" \/>\n<meta property=\"article:publisher\" content=\"https:\/\/www.facebook.com\/barbootlegger\" \/>\n<meta property=\"article:modified_time\" content=\"2026-05-06T18:12:54+00:00\" \/>\n<meta property=\"og:image\" content=\"https:\/\/barbootlegger.com\/wp-content\/uploads\/2026\/05\/04052026-_MG_5043-1024x683.jpg\" \/>\n\t<meta property=\"og:image:width\" content=\"1024\" \/>\n\t<meta property=\"og:image:height\" content=\"683\" \/>\n\t<meta property=\"og:image:type\" content=\"image\/jpeg\" \/>\n<meta name=\"twitter:card\" content=\"summary_large_image\" \/>\n<meta name=\"twitter:label1\" content=\"Dur\u00e9e de lecture estim\u00e9e\" \/>\n\t<meta name=\"twitter:data1\" content=\"1 minute\" \/>\n<script type=\"application\/ld+json\" class=\"yoast-schema-graph\">{\"@context\":\"https:\/\/schema.org\",\"@graph\":[{\"@type\":\"WebPage\",\"@id\":\"https:\/\/barbootlegger.com\/fr\/distillerie-du-fjord-cocktail-competition\/\",\"url\":\"https:\/\/barbootlegger.com\/fr\/distillerie-du-fjord-cocktail-competition\/\",\"name\":\"KM12 Cocktail Competition Montreal \u2013 Final Night at Bootlegger\",\"isPartOf\":{\"@id\":\"https:\/\/barbootlegger.com\/#website\"},\"primaryImageOfPage\":{\"@id\":\"https:\/\/barbootlegger.com\/fr\/distillerie-du-fjord-cocktail-competition\/#primaryimage\"},\"image\":{\"@id\":\"https:\/\/barbootlegger.com\/fr\/distillerie-du-fjord-cocktail-competition\/#primaryimage\"},\"thumbnailUrl\":\"https:\/\/barbootlegger.com\/wp-content\/uploads\/2026\/05\/04052026-_MG_5043.jpg\",\"datePublished\":\"2026-05-06T18:08:23+00:00\",\"dateModified\":\"2026-05-06T18:12:54+00:00\",\"description\":\"Explore photos from the KM12 Cocktail Competition Montreal at Bootlegger Cocktail Bar. Discover the finalists, cocktails, and unforgettable moments from the event.\",\"breadcrumb\":{\"@id\":\"https:\/\/barbootlegger.com\/fr\/distillerie-du-fjord-cocktail-competition\/#breadcrumb\"},\"inLanguage\":\"fr-FR\",\"potentialAction\":[{\"@type\":\"ReadAction\",\"target\":[\"https:\/\/barbootlegger.com\/fr\/distillerie-du-fjord-cocktail-competition\/\"]}]},{\"@type\":\"ImageObject\",\"inLanguage\":\"fr-FR\",\"@id\":\"https:\/\/barbootlegger.com\/fr\/distillerie-du-fjord-cocktail-competition\/#primaryimage\",\"url\":\"https:\/\/barbootlegger.com\/wp-content\/uploads\/2026\/05\/04052026-_MG_5043.jpg\",\"contentUrl\":\"https:\/\/barbootlegger.com\/wp-content\/uploads\/2026\/05\/04052026-_MG_5043.jpg\",\"width\":1920,\"height\":1281},{\"@type\":\"BreadcrumbList\",\"@id\":\"https:\/\/barbootlegger.com\/fr\/distillerie-du-fjord-cocktail-competition\/#breadcrumb\",\"itemListElement\":[{\"@type\":\"ListItem\",\"position\":1,\"name\":\"Home\",\"item\":\"https:\/\/barbootlegger.com\/fr\/\"},{\"@type\":\"ListItem\",\"position\":2,\"name\":\"Distillerie du Fjord Cocktail Competition\"}]},{\"@type\":\"WebSite\",\"@id\":\"https:\/\/barbootlegger.com\/#website\",\"url\":\"https:\/\/barbootlegger.com\/\",\"name\":\"Bar Bootlegger\",\"description\":\"Cocktail, Whisky &amp; Live band\",\"publisher\":{\"@id\":\"https:\/\/barbootlegger.com\/#organization\"},\"potentialAction\":[{\"@type\":\"SearchAction\",\"target\":{\"@type\":\"EntryPoint\",\"urlTemplate\":\"https:\/\/barbootlegger.com\/?s={search_term_string}\"},\"query-input\":{\"@type\":\"PropertyValueSpecification\",\"valueRequired\":true,\"valueName\":\"search_term_string\"}}],\"inLanguage\":\"fr-FR\"},{\"@type\":\"Organization\",\"@id\":\"https:\/\/barbootlegger.com\/#organization\",\"name\":\"Bar Bootlegger\",\"url\":\"https:\/\/barbootlegger.com\/\",\"logo\":{\"@type\":\"ImageObject\",\"inLanguage\":\"fr-FR\",\"@id\":\"https:\/\/barbootlegger.com\/#\/schema\/logo\/image\/\",\"url\":\"http:\/\/barbootlegger.com\/wp-content\/uploads\/2020\/08\/cropped-logoBootLaurent_fav.png\",\"contentUrl\":\"http:\/\/barbootlegger.com\/wp-content\/uploads\/2020\/08\/cropped-logoBootLaurent_fav.png\",\"width\":512,\"height\":512,\"caption\":\"Bar Bootlegger\"},\"image\":{\"@id\":\"https:\/\/barbootlegger.com\/#\/schema\/logo\/image\/\"},\"sameAs\":[\"https:\/\/www.facebook.com\/barbootlegger\",\"https:\/\/www.tiktok.com\/@bootleggercocktailbar\",\"https:\/\/twitter.com\/barbootlegger?lang=fr\",\"https:\/\/www.youtube.com\/@bootleggerlauthentique2961\",\"https:\/\/www.instagram.com\/bootleggercocktailbar\/\"]}]}<\/script>\n<!-- \/ Yoast SEO plugin. -->","yoast_head_json":{"title":"KM12 Cocktail Competition Montreal \u2013 Final Night at Bootlegger","description":"Explore photos from the KM12 Cocktail Competition Montreal at Bootlegger Cocktail Bar. Discover the finalists, cocktails, and unforgettable moments from the event.","robots":{"index":"index","follow":"follow","max-snippet":"max-snippet:-1","max-image-preview":"max-image-preview:large","max-video-preview":"max-video-preview:-1"},"canonical":"https:\/\/barbootlegger.com\/fr\/distillerie-du-fjord-cocktail-competition\/","og_locale":"fr_FR","og_type":"article","og_title":"KM12 Cocktail Competition Montreal \u2013 Final Night at Bootlegger","og_description":"Explore photos from the KM12 Cocktail Competition Montreal at Bootlegger Cocktail Bar. Discover the finalists, cocktails, and unforgettable moments from the event.","og_url":"https:\/\/barbootlegger.com\/fr\/distillerie-du-fjord-cocktail-competition\/","og_site_name":"Bootlegger Cocktail Bar &amp; Cuisine Montreal","article_publisher":"https:\/\/www.facebook.com\/barbootlegger","article_modified_time":"2026-05-06T18:12:54+00:00","og_image":[{"width":1024,"height":683,"url":"https:\/\/barbootlegger.com\/wp-content\/uploads\/2026\/05\/04052026-_MG_5043-1024x683.jpg","type":"image\/jpeg"}],"twitter_card":"summary_large_image","twitter_misc":{"Dur\u00e9e de lecture estim\u00e9e":"1 minute"},"schema":{"@context":"https:\/\/schema.org","@graph":[{"@type":"WebPage","@id":"https:\/\/barbootlegger.com\/fr\/distillerie-du-fjord-cocktail-competition\/","url":"https:\/\/barbootlegger.com\/fr\/distillerie-du-fjord-cocktail-competition\/","name":"KM12 Cocktail Competition Montreal \u2013 Final Night at Bootlegger","isPartOf":{"@id":"https:\/\/barbootlegger.com\/#website"},"primaryImageOfPage":{"@id":"https:\/\/barbootlegger.com\/fr\/distillerie-du-fjord-cocktail-competition\/#primaryimage"},"image":{"@id":"https:\/\/barbootlegger.com\/fr\/distillerie-du-fjord-cocktail-competition\/#primaryimage"},"thumbnailUrl":"https:\/\/barbootlegger.com\/wp-content\/uploads\/2026\/05\/04052026-_MG_5043.jpg","datePublished":"2026-05-06T18:08:23+00:00","dateModified":"2026-05-06T18:12:54+00:00","description":"Explore photos from the KM12 Cocktail Competition Montreal at Bootlegger Cocktail Bar. Discover the finalists, cocktails, and unforgettable moments from the event.","breadcrumb":{"@id":"https:\/\/barbootlegger.com\/fr\/distillerie-du-fjord-cocktail-competition\/#breadcrumb"},"inLanguage":"fr-FR","potentialAction":[{"@type":"ReadAction","target":["https:\/\/barbootlegger.com\/fr\/distillerie-du-fjord-cocktail-competition\/"]}]},{"@type":"ImageObject","inLanguage":"fr-FR","@id":"https:\/\/barbootlegger.com\/fr\/distillerie-du-fjord-cocktail-competition\/#primaryimage","url":"https:\/\/barbootlegger.com\/wp-content\/uploads\/2026\/05\/04052026-_MG_5043.jpg","contentUrl":"https:\/\/barbootlegger.com\/wp-content\/uploads\/2026\/05\/04052026-_MG_5043.jpg","width":1920,"height":1281},{"@type":"BreadcrumbList","@id":"https:\/\/barbootlegger.com\/fr\/distillerie-du-fjord-cocktail-competition\/#breadcrumb","itemListElement":[{"@type":"ListItem","position":1,"name":"Home","item":"https:\/\/barbootlegger.com\/fr\/"},{"@type":"ListItem","position":2,"name":"Distillerie du Fjord Cocktail Competition"}]},{"@type":"WebSite","@id":"https:\/\/barbootlegger.com\/#website","url":"https:\/\/barbootlegger.com\/","name":"Bar Bootlegger","description":"Cocktail, Whisky &amp; Live band","publisher":{"@id":"https:\/\/barbootlegger.com\/#organization"},"potentialAction":[{"@type":"SearchAction","target":{"@type":"EntryPoint","urlTemplate":"https:\/\/barbootlegger.com\/?s={search_term_string}"},"query-input":{"@type":"PropertyValueSpecification","valueRequired":true,"valueName":"search_term_string"}}],"inLanguage":"fr-FR"},{"@type":"Organization","@id":"https:\/\/barbootlegger.com\/#organization","name":"Bar Bootlegger","url":"https:\/\/barbootlegger.com\/","logo":{"@type":"ImageObject","inLanguage":"fr-FR","@id":"https:\/\/barbootlegger.com\/#\/schema\/logo\/image\/","url":"http:\/\/barbootlegger.com\/wp-content\/uploads\/2020\/08\/cropped-logoBootLaurent_fav.png","contentUrl":"http:\/\/barbootlegger.com\/wp-content\/uploads\/2020\/08\/cropped-logoBootLaurent_fav.png","width":512,"height":512,"caption":"Bar Bootlegger"},"image":{"@id":"https:\/\/barbootlegger.com\/#\/schema\/logo\/image\/"},"sameAs":["https:\/\/www.facebook.com\/barbootlegger","https:\/\/www.tiktok.com\/@bootleggercocktailbar","https:\/\/twitter.com\/barbootlegger?lang=fr","https:\/\/www.youtube.com\/@bootleggerlauthentique2961","https:\/\/www.instagram.com\/bootleggercocktailbar\/"]}]}},"_links":{"self":[{"href":"https:\/\/barbootlegger.com\/fr\/wp-json\/wp\/v2\/pages\/18270","targetHints":{"allow":["GET"]}}],"collection":[{"href":"https:\/\/barbootlegger.com\/fr\/wp-json\/wp\/v2\/pages"}],"about":[{"href":"https:\/\/barbootlegger.com\/fr\/wp-json\/wp\/v2\/types\/page"}],"author":[{"embeddable":true,"href":"https:\/\/barbootlegger.com\/fr\/wp-json\/wp\/v2\/users\/293"}],"replies":[{"embeddable":true,"href":"https:\/\/barbootlegger.com\/fr\/wp-json\/wp\/v2\/comments?post=18270"}],"version-history":[{"count":4,"href":"https:\/\/barbootlegger.com\/fr\/wp-json\/wp\/v2\/pages\/18270\/revisions"}],"predecessor-version":[{"id":18274,"href":"https:\/\/barbootlegger.com\/fr\/wp-json\/wp\/v2\/pages\/18270\/revisions\/18274"}],"wp:featuredmedia":[{"embeddable":true,"href":"https:\/\/barbootlegger.com\/fr\/wp-json\/wp\/v2\/media\/18260"}],"wp:attachment":[{"href":"https:\/\/barbootlegger.com\/fr\/wp-json\/wp\/v2\/media?parent=18270"}],"curies":[{"name":"wp","href":"https:\/\/api.w.org\/{rel}","templated":true}]}}