{"id":17921,"date":"2026-04-10T17:41:50","date_gmt":"2026-04-10T21:41:50","guid":{"rendered":"https:\/\/barbootlegger.com\/official-launch-luke-combs-x-sony-music\/"},"modified":"2026-04-10T17:46:47","modified_gmt":"2026-04-10T21:46:47","slug":"luke-combs-sony-music-lancement-montreal","status":"publish","type":"page","link":"https:\/\/barbootlegger.com\/fr\/luke-combs-sony-music-lancement-montreal\/","title":{"rendered":"Lancement officiel Luke Combs Sony Music"},"content":{"rendered":"<div class=\"wpb-content-wrapper\"><p style=\"text-align: center;\">[vc_row][vc_column][vc_empty_space height=\u00a0\u00bb80px\u00a0\u00bb][\/vc_column][\/vc_row][vc_row][vc_column]<div class=\"eltdf-section-title-holder    \" style=\"text-align: center\">\n\t<div class=\"eltdf-st-inner\">\n        \t\t            <div class=\"eltdf-st-title-holder\">\n                                    <div class=\"decor\"><svg xmlns=\"http:\/\/www.w3.org\/2000\/svg\" width=\"41.125\" height=\"9.146\">\n                            <path fill=\"none\" stroke=\"#9C7C57\" stroke-miterlimit=\"10\" d=\"M40.881 8.576L20.562.591.244 8.576\"\/>\n                            <path fill=\"none\" stroke=\"#9C7C57\" stroke-miterlimit=\"10\" d=\"M40.881.591L20.562 8.576.243.591\"\/>\n                        <\/svg><\/div>\n                                <h2 class=\"eltdf-st-title\" >\n                    Official Launch: Luke Combs x Sony Music                <\/h2>\n                                    <div class=\"decor\"><svg xmlns=\"http:\/\/www.w3.org\/2000\/svg\" width=\"41.125\" height=\"9.146\">\n                            <path fill=\"none\" stroke=\"#9C7C57\" stroke-miterlimit=\"10\" d=\"M40.881 8.576L20.562.591.244 8.576\"\/>\n                            <path fill=\"none\" stroke=\"#9C7C57\" stroke-miterlimit=\"10\" d=\"M40.881.591L20.562 8.576.243.591\"\/>\n                        <\/svg><\/div>\n                            <\/div>\n\t\t\t\t\t\t\t<\/div>\n<\/div>[vc_column_text css=\u00a0\u00bb\u00a0\u00bb]<\/p>\n<p style=\"text-align: center;\" data-start=\"493\" data-end=\"621\">Un immense merci \u00e0 tous ceux qui se sont joints \u00e0 nous pour le <strong data-start=\"556\" data-end=\"604\">lancement officiel : Luke Combs x Sony Music<\/strong> au Bootlegger.<\/p>\n<p style=\"text-align: center;\" data-start=\"623\" data-end=\"833\">Votre \u00e9nergie, votre pr\u00e9sence et votre belle ambiance ont rendu la soir\u00e9e inoubliable. Nous esp\u00e9rons que vous avez appr\u00e9ci\u00e9 la musique, l\u2019atmosph\u00e8re et l\u2019exp\u00e9rience autant que nous avons aim\u00e9 vous accueillir.<\/p>\n<p style=\"text-align: center;\" data-start=\"835\" data-end=\"923\">Au plaisir de vous revoir tr\u00e8s bient\u00f4t pour d\u2019autres belles soir\u00e9es au Bootlegger<\/p>\n<p style=\"text-align: center;\">[\/vc_column_text][\/vc_column][\/vc_row][vc_row][vc_column][vc_empty_space height=\u00a0\u00bb50px\u00a0\u00bb][\/vc_column][\/vc_row][vc_row][vc_column]<div class=\"eltdf-elements-holder   eltdf-one-column  eltdf-responsive-mode-768  \" ><div class=\"eltdf-eh-item   eltdf-horizontal-alignment-center \"  data-item-class=\"eltdf-eh-custom-4108\">\n\t<div class=\"eltdf-eh-item-inner\">\n\t\t<div class=\"eltdf-eh-item-content eltdf-eh-custom-4108\" style=\"padding: 20\">\n\t\t\t<a itemprop=\"url\" href=\"https:\/\/lc.lnk.to\/thewayiam?utm_source=ig&#038;utm_medium=social&#038;utm_content=link_in_bio&#038;fbclid=PAZXh0bgNhZW0CMTEAc3J0YwZhcHBfaWQMMjU2MjgxMDQwNTU4AAGnkAuVEtbVN8vN6AIZRYejNAU43OZCUF6AS3BY6VkW2olraeTFdw_tK13MTxg_aem_Oa7opJMNlJftIfKJzWfjVg\" target=\"_blank\"  class=\"eltdf-btn eltdf-btn-medium eltdf-btn-solid\"  >\n        <span class=\"eltdf-btn-text\">En savoir plus sur Luke Combs<\/span>\n        <\/a>\t\t<\/div>\n\t<\/div>\n<\/div><\/div>[\/vc_column][\/vc_row][vc_row][vc_column][vc_empty_space height=\u00a0\u00bb50px\u00a0\u00bb][\/vc_column][\/vc_row][vc_row][vc_column][vc_single_image image=\u00a0\u00bb17897&Prime; img_size=\u00a0\u00bbfull\u00a0\u00bb alignment=\u00a0\u00bbcenter\u00a0\u00bb css=\u00a0\u00bb\u00a0\u00bb][\/vc_column][\/vc_row][vc_row][vc_column]<div class=\"eltdf-elements-holder   eltdf-one-column  eltdf-responsive-mode-768  \" ><div class=\"eltdf-eh-item    \"  data-item-class=\"eltdf-eh-custom-4456\">\n\t<div class=\"eltdf-eh-item-inner\">\n\t\t<div class=\"eltdf-eh-item-content eltdf-eh-custom-4456\" style=\"padding: 20\">\n\t\t\t[vc_empty_space height=\u00a0\u00bb80px\u00a0\u00bb]\t\t<\/div>\n\t<\/div>\n<\/div><\/div>[\/vc_column][\/vc_row][vc_row][vc_column]<div class=\"eltdf-elements-holder   eltdf-one-column  eltdf-responsive-mode-768  \" ><div class=\"eltdf-eh-item   eltdf-horizontal-alignment-center \"  data-item-class=\"eltdf-eh-custom-6793\">\n\t<div class=\"eltdf-eh-item-inner\">\n\t\t<div class=\"eltdf-eh-item-content eltdf-eh-custom-6793\" style=\"padding: 20\">\n\t\t\t[vc_gallery type=\u00a0\u00bbimage_grid\u00a0\u00bb images=\u00a0\u00bb17899,17884,17897,17901,17903,17905,17913,17915,17917,17919&Prime; css=\u00a0\u00bb\u00a0\u00bb][vc_column_text css=\u00a0\u00bb\u00a0\u00bb]Pictures by : Chris Desjardins[\/vc_column_text]\t\t<\/div>\n\t<\/div>\n<\/div><\/div>[\/vc_column][\/vc_row][vc_row][vc_column]<div class=\"eltdf-elements-holder   eltdf-one-column  eltdf-responsive-mode-768  \" ><div class=\"eltdf-eh-item    \"  data-item-class=\"eltdf-eh-custom-7577\">\n\t<div class=\"eltdf-eh-item-inner\">\n\t\t<div class=\"eltdf-eh-item-content eltdf-eh-custom-7577\" style=\"padding: 20\">\n\t\t\t[vc_empty_space height=\u00a0\u00bb80px\u00a0\u00bb]\t\t<\/div>\n\t<\/div>\n<\/div><\/div>[\/vc_column][\/vc_row][vc_row][vc_column width=\u00a0\u00bb1\/3&Prime;][vc_facebook][\/vc_column][vc_column width=\u00a0\u00bb1\/3&Prime;][vc_tweetmeme][\/vc_column][vc_column width=\u00a0\u00bb1\/3&Prime;][vc_pinterest][\/vc_column][\/vc_row]<\/p>\n<\/div>","protected":false},"excerpt":{"rendered":"<p>[vc_row][vc_column][vc_empty_space height=\u00a0\u00bb80px\u00a0\u00bb][\/vc_column][\/vc_row][vc_row][vc_column][vc_column_text css=\u00a0\u00bb\u00a0\u00bb] Un immense merci \u00e0 tous ceux qui se sont joints \u00e0 nous pour le lancement officiel : Luke Combs x Sony Music au Bootlegger. Votre \u00e9nergie, votre pr\u00e9sence et votre belle ambiance ont rendu la soir\u00e9e inoubliable. Nous esp\u00e9rons que vous avez appr\u00e9ci\u00e9 la musique, l\u2019atmosph\u00e8re et l\u2019exp\u00e9rience autant que nous avons aim\u00e9 vous accueillir. Au plaisir [&hellip;]<\/p>\n","protected":false},"author":293,"featured_media":17884,"parent":0,"menu_order":0,"comment_status":"closed","ping_status":"closed","template":"","meta":{"_acf_changed":false,"footnotes":""},"class_list":["post-17921","page","type-page","status-publish","has-post-thumbnail","hentry"],"acf":[],"yoast_head":"<!-- This site is optimized with the Yoast SEO plugin v27.0 - https:\/\/yoast.com\/product\/yoast-seo-wordpress\/ -->\n<title>luke-combs-sony-music-launch-montreal<\/title>\n<meta name=\"description\" content=\"D\u00e9couvrez le lancement officiel Luke Combs x Sony Music au Bootlegger Montr\u00e9al. Musique live, moments exclusifs, cocktails et une soir\u00e9e inoubliable dans une ambiance speakeasy unique.\" \/>\n<meta name=\"robots\" content=\"index, follow, max-snippet:-1, max-image-preview:large, max-video-preview:-1\" \/>\n<link rel=\"canonical\" href=\"https:\/\/barbootlegger.com\/fr\/luke-combs-sony-music-lancement-montreal\/\" \/>\n<meta property=\"og:locale\" content=\"fr_FR\" \/>\n<meta property=\"og:type\" content=\"article\" \/>\n<meta property=\"og:title\" content=\"luke-combs-sony-music-launch-montreal\" \/>\n<meta property=\"og:description\" content=\"D\u00e9couvrez le lancement officiel Luke Combs x Sony Music au Bootlegger Montr\u00e9al. Musique live, moments exclusifs, cocktails et une soir\u00e9e inoubliable dans une ambiance speakeasy unique.\" \/>\n<meta property=\"og:url\" content=\"https:\/\/barbootlegger.com\/fr\/luke-combs-sony-music-lancement-montreal\/\" \/>\n<meta property=\"og:site_name\" content=\"Bootlegger Cocktail Bar &amp; Cuisine Montreal\" \/>\n<meta property=\"article:publisher\" content=\"https:\/\/www.facebook.com\/barbootlegger\" \/>\n<meta property=\"article:modified_time\" content=\"2026-04-10T21:46:47+00:00\" \/>\n<meta property=\"og:image\" content=\"https:\/\/barbootlegger.com\/wp-content\/uploads\/2026\/04\/19032026-_MG_3196-1024x746.jpg\" \/>\n\t<meta property=\"og:image:width\" content=\"1024\" \/>\n\t<meta property=\"og:image:height\" content=\"746\" \/>\n\t<meta property=\"og:image:type\" content=\"image\/jpeg\" \/>\n<meta name=\"twitter:card\" content=\"summary_large_image\" \/>\n<meta name=\"twitter:label1\" content=\"Dur\u00e9e de lecture estim\u00e9e\" \/>\n\t<meta name=\"twitter:data1\" content=\"1 minute\" \/>\n<script type=\"application\/ld+json\" class=\"yoast-schema-graph\">{\"@context\":\"https:\/\/schema.org\",\"@graph\":[{\"@type\":\"WebPage\",\"@id\":\"https:\/\/barbootlegger.com\/fr\/luke-combs-sony-music-lancement-montreal\/\",\"url\":\"https:\/\/barbootlegger.com\/fr\/luke-combs-sony-music-lancement-montreal\/\",\"name\":\"luke-combs-sony-music-launch-montreal\",\"isPartOf\":{\"@id\":\"https:\/\/barbootlegger.com\/#website\"},\"primaryImageOfPage\":{\"@id\":\"https:\/\/barbootlegger.com\/fr\/luke-combs-sony-music-lancement-montreal\/#primaryimage\"},\"image\":{\"@id\":\"https:\/\/barbootlegger.com\/fr\/luke-combs-sony-music-lancement-montreal\/#primaryimage\"},\"thumbnailUrl\":\"https:\/\/barbootlegger.com\/wp-content\/uploads\/2026\/04\/19032026-_MG_3196.jpg\",\"datePublished\":\"2026-04-10T21:41:50+00:00\",\"dateModified\":\"2026-04-10T21:46:47+00:00\",\"description\":\"D\u00e9couvrez le lancement officiel Luke Combs x Sony Music au Bootlegger Montr\u00e9al. Musique live, moments exclusifs, cocktails et une soir\u00e9e inoubliable dans une ambiance speakeasy unique.\",\"breadcrumb\":{\"@id\":\"https:\/\/barbootlegger.com\/fr\/luke-combs-sony-music-lancement-montreal\/#breadcrumb\"},\"inLanguage\":\"fr-FR\",\"potentialAction\":[{\"@type\":\"ReadAction\",\"target\":[\"https:\/\/barbootlegger.com\/fr\/luke-combs-sony-music-lancement-montreal\/\"]}]},{\"@type\":\"ImageObject\",\"inLanguage\":\"fr-FR\",\"@id\":\"https:\/\/barbootlegger.com\/fr\/luke-combs-sony-music-lancement-montreal\/#primaryimage\",\"url\":\"https:\/\/barbootlegger.com\/wp-content\/uploads\/2026\/04\/19032026-_MG_3196.jpg\",\"contentUrl\":\"https:\/\/barbootlegger.com\/wp-content\/uploads\/2026\/04\/19032026-_MG_3196.jpg\",\"width\":1920,\"height\":1398},{\"@type\":\"BreadcrumbList\",\"@id\":\"https:\/\/barbootlegger.com\/fr\/luke-combs-sony-music-lancement-montreal\/#breadcrumb\",\"itemListElement\":[{\"@type\":\"ListItem\",\"position\":1,\"name\":\"Home\",\"item\":\"https:\/\/barbootlegger.com\/fr\/\"},{\"@type\":\"ListItem\",\"position\":2,\"name\":\"Lancement officiel Luke Combs Sony Music\"}]},{\"@type\":\"WebSite\",\"@id\":\"https:\/\/barbootlegger.com\/#website\",\"url\":\"https:\/\/barbootlegger.com\/\",\"name\":\"Bar Bootlegger\",\"description\":\"Cocktail, Whisky &amp; Live band\",\"publisher\":{\"@id\":\"https:\/\/barbootlegger.com\/#organization\"},\"potentialAction\":[{\"@type\":\"SearchAction\",\"target\":{\"@type\":\"EntryPoint\",\"urlTemplate\":\"https:\/\/barbootlegger.com\/?s={search_term_string}\"},\"query-input\":{\"@type\":\"PropertyValueSpecification\",\"valueRequired\":true,\"valueName\":\"search_term_string\"}}],\"inLanguage\":\"fr-FR\"},{\"@type\":\"Organization\",\"@id\":\"https:\/\/barbootlegger.com\/#organization\",\"name\":\"Bar Bootlegger\",\"url\":\"https:\/\/barbootlegger.com\/\",\"logo\":{\"@type\":\"ImageObject\",\"inLanguage\":\"fr-FR\",\"@id\":\"https:\/\/barbootlegger.com\/#\/schema\/logo\/image\/\",\"url\":\"http:\/\/barbootlegger.com\/wp-content\/uploads\/2020\/08\/cropped-logoBootLaurent_fav.png\",\"contentUrl\":\"http:\/\/barbootlegger.com\/wp-content\/uploads\/2020\/08\/cropped-logoBootLaurent_fav.png\",\"width\":512,\"height\":512,\"caption\":\"Bar Bootlegger\"},\"image\":{\"@id\":\"https:\/\/barbootlegger.com\/#\/schema\/logo\/image\/\"},\"sameAs\":[\"https:\/\/www.facebook.com\/barbootlegger\",\"https:\/\/www.tiktok.com\/@bootleggercocktailbar\",\"https:\/\/twitter.com\/barbootlegger?lang=fr\",\"https:\/\/www.youtube.com\/@bootleggerlauthentique2961\",\"https:\/\/www.instagram.com\/bootleggercocktailbar\/\"]}]}<\/script>\n<!-- \/ Yoast SEO plugin. -->","yoast_head_json":{"title":"luke-combs-sony-music-launch-montreal","description":"D\u00e9couvrez le lancement officiel Luke Combs x Sony Music au Bootlegger Montr\u00e9al. Musique live, moments exclusifs, cocktails et une soir\u00e9e inoubliable dans une ambiance speakeasy unique.","robots":{"index":"index","follow":"follow","max-snippet":"max-snippet:-1","max-image-preview":"max-image-preview:large","max-video-preview":"max-video-preview:-1"},"canonical":"https:\/\/barbootlegger.com\/fr\/luke-combs-sony-music-lancement-montreal\/","og_locale":"fr_FR","og_type":"article","og_title":"luke-combs-sony-music-launch-montreal","og_description":"D\u00e9couvrez le lancement officiel Luke Combs x Sony Music au Bootlegger Montr\u00e9al. Musique live, moments exclusifs, cocktails et une soir\u00e9e inoubliable dans une ambiance speakeasy unique.","og_url":"https:\/\/barbootlegger.com\/fr\/luke-combs-sony-music-lancement-montreal\/","og_site_name":"Bootlegger Cocktail Bar &amp; Cuisine Montreal","article_publisher":"https:\/\/www.facebook.com\/barbootlegger","article_modified_time":"2026-04-10T21:46:47+00:00","og_image":[{"width":1024,"height":746,"url":"https:\/\/barbootlegger.com\/wp-content\/uploads\/2026\/04\/19032026-_MG_3196-1024x746.jpg","type":"image\/jpeg"}],"twitter_card":"summary_large_image","twitter_misc":{"Dur\u00e9e de lecture estim\u00e9e":"1 minute"},"schema":{"@context":"https:\/\/schema.org","@graph":[{"@type":"WebPage","@id":"https:\/\/barbootlegger.com\/fr\/luke-combs-sony-music-lancement-montreal\/","url":"https:\/\/barbootlegger.com\/fr\/luke-combs-sony-music-lancement-montreal\/","name":"luke-combs-sony-music-launch-montreal","isPartOf":{"@id":"https:\/\/barbootlegger.com\/#website"},"primaryImageOfPage":{"@id":"https:\/\/barbootlegger.com\/fr\/luke-combs-sony-music-lancement-montreal\/#primaryimage"},"image":{"@id":"https:\/\/barbootlegger.com\/fr\/luke-combs-sony-music-lancement-montreal\/#primaryimage"},"thumbnailUrl":"https:\/\/barbootlegger.com\/wp-content\/uploads\/2026\/04\/19032026-_MG_3196.jpg","datePublished":"2026-04-10T21:41:50+00:00","dateModified":"2026-04-10T21:46:47+00:00","description":"D\u00e9couvrez le lancement officiel Luke Combs x Sony Music au Bootlegger Montr\u00e9al. Musique live, moments exclusifs, cocktails et une soir\u00e9e inoubliable dans une ambiance speakeasy unique.","breadcrumb":{"@id":"https:\/\/barbootlegger.com\/fr\/luke-combs-sony-music-lancement-montreal\/#breadcrumb"},"inLanguage":"fr-FR","potentialAction":[{"@type":"ReadAction","target":["https:\/\/barbootlegger.com\/fr\/luke-combs-sony-music-lancement-montreal\/"]}]},{"@type":"ImageObject","inLanguage":"fr-FR","@id":"https:\/\/barbootlegger.com\/fr\/luke-combs-sony-music-lancement-montreal\/#primaryimage","url":"https:\/\/barbootlegger.com\/wp-content\/uploads\/2026\/04\/19032026-_MG_3196.jpg","contentUrl":"https:\/\/barbootlegger.com\/wp-content\/uploads\/2026\/04\/19032026-_MG_3196.jpg","width":1920,"height":1398},{"@type":"BreadcrumbList","@id":"https:\/\/barbootlegger.com\/fr\/luke-combs-sony-music-lancement-montreal\/#breadcrumb","itemListElement":[{"@type":"ListItem","position":1,"name":"Home","item":"https:\/\/barbootlegger.com\/fr\/"},{"@type":"ListItem","position":2,"name":"Lancement officiel Luke Combs Sony Music"}]},{"@type":"WebSite","@id":"https:\/\/barbootlegger.com\/#website","url":"https:\/\/barbootlegger.com\/","name":"Bar Bootlegger","description":"Cocktail, Whisky &amp; Live band","publisher":{"@id":"https:\/\/barbootlegger.com\/#organization"},"potentialAction":[{"@type":"SearchAction","target":{"@type":"EntryPoint","urlTemplate":"https:\/\/barbootlegger.com\/?s={search_term_string}"},"query-input":{"@type":"PropertyValueSpecification","valueRequired":true,"valueName":"search_term_string"}}],"inLanguage":"fr-FR"},{"@type":"Organization","@id":"https:\/\/barbootlegger.com\/#organization","name":"Bar Bootlegger","url":"https:\/\/barbootlegger.com\/","logo":{"@type":"ImageObject","inLanguage":"fr-FR","@id":"https:\/\/barbootlegger.com\/#\/schema\/logo\/image\/","url":"http:\/\/barbootlegger.com\/wp-content\/uploads\/2020\/08\/cropped-logoBootLaurent_fav.png","contentUrl":"http:\/\/barbootlegger.com\/wp-content\/uploads\/2020\/08\/cropped-logoBootLaurent_fav.png","width":512,"height":512,"caption":"Bar Bootlegger"},"image":{"@id":"https:\/\/barbootlegger.com\/#\/schema\/logo\/image\/"},"sameAs":["https:\/\/www.facebook.com\/barbootlegger","https:\/\/www.tiktok.com\/@bootleggercocktailbar","https:\/\/twitter.com\/barbootlegger?lang=fr","https:\/\/www.youtube.com\/@bootleggerlauthentique2961","https:\/\/www.instagram.com\/bootleggercocktailbar\/"]}]}},"_links":{"self":[{"href":"https:\/\/barbootlegger.com\/fr\/wp-json\/wp\/v2\/pages\/17921","targetHints":{"allow":["GET"]}}],"collection":[{"href":"https:\/\/barbootlegger.com\/fr\/wp-json\/wp\/v2\/pages"}],"about":[{"href":"https:\/\/barbootlegger.com\/fr\/wp-json\/wp\/v2\/types\/page"}],"author":[{"embeddable":true,"href":"https:\/\/barbootlegger.com\/fr\/wp-json\/wp\/v2\/users\/293"}],"replies":[{"embeddable":true,"href":"https:\/\/barbootlegger.com\/fr\/wp-json\/wp\/v2\/comments?post=17921"}],"version-history":[{"count":5,"href":"https:\/\/barbootlegger.com\/fr\/wp-json\/wp\/v2\/pages\/17921\/revisions"}],"predecessor-version":[{"id":17926,"href":"https:\/\/barbootlegger.com\/fr\/wp-json\/wp\/v2\/pages\/17921\/revisions\/17926"}],"wp:featuredmedia":[{"embeddable":true,"href":"https:\/\/barbootlegger.com\/fr\/wp-json\/wp\/v2\/media\/17884"}],"wp:attachment":[{"href":"https:\/\/barbootlegger.com\/fr\/wp-json\/wp\/v2\/media?parent=17921"}],"curies":[{"name":"wp","href":"https:\/\/api.w.org\/{rel}","templated":true}]}}