{"id":16266,"date":"2025-12-15T18:12:49","date_gmt":"2025-12-15T23:12:49","guid":{"rendered":"https:\/\/barbootlegger.com\/hendricks-gin-at-bootlegger\/"},"modified":"2025-12-16T11:57:49","modified_gmt":"2025-12-16T16:57:49","slug":"hendricks-gin-at-bootlegger","status":"publish","type":"page","link":"https:\/\/barbootlegger.com\/fr\/hendricks-gin-at-bootlegger\/","title":{"rendered":"Hendrick\u2019s Gin at Bootlegger"},"content":{"rendered":"<div class=\"wpb-content-wrapper\"><p>[vc_row][vc_column][vc_empty_space height=\u00a0\u00bb80px\u00a0\u00bb][\/vc_column][\/vc_row][vc_row][vc_column]<div class=\"eltdf-section-title-holder    \" style=\"text-align: center\">\n\t<div class=\"eltdf-st-inner\">\n        \t\t            <div class=\"eltdf-st-title-holder\">\n                                    <div class=\"decor\"><svg xmlns=\"http:\/\/www.w3.org\/2000\/svg\" width=\"41.125\" height=\"9.146\">\n                            <path fill=\"none\" stroke=\"#9C7C57\" stroke-miterlimit=\"10\" d=\"M40.881 8.576L20.562.591.244 8.576\"\/>\n                            <path fill=\"none\" stroke=\"#9C7C57\" stroke-miterlimit=\"10\" d=\"M40.881.591L20.562 8.576.243.591\"\/>\n                        <\/svg><\/div>\n                                <h2 class=\"eltdf-st-title\" >\n                    Album Hendrick\u2019s Gin at Bootlegger                <\/h2>\n                                    <div class=\"decor\"><svg xmlns=\"http:\/\/www.w3.org\/2000\/svg\" width=\"41.125\" height=\"9.146\">\n                            <path fill=\"none\" stroke=\"#9C7C57\" stroke-miterlimit=\"10\" d=\"M40.881 8.576L20.562.591.244 8.576\"\/>\n                            <path fill=\"none\" stroke=\"#9C7C57\" stroke-miterlimit=\"10\" d=\"M40.881.591L20.562 8.576.243.591\"\/>\n                        <\/svg><\/div>\n                            <\/div>\n\t\t\t\t\t\t\t<\/div>\n<\/div>[vc_column_text css=\u00a0\u00bb\u00a0\u00bb]<\/p>\n<p style=\"text-align: center;\">Un immense merci \u00e0 tous ceux qui ont plong\u00e9 avec nous dans l\u2019univers d\u00e9jant\u00e9 et botanique d\u2019Hendrick\u2019s Gin ! \ud83c\udf78<\/p>\n<p style=\"text-align: center;\">Un merci tout particulier \u00e0 J-Max Gigu\u00e8re, pour sa pr\u00e9sence exceptionnelle derri\u00e8re notre bar et pour avoir rendu la soir\u00e9e encore plus m\u00e9morable. \ud83e\udd52\u2728<\/p>\n<p style=\"text-align: center;\">Votre \u00e9nergie et vos sourires ont fait de cette soir\u00e9e un moment inoubliable. \u00c0 tr\u00e8s bient\u00f4t pour de nouvelles aventures au Bootlegger !<\/p>\n<p>[\/vc_column_text][\/vc_column][\/vc_row][vc_row][vc_column][vc_empty_space height=\u00a0\u00bb50px\u00a0\u00bb][\/vc_column][\/vc_row][vc_row][vc_column]<div class=\"eltdf-elements-holder   eltdf-one-column  eltdf-responsive-mode-768  \" ><div class=\"eltdf-eh-item   eltdf-horizontal-alignment-center \"  data-item-class=\"eltdf-eh-custom-4882\">\n\t<div class=\"eltdf-eh-item-inner\">\n\t\t<div class=\"eltdf-eh-item-content eltdf-eh-custom-4882\" style=\"padding: 20\">\n\t\t\t<a itemprop=\"url\" href=\"https:\/\/hendricksgin.com\/en-CA\/\" target=\"_blank\"  class=\"eltdf-btn eltdf-btn-medium eltdf-btn-solid\"  >\n        <span class=\"eltdf-btn-text\">En savoir plus sur le gin Hendrick&#039;s<\/span>\n        <\/a>\t\t<\/div>\n\t<\/div>\n<\/div><\/div>[\/vc_column][\/vc_row][vc_row][vc_column][vc_empty_space height=\u00a0\u00bb50px\u00a0\u00bb][\/vc_column][\/vc_row][vc_row][vc_column][vc_single_image image=\u00a0\u00bb16250&Prime; img_size=\u00a0\u00bbfull\u00a0\u00bb alignment=\u00a0\u00bbcenter\u00a0\u00bb css=\u00a0\u00bb\u00a0\u00bb][\/vc_column][\/vc_row][vc_row][vc_column]<div class=\"eltdf-elements-holder   eltdf-one-column  eltdf-responsive-mode-768  \" ><div class=\"eltdf-eh-item    \"  data-item-class=\"eltdf-eh-custom-2703\">\n\t<div class=\"eltdf-eh-item-inner\">\n\t\t<div class=\"eltdf-eh-item-content eltdf-eh-custom-2703\" style=\"padding: 20\">\n\t\t\t[vc_empty_space height=\u00a0\u00bb80px\u00a0\u00bb]\t\t<\/div>\n\t<\/div>\n<\/div><\/div>[\/vc_column][\/vc_row][vc_row][vc_column]<div class=\"eltdf-elements-holder   eltdf-one-column  eltdf-responsive-mode-768  \" ><div class=\"eltdf-eh-item   eltdf-horizontal-alignment-center \"  data-item-class=\"eltdf-eh-custom-6488\">\n\t<div class=\"eltdf-eh-item-inner\">\n\t\t<div class=\"eltdf-eh-item-content eltdf-eh-custom-6488\" style=\"padding: 20\">\n\t\t\t[vc_gallery type=\u00a0\u00bbimage_grid\u00a0\u00bb images=\u00a0\u00bb16256,16258,16260,16250,16262,16285,16287,16289,16291&Prime; css=\u00a0\u00bb\u00a0\u00bb][vc_column_text css=\u00a0\u00bb\u00a0\u00bb]Pictures by :\u00a0 Chris Desjardins[\/vc_column_text]\t\t<\/div>\n\t<\/div>\n<\/div><\/div>[\/vc_column][\/vc_row][vc_row][vc_column]<div class=\"eltdf-elements-holder   eltdf-one-column  eltdf-responsive-mode-768  \" ><div class=\"eltdf-eh-item    \"  data-item-class=\"eltdf-eh-custom-5576\">\n\t<div class=\"eltdf-eh-item-inner\">\n\t\t<div class=\"eltdf-eh-item-content eltdf-eh-custom-5576\" style=\"padding: 20\">\n\t\t\t[vc_empty_space height=\u00a0\u00bb80px\u00a0\u00bb]\t\t<\/div>\n\t<\/div>\n<\/div><\/div>[\/vc_column][\/vc_row][vc_row][vc_column width=\u00a0\u00bb1\/3&Prime;][vc_facebook][\/vc_column][vc_column width=\u00a0\u00bb1\/3&Prime;][vc_tweetmeme][\/vc_column][vc_column width=\u00a0\u00bb1\/3&Prime;][vc_pinterest][\/vc_column][\/vc_row]<\/p>\n<\/div>","protected":false},"excerpt":{"rendered":"<p>[vc_row][vc_column][vc_empty_space height=\u00a0\u00bb80px\u00a0\u00bb][\/vc_column][\/vc_row][vc_row][vc_column][vc_column_text css=\u00a0\u00bb\u00a0\u00bb] Un immense merci \u00e0 tous ceux qui ont plong\u00e9 avec nous dans l\u2019univers d\u00e9jant\u00e9 et botanique d\u2019Hendrick\u2019s Gin ! \ud83c\udf78 Un merci tout particulier \u00e0 J-Max Gigu\u00e8re, pour sa pr\u00e9sence exceptionnelle derri\u00e8re notre bar et pour avoir rendu la soir\u00e9e encore plus m\u00e9morable. \ud83e\udd52\u2728 Votre \u00e9nergie et vos sourires ont fait de cette soir\u00e9e un moment inoubliable. [&hellip;]<\/p>\n","protected":false},"author":293,"featured_media":16250,"parent":0,"menu_order":0,"comment_status":"closed","ping_status":"closed","template":"","meta":{"_acf_changed":false,"footnotes":""},"class_list":["post-16266","page","type-page","status-publish","has-post-thumbnail","hentry"],"acf":[],"yoast_head":"<!-- This site is optimized with the Yoast SEO plugin v27.0 - https:\/\/yoast.com\/product\/yoast-seo-wordpress\/ -->\n<title>Cirka Raspberry Cranberry Vodka Launch Album | Bootlegger Montreal<\/title>\n<meta name=\"description\" content=\"Explore the Cirka Raspberry Cranberry Vodka launch at Bootlegger Montreal. Behind-the-scenes photos, cocktails, and unforgettable moments from this special event.\" \/>\n<meta name=\"robots\" content=\"index, follow, max-snippet:-1, max-image-preview:large, max-video-preview:-1\" \/>\n<link rel=\"canonical\" href=\"https:\/\/barbootlegger.com\/fr\/hendricks-gin-at-bootlegger\/\" \/>\n<meta property=\"og:locale\" content=\"fr_FR\" \/>\n<meta property=\"og:type\" content=\"article\" \/>\n<meta property=\"og:title\" content=\"Cirka Raspberry Cranberry Vodka Launch Album | Bootlegger Montreal\" \/>\n<meta property=\"og:description\" content=\"Explore the Cirka Raspberry Cranberry Vodka launch at Bootlegger Montreal. Behind-the-scenes photos, cocktails, and unforgettable moments from this special event.\" \/>\n<meta property=\"og:url\" content=\"https:\/\/barbootlegger.com\/fr\/hendricks-gin-at-bootlegger\/\" \/>\n<meta property=\"og:site_name\" content=\"Bootlegger Cocktail Bar &amp; Cuisine Montreal\" \/>\n<meta property=\"article:publisher\" content=\"https:\/\/www.facebook.com\/barbootlegger\" \/>\n<meta property=\"article:modified_time\" content=\"2025-12-16T16:57:49+00:00\" \/>\n<meta property=\"og:image\" content=\"https:\/\/barbootlegger.com\/wp-content\/uploads\/2025\/12\/IMG_7709-scaled.jpg\" \/>\n\t<meta property=\"og:image:width\" content=\"2258\" \/>\n\t<meta property=\"og:image:height\" content=\"2560\" \/>\n\t<meta property=\"og:image:type\" content=\"image\/jpeg\" \/>\n<meta name=\"twitter:card\" content=\"summary_large_image\" \/>\n<meta name=\"twitter:label1\" content=\"Dur\u00e9e de lecture estim\u00e9e\" \/>\n\t<meta name=\"twitter:data1\" content=\"1 minute\" \/>\n<script type=\"application\/ld+json\" class=\"yoast-schema-graph\">{\"@context\":\"https:\/\/schema.org\",\"@graph\":[{\"@type\":\"WebPage\",\"@id\":\"https:\/\/barbootlegger.com\/fr\/hendricks-gin-at-bootlegger\/\",\"url\":\"https:\/\/barbootlegger.com\/fr\/hendricks-gin-at-bootlegger\/\",\"name\":\"Cirka Raspberry Cranberry Vodka Launch Album | Bootlegger Montreal\",\"isPartOf\":{\"@id\":\"https:\/\/barbootlegger.com\/#website\"},\"primaryImageOfPage\":{\"@id\":\"https:\/\/barbootlegger.com\/fr\/hendricks-gin-at-bootlegger\/#primaryimage\"},\"image\":{\"@id\":\"https:\/\/barbootlegger.com\/fr\/hendricks-gin-at-bootlegger\/#primaryimage\"},\"thumbnailUrl\":\"https:\/\/barbootlegger.com\/wp-content\/uploads\/2025\/12\/IMG_7709-scaled.jpg\",\"datePublished\":\"2025-12-15T23:12:49+00:00\",\"dateModified\":\"2025-12-16T16:57:49+00:00\",\"description\":\"Explore the Cirka Raspberry Cranberry Vodka launch at Bootlegger Montreal. Behind-the-scenes photos, cocktails, and unforgettable moments from this special event.\",\"breadcrumb\":{\"@id\":\"https:\/\/barbootlegger.com\/fr\/hendricks-gin-at-bootlegger\/#breadcrumb\"},\"inLanguage\":\"fr-FR\",\"potentialAction\":[{\"@type\":\"ReadAction\",\"target\":[\"https:\/\/barbootlegger.com\/fr\/hendricks-gin-at-bootlegger\/\"]}]},{\"@type\":\"ImageObject\",\"inLanguage\":\"fr-FR\",\"@id\":\"https:\/\/barbootlegger.com\/fr\/hendricks-gin-at-bootlegger\/#primaryimage\",\"url\":\"https:\/\/barbootlegger.com\/wp-content\/uploads\/2025\/12\/IMG_7709-scaled.jpg\",\"contentUrl\":\"https:\/\/barbootlegger.com\/wp-content\/uploads\/2025\/12\/IMG_7709-scaled.jpg\",\"width\":2258,\"height\":2560},{\"@type\":\"BreadcrumbList\",\"@id\":\"https:\/\/barbootlegger.com\/fr\/hendricks-gin-at-bootlegger\/#breadcrumb\",\"itemListElement\":[{\"@type\":\"ListItem\",\"position\":1,\"name\":\"Home\",\"item\":\"https:\/\/barbootlegger.com\/fr\/\"},{\"@type\":\"ListItem\",\"position\":2,\"name\":\"Hendrick\u2019s Gin at Bootlegger\"}]},{\"@type\":\"WebSite\",\"@id\":\"https:\/\/barbootlegger.com\/#website\",\"url\":\"https:\/\/barbootlegger.com\/\",\"name\":\"Bar Bootlegger\",\"description\":\"Cocktail, Whisky &amp; Live band\",\"publisher\":{\"@id\":\"https:\/\/barbootlegger.com\/#organization\"},\"potentialAction\":[{\"@type\":\"SearchAction\",\"target\":{\"@type\":\"EntryPoint\",\"urlTemplate\":\"https:\/\/barbootlegger.com\/?s={search_term_string}\"},\"query-input\":{\"@type\":\"PropertyValueSpecification\",\"valueRequired\":true,\"valueName\":\"search_term_string\"}}],\"inLanguage\":\"fr-FR\"},{\"@type\":\"Organization\",\"@id\":\"https:\/\/barbootlegger.com\/#organization\",\"name\":\"Bar Bootlegger\",\"url\":\"https:\/\/barbootlegger.com\/\",\"logo\":{\"@type\":\"ImageObject\",\"inLanguage\":\"fr-FR\",\"@id\":\"https:\/\/barbootlegger.com\/#\/schema\/logo\/image\/\",\"url\":\"http:\/\/barbootlegger.com\/wp-content\/uploads\/2020\/08\/cropped-logoBootLaurent_fav.png\",\"contentUrl\":\"http:\/\/barbootlegger.com\/wp-content\/uploads\/2020\/08\/cropped-logoBootLaurent_fav.png\",\"width\":512,\"height\":512,\"caption\":\"Bar Bootlegger\"},\"image\":{\"@id\":\"https:\/\/barbootlegger.com\/#\/schema\/logo\/image\/\"},\"sameAs\":[\"https:\/\/www.facebook.com\/barbootlegger\",\"https:\/\/www.tiktok.com\/@bootleggercocktailbar\",\"https:\/\/twitter.com\/barbootlegger?lang=fr\",\"https:\/\/www.youtube.com\/@bootleggerlauthentique2961\",\"https:\/\/www.instagram.com\/bootleggercocktailbar\/\"]}]}<\/script>\n<!-- \/ Yoast SEO plugin. -->","yoast_head_json":{"title":"Cirka Raspberry Cranberry Vodka Launch Album | Bootlegger Montreal","description":"Explore the Cirka Raspberry Cranberry Vodka launch at Bootlegger Montreal. Behind-the-scenes photos, cocktails, and unforgettable moments from this special event.","robots":{"index":"index","follow":"follow","max-snippet":"max-snippet:-1","max-image-preview":"max-image-preview:large","max-video-preview":"max-video-preview:-1"},"canonical":"https:\/\/barbootlegger.com\/fr\/hendricks-gin-at-bootlegger\/","og_locale":"fr_FR","og_type":"article","og_title":"Cirka Raspberry Cranberry Vodka Launch Album | Bootlegger Montreal","og_description":"Explore the Cirka Raspberry Cranberry Vodka launch at Bootlegger Montreal. Behind-the-scenes photos, cocktails, and unforgettable moments from this special event.","og_url":"https:\/\/barbootlegger.com\/fr\/hendricks-gin-at-bootlegger\/","og_site_name":"Bootlegger Cocktail Bar &amp; Cuisine Montreal","article_publisher":"https:\/\/www.facebook.com\/barbootlegger","article_modified_time":"2025-12-16T16:57:49+00:00","og_image":[{"width":2258,"height":2560,"url":"https:\/\/barbootlegger.com\/wp-content\/uploads\/2025\/12\/IMG_7709-scaled.jpg","type":"image\/jpeg"}],"twitter_card":"summary_large_image","twitter_misc":{"Dur\u00e9e de lecture estim\u00e9e":"1 minute"},"schema":{"@context":"https:\/\/schema.org","@graph":[{"@type":"WebPage","@id":"https:\/\/barbootlegger.com\/fr\/hendricks-gin-at-bootlegger\/","url":"https:\/\/barbootlegger.com\/fr\/hendricks-gin-at-bootlegger\/","name":"Cirka Raspberry Cranberry Vodka Launch Album | Bootlegger Montreal","isPartOf":{"@id":"https:\/\/barbootlegger.com\/#website"},"primaryImageOfPage":{"@id":"https:\/\/barbootlegger.com\/fr\/hendricks-gin-at-bootlegger\/#primaryimage"},"image":{"@id":"https:\/\/barbootlegger.com\/fr\/hendricks-gin-at-bootlegger\/#primaryimage"},"thumbnailUrl":"https:\/\/barbootlegger.com\/wp-content\/uploads\/2025\/12\/IMG_7709-scaled.jpg","datePublished":"2025-12-15T23:12:49+00:00","dateModified":"2025-12-16T16:57:49+00:00","description":"Explore the Cirka Raspberry Cranberry Vodka launch at Bootlegger Montreal. Behind-the-scenes photos, cocktails, and unforgettable moments from this special event.","breadcrumb":{"@id":"https:\/\/barbootlegger.com\/fr\/hendricks-gin-at-bootlegger\/#breadcrumb"},"inLanguage":"fr-FR","potentialAction":[{"@type":"ReadAction","target":["https:\/\/barbootlegger.com\/fr\/hendricks-gin-at-bootlegger\/"]}]},{"@type":"ImageObject","inLanguage":"fr-FR","@id":"https:\/\/barbootlegger.com\/fr\/hendricks-gin-at-bootlegger\/#primaryimage","url":"https:\/\/barbootlegger.com\/wp-content\/uploads\/2025\/12\/IMG_7709-scaled.jpg","contentUrl":"https:\/\/barbootlegger.com\/wp-content\/uploads\/2025\/12\/IMG_7709-scaled.jpg","width":2258,"height":2560},{"@type":"BreadcrumbList","@id":"https:\/\/barbootlegger.com\/fr\/hendricks-gin-at-bootlegger\/#breadcrumb","itemListElement":[{"@type":"ListItem","position":1,"name":"Home","item":"https:\/\/barbootlegger.com\/fr\/"},{"@type":"ListItem","position":2,"name":"Hendrick\u2019s Gin at Bootlegger"}]},{"@type":"WebSite","@id":"https:\/\/barbootlegger.com\/#website","url":"https:\/\/barbootlegger.com\/","name":"Bar Bootlegger","description":"Cocktail, Whisky &amp; Live band","publisher":{"@id":"https:\/\/barbootlegger.com\/#organization"},"potentialAction":[{"@type":"SearchAction","target":{"@type":"EntryPoint","urlTemplate":"https:\/\/barbootlegger.com\/?s={search_term_string}"},"query-input":{"@type":"PropertyValueSpecification","valueRequired":true,"valueName":"search_term_string"}}],"inLanguage":"fr-FR"},{"@type":"Organization","@id":"https:\/\/barbootlegger.com\/#organization","name":"Bar Bootlegger","url":"https:\/\/barbootlegger.com\/","logo":{"@type":"ImageObject","inLanguage":"fr-FR","@id":"https:\/\/barbootlegger.com\/#\/schema\/logo\/image\/","url":"http:\/\/barbootlegger.com\/wp-content\/uploads\/2020\/08\/cropped-logoBootLaurent_fav.png","contentUrl":"http:\/\/barbootlegger.com\/wp-content\/uploads\/2020\/08\/cropped-logoBootLaurent_fav.png","width":512,"height":512,"caption":"Bar Bootlegger"},"image":{"@id":"https:\/\/barbootlegger.com\/#\/schema\/logo\/image\/"},"sameAs":["https:\/\/www.facebook.com\/barbootlegger","https:\/\/www.tiktok.com\/@bootleggercocktailbar","https:\/\/twitter.com\/barbootlegger?lang=fr","https:\/\/www.youtube.com\/@bootleggerlauthentique2961","https:\/\/www.instagram.com\/bootleggercocktailbar\/"]}]}},"_links":{"self":[{"href":"https:\/\/barbootlegger.com\/fr\/wp-json\/wp\/v2\/pages\/16266","targetHints":{"allow":["GET"]}}],"collection":[{"href":"https:\/\/barbootlegger.com\/fr\/wp-json\/wp\/v2\/pages"}],"about":[{"href":"https:\/\/barbootlegger.com\/fr\/wp-json\/wp\/v2\/types\/page"}],"author":[{"embeddable":true,"href":"https:\/\/barbootlegger.com\/fr\/wp-json\/wp\/v2\/users\/293"}],"replies":[{"embeddable":true,"href":"https:\/\/barbootlegger.com\/fr\/wp-json\/wp\/v2\/comments?post=16266"}],"version-history":[{"count":4,"href":"https:\/\/barbootlegger.com\/fr\/wp-json\/wp\/v2\/pages\/16266\/revisions"}],"predecessor-version":[{"id":16294,"href":"https:\/\/barbootlegger.com\/fr\/wp-json\/wp\/v2\/pages\/16266\/revisions\/16294"}],"wp:featuredmedia":[{"embeddable":true,"href":"https:\/\/barbootlegger.com\/fr\/wp-json\/wp\/v2\/media\/16250"}],"wp:attachment":[{"href":"https:\/\/barbootlegger.com\/fr\/wp-json\/wp\/v2\/media?parent=16266"}],"curies":[{"name":"wp","href":"https:\/\/api.w.org\/{rel}","templated":true}]}}