{"id":15926,"date":"2025-12-04T14:48:41","date_gmt":"2025-12-04T19:48:41","guid":{"rendered":"https:\/\/barbootlegger.com\/cirka-x-bootlegger\/"},"modified":"2025-12-04T15:12:53","modified_gmt":"2025-12-04T20:12:53","slug":"cirka-x-bootlegger","status":"publish","type":"page","link":"https:\/\/barbootlegger.com\/fr\/cirka-x-bootlegger\/","title":{"rendered":"Cirka x Bootlegger"},"content":{"rendered":"<div class=\"wpb-content-wrapper\"><p>[vc_row][vc_column][vc_empty_space height=\u00a0\u00bb80px\u00a0\u00bb][\/vc_column][\/vc_row][vc_row][vc_column]<div class=\"eltdf-section-title-holder    \" style=\"text-align: center\">\n\t<div class=\"eltdf-st-inner\">\n        \t\t            <div class=\"eltdf-st-title-holder\">\n                                    <div class=\"decor\"><svg xmlns=\"http:\/\/www.w3.org\/2000\/svg\" width=\"41.125\" height=\"9.146\">\n                            <path fill=\"none\" stroke=\"#9C7C57\" stroke-miterlimit=\"10\" d=\"M40.881 8.576L20.562.591.244 8.576\"\/>\n                            <path fill=\"none\" stroke=\"#9C7C57\" stroke-miterlimit=\"10\" d=\"M40.881.591L20.562 8.576.243.591\"\/>\n                        <\/svg><\/div>\n                                <h1 class=\"eltdf-st-title\" >\n                    Lancement de la nouvelle Vodka Framboise Canneberge au Bootlegger                <\/h1>\n                                    <div class=\"decor\"><svg xmlns=\"http:\/\/www.w3.org\/2000\/svg\" width=\"41.125\" height=\"9.146\">\n                            <path fill=\"none\" stroke=\"#9C7C57\" stroke-miterlimit=\"10\" d=\"M40.881 8.576L20.562.591.244 8.576\"\/>\n                            <path fill=\"none\" stroke=\"#9C7C57\" stroke-miterlimit=\"10\" d=\"M40.881.591L20.562 8.576.243.591\"\/>\n                        <\/svg><\/div>\n                            <\/div>\n\t\t\t\t\t\t\t<p class=\"eltdf-st-text\" >\n\t\t\t\tMerci, Cirka !<br \/>\nQuelle soir\u00e9e de lancement inoubliable pour la Vodka Framboise Canneberge au Bootlegger. Nous sommes sinc\u00e8rement reconnaissants envers toute l\u2019\u00e9quipe de Cirka pour sa confiance et pour avoir partag\u00e9 sa passion, son histoire et son produit exceptionnel avec nos invit\u00e9s.<br \/>\nCe fut un honneur de mettre en valeur un spiritueux aussi unique, fi\u00e8rement qu\u00e9b\u00e9cois, derri\u00e8re notre bar.<br \/>\nUn immense merci \u00e0 toutes les personnes pr\u00e9sentes \u2014 votre \u00e9nergie a rendu cette soir\u00e9e m\u00e9morable. Sant\u00e9 ! \ud83c\udf78\u2728<br \/>\n\u2014 L\u2019\u00e9quipe Bootlegger\t\t\t<\/p>\n\t\t\t\t\t<\/div>\n<\/div>[\/vc_column][\/vc_row][vc_row][vc_column][vc_empty_space height=\u00a0\u00bb50px\u00a0\u00bb][\/vc_column][\/vc_row][vc_row][vc_column]<div class=\"eltdf-elements-holder   eltdf-one-column  eltdf-responsive-mode-768  \" ><div class=\"eltdf-eh-item   eltdf-horizontal-alignment-center \"  data-item-class=\"eltdf-eh-custom-6664\">\n\t<div class=\"eltdf-eh-item-inner\">\n\t\t<div class=\"eltdf-eh-item-content eltdf-eh-custom-6664\" style=\"padding: 20\">\n\t\t\t<a itemprop=\"url\" href=\"https:\/\/fove.co\/\" target=\"_blank\"  class=\"eltdf-btn eltdf-btn-medium eltdf-btn-solid\"  >\n        <span class=\"eltdf-btn-text\">Learn more about Fove<\/span>\n        <\/a>\t\t<\/div>\n\t<\/div>\n<\/div><\/div>[\/vc_column][\/vc_row][vc_row][vc_column][vc_empty_space height=\u00a0\u00bb50px\u00a0\u00bb][\/vc_column][\/vc_row][vc_row][vc_column][vc_single_image image=\u00a0\u00bb15809&Prime; img_size=\u00a0\u00bbfull\u00a0\u00bb alignment=\u00a0\u00bbcenter\u00a0\u00bb css=\u00a0\u00bb\u00a0\u00bb][\/vc_column][\/vc_row][vc_row][vc_column]<div class=\"eltdf-elements-holder   eltdf-one-column  eltdf-responsive-mode-768  \" ><div class=\"eltdf-eh-item    \"  data-item-class=\"eltdf-eh-custom-4281\">\n\t<div class=\"eltdf-eh-item-inner\">\n\t\t<div class=\"eltdf-eh-item-content eltdf-eh-custom-4281\" style=\"padding: 20\">\n\t\t\t[vc_empty_space height=\u00a0\u00bb80px\u00a0\u00bb]\t\t<\/div>\n\t<\/div>\n<\/div><\/div>[\/vc_column][\/vc_row][vc_row][vc_column]<div class=\"eltdf-elements-holder   eltdf-one-column  eltdf-responsive-mode-768  \" ><div class=\"eltdf-eh-item   eltdf-horizontal-alignment-center \"  data-item-class=\"eltdf-eh-custom-8441\">\n\t<div class=\"eltdf-eh-item-inner\">\n\t\t<div class=\"eltdf-eh-item-content eltdf-eh-custom-8441\" style=\"padding: 20\">\n\t\t\t[vc_gallery type=\u00a0\u00bbimage_grid\u00a0\u00bb images=\u00a0\u00bb15811,15809,15547,15551,15898,15904,15906,15908,15910,15912,15914,15916,15900,15902,15918,15920,15922,15924,15938,15940,15942&Prime; css=\u00a0\u00bb\u00a0\u00bb][vc_column_text]Pictures by : Jean Desjardins[\/vc_column_text]\t\t<\/div>\n\t<\/div>\n<\/div><\/div>[\/vc_column][\/vc_row][vc_row][vc_column]<div class=\"eltdf-elements-holder   eltdf-one-column  eltdf-responsive-mode-768  \" ><div class=\"eltdf-eh-item    \"  data-item-class=\"eltdf-eh-custom-9046\">\n\t<div class=\"eltdf-eh-item-inner\">\n\t\t<div class=\"eltdf-eh-item-content eltdf-eh-custom-9046\" style=\"padding: 20\">\n\t\t\t[vc_empty_space height=\u00a0\u00bb80px\u00a0\u00bb]\t\t<\/div>\n\t<\/div>\n<\/div><\/div>[\/vc_column][\/vc_row][vc_row][vc_column width=\u00a0\u00bb1\/3&Prime;][vc_facebook][\/vc_column][vc_column width=\u00a0\u00bb1\/3&Prime;][vc_tweetmeme][\/vc_column][vc_column width=\u00a0\u00bb1\/3&Prime;][vc_pinterest][\/vc_column][\/vc_row]<\/p>\n<\/div>","protected":false},"excerpt":{"rendered":"<p>[vc_row][vc_column][vc_empty_space height=\u00a0\u00bb80px\u00a0\u00bb][\/vc_column][\/vc_row][vc_row][vc_column][\/vc_column][\/vc_row][vc_row][vc_column][vc_empty_space height=\u00a0\u00bb50px\u00a0\u00bb][\/vc_column][\/vc_row][vc_row][vc_column][\/vc_column][\/vc_row][vc_row][vc_column][vc_empty_space height=\u00a0\u00bb50px\u00a0\u00bb][\/vc_column][\/vc_row][vc_row][vc_column][vc_single_image image=\u00a0\u00bb15809&Prime; img_size=\u00a0\u00bbfull\u00a0\u00bb alignment=\u00a0\u00bbcenter\u00a0\u00bb css=\u00a0\u00bb\u00a0\u00bb][\/vc_column][\/vc_row][vc_row][vc_column][\/vc_column][\/vc_row][vc_row][vc_column][\/vc_column][\/vc_row][vc_row][vc_column][\/vc_column][\/vc_row][vc_row][vc_column width=\u00a0\u00bb1\/3&Prime;][vc_facebook][\/vc_column][vc_column width=\u00a0\u00bb1\/3&Prime;][vc_tweetmeme][\/vc_column][vc_column width=\u00a0\u00bb1\/3&Prime;][vc_pinterest][\/vc_column][\/vc_row]<\/p>\n","protected":false},"author":293,"featured_media":15904,"parent":0,"menu_order":0,"comment_status":"closed","ping_status":"closed","template":"","meta":{"_acf_changed":false,"footnotes":""},"class_list":["post-15926","page","type-page","status-publish","has-post-thumbnail","hentry"],"acf":[],"yoast_head":"<!-- This site is optimized with the Yoast SEO plugin v27.0 - https:\/\/yoast.com\/product\/yoast-seo-wordpress\/ -->\n<title>Guest Bartender with Christian Theodore and FOVE<\/title>\n<meta name=\"description\" content=\"On April 16, Christian Theodore, mixologist at Mal N\u00e9cessaire and ambassador of The Great Gentleman, creates 3 exclusive cocktails with Fove rum.\" \/>\n<meta name=\"robots\" content=\"index, follow, max-snippet:-1, max-image-preview:large, max-video-preview:-1\" \/>\n<link rel=\"canonical\" href=\"https:\/\/barbootlegger.com\/fr\/cirka-x-bootlegger\/\" \/>\n<meta property=\"og:locale\" content=\"fr_FR\" \/>\n<meta property=\"og:type\" content=\"article\" \/>\n<meta property=\"og:title\" content=\"Guest Bartender with Christian Theodore and FOVE\" \/>\n<meta property=\"og:description\" content=\"On April 16, Christian Theodore, mixologist at Mal N\u00e9cessaire and ambassador of The Great Gentleman, creates 3 exclusive cocktails with Fove rum.\" \/>\n<meta property=\"og:url\" content=\"https:\/\/barbootlegger.com\/fr\/cirka-x-bootlegger\/\" \/>\n<meta property=\"og:site_name\" content=\"Bootlegger Cocktail Bar &amp; Cuisine Montreal\" \/>\n<meta property=\"article:publisher\" content=\"https:\/\/www.facebook.com\/barbootlegger\" \/>\n<meta property=\"article:modified_time\" content=\"2025-12-04T20:12:53+00:00\" \/>\n<meta property=\"og:image\" content=\"https:\/\/barbootlegger.com\/wp-content\/uploads\/2025\/12\/1-27112025-_MG_8898-1024x683.jpg\" \/>\n\t<meta property=\"og:image:width\" content=\"1024\" \/>\n\t<meta property=\"og:image:height\" content=\"683\" \/>\n\t<meta property=\"og:image:type\" content=\"image\/jpeg\" \/>\n<meta name=\"twitter:card\" content=\"summary_large_image\" \/>\n<meta name=\"twitter:label1\" content=\"Dur\u00e9e de lecture estim\u00e9e\" \/>\n\t<meta name=\"twitter:data1\" content=\"1 minute\" \/>\n<script type=\"application\/ld+json\" class=\"yoast-schema-graph\">{\"@context\":\"https:\/\/schema.org\",\"@graph\":[{\"@type\":\"WebPage\",\"@id\":\"https:\/\/barbootlegger.com\/fr\/cirka-x-bootlegger\/\",\"url\":\"https:\/\/barbootlegger.com\/fr\/cirka-x-bootlegger\/\",\"name\":\"Guest Bartender with Christian Theodore and FOVE\",\"isPartOf\":{\"@id\":\"https:\/\/barbootlegger.com\/#website\"},\"primaryImageOfPage\":{\"@id\":\"https:\/\/barbootlegger.com\/fr\/cirka-x-bootlegger\/#primaryimage\"},\"image\":{\"@id\":\"https:\/\/barbootlegger.com\/fr\/cirka-x-bootlegger\/#primaryimage\"},\"thumbnailUrl\":\"https:\/\/barbootlegger.com\/wp-content\/uploads\/2025\/12\/1-27112025-_MG_8898.jpg\",\"datePublished\":\"2025-12-04T19:48:41+00:00\",\"dateModified\":\"2025-12-04T20:12:53+00:00\",\"description\":\"On April 16, Christian Theodore, mixologist at Mal N\u00e9cessaire and ambassador of The Great Gentleman, creates 3 exclusive cocktails with Fove rum.\",\"breadcrumb\":{\"@id\":\"https:\/\/barbootlegger.com\/fr\/cirka-x-bootlegger\/#breadcrumb\"},\"inLanguage\":\"fr-FR\",\"potentialAction\":[{\"@type\":\"ReadAction\",\"target\":[\"https:\/\/barbootlegger.com\/fr\/cirka-x-bootlegger\/\"]}]},{\"@type\":\"ImageObject\",\"inLanguage\":\"fr-FR\",\"@id\":\"https:\/\/barbootlegger.com\/fr\/cirka-x-bootlegger\/#primaryimage\",\"url\":\"https:\/\/barbootlegger.com\/wp-content\/uploads\/2025\/12\/1-27112025-_MG_8898.jpg\",\"contentUrl\":\"https:\/\/barbootlegger.com\/wp-content\/uploads\/2025\/12\/1-27112025-_MG_8898.jpg\",\"width\":1920,\"height\":1280},{\"@type\":\"BreadcrumbList\",\"@id\":\"https:\/\/barbootlegger.com\/fr\/cirka-x-bootlegger\/#breadcrumb\",\"itemListElement\":[{\"@type\":\"ListItem\",\"position\":1,\"name\":\"Home\",\"item\":\"https:\/\/barbootlegger.com\/fr\/\"},{\"@type\":\"ListItem\",\"position\":2,\"name\":\"Cirka x Bootlegger\"}]},{\"@type\":\"WebSite\",\"@id\":\"https:\/\/barbootlegger.com\/#website\",\"url\":\"https:\/\/barbootlegger.com\/\",\"name\":\"Bar Bootlegger\",\"description\":\"Cocktail, Whisky &amp; Live band\",\"publisher\":{\"@id\":\"https:\/\/barbootlegger.com\/#organization\"},\"potentialAction\":[{\"@type\":\"SearchAction\",\"target\":{\"@type\":\"EntryPoint\",\"urlTemplate\":\"https:\/\/barbootlegger.com\/?s={search_term_string}\"},\"query-input\":{\"@type\":\"PropertyValueSpecification\",\"valueRequired\":true,\"valueName\":\"search_term_string\"}}],\"inLanguage\":\"fr-FR\"},{\"@type\":\"Organization\",\"@id\":\"https:\/\/barbootlegger.com\/#organization\",\"name\":\"Bar Bootlegger\",\"url\":\"https:\/\/barbootlegger.com\/\",\"logo\":{\"@type\":\"ImageObject\",\"inLanguage\":\"fr-FR\",\"@id\":\"https:\/\/barbootlegger.com\/#\/schema\/logo\/image\/\",\"url\":\"http:\/\/barbootlegger.com\/wp-content\/uploads\/2020\/08\/cropped-logoBootLaurent_fav.png\",\"contentUrl\":\"http:\/\/barbootlegger.com\/wp-content\/uploads\/2020\/08\/cropped-logoBootLaurent_fav.png\",\"width\":512,\"height\":512,\"caption\":\"Bar Bootlegger\"},\"image\":{\"@id\":\"https:\/\/barbootlegger.com\/#\/schema\/logo\/image\/\"},\"sameAs\":[\"https:\/\/www.facebook.com\/barbootlegger\",\"https:\/\/www.tiktok.com\/@bootleggercocktailbar\",\"https:\/\/twitter.com\/barbootlegger?lang=fr\",\"https:\/\/www.youtube.com\/@bootleggerlauthentique2961\",\"https:\/\/www.instagram.com\/bootleggercocktailbar\/\"]}]}<\/script>\n<!-- \/ Yoast SEO plugin. -->","yoast_head_json":{"title":"Guest Bartender with Christian Theodore and FOVE","description":"On April 16, Christian Theodore, mixologist at Mal N\u00e9cessaire and ambassador of The Great Gentleman, creates 3 exclusive cocktails with Fove rum.","robots":{"index":"index","follow":"follow","max-snippet":"max-snippet:-1","max-image-preview":"max-image-preview:large","max-video-preview":"max-video-preview:-1"},"canonical":"https:\/\/barbootlegger.com\/fr\/cirka-x-bootlegger\/","og_locale":"fr_FR","og_type":"article","og_title":"Guest Bartender with Christian Theodore and FOVE","og_description":"On April 16, Christian Theodore, mixologist at Mal N\u00e9cessaire and ambassador of The Great Gentleman, creates 3 exclusive cocktails with Fove rum.","og_url":"https:\/\/barbootlegger.com\/fr\/cirka-x-bootlegger\/","og_site_name":"Bootlegger Cocktail Bar &amp; Cuisine Montreal","article_publisher":"https:\/\/www.facebook.com\/barbootlegger","article_modified_time":"2025-12-04T20:12:53+00:00","og_image":[{"width":1024,"height":683,"url":"https:\/\/barbootlegger.com\/wp-content\/uploads\/2025\/12\/1-27112025-_MG_8898-1024x683.jpg","type":"image\/jpeg"}],"twitter_card":"summary_large_image","twitter_misc":{"Dur\u00e9e de lecture estim\u00e9e":"1 minute"},"schema":{"@context":"https:\/\/schema.org","@graph":[{"@type":"WebPage","@id":"https:\/\/barbootlegger.com\/fr\/cirka-x-bootlegger\/","url":"https:\/\/barbootlegger.com\/fr\/cirka-x-bootlegger\/","name":"Guest Bartender with Christian Theodore and FOVE","isPartOf":{"@id":"https:\/\/barbootlegger.com\/#website"},"primaryImageOfPage":{"@id":"https:\/\/barbootlegger.com\/fr\/cirka-x-bootlegger\/#primaryimage"},"image":{"@id":"https:\/\/barbootlegger.com\/fr\/cirka-x-bootlegger\/#primaryimage"},"thumbnailUrl":"https:\/\/barbootlegger.com\/wp-content\/uploads\/2025\/12\/1-27112025-_MG_8898.jpg","datePublished":"2025-12-04T19:48:41+00:00","dateModified":"2025-12-04T20:12:53+00:00","description":"On April 16, Christian Theodore, mixologist at Mal N\u00e9cessaire and ambassador of The Great Gentleman, creates 3 exclusive cocktails with Fove rum.","breadcrumb":{"@id":"https:\/\/barbootlegger.com\/fr\/cirka-x-bootlegger\/#breadcrumb"},"inLanguage":"fr-FR","potentialAction":[{"@type":"ReadAction","target":["https:\/\/barbootlegger.com\/fr\/cirka-x-bootlegger\/"]}]},{"@type":"ImageObject","inLanguage":"fr-FR","@id":"https:\/\/barbootlegger.com\/fr\/cirka-x-bootlegger\/#primaryimage","url":"https:\/\/barbootlegger.com\/wp-content\/uploads\/2025\/12\/1-27112025-_MG_8898.jpg","contentUrl":"https:\/\/barbootlegger.com\/wp-content\/uploads\/2025\/12\/1-27112025-_MG_8898.jpg","width":1920,"height":1280},{"@type":"BreadcrumbList","@id":"https:\/\/barbootlegger.com\/fr\/cirka-x-bootlegger\/#breadcrumb","itemListElement":[{"@type":"ListItem","position":1,"name":"Home","item":"https:\/\/barbootlegger.com\/fr\/"},{"@type":"ListItem","position":2,"name":"Cirka x Bootlegger"}]},{"@type":"WebSite","@id":"https:\/\/barbootlegger.com\/#website","url":"https:\/\/barbootlegger.com\/","name":"Bar Bootlegger","description":"Cocktail, Whisky &amp; Live band","publisher":{"@id":"https:\/\/barbootlegger.com\/#organization"},"potentialAction":[{"@type":"SearchAction","target":{"@type":"EntryPoint","urlTemplate":"https:\/\/barbootlegger.com\/?s={search_term_string}"},"query-input":{"@type":"PropertyValueSpecification","valueRequired":true,"valueName":"search_term_string"}}],"inLanguage":"fr-FR"},{"@type":"Organization","@id":"https:\/\/barbootlegger.com\/#organization","name":"Bar Bootlegger","url":"https:\/\/barbootlegger.com\/","logo":{"@type":"ImageObject","inLanguage":"fr-FR","@id":"https:\/\/barbootlegger.com\/#\/schema\/logo\/image\/","url":"http:\/\/barbootlegger.com\/wp-content\/uploads\/2020\/08\/cropped-logoBootLaurent_fav.png","contentUrl":"http:\/\/barbootlegger.com\/wp-content\/uploads\/2020\/08\/cropped-logoBootLaurent_fav.png","width":512,"height":512,"caption":"Bar Bootlegger"},"image":{"@id":"https:\/\/barbootlegger.com\/#\/schema\/logo\/image\/"},"sameAs":["https:\/\/www.facebook.com\/barbootlegger","https:\/\/www.tiktok.com\/@bootleggercocktailbar","https:\/\/twitter.com\/barbootlegger?lang=fr","https:\/\/www.youtube.com\/@bootleggerlauthentique2961","https:\/\/www.instagram.com\/bootleggercocktailbar\/"]}]}},"_links":{"self":[{"href":"https:\/\/barbootlegger.com\/fr\/wp-json\/wp\/v2\/pages\/15926","targetHints":{"allow":["GET"]}}],"collection":[{"href":"https:\/\/barbootlegger.com\/fr\/wp-json\/wp\/v2\/pages"}],"about":[{"href":"https:\/\/barbootlegger.com\/fr\/wp-json\/wp\/v2\/types\/page"}],"author":[{"embeddable":true,"href":"https:\/\/barbootlegger.com\/fr\/wp-json\/wp\/v2\/users\/293"}],"replies":[{"embeddable":true,"href":"https:\/\/barbootlegger.com\/fr\/wp-json\/wp\/v2\/comments?post=15926"}],"version-history":[{"count":6,"href":"https:\/\/barbootlegger.com\/fr\/wp-json\/wp\/v2\/pages\/15926\/revisions"}],"predecessor-version":[{"id":15944,"href":"https:\/\/barbootlegger.com\/fr\/wp-json\/wp\/v2\/pages\/15926\/revisions\/15944"}],"wp:featuredmedia":[{"embeddable":true,"href":"https:\/\/barbootlegger.com\/fr\/wp-json\/wp\/v2\/media\/15904"}],"wp:attachment":[{"href":"https:\/\/barbootlegger.com\/fr\/wp-json\/wp\/v2\/media?parent=15926"}],"curies":[{"name":"wp","href":"https:\/\/api.w.org\/{rel}","templated":true}]}}