{"id":14527,"date":"2025-09-22T09:48:47","date_gmt":"2025-09-22T13:48:47","guid":{"rendered":"https:\/\/barbootlegger.com\/?page_id=14527"},"modified":"2025-09-25T16:00:00","modified_gmt":"2025-09-25T20:00:00","slug":"refund-and-returns-policy","status":"publish","type":"page","link":"https:\/\/barbootlegger.com\/fr\/refund-and-returns-policy\/","title":{"rendered":"Refund and Returns Policy"},"content":{"rendered":"<p><strong>Communication pr\u00e9alable<\/strong><\/p>\n<p>Avant de retourner un article ou un certificat, veuillez nous contacter par<br \/>\ncourriel \u00e0 information@barbootlegger.com afin d\u2019obtenir l\u2019autorisation et les<br \/>\ninstructions de retour.<\/p>\n<p><strong>D\u00e9lai de retour <\/strong><br \/>\nVous disposez de 7 jours ouvrables suivant l\u2019achat pour soumettre une<br \/>\ndemande de retour ou de remboursement (marchandises ou certificats).<\/p>\n<p><strong>\u00c9tat des articles <\/strong><br \/>\nLes articles doivent \u00eatre retourn\u00e9s \u00e0 notre adresse, en parfait \u00e9tat et dans<br \/>\nleur emballage d\u2019origine.<\/p>\n<p><strong>Proc\u00e9dure de remboursement <\/strong><br \/>\nLe remboursement sera effectu\u00e9 uniquement apr\u00e8s la r\u00e9ception et<br \/>\nl\u2019inspection de la marchandise.<br \/>\nUne fois le retour confirm\u00e9, le remboursement sera trait\u00e9 dans les jours<br \/>\nouvrables suivants.<br \/>\nSeuls les articles \u00e0 prix r\u00e9gulier peuvent \u00eatre rembours\u00e9s. Les articles en<br \/>\nvente finale ne peuvent pas \u00eatre rembours\u00e9s.<\/p>\n<p><strong>Proc\u00e9dure d\u2019\u00e9change <\/strong><br \/>\nPour un \u00e9change, nous rempla\u00e7ons uniquement les articles bris\u00e9s ou<br \/>\nendommag\u00e9s.<br \/>\nSi vous souhaitez \u00e9changer un article contre le m\u00eame mod\u00e8le, veuillez<br \/>\nd\u2019abord nous \u00e9crire \u00e0 information@barbootlegger.com afin d\u2019obtenir<br \/>\nl\u2019autorisation et les instructions.<\/p>\n<p><strong>Frais de livraison <\/strong><br \/>\nLes frais d\u2019exp\u00e9dition li\u00e9s au retour sont \u00e0 la charge du client.<br \/>\nLes frais d\u2019exp\u00e9dition ne sont pas remboursables.<\/p>\n<p><strong>Besoin d\u2019aide? <\/strong><br \/>\nPour toute question concernant les remboursements, retours ou \u00e9changes, veuillez<br \/>\nnous contacter \u00e0 information@barbootlegger.com.<\/p>\n","protected":false},"excerpt":{"rendered":"<p>Communication pr\u00e9alable Avant de retourner un article ou un certificat, veuillez nous contacter par courriel \u00e0 information@barbootlegger.com afin d\u2019obtenir l\u2019autorisation et les instructions de retour. D\u00e9lai de retour Vous disposez de 7 jours ouvrables suivant l\u2019achat pour soumettre une demande de retour ou de remboursement (marchandises ou certificats). \u00c9tat des articles Les articles doivent \u00eatre retourn\u00e9s \u00e0 notre adresse, en [&hellip;]<\/p>\n","protected":false},"author":285,"featured_media":0,"parent":0,"menu_order":0,"comment_status":"closed","ping_status":"closed","template":"","meta":{"_acf_changed":false,"footnotes":""},"class_list":["post-14527","page","type-page","status-publish","hentry"],"acf":[],"yoast_head":"<!-- This site is optimized with the Yoast SEO plugin v27.0 - https:\/\/yoast.com\/product\/yoast-seo-wordpress\/ -->\n<title>Politique de Remboursement &amp; Retours - Bootlegger Cocktail Bar Montr\u00e9al<\/title>\n<meta name=\"description\" content=\"Consultez la politique de remboursement et de retours du Bootlegger. Informations claires sur les annulations, retours et conditions d\u2019\u00e9change pour vos achats.\" \/>\n<meta name=\"robots\" content=\"index, follow, max-snippet:-1, max-image-preview:large, max-video-preview:-1\" \/>\n<link rel=\"canonical\" href=\"https:\/\/barbootlegger.com\/fr\/refund-and-returns-policy\/\" \/>\n<meta property=\"og:locale\" content=\"fr_FR\" \/>\n<meta property=\"og:type\" content=\"article\" \/>\n<meta property=\"og:title\" content=\"Politique de Remboursement &amp; Retours - Bootlegger Cocktail Bar Montr\u00e9al\" \/>\n<meta property=\"og:description\" content=\"Consultez la politique de remboursement et de retours du Bootlegger. Informations claires sur les annulations, retours et conditions d\u2019\u00e9change pour vos achats.\" \/>\n<meta property=\"og:url\" content=\"https:\/\/barbootlegger.com\/fr\/refund-and-returns-policy\/\" \/>\n<meta property=\"og:site_name\" content=\"Bootlegger Cocktail Bar &amp; Cuisine Montreal\" \/>\n<meta property=\"article:publisher\" content=\"https:\/\/www.facebook.com\/barbootlegger\" \/>\n<meta property=\"article:modified_time\" content=\"2025-09-25T20:00:00+00:00\" \/>\n<meta name=\"twitter:card\" content=\"summary_large_image\" \/>\n<meta name=\"twitter:label1\" content=\"Dur\u00e9e de lecture estim\u00e9e\" \/>\n\t<meta name=\"twitter:data1\" content=\"1 minute\" \/>\n<script type=\"application\/ld+json\" class=\"yoast-schema-graph\">{\"@context\":\"https:\/\/schema.org\",\"@graph\":[{\"@type\":\"WebPage\",\"@id\":\"https:\/\/barbootlegger.com\/fr\/refund-and-returns-policy\/\",\"url\":\"https:\/\/barbootlegger.com\/fr\/refund-and-returns-policy\/\",\"name\":\"Politique de Remboursement & Retours - Bootlegger Cocktail Bar Montr\u00e9al\",\"isPartOf\":{\"@id\":\"https:\/\/barbootlegger.com\/#website\"},\"datePublished\":\"2025-09-22T13:48:47+00:00\",\"dateModified\":\"2025-09-25T20:00:00+00:00\",\"description\":\"Consultez la politique de remboursement et de retours du Bootlegger. Informations claires sur les annulations, retours et conditions d\u2019\u00e9change pour vos achats.\",\"breadcrumb\":{\"@id\":\"https:\/\/barbootlegger.com\/fr\/refund-and-returns-policy\/#breadcrumb\"},\"inLanguage\":\"fr-FR\",\"potentialAction\":[{\"@type\":\"ReadAction\",\"target\":[\"https:\/\/barbootlegger.com\/fr\/refund-and-returns-policy\/\"]}]},{\"@type\":\"BreadcrumbList\",\"@id\":\"https:\/\/barbootlegger.com\/fr\/refund-and-returns-policy\/#breadcrumb\",\"itemListElement\":[{\"@type\":\"ListItem\",\"position\":1,\"name\":\"Home\",\"item\":\"https:\/\/barbootlegger.com\/fr\/\"},{\"@type\":\"ListItem\",\"position\":2,\"name\":\"Refund and Returns Policy\"}]},{\"@type\":\"WebSite\",\"@id\":\"https:\/\/barbootlegger.com\/#website\",\"url\":\"https:\/\/barbootlegger.com\/\",\"name\":\"Bar Bootlegger\",\"description\":\"Cocktail, Whisky &amp; Live band\",\"publisher\":{\"@id\":\"https:\/\/barbootlegger.com\/#organization\"},\"potentialAction\":[{\"@type\":\"SearchAction\",\"target\":{\"@type\":\"EntryPoint\",\"urlTemplate\":\"https:\/\/barbootlegger.com\/?s={search_term_string}\"},\"query-input\":{\"@type\":\"PropertyValueSpecification\",\"valueRequired\":true,\"valueName\":\"search_term_string\"}}],\"inLanguage\":\"fr-FR\"},{\"@type\":\"Organization\",\"@id\":\"https:\/\/barbootlegger.com\/#organization\",\"name\":\"Bar Bootlegger\",\"url\":\"https:\/\/barbootlegger.com\/\",\"logo\":{\"@type\":\"ImageObject\",\"inLanguage\":\"fr-FR\",\"@id\":\"https:\/\/barbootlegger.com\/#\/schema\/logo\/image\/\",\"url\":\"http:\/\/barbootlegger.com\/wp-content\/uploads\/2020\/08\/cropped-logoBootLaurent_fav.png\",\"contentUrl\":\"http:\/\/barbootlegger.com\/wp-content\/uploads\/2020\/08\/cropped-logoBootLaurent_fav.png\",\"width\":512,\"height\":512,\"caption\":\"Bar Bootlegger\"},\"image\":{\"@id\":\"https:\/\/barbootlegger.com\/#\/schema\/logo\/image\/\"},\"sameAs\":[\"https:\/\/www.facebook.com\/barbootlegger\",\"https:\/\/www.tiktok.com\/@bootleggercocktailbar\",\"https:\/\/twitter.com\/barbootlegger?lang=fr\",\"https:\/\/www.youtube.com\/@bootleggerlauthentique2961\",\"https:\/\/www.instagram.com\/bootleggercocktailbar\/\"]}]}<\/script>\n<!-- \/ Yoast SEO plugin. -->","yoast_head_json":{"title":"Politique de Remboursement & Retours - Bootlegger Cocktail Bar Montr\u00e9al","description":"Consultez la politique de remboursement et de retours du Bootlegger. Informations claires sur les annulations, retours et conditions d\u2019\u00e9change pour vos achats.","robots":{"index":"index","follow":"follow","max-snippet":"max-snippet:-1","max-image-preview":"max-image-preview:large","max-video-preview":"max-video-preview:-1"},"canonical":"https:\/\/barbootlegger.com\/fr\/refund-and-returns-policy\/","og_locale":"fr_FR","og_type":"article","og_title":"Politique de Remboursement & Retours - Bootlegger Cocktail Bar Montr\u00e9al","og_description":"Consultez la politique de remboursement et de retours du Bootlegger. Informations claires sur les annulations, retours et conditions d\u2019\u00e9change pour vos achats.","og_url":"https:\/\/barbootlegger.com\/fr\/refund-and-returns-policy\/","og_site_name":"Bootlegger Cocktail Bar &amp; Cuisine Montreal","article_publisher":"https:\/\/www.facebook.com\/barbootlegger","article_modified_time":"2025-09-25T20:00:00+00:00","twitter_card":"summary_large_image","twitter_misc":{"Dur\u00e9e de lecture estim\u00e9e":"1 minute"},"schema":{"@context":"https:\/\/schema.org","@graph":[{"@type":"WebPage","@id":"https:\/\/barbootlegger.com\/fr\/refund-and-returns-policy\/","url":"https:\/\/barbootlegger.com\/fr\/refund-and-returns-policy\/","name":"Politique de Remboursement & Retours - Bootlegger Cocktail Bar Montr\u00e9al","isPartOf":{"@id":"https:\/\/barbootlegger.com\/#website"},"datePublished":"2025-09-22T13:48:47+00:00","dateModified":"2025-09-25T20:00:00+00:00","description":"Consultez la politique de remboursement et de retours du Bootlegger. Informations claires sur les annulations, retours et conditions d\u2019\u00e9change pour vos achats.","breadcrumb":{"@id":"https:\/\/barbootlegger.com\/fr\/refund-and-returns-policy\/#breadcrumb"},"inLanguage":"fr-FR","potentialAction":[{"@type":"ReadAction","target":["https:\/\/barbootlegger.com\/fr\/refund-and-returns-policy\/"]}]},{"@type":"BreadcrumbList","@id":"https:\/\/barbootlegger.com\/fr\/refund-and-returns-policy\/#breadcrumb","itemListElement":[{"@type":"ListItem","position":1,"name":"Home","item":"https:\/\/barbootlegger.com\/fr\/"},{"@type":"ListItem","position":2,"name":"Refund and Returns Policy"}]},{"@type":"WebSite","@id":"https:\/\/barbootlegger.com\/#website","url":"https:\/\/barbootlegger.com\/","name":"Bar Bootlegger","description":"Cocktail, Whisky &amp; Live band","publisher":{"@id":"https:\/\/barbootlegger.com\/#organization"},"potentialAction":[{"@type":"SearchAction","target":{"@type":"EntryPoint","urlTemplate":"https:\/\/barbootlegger.com\/?s={search_term_string}"},"query-input":{"@type":"PropertyValueSpecification","valueRequired":true,"valueName":"search_term_string"}}],"inLanguage":"fr-FR"},{"@type":"Organization","@id":"https:\/\/barbootlegger.com\/#organization","name":"Bar Bootlegger","url":"https:\/\/barbootlegger.com\/","logo":{"@type":"ImageObject","inLanguage":"fr-FR","@id":"https:\/\/barbootlegger.com\/#\/schema\/logo\/image\/","url":"http:\/\/barbootlegger.com\/wp-content\/uploads\/2020\/08\/cropped-logoBootLaurent_fav.png","contentUrl":"http:\/\/barbootlegger.com\/wp-content\/uploads\/2020\/08\/cropped-logoBootLaurent_fav.png","width":512,"height":512,"caption":"Bar Bootlegger"},"image":{"@id":"https:\/\/barbootlegger.com\/#\/schema\/logo\/image\/"},"sameAs":["https:\/\/www.facebook.com\/barbootlegger","https:\/\/www.tiktok.com\/@bootleggercocktailbar","https:\/\/twitter.com\/barbootlegger?lang=fr","https:\/\/www.youtube.com\/@bootleggerlauthentique2961","https:\/\/www.instagram.com\/bootleggercocktailbar\/"]}]}},"_links":{"self":[{"href":"https:\/\/barbootlegger.com\/fr\/wp-json\/wp\/v2\/pages\/14527","targetHints":{"allow":["GET"]}}],"collection":[{"href":"https:\/\/barbootlegger.com\/fr\/wp-json\/wp\/v2\/pages"}],"about":[{"href":"https:\/\/barbootlegger.com\/fr\/wp-json\/wp\/v2\/types\/page"}],"author":[{"embeddable":true,"href":"https:\/\/barbootlegger.com\/fr\/wp-json\/wp\/v2\/users\/285"}],"replies":[{"embeddable":true,"href":"https:\/\/barbootlegger.com\/fr\/wp-json\/wp\/v2\/comments?post=14527"}],"version-history":[{"count":1,"href":"https:\/\/barbootlegger.com\/fr\/wp-json\/wp\/v2\/pages\/14527\/revisions"}],"predecessor-version":[{"id":14528,"href":"https:\/\/barbootlegger.com\/fr\/wp-json\/wp\/v2\/pages\/14527\/revisions\/14528"}],"wp:attachment":[{"href":"https:\/\/barbootlegger.com\/fr\/wp-json\/wp\/v2\/media?parent=14527"}],"curies":[{"name":"wp","href":"https:\/\/api.w.org\/{rel}","templated":true}]}}