{"id":12843,"date":"2025-04-30T00:34:13","date_gmt":"2025-04-30T04:34:13","guid":{"rendered":"https:\/\/barbootlegger.com\/la-nuit-des-mixologues-par-vinum-design\/"},"modified":"2025-04-30T00:39:00","modified_gmt":"2025-04-30T04:39:00","slug":"la-nuit-des-mixologues-par-vinum-design","status":"publish","type":"page","link":"https:\/\/barbootlegger.com\/fr\/la-nuit-des-mixologues-par-vinum-design\/","title":{"rendered":"Album La Nuit des Mixologues par Vinum Design"},"content":{"rendered":"<div class=\"wpb-content-wrapper\"><p>[vc_row][vc_column][vc_empty_space height=\u00a0\u00bb80px\u00a0\u00bb][\/vc_column][\/vc_row][vc_row][vc_column]<div class=\"eltdf-section-title-holder    \" style=\"text-align: center\">\n\t<div class=\"eltdf-st-inner\">\n        \t\t            <div class=\"eltdf-st-title-holder\">\n                                    <div class=\"decor\"><svg xmlns=\"http:\/\/www.w3.org\/2000\/svg\" width=\"41.125\" height=\"9.146\">\n                            <path fill=\"none\" stroke=\"#9C7C57\" stroke-miterlimit=\"10\" d=\"M40.881 8.576L20.562.591.244 8.576\"\/>\n                            <path fill=\"none\" stroke=\"#9C7C57\" stroke-miterlimit=\"10\" d=\"M40.881.591L20.562 8.576.243.591\"\/>\n                        <\/svg><\/div>\n                                <h2 class=\"eltdf-st-title\" >\n                    La Nuit des Mixologues pr\u00e9sent\u00e9 par Vinum Design                <\/h2>\n                                    <div class=\"decor\"><svg xmlns=\"http:\/\/www.w3.org\/2000\/svg\" width=\"41.125\" height=\"9.146\">\n                            <path fill=\"none\" stroke=\"#9C7C57\" stroke-miterlimit=\"10\" d=\"M40.881 8.576L20.562.591.244 8.576\"\/>\n                            <path fill=\"none\" stroke=\"#9C7C57\" stroke-miterlimit=\"10\" d=\"M40.881.591L20.562 8.576.243.591\"\/>\n                        <\/svg><\/div>\n                            <\/div>\n\t\t\t\t\t\t\t<p class=\"eltdf-st-text\" >\n\t\t\t\tLe Lundi 7 avril, nous accueillons la premi\u00e8re \u00e9dition de la comp\u00e9tition \u00ab La Nuit Des Mixologues \u00bb pr\u00e9sent\u00e9 et organis\u00e9 par Vinum Design. Lors de celle-ci, dix bartender de Montr\u00e9al seront mis \u00e0 l\u2019\u00e9preuve et comp\u00e9titionneront l\u2019un contre l\u2019autre devant public. \t\t\t<\/p>\n\t\t\t\t\t<\/div>\n<\/div>[\/vc_column][\/vc_row][vc_row][vc_column][vc_empty_space height=\u00a0\u00bb50px\u00a0\u00bb][\/vc_column][\/vc_row][vc_row][vc_column]<div class=\"eltdf-elements-holder   eltdf-one-column  eltdf-responsive-mode-768  \" ><div class=\"eltdf-eh-item   eltdf-horizontal-alignment-center \"  data-item-class=\"eltdf-eh-custom-5957\">\n\t<div class=\"eltdf-eh-item-inner\">\n\t\t<div class=\"eltdf-eh-item-content eltdf-eh-custom-5957\" style=\"padding: 20\">\n\t\t\t<a itemprop=\"url\" href=\"https:\/\/vinumdesign.com\/\" target=\"_blank\"  class=\"eltdf-btn eltdf-btn-medium eltdf-btn-solid\"  >\n        <span class=\"eltdf-btn-text\">Learn more about Vinum Design<\/span>\n        <\/a>\t\t<\/div>\n\t<\/div>\n<\/div><\/div>[\/vc_column][\/vc_row][vc_row][vc_column][vc_empty_space height=\u00a0\u00bb50px\u00a0\u00bb][\/vc_column][\/vc_row][vc_row][vc_column][vc_single_image image=\u00a0\u00bb12741&Prime; img_size=\u00a0\u00bbfull\u00a0\u00bb alignment=\u00a0\u00bbcenter\u00a0\u00bb][\/vc_column][\/vc_row][vc_row][vc_column]<div class=\"eltdf-elements-holder   eltdf-one-column  eltdf-responsive-mode-768  \" ><div class=\"eltdf-eh-item    \"  data-item-class=\"eltdf-eh-custom-6780\">\n\t<div class=\"eltdf-eh-item-inner\">\n\t\t<div class=\"eltdf-eh-item-content eltdf-eh-custom-6780\" style=\"padding: 20\">\n\t\t\t[vc_empty_space height=\u00a0\u00bb80px\u00a0\u00bb]\t\t<\/div>\n\t<\/div>\n<\/div><\/div>[\/vc_column][\/vc_row][vc_row][vc_column]<div class=\"eltdf-elements-holder   eltdf-one-column  eltdf-responsive-mode-768  \" ><div class=\"eltdf-eh-item   eltdf-horizontal-alignment-center \"  data-item-class=\"eltdf-eh-custom-7073\">\n\t<div class=\"eltdf-eh-item-inner\">\n\t\t<div class=\"eltdf-eh-item-content eltdf-eh-custom-7073\" style=\"padding: 20\">\n\t\t\t[vc_gallery type=\u00a0\u00bbimage_grid\u00a0\u00bb images=\u00a0\u00bb12691,12693,12695,12697,12699,12701,12703,12705,12707,12709,12711,12713,12715,12717,12719,12721,12723,12725,12727,12729,12731,12733,12735,12737,12739,12741,12743,12745,12747,12749,12751,12753,12755,12757,12759,12761,12763,12765,12767,12769,12771,12773,12775,12777,12779,12781,12783,12785,12787,12789,12791,12793,12795,12797,12799,12801,12803,12805,12807,12809,12811,12813,12815,12817,12819,12821,12823,12825,12827,12829,12831,12833,12835,12837,12839,12841&Prime;][vc_column_text]Pictures by : Jean Desjardins[\/vc_column_text]\t\t<\/div>\n\t<\/div>\n<\/div><\/div>[\/vc_column][\/vc_row][vc_row][vc_column]<div class=\"eltdf-elements-holder   eltdf-one-column  eltdf-responsive-mode-768  \" ><div class=\"eltdf-eh-item    \"  data-item-class=\"eltdf-eh-custom-3678\">\n\t<div class=\"eltdf-eh-item-inner\">\n\t\t<div class=\"eltdf-eh-item-content eltdf-eh-custom-3678\" style=\"padding: 20\">\n\t\t\t[vc_empty_space height=\u00a0\u00bb80px\u00a0\u00bb]\t\t<\/div>\n\t<\/div>\n<\/div><\/div>[\/vc_column][\/vc_row][vc_row][vc_column width=\u00a0\u00bb1\/3&Prime;][vc_facebook][\/vc_column][vc_column width=\u00a0\u00bb1\/3&Prime;][vc_tweetmeme][\/vc_column][vc_column width=\u00a0\u00bb1\/3&Prime;][vc_pinterest][\/vc_column][\/vc_row]<\/p>\n<\/div>","protected":false},"excerpt":{"rendered":"<p>[vc_row][vc_column][vc_empty_space height=\u00a0\u00bb80px\u00a0\u00bb][\/vc_column][\/vc_row][vc_row][vc_column][\/vc_column][\/vc_row][vc_row][vc_column][vc_empty_space height=\u00a0\u00bb50px\u00a0\u00bb][\/vc_column][\/vc_row][vc_row][vc_column][\/vc_column][\/vc_row][vc_row][vc_column][vc_empty_space height=\u00a0\u00bb50px\u00a0\u00bb][\/vc_column][\/vc_row][vc_row][vc_column][vc_single_image image=\u00a0\u00bb12741&Prime; img_size=\u00a0\u00bbfull\u00a0\u00bb alignment=\u00a0\u00bbcenter\u00a0\u00bb][\/vc_column][\/vc_row][vc_row][vc_column][\/vc_column][\/vc_row][vc_row][vc_column][\/vc_column][\/vc_row][vc_row][vc_column][\/vc_column][\/vc_row][vc_row][vc_column width=\u00a0\u00bb1\/3&Prime;][vc_facebook][\/vc_column][vc_column width=\u00a0\u00bb1\/3&Prime;][vc_tweetmeme][\/vc_column][vc_column width=\u00a0\u00bb1\/3&Prime;][vc_pinterest][\/vc_column][\/vc_row]<\/p>\n","protected":false},"author":8,"featured_media":12693,"parent":0,"menu_order":0,"comment_status":"closed","ping_status":"closed","template":"","meta":{"_acf_changed":false,"footnotes":""},"class_list":["post-12843","page","type-page","status-publish","has-post-thumbnail","hentry"],"acf":[],"yoast_head":"<!-- This site is optimized with the Yoast SEO plugin v27.0 - https:\/\/yoast.com\/product\/yoast-seo-wordpress\/ -->\n<title>La Nuit des Mixologues par Vinum Design<\/title>\n<meta name=\"description\" content=\"Le Lundi 7 avril, nous accueillons la premi\u00e8re \u00e9dition de la comp\u00e9tition \u00ab La Nuit Des Mixologues \u00bb pr\u00e9sent\u00e9 et organis\u00e9 par Vinum Design. Lors de celle-ci, dix bartender de Montr\u00e9al seront mis \u00e0 l\u2019\u00e9preuve et comp\u00e9titionneront l\u2019un contre l\u2019autre devant public.\" \/>\n<meta name=\"robots\" content=\"index, follow, max-snippet:-1, max-image-preview:large, max-video-preview:-1\" \/>\n<link rel=\"canonical\" href=\"https:\/\/barbootlegger.com\/fr\/la-nuit-des-mixologues-par-vinum-design\/\" \/>\n<meta property=\"og:locale\" content=\"fr_FR\" \/>\n<meta property=\"og:type\" content=\"article\" \/>\n<meta property=\"og:title\" content=\"La Nuit des Mixologues par Vinum Design\" \/>\n<meta property=\"og:description\" content=\"Le Lundi 7 avril, nous accueillons la premi\u00e8re \u00e9dition de la comp\u00e9tition \u00ab La Nuit Des Mixologues \u00bb pr\u00e9sent\u00e9 et organis\u00e9 par Vinum Design. Lors de celle-ci, dix bartender de Montr\u00e9al seront mis \u00e0 l\u2019\u00e9preuve et comp\u00e9titionneront l\u2019un contre l\u2019autre devant public.\" \/>\n<meta property=\"og:url\" content=\"https:\/\/barbootlegger.com\/fr\/la-nuit-des-mixologues-par-vinum-design\/\" \/>\n<meta property=\"og:site_name\" content=\"Bootlegger Cocktail Bar &amp; Cuisine Montreal\" \/>\n<meta property=\"article:publisher\" content=\"https:\/\/www.facebook.com\/barbootlegger\" \/>\n<meta property=\"article:modified_time\" content=\"2025-04-30T04:39:00+00:00\" \/>\n<meta property=\"og:image\" content=\"https:\/\/barbootlegger.com\/wp-content\/uploads\/2025\/04\/sans-titre-2647-scaled.jpg\" \/>\n\t<meta property=\"og:image:width\" content=\"2560\" \/>\n\t<meta property=\"og:image:height\" content=\"1707\" \/>\n\t<meta property=\"og:image:type\" content=\"image\/jpeg\" \/>\n<meta name=\"twitter:card\" content=\"summary_large_image\" \/>\n<meta name=\"twitter:label1\" content=\"Dur\u00e9e de lecture estim\u00e9e\" \/>\n\t<meta name=\"twitter:data1\" content=\"1 minute\" \/>\n<script type=\"application\/ld+json\" class=\"yoast-schema-graph\">{\"@context\":\"https:\/\/schema.org\",\"@graph\":[{\"@type\":\"WebPage\",\"@id\":\"https:\/\/barbootlegger.com\/fr\/la-nuit-des-mixologues-par-vinum-design\/\",\"url\":\"https:\/\/barbootlegger.com\/fr\/la-nuit-des-mixologues-par-vinum-design\/\",\"name\":\"La Nuit des Mixologues par Vinum Design\",\"isPartOf\":{\"@id\":\"https:\/\/barbootlegger.com\/#website\"},\"primaryImageOfPage\":{\"@id\":\"https:\/\/barbootlegger.com\/fr\/la-nuit-des-mixologues-par-vinum-design\/#primaryimage\"},\"image\":{\"@id\":\"https:\/\/barbootlegger.com\/fr\/la-nuit-des-mixologues-par-vinum-design\/#primaryimage\"},\"thumbnailUrl\":\"https:\/\/barbootlegger.com\/wp-content\/uploads\/2025\/04\/sans-titre-2647-scaled.jpg\",\"datePublished\":\"2025-04-30T04:34:13+00:00\",\"dateModified\":\"2025-04-30T04:39:00+00:00\",\"description\":\"Le Lundi 7 avril, nous accueillons la premi\u00e8re \u00e9dition de la comp\u00e9tition \u00ab La Nuit Des Mixologues \u00bb pr\u00e9sent\u00e9 et organis\u00e9 par Vinum Design. Lors de celle-ci, dix bartender de Montr\u00e9al seront mis \u00e0 l\u2019\u00e9preuve et comp\u00e9titionneront l\u2019un contre l\u2019autre devant public.\",\"breadcrumb\":{\"@id\":\"https:\/\/barbootlegger.com\/fr\/la-nuit-des-mixologues-par-vinum-design\/#breadcrumb\"},\"inLanguage\":\"fr-FR\",\"potentialAction\":[{\"@type\":\"ReadAction\",\"target\":[\"https:\/\/barbootlegger.com\/fr\/la-nuit-des-mixologues-par-vinum-design\/\"]}]},{\"@type\":\"ImageObject\",\"inLanguage\":\"fr-FR\",\"@id\":\"https:\/\/barbootlegger.com\/fr\/la-nuit-des-mixologues-par-vinum-design\/#primaryimage\",\"url\":\"https:\/\/barbootlegger.com\/wp-content\/uploads\/2025\/04\/sans-titre-2647-scaled.jpg\",\"contentUrl\":\"https:\/\/barbootlegger.com\/wp-content\/uploads\/2025\/04\/sans-titre-2647-scaled.jpg\",\"width\":2560,\"height\":1707,\"caption\":\"La nuit des mixologues - vinum Design - Bootlegger cocktail bar Montreal\"},{\"@type\":\"BreadcrumbList\",\"@id\":\"https:\/\/barbootlegger.com\/fr\/la-nuit-des-mixologues-par-vinum-design\/#breadcrumb\",\"itemListElement\":[{\"@type\":\"ListItem\",\"position\":1,\"name\":\"Home\",\"item\":\"https:\/\/barbootlegger.com\/fr\/\"},{\"@type\":\"ListItem\",\"position\":2,\"name\":\"Album La Nuit des Mixologues par Vinum Design\"}]},{\"@type\":\"WebSite\",\"@id\":\"https:\/\/barbootlegger.com\/#website\",\"url\":\"https:\/\/barbootlegger.com\/\",\"name\":\"Bar Bootlegger\",\"description\":\"Cocktail, Whisky &amp; Live band\",\"publisher\":{\"@id\":\"https:\/\/barbootlegger.com\/#organization\"},\"potentialAction\":[{\"@type\":\"SearchAction\",\"target\":{\"@type\":\"EntryPoint\",\"urlTemplate\":\"https:\/\/barbootlegger.com\/?s={search_term_string}\"},\"query-input\":{\"@type\":\"PropertyValueSpecification\",\"valueRequired\":true,\"valueName\":\"search_term_string\"}}],\"inLanguage\":\"fr-FR\"},{\"@type\":\"Organization\",\"@id\":\"https:\/\/barbootlegger.com\/#organization\",\"name\":\"Bar Bootlegger\",\"url\":\"https:\/\/barbootlegger.com\/\",\"logo\":{\"@type\":\"ImageObject\",\"inLanguage\":\"fr-FR\",\"@id\":\"https:\/\/barbootlegger.com\/#\/schema\/logo\/image\/\",\"url\":\"http:\/\/barbootlegger.com\/wp-content\/uploads\/2020\/08\/cropped-logoBootLaurent_fav.png\",\"contentUrl\":\"http:\/\/barbootlegger.com\/wp-content\/uploads\/2020\/08\/cropped-logoBootLaurent_fav.png\",\"width\":512,\"height\":512,\"caption\":\"Bar Bootlegger\"},\"image\":{\"@id\":\"https:\/\/barbootlegger.com\/#\/schema\/logo\/image\/\"},\"sameAs\":[\"https:\/\/www.facebook.com\/barbootlegger\",\"https:\/\/www.tiktok.com\/@bootleggercocktailbar\",\"https:\/\/twitter.com\/barbootlegger?lang=fr\",\"https:\/\/www.youtube.com\/@bootleggerlauthentique2961\",\"https:\/\/www.instagram.com\/bootleggercocktailbar\/\"]}]}<\/script>\n<!-- \/ Yoast SEO plugin. -->","yoast_head_json":{"title":"La Nuit des Mixologues par Vinum Design","description":"Le Lundi 7 avril, nous accueillons la premi\u00e8re \u00e9dition de la comp\u00e9tition \u00ab La Nuit Des Mixologues \u00bb pr\u00e9sent\u00e9 et organis\u00e9 par Vinum Design. Lors de celle-ci, dix bartender de Montr\u00e9al seront mis \u00e0 l\u2019\u00e9preuve et comp\u00e9titionneront l\u2019un contre l\u2019autre devant public.","robots":{"index":"index","follow":"follow","max-snippet":"max-snippet:-1","max-image-preview":"max-image-preview:large","max-video-preview":"max-video-preview:-1"},"canonical":"https:\/\/barbootlegger.com\/fr\/la-nuit-des-mixologues-par-vinum-design\/","og_locale":"fr_FR","og_type":"article","og_title":"La Nuit des Mixologues par Vinum Design","og_description":"Le Lundi 7 avril, nous accueillons la premi\u00e8re \u00e9dition de la comp\u00e9tition \u00ab La Nuit Des Mixologues \u00bb pr\u00e9sent\u00e9 et organis\u00e9 par Vinum Design. Lors de celle-ci, dix bartender de Montr\u00e9al seront mis \u00e0 l\u2019\u00e9preuve et comp\u00e9titionneront l\u2019un contre l\u2019autre devant public.","og_url":"https:\/\/barbootlegger.com\/fr\/la-nuit-des-mixologues-par-vinum-design\/","og_site_name":"Bootlegger Cocktail Bar &amp; Cuisine Montreal","article_publisher":"https:\/\/www.facebook.com\/barbootlegger","article_modified_time":"2025-04-30T04:39:00+00:00","og_image":[{"width":2560,"height":1707,"url":"https:\/\/barbootlegger.com\/wp-content\/uploads\/2025\/04\/sans-titre-2647-scaled.jpg","type":"image\/jpeg"}],"twitter_card":"summary_large_image","twitter_misc":{"Dur\u00e9e de lecture estim\u00e9e":"1 minute"},"schema":{"@context":"https:\/\/schema.org","@graph":[{"@type":"WebPage","@id":"https:\/\/barbootlegger.com\/fr\/la-nuit-des-mixologues-par-vinum-design\/","url":"https:\/\/barbootlegger.com\/fr\/la-nuit-des-mixologues-par-vinum-design\/","name":"La Nuit des Mixologues par Vinum Design","isPartOf":{"@id":"https:\/\/barbootlegger.com\/#website"},"primaryImageOfPage":{"@id":"https:\/\/barbootlegger.com\/fr\/la-nuit-des-mixologues-par-vinum-design\/#primaryimage"},"image":{"@id":"https:\/\/barbootlegger.com\/fr\/la-nuit-des-mixologues-par-vinum-design\/#primaryimage"},"thumbnailUrl":"https:\/\/barbootlegger.com\/wp-content\/uploads\/2025\/04\/sans-titre-2647-scaled.jpg","datePublished":"2025-04-30T04:34:13+00:00","dateModified":"2025-04-30T04:39:00+00:00","description":"Le Lundi 7 avril, nous accueillons la premi\u00e8re \u00e9dition de la comp\u00e9tition \u00ab La Nuit Des Mixologues \u00bb pr\u00e9sent\u00e9 et organis\u00e9 par Vinum Design. Lors de celle-ci, dix bartender de Montr\u00e9al seront mis \u00e0 l\u2019\u00e9preuve et comp\u00e9titionneront l\u2019un contre l\u2019autre devant public.","breadcrumb":{"@id":"https:\/\/barbootlegger.com\/fr\/la-nuit-des-mixologues-par-vinum-design\/#breadcrumb"},"inLanguage":"fr-FR","potentialAction":[{"@type":"ReadAction","target":["https:\/\/barbootlegger.com\/fr\/la-nuit-des-mixologues-par-vinum-design\/"]}]},{"@type":"ImageObject","inLanguage":"fr-FR","@id":"https:\/\/barbootlegger.com\/fr\/la-nuit-des-mixologues-par-vinum-design\/#primaryimage","url":"https:\/\/barbootlegger.com\/wp-content\/uploads\/2025\/04\/sans-titre-2647-scaled.jpg","contentUrl":"https:\/\/barbootlegger.com\/wp-content\/uploads\/2025\/04\/sans-titre-2647-scaled.jpg","width":2560,"height":1707,"caption":"La nuit des mixologues - vinum Design - Bootlegger cocktail bar Montreal"},{"@type":"BreadcrumbList","@id":"https:\/\/barbootlegger.com\/fr\/la-nuit-des-mixologues-par-vinum-design\/#breadcrumb","itemListElement":[{"@type":"ListItem","position":1,"name":"Home","item":"https:\/\/barbootlegger.com\/fr\/"},{"@type":"ListItem","position":2,"name":"Album La Nuit des Mixologues par Vinum Design"}]},{"@type":"WebSite","@id":"https:\/\/barbootlegger.com\/#website","url":"https:\/\/barbootlegger.com\/","name":"Bar Bootlegger","description":"Cocktail, Whisky &amp; Live band","publisher":{"@id":"https:\/\/barbootlegger.com\/#organization"},"potentialAction":[{"@type":"SearchAction","target":{"@type":"EntryPoint","urlTemplate":"https:\/\/barbootlegger.com\/?s={search_term_string}"},"query-input":{"@type":"PropertyValueSpecification","valueRequired":true,"valueName":"search_term_string"}}],"inLanguage":"fr-FR"},{"@type":"Organization","@id":"https:\/\/barbootlegger.com\/#organization","name":"Bar Bootlegger","url":"https:\/\/barbootlegger.com\/","logo":{"@type":"ImageObject","inLanguage":"fr-FR","@id":"https:\/\/barbootlegger.com\/#\/schema\/logo\/image\/","url":"http:\/\/barbootlegger.com\/wp-content\/uploads\/2020\/08\/cropped-logoBootLaurent_fav.png","contentUrl":"http:\/\/barbootlegger.com\/wp-content\/uploads\/2020\/08\/cropped-logoBootLaurent_fav.png","width":512,"height":512,"caption":"Bar Bootlegger"},"image":{"@id":"https:\/\/barbootlegger.com\/#\/schema\/logo\/image\/"},"sameAs":["https:\/\/www.facebook.com\/barbootlegger","https:\/\/www.tiktok.com\/@bootleggercocktailbar","https:\/\/twitter.com\/barbootlegger?lang=fr","https:\/\/www.youtube.com\/@bootleggerlauthentique2961","https:\/\/www.instagram.com\/bootleggercocktailbar\/"]}]}},"_links":{"self":[{"href":"https:\/\/barbootlegger.com\/fr\/wp-json\/wp\/v2\/pages\/12843","targetHints":{"allow":["GET"]}}],"collection":[{"href":"https:\/\/barbootlegger.com\/fr\/wp-json\/wp\/v2\/pages"}],"about":[{"href":"https:\/\/barbootlegger.com\/fr\/wp-json\/wp\/v2\/types\/page"}],"author":[{"embeddable":true,"href":"https:\/\/barbootlegger.com\/fr\/wp-json\/wp\/v2\/users\/8"}],"replies":[{"embeddable":true,"href":"https:\/\/barbootlegger.com\/fr\/wp-json\/wp\/v2\/comments?post=12843"}],"version-history":[{"count":3,"href":"https:\/\/barbootlegger.com\/fr\/wp-json\/wp\/v2\/pages\/12843\/revisions"}],"predecessor-version":[{"id":12846,"href":"https:\/\/barbootlegger.com\/fr\/wp-json\/wp\/v2\/pages\/12843\/revisions\/12846"}],"wp:featuredmedia":[{"embeddable":true,"href":"https:\/\/barbootlegger.com\/fr\/wp-json\/wp\/v2\/media\/12693"}],"wp:attachment":[{"href":"https:\/\/barbootlegger.com\/fr\/wp-json\/wp\/v2\/media?parent=12843"}],"curies":[{"name":"wp","href":"https:\/\/api.w.org\/{rel}","templated":true}]}}