{"id":12682,"date":"2025-04-26T00:57:46","date_gmt":"2025-04-26T04:57:46","guid":{"rendered":"https:\/\/barbootlegger.com\/guest-bartender-with-christian-theodore-and-fove\/"},"modified":"2025-09-19T17:04:30","modified_gmt":"2025-09-19T21:04:30","slug":"guest-bartender-avecchristian-theodore-supporte-par-fove","status":"publish","type":"page","link":"https:\/\/barbootlegger.com\/fr\/guest-bartender-avecchristian-theodore-supporte-par-fove\/","title":{"rendered":"Album Guest Bartender avec Christian Theodore support\u00e9 par FOVE"},"content":{"rendered":"<div class=\"wpb-content-wrapper\"><p>[vc_row][vc_column][vc_empty_space height=\u00a0\u00bb80px\u00a0\u00bb][\/vc_column][\/vc_row][vc_row][vc_column]<div class=\"eltdf-section-title-holder    \" style=\"text-align: center\">\n\t<div class=\"eltdf-st-inner\">\n        \t\t            <div class=\"eltdf-st-title-holder\">\n                                    <div class=\"decor\"><svg xmlns=\"http:\/\/www.w3.org\/2000\/svg\" width=\"41.125\" height=\"9.146\">\n                            <path fill=\"none\" stroke=\"#9C7C57\" stroke-miterlimit=\"10\" d=\"M40.881 8.576L20.562.591.244 8.576\"\/>\n                            <path fill=\"none\" stroke=\"#9C7C57\" stroke-miterlimit=\"10\" d=\"M40.881.591L20.562 8.576.243.591\"\/>\n                        <\/svg><\/div>\n                                <h1 class=\"eltdf-st-title\" >\n                    Guest Bartender avec Christian Theodore support\u00e9 par FOVE                <\/h1>\n                                    <div class=\"decor\"><svg xmlns=\"http:\/\/www.w3.org\/2000\/svg\" width=\"41.125\" height=\"9.146\">\n                            <path fill=\"none\" stroke=\"#9C7C57\" stroke-miterlimit=\"10\" d=\"M40.881 8.576L20.562.591.244 8.576\"\/>\n                            <path fill=\"none\" stroke=\"#9C7C57\" stroke-miterlimit=\"10\" d=\"M40.881.591L20.562 8.576.243.591\"\/>\n                        <\/svg><\/div>\n                            <\/div>\n\t\t\t\t\t\t\t<p class=\"eltdf-st-text\" >\n\t\t\t\tDans le cadre de notre s\u00e9rie Guest bartender 2025, nous avons le plaisir de recevoir le mercredi 16 avril Christian Theodore support\u00e9 par Fove.\nChristian est un des barmans faisant partie de l'\u00e9quipe de gestion du Bar Le Mal N\u00e9cessaire, un bar \u00e0 cocktails d'inspiration tiki qui met l'accent sur la musique live, les ingr\u00e9dients frais et une approche z\u00e9ro d\u00e9chet. Il est \u00e9galement l'ambassadeur de la marque The Great Gentleman Sodas, cr\u00e9ant des cocktails uniques et du contenu mettant en valeur leurs produits. Anim\u00e9 par une passion pour l'hospitalit\u00e9, Christian cherche \u00e0 vous offrir des exp\u00e9riences m\u00e9morables!\nSupport\u00e9 par le rhum Qu\u00e9b\u00e9cois Fove, Christian nous pr\u00e9sentera 3 cocktails exclusif \u00e0 la soir\u00e9e.\n\u00c9v\u00e9nement pr\u00e9sent\u00e9 par Vinum Design\t\t\t<\/p>\n\t\t\t\t\t<\/div>\n<\/div>[\/vc_column][\/vc_row][vc_row][vc_column][vc_empty_space height=\u00a0\u00bb50px\u00a0\u00bb][\/vc_column][\/vc_row][vc_row][vc_column]<div class=\"eltdf-elements-holder   eltdf-one-column  eltdf-responsive-mode-768  \" ><div class=\"eltdf-eh-item   eltdf-horizontal-alignment-center \"  data-item-class=\"eltdf-eh-custom-5223\">\n\t<div class=\"eltdf-eh-item-inner\">\n\t\t<div class=\"eltdf-eh-item-content eltdf-eh-custom-5223\" style=\"padding: 20\">\n\t\t\t<a itemprop=\"url\" href=\"https:\/\/fove.co\/\" target=\"_blank\"  class=\"eltdf-btn eltdf-btn-medium eltdf-btn-solid\"  >\n        <span class=\"eltdf-btn-text\">Apprendre \u00e0 propos de FOVE<\/span>\n        <\/a>\t\t<\/div>\n\t<\/div>\n<\/div><\/div>[\/vc_column][\/vc_row][vc_row][vc_column][vc_empty_space height=\u00a0\u00bb50px\u00a0\u00bb][\/vc_column][\/vc_row][vc_row][vc_column][vc_single_image image=\u00a0\u00bb12654&Prime; img_size=\u00a0\u00bbfull\u00a0\u00bb alignment=\u00a0\u00bbcenter\u00a0\u00bb][\/vc_column][\/vc_row][vc_row][vc_column]<div class=\"eltdf-elements-holder   eltdf-one-column  eltdf-responsive-mode-768  \" ><div class=\"eltdf-eh-item    \"  data-item-class=\"eltdf-eh-custom-2344\">\n\t<div class=\"eltdf-eh-item-inner\">\n\t\t<div class=\"eltdf-eh-item-content eltdf-eh-custom-2344\" style=\"padding: 20\">\n\t\t\t[vc_empty_space height=\u00a0\u00bb80px\u00a0\u00bb]\t\t<\/div>\n\t<\/div>\n<\/div><\/div>[\/vc_column][\/vc_row][vc_row][vc_column]<div class=\"eltdf-elements-holder   eltdf-one-column  eltdf-responsive-mode-768  \" ><div class=\"eltdf-eh-item   eltdf-horizontal-alignment-center \"  data-item-class=\"eltdf-eh-custom-3425\">\n\t<div class=\"eltdf-eh-item-inner\">\n\t\t<div class=\"eltdf-eh-item-content eltdf-eh-custom-3425\" style=\"padding: 20\">\n\t\t\t[vc_gallery type=\u00a0\u00bbimage_grid\u00a0\u00bb images=\u00a0\u00bb12632,12634,12636,12638,12640,12642,12644,12646,12648,12650,12652,12654,12656,12658,12660,12662,12664,12666,12668,12670,12672,12674,12676,12678,12680&Prime;][vc_column_text]Pictures by : Jean Desjardins[\/vc_column_text]\t\t<\/div>\n\t<\/div>\n<\/div><\/div>[\/vc_column][\/vc_row][vc_row][vc_column]<div class=\"eltdf-elements-holder   eltdf-one-column  eltdf-responsive-mode-768  \" ><div class=\"eltdf-eh-item    \"  data-item-class=\"eltdf-eh-custom-3728\">\n\t<div class=\"eltdf-eh-item-inner\">\n\t\t<div class=\"eltdf-eh-item-content eltdf-eh-custom-3728\" style=\"padding: 20\">\n\t\t\t[vc_empty_space height=\u00a0\u00bb80px\u00a0\u00bb]\t\t<\/div>\n\t<\/div>\n<\/div><\/div>[\/vc_column][\/vc_row][vc_row][vc_column width=\u00a0\u00bb1\/3&Prime;][vc_facebook][\/vc_column][vc_column width=\u00a0\u00bb1\/3&Prime;][vc_tweetmeme][\/vc_column][vc_column width=\u00a0\u00bb1\/3&Prime;][vc_pinterest][\/vc_column][\/vc_row]<\/p>\n<\/div>","protected":false},"excerpt":{"rendered":"<p>[vc_row][vc_column][vc_empty_space height=\u00a0\u00bb80px\u00a0\u00bb][\/vc_column][\/vc_row][vc_row][vc_column][\/vc_column][\/vc_row][vc_row][vc_column][vc_empty_space height=\u00a0\u00bb50px\u00a0\u00bb][\/vc_column][\/vc_row][vc_row][vc_column][\/vc_column][\/vc_row][vc_row][vc_column][vc_empty_space height=\u00a0\u00bb50px\u00a0\u00bb][\/vc_column][\/vc_row][vc_row][vc_column][vc_single_image image=\u00a0\u00bb12654&Prime; img_size=\u00a0\u00bbfull\u00a0\u00bb alignment=\u00a0\u00bbcenter\u00a0\u00bb][\/vc_column][\/vc_row][vc_row][vc_column][\/vc_column][\/vc_row][vc_row][vc_column][\/vc_column][\/vc_row][vc_row][vc_column][\/vc_column][\/vc_row][vc_row][vc_column width=\u00a0\u00bb1\/3&Prime;][vc_facebook][\/vc_column][vc_column width=\u00a0\u00bb1\/3&Prime;][vc_tweetmeme][\/vc_column][vc_column width=\u00a0\u00bb1\/3&Prime;][vc_pinterest][\/vc_column][\/vc_row]<\/p>\n","protected":false},"author":8,"featured_media":12654,"parent":0,"menu_order":0,"comment_status":"closed","ping_status":"closed","template":"","meta":{"_acf_changed":false,"footnotes":""},"class_list":["post-12682","page","type-page","status-publish","has-post-thumbnail","hentry"],"acf":[],"yoast_head":"<!-- This site is optimized with the Yoast SEO plugin v27.0 - https:\/\/yoast.com\/product\/yoast-seo-wordpress\/ -->\n<title>Guest Bartender avec Christian Theodore support\u00e9 par FOVE<\/title>\n<meta name=\"description\" content=\"Le 16 avril, Christian Theodore, mixologue du Mal N\u00e9cessaire et ambassadeur The Great Gentleman, cr\u00e9e 3 cocktails exclusifs avec le rhum Fove.\" \/>\n<meta name=\"robots\" content=\"index, follow, max-snippet:-1, max-image-preview:large, max-video-preview:-1\" \/>\n<link rel=\"canonical\" href=\"https:\/\/barbootlegger.com\/fr\/guest-bartender-avecchristian-theodore-supporte-par-fove\/\" \/>\n<meta property=\"og:locale\" content=\"fr_FR\" \/>\n<meta property=\"og:type\" content=\"article\" \/>\n<meta property=\"og:title\" content=\"Guest Bartender avec Christian Theodore support\u00e9 par FOVE\" \/>\n<meta property=\"og:description\" content=\"Le 16 avril, Christian Theodore, mixologue du Mal N\u00e9cessaire et ambassadeur The Great Gentleman, cr\u00e9e 3 cocktails exclusifs avec le rhum Fove.\" \/>\n<meta property=\"og:url\" content=\"https:\/\/barbootlegger.com\/fr\/guest-bartender-avecchristian-theodore-supporte-par-fove\/\" \/>\n<meta property=\"og:site_name\" content=\"Bootlegger Cocktail Bar &amp; Cuisine Montreal\" \/>\n<meta property=\"article:publisher\" content=\"https:\/\/www.facebook.com\/barbootlegger\" \/>\n<meta property=\"article:modified_time\" content=\"2025-09-19T21:04:30+00:00\" \/>\n<meta property=\"og:image\" content=\"https:\/\/barbootlegger.com\/wp-content\/uploads\/2025\/04\/sans-titre-3477-scaled.jpg\" \/>\n\t<meta property=\"og:image:width\" content=\"2560\" \/>\n\t<meta property=\"og:image:height\" content=\"1707\" \/>\n\t<meta property=\"og:image:type\" content=\"image\/jpeg\" \/>\n<meta name=\"twitter:card\" content=\"summary_large_image\" \/>\n<meta name=\"twitter:label1\" content=\"Dur\u00e9e de lecture estim\u00e9e\" \/>\n\t<meta name=\"twitter:data1\" content=\"7 minutes\" \/>\n<script type=\"application\/ld+json\" class=\"yoast-schema-graph\">{\"@context\":\"https:\/\/schema.org\",\"@graph\":[{\"@type\":\"WebPage\",\"@id\":\"https:\/\/barbootlegger.com\/fr\/guest-bartender-avecchristian-theodore-supporte-par-fove\/\",\"url\":\"https:\/\/barbootlegger.com\/fr\/guest-bartender-avecchristian-theodore-supporte-par-fove\/\",\"name\":\"Guest Bartender avec Christian Theodore support\u00e9 par FOVE\",\"isPartOf\":{\"@id\":\"https:\/\/barbootlegger.com\/#website\"},\"primaryImageOfPage\":{\"@id\":\"https:\/\/barbootlegger.com\/fr\/guest-bartender-avecchristian-theodore-supporte-par-fove\/#primaryimage\"},\"image\":{\"@id\":\"https:\/\/barbootlegger.com\/fr\/guest-bartender-avecchristian-theodore-supporte-par-fove\/#primaryimage\"},\"thumbnailUrl\":\"https:\/\/barbootlegger.com\/wp-content\/uploads\/2025\/04\/sans-titre-3477-scaled.jpg\",\"datePublished\":\"2025-04-26T04:57:46+00:00\",\"dateModified\":\"2025-09-19T21:04:30+00:00\",\"description\":\"Le 16 avril, Christian Theodore, mixologue du Mal N\u00e9cessaire et ambassadeur The Great Gentleman, cr\u00e9e 3 cocktails exclusifs avec le rhum Fove.\",\"breadcrumb\":{\"@id\":\"https:\/\/barbootlegger.com\/fr\/guest-bartender-avecchristian-theodore-supporte-par-fove\/#breadcrumb\"},\"inLanguage\":\"fr-FR\",\"potentialAction\":[{\"@type\":\"ReadAction\",\"target\":[\"https:\/\/barbootlegger.com\/fr\/guest-bartender-avecchristian-theodore-supporte-par-fove\/\"]}]},{\"@type\":\"ImageObject\",\"inLanguage\":\"fr-FR\",\"@id\":\"https:\/\/barbootlegger.com\/fr\/guest-bartender-avecchristian-theodore-supporte-par-fove\/#primaryimage\",\"url\":\"https:\/\/barbootlegger.com\/wp-content\/uploads\/2025\/04\/sans-titre-3477-scaled.jpg\",\"contentUrl\":\"https:\/\/barbootlegger.com\/wp-content\/uploads\/2025\/04\/sans-titre-3477-scaled.jpg\",\"width\":2560,\"height\":1707,\"caption\":\"Bootlegger cocktail bar montreal - Guest bartender Christian Theodore et Fove Acerum Qu\u00e9bec\"},{\"@type\":\"BreadcrumbList\",\"@id\":\"https:\/\/barbootlegger.com\/fr\/guest-bartender-avecchristian-theodore-supporte-par-fove\/#breadcrumb\",\"itemListElement\":[{\"@type\":\"ListItem\",\"position\":1,\"name\":\"Home\",\"item\":\"https:\/\/barbootlegger.com\/fr\/\"},{\"@type\":\"ListItem\",\"position\":2,\"name\":\"Album Guest Bartender avec Christian Theodore support\u00e9 par FOVE\"}]},{\"@type\":\"WebSite\",\"@id\":\"https:\/\/barbootlegger.com\/#website\",\"url\":\"https:\/\/barbootlegger.com\/\",\"name\":\"Bar Bootlegger\",\"description\":\"Cocktail, Whisky &amp; Live band\",\"publisher\":{\"@id\":\"https:\/\/barbootlegger.com\/#organization\"},\"potentialAction\":[{\"@type\":\"SearchAction\",\"target\":{\"@type\":\"EntryPoint\",\"urlTemplate\":\"https:\/\/barbootlegger.com\/?s={search_term_string}\"},\"query-input\":{\"@type\":\"PropertyValueSpecification\",\"valueRequired\":true,\"valueName\":\"search_term_string\"}}],\"inLanguage\":\"fr-FR\"},{\"@type\":\"Organization\",\"@id\":\"https:\/\/barbootlegger.com\/#organization\",\"name\":\"Bar Bootlegger\",\"url\":\"https:\/\/barbootlegger.com\/\",\"logo\":{\"@type\":\"ImageObject\",\"inLanguage\":\"fr-FR\",\"@id\":\"https:\/\/barbootlegger.com\/#\/schema\/logo\/image\/\",\"url\":\"http:\/\/barbootlegger.com\/wp-content\/uploads\/2020\/08\/cropped-logoBootLaurent_fav.png\",\"contentUrl\":\"http:\/\/barbootlegger.com\/wp-content\/uploads\/2020\/08\/cropped-logoBootLaurent_fav.png\",\"width\":512,\"height\":512,\"caption\":\"Bar Bootlegger\"},\"image\":{\"@id\":\"https:\/\/barbootlegger.com\/#\/schema\/logo\/image\/\"},\"sameAs\":[\"https:\/\/www.facebook.com\/barbootlegger\",\"https:\/\/www.tiktok.com\/@bootleggercocktailbar\",\"https:\/\/twitter.com\/barbootlegger?lang=fr\",\"https:\/\/www.youtube.com\/@bootleggerlauthentique2961\",\"https:\/\/www.instagram.com\/bootleggercocktailbar\/\"]}]}<\/script>\n<!-- \/ Yoast SEO plugin. -->","yoast_head_json":{"title":"Guest Bartender avec Christian Theodore support\u00e9 par FOVE","description":"Le 16 avril, Christian Theodore, mixologue du Mal N\u00e9cessaire et ambassadeur The Great Gentleman, cr\u00e9e 3 cocktails exclusifs avec le rhum Fove.","robots":{"index":"index","follow":"follow","max-snippet":"max-snippet:-1","max-image-preview":"max-image-preview:large","max-video-preview":"max-video-preview:-1"},"canonical":"https:\/\/barbootlegger.com\/fr\/guest-bartender-avecchristian-theodore-supporte-par-fove\/","og_locale":"fr_FR","og_type":"article","og_title":"Guest Bartender avec Christian Theodore support\u00e9 par FOVE","og_description":"Le 16 avril, Christian Theodore, mixologue du Mal N\u00e9cessaire et ambassadeur The Great Gentleman, cr\u00e9e 3 cocktails exclusifs avec le rhum Fove.","og_url":"https:\/\/barbootlegger.com\/fr\/guest-bartender-avecchristian-theodore-supporte-par-fove\/","og_site_name":"Bootlegger Cocktail Bar &amp; Cuisine Montreal","article_publisher":"https:\/\/www.facebook.com\/barbootlegger","article_modified_time":"2025-09-19T21:04:30+00:00","og_image":[{"width":2560,"height":1707,"url":"https:\/\/barbootlegger.com\/wp-content\/uploads\/2025\/04\/sans-titre-3477-scaled.jpg","type":"image\/jpeg"}],"twitter_card":"summary_large_image","twitter_misc":{"Dur\u00e9e de lecture estim\u00e9e":"7 minutes"},"schema":{"@context":"https:\/\/schema.org","@graph":[{"@type":"WebPage","@id":"https:\/\/barbootlegger.com\/fr\/guest-bartender-avecchristian-theodore-supporte-par-fove\/","url":"https:\/\/barbootlegger.com\/fr\/guest-bartender-avecchristian-theodore-supporte-par-fove\/","name":"Guest Bartender avec Christian Theodore support\u00e9 par FOVE","isPartOf":{"@id":"https:\/\/barbootlegger.com\/#website"},"primaryImageOfPage":{"@id":"https:\/\/barbootlegger.com\/fr\/guest-bartender-avecchristian-theodore-supporte-par-fove\/#primaryimage"},"image":{"@id":"https:\/\/barbootlegger.com\/fr\/guest-bartender-avecchristian-theodore-supporte-par-fove\/#primaryimage"},"thumbnailUrl":"https:\/\/barbootlegger.com\/wp-content\/uploads\/2025\/04\/sans-titre-3477-scaled.jpg","datePublished":"2025-04-26T04:57:46+00:00","dateModified":"2025-09-19T21:04:30+00:00","description":"Le 16 avril, Christian Theodore, mixologue du Mal N\u00e9cessaire et ambassadeur The Great Gentleman, cr\u00e9e 3 cocktails exclusifs avec le rhum Fove.","breadcrumb":{"@id":"https:\/\/barbootlegger.com\/fr\/guest-bartender-avecchristian-theodore-supporte-par-fove\/#breadcrumb"},"inLanguage":"fr-FR","potentialAction":[{"@type":"ReadAction","target":["https:\/\/barbootlegger.com\/fr\/guest-bartender-avecchristian-theodore-supporte-par-fove\/"]}]},{"@type":"ImageObject","inLanguage":"fr-FR","@id":"https:\/\/barbootlegger.com\/fr\/guest-bartender-avecchristian-theodore-supporte-par-fove\/#primaryimage","url":"https:\/\/barbootlegger.com\/wp-content\/uploads\/2025\/04\/sans-titre-3477-scaled.jpg","contentUrl":"https:\/\/barbootlegger.com\/wp-content\/uploads\/2025\/04\/sans-titre-3477-scaled.jpg","width":2560,"height":1707,"caption":"Bootlegger cocktail bar montreal - Guest bartender Christian Theodore et Fove Acerum Qu\u00e9bec"},{"@type":"BreadcrumbList","@id":"https:\/\/barbootlegger.com\/fr\/guest-bartender-avecchristian-theodore-supporte-par-fove\/#breadcrumb","itemListElement":[{"@type":"ListItem","position":1,"name":"Home","item":"https:\/\/barbootlegger.com\/fr\/"},{"@type":"ListItem","position":2,"name":"Album Guest Bartender avec Christian Theodore support\u00e9 par FOVE"}]},{"@type":"WebSite","@id":"https:\/\/barbootlegger.com\/#website","url":"https:\/\/barbootlegger.com\/","name":"Bar Bootlegger","description":"Cocktail, Whisky &amp; Live band","publisher":{"@id":"https:\/\/barbootlegger.com\/#organization"},"potentialAction":[{"@type":"SearchAction","target":{"@type":"EntryPoint","urlTemplate":"https:\/\/barbootlegger.com\/?s={search_term_string}"},"query-input":{"@type":"PropertyValueSpecification","valueRequired":true,"valueName":"search_term_string"}}],"inLanguage":"fr-FR"},{"@type":"Organization","@id":"https:\/\/barbootlegger.com\/#organization","name":"Bar Bootlegger","url":"https:\/\/barbootlegger.com\/","logo":{"@type":"ImageObject","inLanguage":"fr-FR","@id":"https:\/\/barbootlegger.com\/#\/schema\/logo\/image\/","url":"http:\/\/barbootlegger.com\/wp-content\/uploads\/2020\/08\/cropped-logoBootLaurent_fav.png","contentUrl":"http:\/\/barbootlegger.com\/wp-content\/uploads\/2020\/08\/cropped-logoBootLaurent_fav.png","width":512,"height":512,"caption":"Bar Bootlegger"},"image":{"@id":"https:\/\/barbootlegger.com\/#\/schema\/logo\/image\/"},"sameAs":["https:\/\/www.facebook.com\/barbootlegger","https:\/\/www.tiktok.com\/@bootleggercocktailbar","https:\/\/twitter.com\/barbootlegger?lang=fr","https:\/\/www.youtube.com\/@bootleggerlauthentique2961","https:\/\/www.instagram.com\/bootleggercocktailbar\/"]}]}},"_links":{"self":[{"href":"https:\/\/barbootlegger.com\/fr\/wp-json\/wp\/v2\/pages\/12682","targetHints":{"allow":["GET"]}}],"collection":[{"href":"https:\/\/barbootlegger.com\/fr\/wp-json\/wp\/v2\/pages"}],"about":[{"href":"https:\/\/barbootlegger.com\/fr\/wp-json\/wp\/v2\/types\/page"}],"author":[{"embeddable":true,"href":"https:\/\/barbootlegger.com\/fr\/wp-json\/wp\/v2\/users\/8"}],"replies":[{"embeddable":true,"href":"https:\/\/barbootlegger.com\/fr\/wp-json\/wp\/v2\/comments?post=12682"}],"version-history":[{"count":7,"href":"https:\/\/barbootlegger.com\/fr\/wp-json\/wp\/v2\/pages\/12682\/revisions"}],"predecessor-version":[{"id":14482,"href":"https:\/\/barbootlegger.com\/fr\/wp-json\/wp\/v2\/pages\/12682\/revisions\/14482"}],"wp:featuredmedia":[{"embeddable":true,"href":"https:\/\/barbootlegger.com\/fr\/wp-json\/wp\/v2\/media\/12654"}],"wp:attachment":[{"href":"https:\/\/barbootlegger.com\/fr\/wp-json\/wp\/v2\/media?parent=12682"}],"curies":[{"name":"wp","href":"https:\/\/api.w.org\/{rel}","templated":true}]}}