{"id":12344,"date":"2025-04-18T23:09:07","date_gmt":"2025-04-19T03:09:07","guid":{"rendered":"https:\/\/barbootlegger.com\/special-guest-bartender-with-gareth-franklin-the-the-luxardo-global-ambassador\/"},"modified":"2025-09-19T17:44:09","modified_gmt":"2025-09-19T21:44:09","slug":"special-guest-bartender-with-gareth-franklin-the-the-luxardo-global-ambassador","status":"publish","type":"page","link":"https:\/\/barbootlegger.com\/fr\/special-guest-bartender-with-gareth-franklin-the-the-luxardo-global-ambassador\/","title":{"rendered":"Album Sp\u00e9cial Guest Bartender avec Gareth Franklin , l&rsquo;ambassadeur de Luxardo"},"content":{"rendered":"<div class=\"wpb-content-wrapper\"><p>[vc_row][vc_column][vc_empty_space height=\u00a0\u00bb80px\u00a0\u00bb][\/vc_column][\/vc_row][vc_row][vc_column]<div class=\"eltdf-section-title-holder    \" style=\"text-align: center\">\n\t<div class=\"eltdf-st-inner\">\n        \t\t            <div class=\"eltdf-st-title-holder\">\n                                    <div class=\"decor\"><svg xmlns=\"http:\/\/www.w3.org\/2000\/svg\" width=\"41.125\" height=\"9.146\">\n                            <path fill=\"none\" stroke=\"#9C7C57\" stroke-miterlimit=\"10\" d=\"M40.881 8.576L20.562.591.244 8.576\"\/>\n                            <path fill=\"none\" stroke=\"#9C7C57\" stroke-miterlimit=\"10\" d=\"M40.881.591L20.562 8.576.243.591\"\/>\n                        <\/svg><\/div>\n                                <h1 class=\"eltdf-st-title\" >\n                    Sp\u00e9cial Guest Bartender avec Gareth Franklin , l'ambassadeur de Luxardo                <\/h1>\n                                    <div class=\"decor\"><svg xmlns=\"http:\/\/www.w3.org\/2000\/svg\" width=\"41.125\" height=\"9.146\">\n                            <path fill=\"none\" stroke=\"#9C7C57\" stroke-miterlimit=\"10\" d=\"M40.881 8.576L20.562.591.244 8.576\"\/>\n                            <path fill=\"none\" stroke=\"#9C7C57\" stroke-miterlimit=\"10\" d=\"M40.881.591L20.562 8.576.243.591\"\/>\n                        <\/svg><\/div>\n                            <\/div>\n\t\t\t\t\t\t\t<p class=\"eltdf-st-text\" >\n\t\t\t\tGareth Franklin, plus connu sous le nom de G, poss\u00e8de plus de 25 ans d'exp\u00e9rience dans le secteur des boissons, notamment comme barman et \u00e0 des postes de direction en Australie et dans son pays natal, l'Angleterre.<br \/>\n\u00c0 ces postes, il \u00e9tait reconnu pour son approche cr\u00e9ative de la cr\u00e9ation de cocktails et sa capacit\u00e9 \u00e0 transmettre et \u00e0 inspirer.<br \/>\nAu cours des dix derni\u00e8res ann\u00e9es, il a parcouru le monde pour partager sa passion pour les saveurs et les liqueurs en tant qu'ambassadeur mondial de Luxardo, poursuivant ainsi sa mission de formation pour le secteur de l'h\u00f4tellerie-restauration tout en repr\u00e9sentant cette entreprise familiale embl\u00e9matique vieille de 200 ans.\t\t\t<\/p>\n\t\t\t\t\t<\/div>\n<\/div>[\/vc_column][\/vc_row][vc_row][vc_column][vc_empty_space height=\u00a0\u00bb50px\u00a0\u00bb][\/vc_column][\/vc_row][vc_row][vc_column]<div class=\"eltdf-elements-holder   eltdf-one-column  eltdf-responsive-mode-768  \" ><div class=\"eltdf-eh-item   eltdf-horizontal-alignment-center \"  data-item-class=\"eltdf-eh-custom-6283\">\n\t<div class=\"eltdf-eh-item-inner\">\n\t\t<div class=\"eltdf-eh-item-content eltdf-eh-custom-6283\" style=\"padding: 20\">\n\t\t\t<a itemprop=\"url\" href=\"https:\/\/www.luxardo.it\/\" target=\"_blank\"  class=\"eltdf-btn eltdf-btn-medium eltdf-btn-solid\"  >\n        <span class=\"eltdf-btn-text\">D\u00e9couvrez Luxardo<\/span>\n        <\/a>\t\t<\/div>\n\t<\/div>\n<\/div><\/div>[\/vc_column][\/vc_row][vc_row][vc_column][vc_empty_space height=\u00a0\u00bb50px\u00a0\u00bb][\/vc_column][\/vc_row][vc_row][vc_column][vc_single_image image=\u00a0\u00bb12335&Prime; img_size=\u00a0\u00bbfull\u00a0\u00bb alignment=\u00a0\u00bbcenter\u00a0\u00bb][\/vc_column][\/vc_row][vc_row][vc_column]<div class=\"eltdf-elements-holder   eltdf-one-column  eltdf-responsive-mode-768  \" ><div class=\"eltdf-eh-item    \"  data-item-class=\"eltdf-eh-custom-5300\">\n\t<div class=\"eltdf-eh-item-inner\">\n\t\t<div class=\"eltdf-eh-item-content eltdf-eh-custom-5300\" style=\"padding: 20\">\n\t\t\t[vc_empty_space height=\u00a0\u00bb80px\u00a0\u00bb]\t\t<\/div>\n\t<\/div>\n<\/div><\/div>[\/vc_column][\/vc_row][vc_row][vc_column]<div class=\"eltdf-elements-holder   eltdf-one-column  eltdf-responsive-mode-768  \" ><div class=\"eltdf-eh-item   eltdf-horizontal-alignment-center \"  data-item-class=\"eltdf-eh-custom-7941\">\n\t<div class=\"eltdf-eh-item-inner\">\n\t\t<div class=\"eltdf-eh-item-content eltdf-eh-custom-7941\" style=\"padding: 20\">\n\t\t\t[vc_gallery type=\u00a0\u00bbimage_grid\u00a0\u00bb images=\u00a0\u00bb12281,12283,12285,12287,12289,12291,12293,12295,12297,12299,12301,12303,12305,12307,12309,12311,12313,12315,12317,12319,12321,12323,12325,12327,12329,12331,12333,12335,12337,12339,12341&Prime;][vc_column_text]Photo par : Jean Desjardins[\/vc_column_text]\t\t<\/div>\n\t<\/div>\n<\/div><\/div>[\/vc_column][\/vc_row][vc_row][vc_column]<div class=\"eltdf-elements-holder   eltdf-one-column  eltdf-responsive-mode-768  \" ><div class=\"eltdf-eh-item    \"  data-item-class=\"eltdf-eh-custom-2029\">\n\t<div class=\"eltdf-eh-item-inner\">\n\t\t<div class=\"eltdf-eh-item-content eltdf-eh-custom-2029\" style=\"padding: 20\">\n\t\t\t[vc_empty_space height=\u00a0\u00bb80px\u00a0\u00bb]\t\t<\/div>\n\t<\/div>\n<\/div><\/div>[\/vc_column][\/vc_row][vc_row][vc_column width=\u00a0\u00bb1\/3&Prime;][vc_facebook][\/vc_column][vc_column width=\u00a0\u00bb1\/3&Prime;][vc_tweetmeme][\/vc_column][vc_column width=\u00a0\u00bb1\/3&Prime;][vc_pinterest][\/vc_column][\/vc_row]<\/p>\n<\/div>","protected":false},"excerpt":{"rendered":"<p>[vc_row][vc_column][vc_empty_space height=\u00a0\u00bb80px\u00a0\u00bb][\/vc_column][\/vc_row][vc_row][vc_column][\/vc_column][\/vc_row][vc_row][vc_column][vc_empty_space height=\u00a0\u00bb50px\u00a0\u00bb][\/vc_column][\/vc_row][vc_row][vc_column][\/vc_column][\/vc_row][vc_row][vc_column][vc_empty_space height=\u00a0\u00bb50px\u00a0\u00bb][\/vc_column][\/vc_row][vc_row][vc_column][vc_single_image image=\u00a0\u00bb12335&Prime; img_size=\u00a0\u00bbfull\u00a0\u00bb alignment=\u00a0\u00bbcenter\u00a0\u00bb][\/vc_column][\/vc_row][vc_row][vc_column][\/vc_column][\/vc_row][vc_row][vc_column][\/vc_column][\/vc_row][vc_row][vc_column][\/vc_column][\/vc_row][vc_row][vc_column width=\u00a0\u00bb1\/3&Prime;][vc_facebook][\/vc_column][vc_column width=\u00a0\u00bb1\/3&Prime;][vc_tweetmeme][\/vc_column][vc_column width=\u00a0\u00bb1\/3&Prime;][vc_pinterest][\/vc_column][\/vc_row]<\/p>\n","protected":false},"author":8,"featured_media":12335,"parent":0,"menu_order":0,"comment_status":"closed","ping_status":"closed","template":"","meta":{"_acf_changed":false,"footnotes":""},"class_list":["post-12344","page","type-page","status-publish","has-post-thumbnail","hentry"],"acf":[],"yoast_head":"<!-- This site is optimized with the Yoast SEO plugin v27.0 - https:\/\/yoast.com\/product\/yoast-seo-wordpress\/ -->\n<title>Special Guest Bartender avec Gareth Franklin , l&#039;ambassadeur de Luxardo<\/title>\n<meta name=\"description\" content=\"Reconnu mondialement pour son expertise, Gareth Franklin est venu en tant que guest bartender au Bootlegger, partageant son savoir-faire \u00e0 travers des cocktails m\u00e9morables\" \/>\n<meta name=\"robots\" content=\"index, follow, max-snippet:-1, max-image-preview:large, max-video-preview:-1\" \/>\n<link rel=\"canonical\" href=\"https:\/\/barbootlegger.com\/fr\/special-guest-bartender-with-gareth-franklin-the-the-luxardo-global-ambassador\/\" \/>\n<meta property=\"og:locale\" content=\"fr_FR\" \/>\n<meta property=\"og:type\" content=\"article\" \/>\n<meta property=\"og:title\" content=\"Special Guest Bartender avec Gareth Franklin , l&#039;ambassadeur de Luxardo\" \/>\n<meta property=\"og:description\" content=\"Reconnu mondialement pour son expertise, Gareth Franklin est venu en tant que guest bartender au Bootlegger, partageant son savoir-faire \u00e0 travers des cocktails m\u00e9morables\" \/>\n<meta property=\"og:url\" content=\"https:\/\/barbootlegger.com\/fr\/special-guest-bartender-with-gareth-franklin-the-the-luxardo-global-ambassador\/\" \/>\n<meta property=\"og:site_name\" content=\"Bootlegger Cocktail Bar &amp; Cuisine Montreal\" \/>\n<meta property=\"article:publisher\" content=\"https:\/\/www.facebook.com\/barbootlegger\" \/>\n<meta property=\"article:modified_time\" content=\"2025-09-19T21:44:09+00:00\" \/>\n<meta property=\"og:image\" content=\"https:\/\/barbootlegger.com\/wp-content\/uploads\/2025\/04\/sans-titre-3424-scaled.jpg\" \/>\n\t<meta property=\"og:image:width\" content=\"2560\" \/>\n\t<meta property=\"og:image:height\" content=\"1707\" \/>\n\t<meta property=\"og:image:type\" content=\"image\/jpeg\" \/>\n<meta name=\"twitter:card\" content=\"summary_large_image\" \/>\n<meta name=\"twitter:label1\" content=\"Dur\u00e9e de lecture estim\u00e9e\" \/>\n\t<meta name=\"twitter:data1\" content=\"8 minutes\" \/>\n<script type=\"application\/ld+json\" class=\"yoast-schema-graph\">{\"@context\":\"https:\/\/schema.org\",\"@graph\":[{\"@type\":\"WebPage\",\"@id\":\"https:\/\/barbootlegger.com\/fr\/special-guest-bartender-with-gareth-franklin-the-the-luxardo-global-ambassador\/\",\"url\":\"https:\/\/barbootlegger.com\/fr\/special-guest-bartender-with-gareth-franklin-the-the-luxardo-global-ambassador\/\",\"name\":\"Special Guest Bartender avec Gareth Franklin , l'ambassadeur de Luxardo\",\"isPartOf\":{\"@id\":\"https:\/\/barbootlegger.com\/#website\"},\"primaryImageOfPage\":{\"@id\":\"https:\/\/barbootlegger.com\/fr\/special-guest-bartender-with-gareth-franklin-the-the-luxardo-global-ambassador\/#primaryimage\"},\"image\":{\"@id\":\"https:\/\/barbootlegger.com\/fr\/special-guest-bartender-with-gareth-franklin-the-the-luxardo-global-ambassador\/#primaryimage\"},\"thumbnailUrl\":\"https:\/\/barbootlegger.com\/wp-content\/uploads\/2025\/04\/sans-titre-3424-scaled.jpg\",\"datePublished\":\"2025-04-19T03:09:07+00:00\",\"dateModified\":\"2025-09-19T21:44:09+00:00\",\"description\":\"Reconnu mondialement pour son expertise, Gareth Franklin est venu en tant que guest bartender au Bootlegger, partageant son savoir-faire \u00e0 travers des cocktails m\u00e9morables\",\"breadcrumb\":{\"@id\":\"https:\/\/barbootlegger.com\/fr\/special-guest-bartender-with-gareth-franklin-the-the-luxardo-global-ambassador\/#breadcrumb\"},\"inLanguage\":\"fr-FR\",\"potentialAction\":[{\"@type\":\"ReadAction\",\"target\":[\"https:\/\/barbootlegger.com\/fr\/special-guest-bartender-with-gareth-franklin-the-the-luxardo-global-ambassador\/\"]}]},{\"@type\":\"ImageObject\",\"inLanguage\":\"fr-FR\",\"@id\":\"https:\/\/barbootlegger.com\/fr\/special-guest-bartender-with-gareth-franklin-the-the-luxardo-global-ambassador\/#primaryimage\",\"url\":\"https:\/\/barbootlegger.com\/wp-content\/uploads\/2025\/04\/sans-titre-3424-scaled.jpg\",\"contentUrl\":\"https:\/\/barbootlegger.com\/wp-content\/uploads\/2025\/04\/sans-titre-3424-scaled.jpg\",\"width\":2560,\"height\":1707,\"caption\":\"Bar Bootlegger cocktail Montreal - Guest bartender Luxardo Gareth Franklin\"},{\"@type\":\"BreadcrumbList\",\"@id\":\"https:\/\/barbootlegger.com\/fr\/special-guest-bartender-with-gareth-franklin-the-the-luxardo-global-ambassador\/#breadcrumb\",\"itemListElement\":[{\"@type\":\"ListItem\",\"position\":1,\"name\":\"Home\",\"item\":\"https:\/\/barbootlegger.com\/fr\/\"},{\"@type\":\"ListItem\",\"position\":2,\"name\":\"Album Sp\u00e9cial Guest Bartender avec Gareth Franklin , l&rsquo;ambassadeur de Luxardo\"}]},{\"@type\":\"WebSite\",\"@id\":\"https:\/\/barbootlegger.com\/#website\",\"url\":\"https:\/\/barbootlegger.com\/\",\"name\":\"Bar Bootlegger\",\"description\":\"Cocktail, Whisky &amp; Live band\",\"publisher\":{\"@id\":\"https:\/\/barbootlegger.com\/#organization\"},\"potentialAction\":[{\"@type\":\"SearchAction\",\"target\":{\"@type\":\"EntryPoint\",\"urlTemplate\":\"https:\/\/barbootlegger.com\/?s={search_term_string}\"},\"query-input\":{\"@type\":\"PropertyValueSpecification\",\"valueRequired\":true,\"valueName\":\"search_term_string\"}}],\"inLanguage\":\"fr-FR\"},{\"@type\":\"Organization\",\"@id\":\"https:\/\/barbootlegger.com\/#organization\",\"name\":\"Bar Bootlegger\",\"url\":\"https:\/\/barbootlegger.com\/\",\"logo\":{\"@type\":\"ImageObject\",\"inLanguage\":\"fr-FR\",\"@id\":\"https:\/\/barbootlegger.com\/#\/schema\/logo\/image\/\",\"url\":\"http:\/\/barbootlegger.com\/wp-content\/uploads\/2020\/08\/cropped-logoBootLaurent_fav.png\",\"contentUrl\":\"http:\/\/barbootlegger.com\/wp-content\/uploads\/2020\/08\/cropped-logoBootLaurent_fav.png\",\"width\":512,\"height\":512,\"caption\":\"Bar Bootlegger\"},\"image\":{\"@id\":\"https:\/\/barbootlegger.com\/#\/schema\/logo\/image\/\"},\"sameAs\":[\"https:\/\/www.facebook.com\/barbootlegger\",\"https:\/\/www.tiktok.com\/@bootleggercocktailbar\",\"https:\/\/twitter.com\/barbootlegger?lang=fr\",\"https:\/\/www.youtube.com\/@bootleggerlauthentique2961\",\"https:\/\/www.instagram.com\/bootleggercocktailbar\/\"]}]}<\/script>\n<!-- \/ Yoast SEO plugin. -->","yoast_head_json":{"title":"Special Guest Bartender avec Gareth Franklin , l'ambassadeur de Luxardo","description":"Reconnu mondialement pour son expertise, Gareth Franklin est venu en tant que guest bartender au Bootlegger, partageant son savoir-faire \u00e0 travers des cocktails m\u00e9morables","robots":{"index":"index","follow":"follow","max-snippet":"max-snippet:-1","max-image-preview":"max-image-preview:large","max-video-preview":"max-video-preview:-1"},"canonical":"https:\/\/barbootlegger.com\/fr\/special-guest-bartender-with-gareth-franklin-the-the-luxardo-global-ambassador\/","og_locale":"fr_FR","og_type":"article","og_title":"Special Guest Bartender avec Gareth Franklin , l'ambassadeur de Luxardo","og_description":"Reconnu mondialement pour son expertise, Gareth Franklin est venu en tant que guest bartender au Bootlegger, partageant son savoir-faire \u00e0 travers des cocktails m\u00e9morables","og_url":"https:\/\/barbootlegger.com\/fr\/special-guest-bartender-with-gareth-franklin-the-the-luxardo-global-ambassador\/","og_site_name":"Bootlegger Cocktail Bar &amp; Cuisine Montreal","article_publisher":"https:\/\/www.facebook.com\/barbootlegger","article_modified_time":"2025-09-19T21:44:09+00:00","og_image":[{"width":2560,"height":1707,"url":"https:\/\/barbootlegger.com\/wp-content\/uploads\/2025\/04\/sans-titre-3424-scaled.jpg","type":"image\/jpeg"}],"twitter_card":"summary_large_image","twitter_misc":{"Dur\u00e9e de lecture estim\u00e9e":"8 minutes"},"schema":{"@context":"https:\/\/schema.org","@graph":[{"@type":"WebPage","@id":"https:\/\/barbootlegger.com\/fr\/special-guest-bartender-with-gareth-franklin-the-the-luxardo-global-ambassador\/","url":"https:\/\/barbootlegger.com\/fr\/special-guest-bartender-with-gareth-franklin-the-the-luxardo-global-ambassador\/","name":"Special Guest Bartender avec Gareth Franklin , l'ambassadeur de Luxardo","isPartOf":{"@id":"https:\/\/barbootlegger.com\/#website"},"primaryImageOfPage":{"@id":"https:\/\/barbootlegger.com\/fr\/special-guest-bartender-with-gareth-franklin-the-the-luxardo-global-ambassador\/#primaryimage"},"image":{"@id":"https:\/\/barbootlegger.com\/fr\/special-guest-bartender-with-gareth-franklin-the-the-luxardo-global-ambassador\/#primaryimage"},"thumbnailUrl":"https:\/\/barbootlegger.com\/wp-content\/uploads\/2025\/04\/sans-titre-3424-scaled.jpg","datePublished":"2025-04-19T03:09:07+00:00","dateModified":"2025-09-19T21:44:09+00:00","description":"Reconnu mondialement pour son expertise, Gareth Franklin est venu en tant que guest bartender au Bootlegger, partageant son savoir-faire \u00e0 travers des cocktails m\u00e9morables","breadcrumb":{"@id":"https:\/\/barbootlegger.com\/fr\/special-guest-bartender-with-gareth-franklin-the-the-luxardo-global-ambassador\/#breadcrumb"},"inLanguage":"fr-FR","potentialAction":[{"@type":"ReadAction","target":["https:\/\/barbootlegger.com\/fr\/special-guest-bartender-with-gareth-franklin-the-the-luxardo-global-ambassador\/"]}]},{"@type":"ImageObject","inLanguage":"fr-FR","@id":"https:\/\/barbootlegger.com\/fr\/special-guest-bartender-with-gareth-franklin-the-the-luxardo-global-ambassador\/#primaryimage","url":"https:\/\/barbootlegger.com\/wp-content\/uploads\/2025\/04\/sans-titre-3424-scaled.jpg","contentUrl":"https:\/\/barbootlegger.com\/wp-content\/uploads\/2025\/04\/sans-titre-3424-scaled.jpg","width":2560,"height":1707,"caption":"Bar Bootlegger cocktail Montreal - Guest bartender Luxardo Gareth Franklin"},{"@type":"BreadcrumbList","@id":"https:\/\/barbootlegger.com\/fr\/special-guest-bartender-with-gareth-franklin-the-the-luxardo-global-ambassador\/#breadcrumb","itemListElement":[{"@type":"ListItem","position":1,"name":"Home","item":"https:\/\/barbootlegger.com\/fr\/"},{"@type":"ListItem","position":2,"name":"Album Sp\u00e9cial Guest Bartender avec Gareth Franklin , l&rsquo;ambassadeur de Luxardo"}]},{"@type":"WebSite","@id":"https:\/\/barbootlegger.com\/#website","url":"https:\/\/barbootlegger.com\/","name":"Bar Bootlegger","description":"Cocktail, Whisky &amp; Live band","publisher":{"@id":"https:\/\/barbootlegger.com\/#organization"},"potentialAction":[{"@type":"SearchAction","target":{"@type":"EntryPoint","urlTemplate":"https:\/\/barbootlegger.com\/?s={search_term_string}"},"query-input":{"@type":"PropertyValueSpecification","valueRequired":true,"valueName":"search_term_string"}}],"inLanguage":"fr-FR"},{"@type":"Organization","@id":"https:\/\/barbootlegger.com\/#organization","name":"Bar Bootlegger","url":"https:\/\/barbootlegger.com\/","logo":{"@type":"ImageObject","inLanguage":"fr-FR","@id":"https:\/\/barbootlegger.com\/#\/schema\/logo\/image\/","url":"http:\/\/barbootlegger.com\/wp-content\/uploads\/2020\/08\/cropped-logoBootLaurent_fav.png","contentUrl":"http:\/\/barbootlegger.com\/wp-content\/uploads\/2020\/08\/cropped-logoBootLaurent_fav.png","width":512,"height":512,"caption":"Bar Bootlegger"},"image":{"@id":"https:\/\/barbootlegger.com\/#\/schema\/logo\/image\/"},"sameAs":["https:\/\/www.facebook.com\/barbootlegger","https:\/\/www.tiktok.com\/@bootleggercocktailbar","https:\/\/twitter.com\/barbootlegger?lang=fr","https:\/\/www.youtube.com\/@bootleggerlauthentique2961","https:\/\/www.instagram.com\/bootleggercocktailbar\/"]}]}},"_links":{"self":[{"href":"https:\/\/barbootlegger.com\/fr\/wp-json\/wp\/v2\/pages\/12344","targetHints":{"allow":["GET"]}}],"collection":[{"href":"https:\/\/barbootlegger.com\/fr\/wp-json\/wp\/v2\/pages"}],"about":[{"href":"https:\/\/barbootlegger.com\/fr\/wp-json\/wp\/v2\/types\/page"}],"author":[{"embeddable":true,"href":"https:\/\/barbootlegger.com\/fr\/wp-json\/wp\/v2\/users\/8"}],"replies":[{"embeddable":true,"href":"https:\/\/barbootlegger.com\/fr\/wp-json\/wp\/v2\/comments?post=12344"}],"version-history":[{"count":5,"href":"https:\/\/barbootlegger.com\/fr\/wp-json\/wp\/v2\/pages\/12344\/revisions"}],"predecessor-version":[{"id":14499,"href":"https:\/\/barbootlegger.com\/fr\/wp-json\/wp\/v2\/pages\/12344\/revisions\/14499"}],"wp:featuredmedia":[{"embeddable":true,"href":"https:\/\/barbootlegger.com\/fr\/wp-json\/wp\/v2\/media\/12335"}],"wp:attachment":[{"href":"https:\/\/barbootlegger.com\/fr\/wp-json\/wp\/v2\/media?parent=12344"}],"curies":[{"name":"wp","href":"https:\/\/api.w.org\/{rel}","templated":true}]}}