{"id":12271,"date":"2025-04-18T21:58:58","date_gmt":"2025-04-19T01:58:58","guid":{"rendered":"https:\/\/barbootlegger.com\/eddy-germain-supported-by-monkey-shoulder-scotch-whisky\/"},"modified":"2025-09-19T17:02:28","modified_gmt":"2025-09-19T21:02:28","slug":"eddy-germain-supported-by-monkey-shoulder-scotch-whisky","status":"publish","type":"page","link":"https:\/\/barbootlegger.com\/fr\/eddy-germain-supported-by-monkey-shoulder-scotch-whisky\/","title":{"rendered":"Album Guest Bartender 2025 avec Eddy Germain support\u00e9 par le Scotch Whisky Monkey Shoulder"},"content":{"rendered":"<div class=\"wpb-content-wrapper\"><p>[vc_row][vc_column][vc_empty_space height=\u00a0\u00bb80px\u00a0\u00bb][\/vc_column][\/vc_row][vc_row][vc_column]<div class=\"eltdf-section-title-holder    \" style=\"text-align: center\">\n\t<div class=\"eltdf-st-inner\">\n        \t\t            <div class=\"eltdf-st-title-holder\">\n                                    <div class=\"decor\"><svg xmlns=\"http:\/\/www.w3.org\/2000\/svg\" width=\"41.125\" height=\"9.146\">\n                            <path fill=\"none\" stroke=\"#9C7C57\" stroke-miterlimit=\"10\" d=\"M40.881 8.576L20.562.591.244 8.576\"\/>\n                            <path fill=\"none\" stroke=\"#9C7C57\" stroke-miterlimit=\"10\" d=\"M40.881.591L20.562 8.576.243.591\"\/>\n                        <\/svg><\/div>\n                                <h1 class=\"eltdf-st-title\" >\n                    Guest Bartender 2025 avec Eddy Germain support\u00e9 par le Scotch Whisky Monkey Shoulder                <\/h1>\n                                    <div class=\"decor\"><svg xmlns=\"http:\/\/www.w3.org\/2000\/svg\" width=\"41.125\" height=\"9.146\">\n                            <path fill=\"none\" stroke=\"#9C7C57\" stroke-miterlimit=\"10\" d=\"M40.881 8.576L20.562.591.244 8.576\"\/>\n                            <path fill=\"none\" stroke=\"#9C7C57\" stroke-miterlimit=\"10\" d=\"M40.881.591L20.562 8.576.243.591\"\/>\n                        <\/svg><\/div>\n                            <\/div>\n\t\t\t\t\t\t\t<p class=\"eltdf-st-text\" >\n\t\t\t\tDans le cadre de notre s\u00e9rie Guest bartender 2025, nous avons le plaisir de recevoir le mercredi 19 mars un mixologue reconnu et un v\u00e9ritable pionnier dans le domaine des cocktails au Qu\u00e9bec. Avec plus de 15 ans d'exp\u00e9rience, Eddy Germain est un expert dans l'art de la mixologie et un administrateur d'\u00e9tablissement r\u00e9put\u00e9. Eddy a consacr\u00e9 sa carri\u00e8re \u00e0 cr\u00e9er des exp\u00e9riences uniques et m\u00e9morables \u00e0 travers ses cocktails innovants.\nAujourd\u2019hui propri\u00e9taire du bar Le Crimson situ\u00e9 au 323 Rue Ontario et Les Alchimistes \u00c9picuriens, il nous rejoint le temps d\u2019une soir\u00e9e pour nous partager son univers du cocktail.\nSupport\u00e9 par le whisky \u00e9cossais Monkey Shoulder et l\u2019agence PMA, Eddy nous pr\u00e9sentera 3 cocktails exclusif \u00e0 la soir\u00e9e.\t\t\t<\/p>\n\t\t\t\t\t<\/div>\n<\/div>[\/vc_column][\/vc_row][vc_row][vc_column][vc_empty_space height=\u00a0\u00bb50px\u00a0\u00bb][\/vc_column][\/vc_row][vc_row][vc_column]<div class=\"eltdf-elements-holder   eltdf-one-column  eltdf-responsive-mode-768  \" ><div class=\"eltdf-eh-item   eltdf-horizontal-alignment-center \"  data-item-class=\"eltdf-eh-custom-6065\">\n\t<div class=\"eltdf-eh-item-inner\">\n\t\t<div class=\"eltdf-eh-item-content eltdf-eh-custom-6065\" style=\"padding: 20\">\n\t\t\t<a itemprop=\"url\" href=\"https:\/\/lecrimson.com\/fr\" target=\"_blank\"  class=\"eltdf-btn eltdf-btn-medium eltdf-btn-solid\"  >\n        <span class=\"eltdf-btn-text\">D\u00e9couvrez Le Bar Crimson<\/span>\n        <\/a>[vc_empty_space height=\u00a0\u00bb50px\u00a0\u00bb]<a itemprop=\"url\" href=\"https:\/\/www.monkeyshoulder.com\/en-us\" target=\"_blank\"  class=\"eltdf-btn eltdf-btn-medium eltdf-btn-solid\"  >\n        <span class=\"eltdf-btn-text\">D\u00e9couvrez Monkey Shoulder<\/span>\n        <\/a>\t\t<\/div>\n\t<\/div>\n<\/div><\/div>[\/vc_column][\/vc_row][vc_row][vc_column][vc_empty_space height=\u00a0\u00bb50px\u00a0\u00bb][\/vc_column][\/vc_row][vc_row][vc_column][vc_single_image image=\u00a0\u00bb12246&Prime; img_size=\u00a0\u00bbfull\u00a0\u00bb alignment=\u00a0\u00bbcenter\u00a0\u00bb][\/vc_column][\/vc_row][vc_row][vc_column]<div class=\"eltdf-elements-holder   eltdf-one-column  eltdf-responsive-mode-768  \" ><div class=\"eltdf-eh-item    \"  data-item-class=\"eltdf-eh-custom-9936\">\n\t<div class=\"eltdf-eh-item-inner\">\n\t\t<div class=\"eltdf-eh-item-content eltdf-eh-custom-9936\" style=\"padding: 20\">\n\t\t\t[vc_empty_space height=\u00a0\u00bb80px\u00a0\u00bb]\t\t<\/div>\n\t<\/div>\n<\/div><\/div>[\/vc_column][\/vc_row][vc_row][vc_column][vc_gallery type=\u00a0\u00bbimage_grid\u00a0\u00bb images=\u00a0\u00bb12206,12208,12210,12212,12214,12216,12218,12220,12222,12224,12226,12228,12230,12232,12234,12236,12238,12240,12242,12244,12246,12248,12250,12252,12254,12256,12258,12260,12262,12264&Prime;][vc_column_text]Photo par : Jean Desjardins[\/vc_column_text][\/vc_column][\/vc_row][vc_row][vc_column]<div class=\"eltdf-elements-holder   eltdf-one-column  eltdf-responsive-mode-768  \" ><div class=\"eltdf-eh-item    \"  data-item-class=\"eltdf-eh-custom-5652\">\n\t<div class=\"eltdf-eh-item-inner\">\n\t\t<div class=\"eltdf-eh-item-content eltdf-eh-custom-5652\" style=\"padding: 20\">\n\t\t\t[vc_empty_space height=\u00a0\u00bb80px\u00a0\u00bb]\t\t<\/div>\n\t<\/div>\n<\/div><\/div>[\/vc_column][\/vc_row][vc_row][vc_column width=\u00a0\u00bb1\/3&Prime;][vc_facebook][\/vc_column][vc_column width=\u00a0\u00bb1\/3&Prime;][vc_tweetmeme][\/vc_column][vc_column width=\u00a0\u00bb1\/3&Prime;][vc_pinterest][\/vc_column][\/vc_row]<\/p>\n<\/div>","protected":false},"excerpt":{"rendered":"<p>[vc_row][vc_column][vc_empty_space height=\u00a0\u00bb80px\u00a0\u00bb][\/vc_column][\/vc_row][vc_row][vc_column][\/vc_column][\/vc_row][vc_row][vc_column][vc_empty_space height=\u00a0\u00bb50px\u00a0\u00bb][\/vc_column][\/vc_row][vc_row][vc_column][\/vc_column][\/vc_row][vc_row][vc_column][vc_empty_space height=\u00a0\u00bb50px\u00a0\u00bb][\/vc_column][\/vc_row][vc_row][vc_column][vc_single_image image=\u00a0\u00bb12246&Prime; img_size=\u00a0\u00bbfull\u00a0\u00bb alignment=\u00a0\u00bbcenter\u00a0\u00bb][\/vc_column][\/vc_row][vc_row][vc_column][\/vc_column][\/vc_row][vc_row][vc_column][vc_gallery type=\u00a0\u00bbimage_grid\u00a0\u00bb images=\u00a0\u00bb12206,12208,12210,12212,12214,12216,12218,12220,12222,12224,12226,12228,12230,12232,12234,12236,12238,12240,12242,12244,12246,12248,12250,12252,12254,12256,12258,12260,12262,12264&Prime;][vc_column_text]Photo par : Jean Desjardins[\/vc_column_text][\/vc_column][\/vc_row][vc_row][vc_column][\/vc_column][\/vc_row][vc_row][vc_column width=\u00a0\u00bb1\/3&Prime;][vc_facebook][\/vc_column][vc_column width=\u00a0\u00bb1\/3&Prime;][vc_tweetmeme][\/vc_column][vc_column width=\u00a0\u00bb1\/3&Prime;][vc_pinterest][\/vc_column][\/vc_row]<\/p>\n","protected":false},"author":8,"featured_media":12226,"parent":0,"menu_order":0,"comment_status":"closed","ping_status":"closed","template":"","meta":{"_acf_changed":false,"footnotes":""},"class_list":["post-12271","page","type-page","status-publish","has-post-thumbnail","hentry"],"acf":[],"yoast_head":"<!-- This site is optimized with the Yoast SEO plugin v27.0 - https:\/\/yoast.com\/product\/yoast-seo-wordpress\/ -->\n<title>Eddy Germain support\u00e9 par le Scotch Whisky Monkey Shoulder<\/title>\n<meta name=\"description\" content=\"S\u00e9rie Guest Bartender 2025 : Eddy Germain, pionnier de la mixologie au Qu\u00e9bec, cr\u00e9e 3 cocktails exclusifs en collaboration avec Monkey Shoulder.\" \/>\n<meta name=\"robots\" content=\"index, follow, max-snippet:-1, max-image-preview:large, max-video-preview:-1\" \/>\n<link rel=\"canonical\" href=\"https:\/\/barbootlegger.com\/fr\/eddy-germain-supported-by-monkey-shoulder-scotch-whisky\/\" \/>\n<meta property=\"og:locale\" content=\"fr_FR\" \/>\n<meta property=\"og:type\" content=\"article\" \/>\n<meta property=\"og:title\" content=\"Eddy Germain support\u00e9 par le Scotch Whisky Monkey Shoulder\" \/>\n<meta property=\"og:description\" content=\"S\u00e9rie Guest Bartender 2025 : Eddy Germain, pionnier de la mixologie au Qu\u00e9bec, cr\u00e9e 3 cocktails exclusifs en collaboration avec Monkey Shoulder.\" \/>\n<meta property=\"og:url\" content=\"https:\/\/barbootlegger.com\/fr\/eddy-germain-supported-by-monkey-shoulder-scotch-whisky\/\" \/>\n<meta property=\"og:site_name\" content=\"Bootlegger Cocktail Bar &amp; Cuisine Montreal\" \/>\n<meta property=\"article:publisher\" content=\"https:\/\/www.facebook.com\/barbootlegger\" \/>\n<meta property=\"article:modified_time\" content=\"2025-09-19T21:02:28+00:00\" \/>\n<meta property=\"og:image\" content=\"https:\/\/barbootlegger.com\/wp-content\/uploads\/2025\/04\/sans-titre-2521-819x1024.jpg\" \/>\n\t<meta property=\"og:image:width\" content=\"819\" \/>\n\t<meta property=\"og:image:height\" content=\"1024\" \/>\n\t<meta property=\"og:image:type\" content=\"image\/jpeg\" \/>\n<meta name=\"twitter:card\" content=\"summary_large_image\" \/>\n<meta name=\"twitter:label1\" content=\"Dur\u00e9e de lecture estim\u00e9e\" \/>\n\t<meta name=\"twitter:data1\" content=\"2 minutes\" \/>\n<script type=\"application\/ld+json\" class=\"yoast-schema-graph\">{\"@context\":\"https:\/\/schema.org\",\"@graph\":[{\"@type\":\"WebPage\",\"@id\":\"https:\/\/barbootlegger.com\/fr\/eddy-germain-supported-by-monkey-shoulder-scotch-whisky\/\",\"url\":\"https:\/\/barbootlegger.com\/fr\/eddy-germain-supported-by-monkey-shoulder-scotch-whisky\/\",\"name\":\"Eddy Germain support\u00e9 par le Scotch Whisky Monkey Shoulder\",\"isPartOf\":{\"@id\":\"https:\/\/barbootlegger.com\/#website\"},\"primaryImageOfPage\":{\"@id\":\"https:\/\/barbootlegger.com\/fr\/eddy-germain-supported-by-monkey-shoulder-scotch-whisky\/#primaryimage\"},\"image\":{\"@id\":\"https:\/\/barbootlegger.com\/fr\/eddy-germain-supported-by-monkey-shoulder-scotch-whisky\/#primaryimage\"},\"thumbnailUrl\":\"https:\/\/barbootlegger.com\/wp-content\/uploads\/2025\/04\/sans-titre-2521.jpg\",\"datePublished\":\"2025-04-19T01:58:58+00:00\",\"dateModified\":\"2025-09-19T21:02:28+00:00\",\"description\":\"S\u00e9rie Guest Bartender 2025 : Eddy Germain, pionnier de la mixologie au Qu\u00e9bec, cr\u00e9e 3 cocktails exclusifs en collaboration avec Monkey Shoulder.\",\"breadcrumb\":{\"@id\":\"https:\/\/barbootlegger.com\/fr\/eddy-germain-supported-by-monkey-shoulder-scotch-whisky\/#breadcrumb\"},\"inLanguage\":\"fr-FR\",\"potentialAction\":[{\"@type\":\"ReadAction\",\"target\":[\"https:\/\/barbootlegger.com\/fr\/eddy-germain-supported-by-monkey-shoulder-scotch-whisky\/\"]}]},{\"@type\":\"ImageObject\",\"inLanguage\":\"fr-FR\",\"@id\":\"https:\/\/barbootlegger.com\/fr\/eddy-germain-supported-by-monkey-shoulder-scotch-whisky\/#primaryimage\",\"url\":\"https:\/\/barbootlegger.com\/wp-content\/uploads\/2025\/04\/sans-titre-2521.jpg\",\"contentUrl\":\"https:\/\/barbootlegger.com\/wp-content\/uploads\/2025\/04\/sans-titre-2521.jpg\",\"width\":1536,\"height\":1920,\"caption\":\"Bar Bootlegger cocktail Montreal - Guest bartender eddy Germain with Scotch whisky monkey shoulder\"},{\"@type\":\"BreadcrumbList\",\"@id\":\"https:\/\/barbootlegger.com\/fr\/eddy-germain-supported-by-monkey-shoulder-scotch-whisky\/#breadcrumb\",\"itemListElement\":[{\"@type\":\"ListItem\",\"position\":1,\"name\":\"Home\",\"item\":\"https:\/\/barbootlegger.com\/fr\/\"},{\"@type\":\"ListItem\",\"position\":2,\"name\":\"Album Guest Bartender 2025 avec Eddy Germain support\u00e9 par le Scotch Whisky Monkey Shoulder\"}]},{\"@type\":\"WebSite\",\"@id\":\"https:\/\/barbootlegger.com\/#website\",\"url\":\"https:\/\/barbootlegger.com\/\",\"name\":\"Bar Bootlegger\",\"description\":\"Cocktail, Whisky &amp; Live band\",\"publisher\":{\"@id\":\"https:\/\/barbootlegger.com\/#organization\"},\"potentialAction\":[{\"@type\":\"SearchAction\",\"target\":{\"@type\":\"EntryPoint\",\"urlTemplate\":\"https:\/\/barbootlegger.com\/?s={search_term_string}\"},\"query-input\":{\"@type\":\"PropertyValueSpecification\",\"valueRequired\":true,\"valueName\":\"search_term_string\"}}],\"inLanguage\":\"fr-FR\"},{\"@type\":\"Organization\",\"@id\":\"https:\/\/barbootlegger.com\/#organization\",\"name\":\"Bar Bootlegger\",\"url\":\"https:\/\/barbootlegger.com\/\",\"logo\":{\"@type\":\"ImageObject\",\"inLanguage\":\"fr-FR\",\"@id\":\"https:\/\/barbootlegger.com\/#\/schema\/logo\/image\/\",\"url\":\"http:\/\/barbootlegger.com\/wp-content\/uploads\/2020\/08\/cropped-logoBootLaurent_fav.png\",\"contentUrl\":\"http:\/\/barbootlegger.com\/wp-content\/uploads\/2020\/08\/cropped-logoBootLaurent_fav.png\",\"width\":512,\"height\":512,\"caption\":\"Bar Bootlegger\"},\"image\":{\"@id\":\"https:\/\/barbootlegger.com\/#\/schema\/logo\/image\/\"},\"sameAs\":[\"https:\/\/www.facebook.com\/barbootlegger\",\"https:\/\/www.tiktok.com\/@bootleggercocktailbar\",\"https:\/\/twitter.com\/barbootlegger?lang=fr\",\"https:\/\/www.youtube.com\/@bootleggerlauthentique2961\",\"https:\/\/www.instagram.com\/bootleggercocktailbar\/\"]}]}<\/script>\n<!-- \/ Yoast SEO plugin. -->","yoast_head_json":{"title":"Eddy Germain support\u00e9 par le Scotch Whisky Monkey Shoulder","description":"S\u00e9rie Guest Bartender 2025 : Eddy Germain, pionnier de la mixologie au Qu\u00e9bec, cr\u00e9e 3 cocktails exclusifs en collaboration avec Monkey Shoulder.","robots":{"index":"index","follow":"follow","max-snippet":"max-snippet:-1","max-image-preview":"max-image-preview:large","max-video-preview":"max-video-preview:-1"},"canonical":"https:\/\/barbootlegger.com\/fr\/eddy-germain-supported-by-monkey-shoulder-scotch-whisky\/","og_locale":"fr_FR","og_type":"article","og_title":"Eddy Germain support\u00e9 par le Scotch Whisky Monkey Shoulder","og_description":"S\u00e9rie Guest Bartender 2025 : Eddy Germain, pionnier de la mixologie au Qu\u00e9bec, cr\u00e9e 3 cocktails exclusifs en collaboration avec Monkey Shoulder.","og_url":"https:\/\/barbootlegger.com\/fr\/eddy-germain-supported-by-monkey-shoulder-scotch-whisky\/","og_site_name":"Bootlegger Cocktail Bar &amp; Cuisine Montreal","article_publisher":"https:\/\/www.facebook.com\/barbootlegger","article_modified_time":"2025-09-19T21:02:28+00:00","og_image":[{"width":819,"height":1024,"url":"https:\/\/barbootlegger.com\/wp-content\/uploads\/2025\/04\/sans-titre-2521-819x1024.jpg","type":"image\/jpeg"}],"twitter_card":"summary_large_image","twitter_misc":{"Dur\u00e9e de lecture estim\u00e9e":"2 minutes"},"schema":{"@context":"https:\/\/schema.org","@graph":[{"@type":"WebPage","@id":"https:\/\/barbootlegger.com\/fr\/eddy-germain-supported-by-monkey-shoulder-scotch-whisky\/","url":"https:\/\/barbootlegger.com\/fr\/eddy-germain-supported-by-monkey-shoulder-scotch-whisky\/","name":"Eddy Germain support\u00e9 par le Scotch Whisky Monkey Shoulder","isPartOf":{"@id":"https:\/\/barbootlegger.com\/#website"},"primaryImageOfPage":{"@id":"https:\/\/barbootlegger.com\/fr\/eddy-germain-supported-by-monkey-shoulder-scotch-whisky\/#primaryimage"},"image":{"@id":"https:\/\/barbootlegger.com\/fr\/eddy-germain-supported-by-monkey-shoulder-scotch-whisky\/#primaryimage"},"thumbnailUrl":"https:\/\/barbootlegger.com\/wp-content\/uploads\/2025\/04\/sans-titre-2521.jpg","datePublished":"2025-04-19T01:58:58+00:00","dateModified":"2025-09-19T21:02:28+00:00","description":"S\u00e9rie Guest Bartender 2025 : Eddy Germain, pionnier de la mixologie au Qu\u00e9bec, cr\u00e9e 3 cocktails exclusifs en collaboration avec Monkey Shoulder.","breadcrumb":{"@id":"https:\/\/barbootlegger.com\/fr\/eddy-germain-supported-by-monkey-shoulder-scotch-whisky\/#breadcrumb"},"inLanguage":"fr-FR","potentialAction":[{"@type":"ReadAction","target":["https:\/\/barbootlegger.com\/fr\/eddy-germain-supported-by-monkey-shoulder-scotch-whisky\/"]}]},{"@type":"ImageObject","inLanguage":"fr-FR","@id":"https:\/\/barbootlegger.com\/fr\/eddy-germain-supported-by-monkey-shoulder-scotch-whisky\/#primaryimage","url":"https:\/\/barbootlegger.com\/wp-content\/uploads\/2025\/04\/sans-titre-2521.jpg","contentUrl":"https:\/\/barbootlegger.com\/wp-content\/uploads\/2025\/04\/sans-titre-2521.jpg","width":1536,"height":1920,"caption":"Bar Bootlegger cocktail Montreal - Guest bartender eddy Germain with Scotch whisky monkey shoulder"},{"@type":"BreadcrumbList","@id":"https:\/\/barbootlegger.com\/fr\/eddy-germain-supported-by-monkey-shoulder-scotch-whisky\/#breadcrumb","itemListElement":[{"@type":"ListItem","position":1,"name":"Home","item":"https:\/\/barbootlegger.com\/fr\/"},{"@type":"ListItem","position":2,"name":"Album Guest Bartender 2025 avec Eddy Germain support\u00e9 par le Scotch Whisky Monkey Shoulder"}]},{"@type":"WebSite","@id":"https:\/\/barbootlegger.com\/#website","url":"https:\/\/barbootlegger.com\/","name":"Bar Bootlegger","description":"Cocktail, Whisky &amp; Live band","publisher":{"@id":"https:\/\/barbootlegger.com\/#organization"},"potentialAction":[{"@type":"SearchAction","target":{"@type":"EntryPoint","urlTemplate":"https:\/\/barbootlegger.com\/?s={search_term_string}"},"query-input":{"@type":"PropertyValueSpecification","valueRequired":true,"valueName":"search_term_string"}}],"inLanguage":"fr-FR"},{"@type":"Organization","@id":"https:\/\/barbootlegger.com\/#organization","name":"Bar Bootlegger","url":"https:\/\/barbootlegger.com\/","logo":{"@type":"ImageObject","inLanguage":"fr-FR","@id":"https:\/\/barbootlegger.com\/#\/schema\/logo\/image\/","url":"http:\/\/barbootlegger.com\/wp-content\/uploads\/2020\/08\/cropped-logoBootLaurent_fav.png","contentUrl":"http:\/\/barbootlegger.com\/wp-content\/uploads\/2020\/08\/cropped-logoBootLaurent_fav.png","width":512,"height":512,"caption":"Bar Bootlegger"},"image":{"@id":"https:\/\/barbootlegger.com\/#\/schema\/logo\/image\/"},"sameAs":["https:\/\/www.facebook.com\/barbootlegger","https:\/\/www.tiktok.com\/@bootleggercocktailbar","https:\/\/twitter.com\/barbootlegger?lang=fr","https:\/\/www.youtube.com\/@bootleggerlauthentique2961","https:\/\/www.instagram.com\/bootleggercocktailbar\/"]}]}},"_links":{"self":[{"href":"https:\/\/barbootlegger.com\/fr\/wp-json\/wp\/v2\/pages\/12271","targetHints":{"allow":["GET"]}}],"collection":[{"href":"https:\/\/barbootlegger.com\/fr\/wp-json\/wp\/v2\/pages"}],"about":[{"href":"https:\/\/barbootlegger.com\/fr\/wp-json\/wp\/v2\/types\/page"}],"author":[{"embeddable":true,"href":"https:\/\/barbootlegger.com\/fr\/wp-json\/wp\/v2\/users\/8"}],"replies":[{"embeddable":true,"href":"https:\/\/barbootlegger.com\/fr\/wp-json\/wp\/v2\/comments?post=12271"}],"version-history":[{"count":6,"href":"https:\/\/barbootlegger.com\/fr\/wp-json\/wp\/v2\/pages\/12271\/revisions"}],"predecessor-version":[{"id":14478,"href":"https:\/\/barbootlegger.com\/fr\/wp-json\/wp\/v2\/pages\/12271\/revisions\/14478"}],"wp:featuredmedia":[{"embeddable":true,"href":"https:\/\/barbootlegger.com\/fr\/wp-json\/wp\/v2\/media\/12226"}],"wp:attachment":[{"href":"https:\/\/barbootlegger.com\/fr\/wp-json\/wp\/v2\/media?parent=12271"}],"curies":[{"name":"wp","href":"https:\/\/api.w.org\/{rel}","templated":true}]}}