{"id":11516,"date":"2024-12-15T03:51:29","date_gmt":"2024-12-15T08:51:29","guid":{"rendered":"https:\/mauricio-jose-jordan-magana-supported-by-tequila-codigo-rosa-and-corby-agency\/"},"modified":"2025-09-19T16:18:25","modified_gmt":"2025-09-19T20:18:25","slug":"guest-bartender-2024-avec-mauricio-jose-jordan-magana-supporte-par-la-tequila-codigo-rosa-et-lagence-corby","status":"publish","type":"page","link":"https:\/\/barbootlegger.com\/fr\/guest-bartender-2024-avec-mauricio-jose-jordan-magana-supporte-par-la-tequila-codigo-rosa-et-lagence-corby\/","title":{"rendered":"Album Guest Bartender 2024 avec Mauricio Jos\u00e9 Jordan-Magana support\u00e9 par la Tequila Codigo Rosa et l&rsquo;agence Corby"},"content":{"rendered":"<div class=\"wpb-content-wrapper\"><p>[vc_row][vc_column][vc_empty_space height=\u00a0\u00bb80px\u00a0\u00bb][\/vc_column][\/vc_row][vc_row][vc_column]<div class=\"eltdf-section-title-holder    \" style=\"text-align: center\">\n\t<div class=\"eltdf-st-inner\">\n        \t\t            <div class=\"eltdf-st-title-holder\">\n                                    <div class=\"decor\"><svg xmlns=\"http:\/\/www.w3.org\/2000\/svg\" width=\"41.125\" height=\"9.146\">\n                            <path fill=\"none\" stroke=\"#9C7C57\" stroke-miterlimit=\"10\" d=\"M40.881 8.576L20.562.591.244 8.576\"\/>\n                            <path fill=\"none\" stroke=\"#9C7C57\" stroke-miterlimit=\"10\" d=\"M40.881.591L20.562 8.576.243.591\"\/>\n                        <\/svg><\/div>\n                                <h1 class=\"eltdf-st-title\" >\n                    Guest Bartender 2024 avec Mauricio Jos\u00e9 Jordan-Magana support\u00e9 par la Tequila Codigo Rosa et l'agence Corby                <\/h1>\n                                    <div class=\"decor\"><svg xmlns=\"http:\/\/www.w3.org\/2000\/svg\" width=\"41.125\" height=\"9.146\">\n                            <path fill=\"none\" stroke=\"#9C7C57\" stroke-miterlimit=\"10\" d=\"M40.881 8.576L20.562.591.244 8.576\"\/>\n                            <path fill=\"none\" stroke=\"#9C7C57\" stroke-miterlimit=\"10\" d=\"M40.881.591L20.562 8.576.243.591\"\/>\n                        <\/svg><\/div>\n                            <\/div>\n\t\t\t\t\t\t\t<p class=\"eltdf-st-text\" >\n\t\t\t\tDans le cadre de notre s\u00e9rie Guest bartender, nous avons le plaisir de recevoir Mauricio du clandestino &amp; Mariscos mercredi le 11 d\u00e9cembre \u00e0 partir de 20hrs. En collaboration avec La tequila Codigo Rosa, Mauricio vous pr\u00e9sentera trois cocktails exclusifs pour l\u2019instant de la soir\u00e9e.\nCe sera notre derni\u00e8re soir\u00e9e de cette s\u00e9rie pour 2024. Nous accueillerons \u00e9galement James Bouthillier pour un flash Tattoo.\nMauricio travaille dans l\u2019industrie de l\u2019hospitalit\u00e9 depuis d\u00e9j\u00e0 6 ans. Ayant commenc\u00e9 comme barback, il a su apprendre de plusieurs mentors montr\u00e9alais dans plusieurs bars r\u00e9put\u00e9s avant de faire sa place au sein des propri\u00e9taires du Clandestino et du Mariscos. Op\u00e9rant aussi AlcheMix, une entreprise sp\u00e9cialis\u00e9e en ingr\u00e9dients \u00e0 cocktail, il a concoct\u00e9 des cocktails rassemblant ses diff\u00e9rentes entreprises sous un m\u00eame menu. N\u2019h\u00e9sitez pas \u00e0 venir go\u00fbter ce qu\u2019il a con\u00e7u sp\u00e9cialement pour l\u2019occasion!\t\t\t<\/p>\n\t\t\t\t\t<\/div>\n<\/div>[\/vc_column][\/vc_row][vc_row][vc_column][vc_empty_space height=\u00a0\u00bb50px\u00a0\u00bb][\/vc_column][\/vc_row][vc_row][vc_column][vc_single_image image=\u00a0\u00bb11466&Prime; img_size=\u00a0\u00bbfull\u00a0\u00bb alignment=\u00a0\u00bbcenter\u00a0\u00bb][\/vc_column][\/vc_row][vc_row][vc_column]<div class=\"eltdf-elements-holder   eltdf-one-column  eltdf-responsive-mode-768  \" ><div class=\"eltdf-eh-item    \"  data-item-class=\"eltdf-eh-custom-3030\">\n\t<div class=\"eltdf-eh-item-inner\">\n\t\t<div class=\"eltdf-eh-item-content eltdf-eh-custom-3030\" style=\"padding: 20\">\n\t\t\t[vc_empty_space height=\u00a0\u00bb80px\u00a0\u00bb]\t\t<\/div>\n\t<\/div>\n<\/div><\/div>[\/vc_column][\/vc_row][vc_row][vc_column][vc_gallery type=\u00a0\u00bbimage_grid\u00a0\u00bb images=\u00a0\u00bb11440,11442,11444,11446,11448,11450,11452,11454,11456,11458,11460,11462,11464,11466,11468,11470,11472,11474,11476,11478,11480,11482,11484,11486,11488,11490,11492,11494,11496,11498,11500,11502,11504,11506,11508,11510,11512,11514&Prime;][\/vc_column][\/vc_row][vc_row][vc_column]<div class=\"eltdf-elements-holder   eltdf-one-column  eltdf-responsive-mode-768  \" ><div class=\"eltdf-eh-item    \"  data-item-class=\"eltdf-eh-custom-9338\">\n\t<div class=\"eltdf-eh-item-inner\">\n\t\t<div class=\"eltdf-eh-item-content eltdf-eh-custom-9338\" style=\"padding: 20\">\n\t\t\t[vc_empty_space height=\u00a0\u00bb80px\u00a0\u00bb]\t\t<\/div>\n\t<\/div>\n<\/div><\/div>[\/vc_column][\/vc_row][vc_row][vc_column width=\u00a0\u00bb1\/3&Prime;][vc_facebook][\/vc_column][vc_column width=\u00a0\u00bb1\/3&Prime;][vc_tweetmeme][\/vc_column][vc_column width=\u00a0\u00bb1\/3&Prime;][vc_pinterest][\/vc_column][\/vc_row]<\/p>\n<\/div>","protected":false},"excerpt":{"rendered":"<p>[vc_row][vc_column][vc_empty_space height=\u00a0\u00bb80px\u00a0\u00bb][\/vc_column][\/vc_row][vc_row][vc_column][\/vc_column][\/vc_row][vc_row][vc_column][vc_empty_space height=\u00a0\u00bb50px\u00a0\u00bb][\/vc_column][\/vc_row][vc_row][vc_column][vc_single_image image=\u00a0\u00bb11466&Prime; img_size=\u00a0\u00bbfull\u00a0\u00bb alignment=\u00a0\u00bbcenter\u00a0\u00bb][\/vc_column][\/vc_row][vc_row][vc_column][\/vc_column][\/vc_row][vc_row][vc_column][vc_gallery type=\u00a0\u00bbimage_grid\u00a0\u00bb images=\u00a0\u00bb11440,11442,11444,11446,11448,11450,11452,11454,11456,11458,11460,11462,11464,11466,11468,11470,11472,11474,11476,11478,11480,11482,11484,11486,11488,11490,11492,11494,11496,11498,11500,11502,11504,11506,11508,11510,11512,11514&Prime;][\/vc_column][\/vc_row][vc_row][vc_column][\/vc_column][\/vc_row][vc_row][vc_column width=\u00a0\u00bb1\/3&Prime;][vc_facebook][\/vc_column][vc_column width=\u00a0\u00bb1\/3&Prime;][vc_tweetmeme][\/vc_column][vc_column width=\u00a0\u00bb1\/3&Prime;][vc_pinterest][\/vc_column][\/vc_row]<\/p>\n","protected":false},"author":8,"featured_media":11472,"parent":0,"menu_order":0,"comment_status":"closed","ping_status":"closed","template":"","meta":{"_acf_changed":false,"footnotes":""},"class_list":["post-11516","page","type-page","status-publish","has-post-thumbnail","hentry"],"acf":[],"yoast_head":"<!-- This site is optimized with the Yoast SEO plugin v27.0 - https:\/\/yoast.com\/product\/yoast-seo-wordpress\/ -->\n<title>Guest Bartender 2024 avec Mauricio Jos\u00e9 Jordan-Magana support\u00e9 par la Tequila Codigo Rosa et l&#039;agence Corby<\/title>\n<meta name=\"description\" content=\"Dans le cadre de notre s\u00e9rie Guest bartender, nous avons le plaisir d&#039;accueillir Mauricio de Clandestino &amp; Mariscos le mercredi 11 d\u00e9cembre \u00e0 partir de 20h. En collaboration avec La tequila Codigo Rosa.\" \/>\n<meta name=\"robots\" content=\"index, follow, max-snippet:-1, max-image-preview:large, max-video-preview:-1\" \/>\n<link rel=\"canonical\" href=\"https:\/\/barbootlegger.com\/fr\/guest-bartender-2024-avec-mauricio-jose-jordan-magana-supporte-par-la-tequila-codigo-rosa-et-lagence-corby\/\" \/>\n<meta property=\"og:locale\" content=\"fr_FR\" \/>\n<meta property=\"og:type\" content=\"article\" \/>\n<meta property=\"og:title\" content=\"Guest Bartender 2024 avec Mauricio Jos\u00e9 Jordan-Magana support\u00e9 par la Tequila Codigo Rosa et l&#039;agence Corby\" \/>\n<meta property=\"og:description\" content=\"Dans le cadre de notre s\u00e9rie Guest bartender, nous avons le plaisir d&#039;accueillir Mauricio de Clandestino &amp; Mariscos le mercredi 11 d\u00e9cembre \u00e0 partir de 20h. En collaboration avec La tequila Codigo Rosa.\" \/>\n<meta property=\"og:url\" content=\"https:\/\/barbootlegger.com\/fr\/guest-bartender-2024-avec-mauricio-jose-jordan-magana-supporte-par-la-tequila-codigo-rosa-et-lagence-corby\/\" \/>\n<meta property=\"og:site_name\" content=\"Bootlegger Cocktail Bar &amp; Cuisine Montreal\" \/>\n<meta property=\"article:publisher\" content=\"https:\/\/www.facebook.com\/barbootlegger\" \/>\n<meta property=\"article:modified_time\" content=\"2025-09-19T20:18:25+00:00\" \/>\n<meta property=\"og:image\" content=\"https:\/\/barbootlegger.com\/wp-content\/uploads\/2024\/12\/sans-titre-1967-683x1024.jpg\" \/>\n\t<meta property=\"og:image:width\" content=\"683\" \/>\n\t<meta property=\"og:image:height\" content=\"1024\" \/>\n\t<meta property=\"og:image:type\" content=\"image\/jpeg\" \/>\n<meta name=\"twitter:card\" content=\"summary_large_image\" \/>\n<meta name=\"twitter:label1\" content=\"Dur\u00e9e de lecture estim\u00e9e\" \/>\n\t<meta name=\"twitter:data1\" content=\"2 minutes\" \/>\n<script type=\"application\/ld+json\" class=\"yoast-schema-graph\">{\"@context\":\"https:\/\/schema.org\",\"@graph\":[{\"@type\":\"WebPage\",\"@id\":\"https:\/\/barbootlegger.com\/fr\/guest-bartender-2024-avec-mauricio-jose-jordan-magana-supporte-par-la-tequila-codigo-rosa-et-lagence-corby\/\",\"url\":\"https:\/\/barbootlegger.com\/fr\/guest-bartender-2024-avec-mauricio-jose-jordan-magana-supporte-par-la-tequila-codigo-rosa-et-lagence-corby\/\",\"name\":\"Guest Bartender 2024 avec Mauricio Jos\u00e9 Jordan-Magana support\u00e9 par la Tequila Codigo Rosa et l'agence Corby\",\"isPartOf\":{\"@id\":\"https:\/\/barbootlegger.com\/#website\"},\"primaryImageOfPage\":{\"@id\":\"https:\/\/barbootlegger.com\/fr\/guest-bartender-2024-avec-mauricio-jose-jordan-magana-supporte-par-la-tequila-codigo-rosa-et-lagence-corby\/#primaryimage\"},\"image\":{\"@id\":\"https:\/\/barbootlegger.com\/fr\/guest-bartender-2024-avec-mauricio-jose-jordan-magana-supporte-par-la-tequila-codigo-rosa-et-lagence-corby\/#primaryimage\"},\"thumbnailUrl\":\"https:\/\/barbootlegger.com\/wp-content\/uploads\/2024\/12\/sans-titre-1967.jpg\",\"datePublished\":\"2024-12-15T08:51:29+00:00\",\"dateModified\":\"2025-09-19T20:18:25+00:00\",\"description\":\"Dans le cadre de notre s\u00e9rie Guest bartender, nous avons le plaisir d'accueillir Mauricio de Clandestino & Mariscos le mercredi 11 d\u00e9cembre \u00e0 partir de 20h. En collaboration avec La tequila Codigo Rosa.\",\"breadcrumb\":{\"@id\":\"https:\/\/barbootlegger.com\/fr\/guest-bartender-2024-avec-mauricio-jose-jordan-magana-supporte-par-la-tequila-codigo-rosa-et-lagence-corby\/#breadcrumb\"},\"inLanguage\":\"fr-FR\",\"potentialAction\":[{\"@type\":\"ReadAction\",\"target\":[\"https:\/\/barbootlegger.com\/fr\/guest-bartender-2024-avec-mauricio-jose-jordan-magana-supporte-par-la-tequila-codigo-rosa-et-lagence-corby\/\"]}]},{\"@type\":\"ImageObject\",\"inLanguage\":\"fr-FR\",\"@id\":\"https:\/\/barbootlegger.com\/fr\/guest-bartender-2024-avec-mauricio-jose-jordan-magana-supporte-par-la-tequila-codigo-rosa-et-lagence-corby\/#primaryimage\",\"url\":\"https:\/\/barbootlegger.com\/wp-content\/uploads\/2024\/12\/sans-titre-1967.jpg\",\"contentUrl\":\"https:\/\/barbootlegger.com\/wp-content\/uploads\/2024\/12\/sans-titre-1967.jpg\",\"width\":1600,\"height\":2400,\"caption\":\"Mauricio Jos\u00e9 Jordan-Magana Supported by Tequila Codigo Rosa and Corby agency at Bootlegger cocktail bar montreal\"},{\"@type\":\"BreadcrumbList\",\"@id\":\"https:\/\/barbootlegger.com\/fr\/guest-bartender-2024-avec-mauricio-jose-jordan-magana-supporte-par-la-tequila-codigo-rosa-et-lagence-corby\/#breadcrumb\",\"itemListElement\":[{\"@type\":\"ListItem\",\"position\":1,\"name\":\"Home\",\"item\":\"https:\/\/barbootlegger.com\/fr\/\"},{\"@type\":\"ListItem\",\"position\":2,\"name\":\"Album Guest Bartender 2024 avec Mauricio Jos\u00e9 Jordan-Magana support\u00e9 par la Tequila Codigo Rosa et l&rsquo;agence Corby\"}]},{\"@type\":\"WebSite\",\"@id\":\"https:\/\/barbootlegger.com\/#website\",\"url\":\"https:\/\/barbootlegger.com\/\",\"name\":\"Bar Bootlegger\",\"description\":\"Cocktail, Whisky &amp; Live band\",\"publisher\":{\"@id\":\"https:\/\/barbootlegger.com\/#organization\"},\"potentialAction\":[{\"@type\":\"SearchAction\",\"target\":{\"@type\":\"EntryPoint\",\"urlTemplate\":\"https:\/\/barbootlegger.com\/?s={search_term_string}\"},\"query-input\":{\"@type\":\"PropertyValueSpecification\",\"valueRequired\":true,\"valueName\":\"search_term_string\"}}],\"inLanguage\":\"fr-FR\"},{\"@type\":\"Organization\",\"@id\":\"https:\/\/barbootlegger.com\/#organization\",\"name\":\"Bar Bootlegger\",\"url\":\"https:\/\/barbootlegger.com\/\",\"logo\":{\"@type\":\"ImageObject\",\"inLanguage\":\"fr-FR\",\"@id\":\"https:\/\/barbootlegger.com\/#\/schema\/logo\/image\/\",\"url\":\"http:\/\/barbootlegger.com\/wp-content\/uploads\/2020\/08\/cropped-logoBootLaurent_fav.png\",\"contentUrl\":\"http:\/\/barbootlegger.com\/wp-content\/uploads\/2020\/08\/cropped-logoBootLaurent_fav.png\",\"width\":512,\"height\":512,\"caption\":\"Bar Bootlegger\"},\"image\":{\"@id\":\"https:\/\/barbootlegger.com\/#\/schema\/logo\/image\/\"},\"sameAs\":[\"https:\/\/www.facebook.com\/barbootlegger\",\"https:\/\/www.tiktok.com\/@bootleggercocktailbar\",\"https:\/\/twitter.com\/barbootlegger?lang=fr\",\"https:\/\/www.youtube.com\/@bootleggerlauthentique2961\",\"https:\/\/www.instagram.com\/bootleggercocktailbar\/\"]}]}<\/script>\n<!-- \/ Yoast SEO plugin. -->","yoast_head_json":{"title":"Guest Bartender 2024 avec Mauricio Jos\u00e9 Jordan-Magana support\u00e9 par la Tequila Codigo Rosa et l'agence Corby","description":"Dans le cadre de notre s\u00e9rie Guest bartender, nous avons le plaisir d'accueillir Mauricio de Clandestino & Mariscos le mercredi 11 d\u00e9cembre \u00e0 partir de 20h. En collaboration avec La tequila Codigo Rosa.","robots":{"index":"index","follow":"follow","max-snippet":"max-snippet:-1","max-image-preview":"max-image-preview:large","max-video-preview":"max-video-preview:-1"},"canonical":"https:\/\/barbootlegger.com\/fr\/guest-bartender-2024-avec-mauricio-jose-jordan-magana-supporte-par-la-tequila-codigo-rosa-et-lagence-corby\/","og_locale":"fr_FR","og_type":"article","og_title":"Guest Bartender 2024 avec Mauricio Jos\u00e9 Jordan-Magana support\u00e9 par la Tequila Codigo Rosa et l'agence Corby","og_description":"Dans le cadre de notre s\u00e9rie Guest bartender, nous avons le plaisir d'accueillir Mauricio de Clandestino & Mariscos le mercredi 11 d\u00e9cembre \u00e0 partir de 20h. En collaboration avec La tequila Codigo Rosa.","og_url":"https:\/\/barbootlegger.com\/fr\/guest-bartender-2024-avec-mauricio-jose-jordan-magana-supporte-par-la-tequila-codigo-rosa-et-lagence-corby\/","og_site_name":"Bootlegger Cocktail Bar &amp; Cuisine Montreal","article_publisher":"https:\/\/www.facebook.com\/barbootlegger","article_modified_time":"2025-09-19T20:18:25+00:00","og_image":[{"width":683,"height":1024,"url":"https:\/\/barbootlegger.com\/wp-content\/uploads\/2024\/12\/sans-titre-1967-683x1024.jpg","type":"image\/jpeg"}],"twitter_card":"summary_large_image","twitter_misc":{"Dur\u00e9e de lecture estim\u00e9e":"2 minutes"},"schema":{"@context":"https:\/\/schema.org","@graph":[{"@type":"WebPage","@id":"https:\/\/barbootlegger.com\/fr\/guest-bartender-2024-avec-mauricio-jose-jordan-magana-supporte-par-la-tequila-codigo-rosa-et-lagence-corby\/","url":"https:\/\/barbootlegger.com\/fr\/guest-bartender-2024-avec-mauricio-jose-jordan-magana-supporte-par-la-tequila-codigo-rosa-et-lagence-corby\/","name":"Guest Bartender 2024 avec Mauricio Jos\u00e9 Jordan-Magana support\u00e9 par la Tequila Codigo Rosa et l'agence Corby","isPartOf":{"@id":"https:\/\/barbootlegger.com\/#website"},"primaryImageOfPage":{"@id":"https:\/\/barbootlegger.com\/fr\/guest-bartender-2024-avec-mauricio-jose-jordan-magana-supporte-par-la-tequila-codigo-rosa-et-lagence-corby\/#primaryimage"},"image":{"@id":"https:\/\/barbootlegger.com\/fr\/guest-bartender-2024-avec-mauricio-jose-jordan-magana-supporte-par-la-tequila-codigo-rosa-et-lagence-corby\/#primaryimage"},"thumbnailUrl":"https:\/\/barbootlegger.com\/wp-content\/uploads\/2024\/12\/sans-titre-1967.jpg","datePublished":"2024-12-15T08:51:29+00:00","dateModified":"2025-09-19T20:18:25+00:00","description":"Dans le cadre de notre s\u00e9rie Guest bartender, nous avons le plaisir d'accueillir Mauricio de Clandestino & Mariscos le mercredi 11 d\u00e9cembre \u00e0 partir de 20h. En collaboration avec La tequila Codigo Rosa.","breadcrumb":{"@id":"https:\/\/barbootlegger.com\/fr\/guest-bartender-2024-avec-mauricio-jose-jordan-magana-supporte-par-la-tequila-codigo-rosa-et-lagence-corby\/#breadcrumb"},"inLanguage":"fr-FR","potentialAction":[{"@type":"ReadAction","target":["https:\/\/barbootlegger.com\/fr\/guest-bartender-2024-avec-mauricio-jose-jordan-magana-supporte-par-la-tequila-codigo-rosa-et-lagence-corby\/"]}]},{"@type":"ImageObject","inLanguage":"fr-FR","@id":"https:\/\/barbootlegger.com\/fr\/guest-bartender-2024-avec-mauricio-jose-jordan-magana-supporte-par-la-tequila-codigo-rosa-et-lagence-corby\/#primaryimage","url":"https:\/\/barbootlegger.com\/wp-content\/uploads\/2024\/12\/sans-titre-1967.jpg","contentUrl":"https:\/\/barbootlegger.com\/wp-content\/uploads\/2024\/12\/sans-titre-1967.jpg","width":1600,"height":2400,"caption":"Mauricio Jos\u00e9 Jordan-Magana Supported by Tequila Codigo Rosa and Corby agency at Bootlegger cocktail bar montreal"},{"@type":"BreadcrumbList","@id":"https:\/\/barbootlegger.com\/fr\/guest-bartender-2024-avec-mauricio-jose-jordan-magana-supporte-par-la-tequila-codigo-rosa-et-lagence-corby\/#breadcrumb","itemListElement":[{"@type":"ListItem","position":1,"name":"Home","item":"https:\/\/barbootlegger.com\/fr\/"},{"@type":"ListItem","position":2,"name":"Album Guest Bartender 2024 avec Mauricio Jos\u00e9 Jordan-Magana support\u00e9 par la Tequila Codigo Rosa et l&rsquo;agence Corby"}]},{"@type":"WebSite","@id":"https:\/\/barbootlegger.com\/#website","url":"https:\/\/barbootlegger.com\/","name":"Bar Bootlegger","description":"Cocktail, Whisky &amp; Live band","publisher":{"@id":"https:\/\/barbootlegger.com\/#organization"},"potentialAction":[{"@type":"SearchAction","target":{"@type":"EntryPoint","urlTemplate":"https:\/\/barbootlegger.com\/?s={search_term_string}"},"query-input":{"@type":"PropertyValueSpecification","valueRequired":true,"valueName":"search_term_string"}}],"inLanguage":"fr-FR"},{"@type":"Organization","@id":"https:\/\/barbootlegger.com\/#organization","name":"Bar Bootlegger","url":"https:\/\/barbootlegger.com\/","logo":{"@type":"ImageObject","inLanguage":"fr-FR","@id":"https:\/\/barbootlegger.com\/#\/schema\/logo\/image\/","url":"http:\/\/barbootlegger.com\/wp-content\/uploads\/2020\/08\/cropped-logoBootLaurent_fav.png","contentUrl":"http:\/\/barbootlegger.com\/wp-content\/uploads\/2020\/08\/cropped-logoBootLaurent_fav.png","width":512,"height":512,"caption":"Bar Bootlegger"},"image":{"@id":"https:\/\/barbootlegger.com\/#\/schema\/logo\/image\/"},"sameAs":["https:\/\/www.facebook.com\/barbootlegger","https:\/\/www.tiktok.com\/@bootleggercocktailbar","https:\/\/twitter.com\/barbootlegger?lang=fr","https:\/\/www.youtube.com\/@bootleggerlauthentique2961","https:\/\/www.instagram.com\/bootleggercocktailbar\/"]}]}},"_links":{"self":[{"href":"https:\/\/barbootlegger.com\/fr\/wp-json\/wp\/v2\/pages\/11516","targetHints":{"allow":["GET"]}}],"collection":[{"href":"https:\/\/barbootlegger.com\/fr\/wp-json\/wp\/v2\/pages"}],"about":[{"href":"https:\/\/barbootlegger.com\/fr\/wp-json\/wp\/v2\/types\/page"}],"author":[{"embeddable":true,"href":"https:\/\/barbootlegger.com\/fr\/wp-json\/wp\/v2\/users\/8"}],"replies":[{"embeddable":true,"href":"https:\/\/barbootlegger.com\/fr\/wp-json\/wp\/v2\/comments?post=11516"}],"version-history":[{"count":6,"href":"https:\/\/barbootlegger.com\/fr\/wp-json\/wp\/v2\/pages\/11516\/revisions"}],"predecessor-version":[{"id":14467,"href":"https:\/\/barbootlegger.com\/fr\/wp-json\/wp\/v2\/pages\/11516\/revisions\/14467"}],"wp:featuredmedia":[{"embeddable":true,"href":"https:\/\/barbootlegger.com\/fr\/wp-json\/wp\/v2\/media\/11472"}],"wp:attachment":[{"href":"https:\/\/barbootlegger.com\/fr\/wp-json\/wp\/v2\/media?parent=11516"}],"curies":[{"name":"wp","href":"https:\/\/api.w.org\/{rel}","templated":true}]}}