{"id":11271,"date":"2024-12-02T02:24:37","date_gmt":"2024-12-02T07:24:37","guid":{"rendered":"https:\/patrick-chiquette-menard-supported-by-brockmans-gin\/"},"modified":"2025-09-19T17:21:17","modified_gmt":"2025-09-19T21:21:17","slug":"patrick-chiquette-menard-supported-by-brockmans-gin","status":"publish","type":"page","link":"https:\/\/barbootlegger.com\/fr\/patrick-chiquette-menard-supported-by-brockmans-gin\/","title":{"rendered":"Album s\u00e9rie bartender invit\u00e9 2024 avec Patrick Chiquette-M\u00e9nard  support\u00e9 par le gin Brockmans"},"content":{"rendered":"<div class=\"wpb-content-wrapper\"><p>[vc_row][vc_column][vc_empty_space height=\u00a0\u00bb80px\u00a0\u00bb][\/vc_column][\/vc_row][vc_row][vc_column]<div class=\"eltdf-section-title-holder    \" style=\"text-align: center\">\n\t<div class=\"eltdf-st-inner\">\n        \t\t            <div class=\"eltdf-st-title-holder\">\n                                    <div class=\"decor\"><svg xmlns=\"http:\/\/www.w3.org\/2000\/svg\" width=\"41.125\" height=\"9.146\">\n                            <path fill=\"none\" stroke=\"#9C7C57\" stroke-miterlimit=\"10\" d=\"M40.881 8.576L20.562.591.244 8.576\"\/>\n                            <path fill=\"none\" stroke=\"#9C7C57\" stroke-miterlimit=\"10\" d=\"M40.881.591L20.562 8.576.243.591\"\/>\n                        <\/svg><\/div>\n                                <h1 class=\"eltdf-st-title\" >\n                    S\u00e9rie bartender invit\u00e9 2024 avec Patrick Chiquette-M\u00e9nard support\u00e9 par le gin Brockmans                <\/h1>\n                                    <div class=\"decor\"><svg xmlns=\"http:\/\/www.w3.org\/2000\/svg\" width=\"41.125\" height=\"9.146\">\n                            <path fill=\"none\" stroke=\"#9C7C57\" stroke-miterlimit=\"10\" d=\"M40.881 8.576L20.562.591.244 8.576\"\/>\n                            <path fill=\"none\" stroke=\"#9C7C57\" stroke-miterlimit=\"10\" d=\"M40.881.591L20.562 8.576.243.591\"\/>\n                        <\/svg><\/div>\n                            <\/div>\n\t\t\t\t\t\t\t<p class=\"eltdf-st-text\" >\n\t\t\t\tMercredi le 27 novembre 2024, nous avons eu le plaisir de recevoir Patrick Chiquette-M\u00e9nard du restaurant Yubari dans le cadre de notre s\u00e9rie Guest Bartender.\nL\u2019\u00e9v\u00e9nement a \u00e9t\u00e9 support\u00e9 par le Gin Brockmans et l\u2019agence Vineo\t\t\t<\/p>\n\t\t\t\t\t<\/div>\n<\/div>[\/vc_column][\/vc_row][vc_row][vc_column][vc_empty_space height=\u00a0\u00bb50px\u00a0\u00bb][\/vc_column][\/vc_row][vc_row][vc_column][vc_single_image image=\u00a0\u00bb11259&Prime; img_size=\u00a0\u00bbfull\u00a0\u00bb alignment=\u00a0\u00bbcenter\u00a0\u00bb][\/vc_column][\/vc_row][vc_row][vc_column]<div class=\"eltdf-elements-holder   eltdf-one-column  eltdf-responsive-mode-768  \" ><div class=\"eltdf-eh-item    \"  data-item-class=\"eltdf-eh-custom-6700\">\n\t<div class=\"eltdf-eh-item-inner\">\n\t\t<div class=\"eltdf-eh-item-content eltdf-eh-custom-6700\" style=\"padding: 20\">\n\t\t\t[vc_empty_space height=\u00a0\u00bb80px\u00a0\u00bb]\t\t<\/div>\n\t<\/div>\n<\/div><\/div>[\/vc_column][\/vc_row][vc_row][vc_column][vc_gallery type=\u00a0\u00bbimage_grid\u00a0\u00bb images=\u00a0\u00bb11217,11219,11221,11223,11225,11227,11229,11231,11233,11235,11237,11239,11241,11243,11245,11247,11249,11251,11253,11255,11257,11259,11261,11263,11265,11267,11269&Prime;][\/vc_column][\/vc_row][vc_row][vc_column]<div class=\"eltdf-elements-holder   eltdf-one-column  eltdf-responsive-mode-768  \" ><div class=\"eltdf-eh-item    \"  data-item-class=\"eltdf-eh-custom-1503\">\n\t<div class=\"eltdf-eh-item-inner\">\n\t\t<div class=\"eltdf-eh-item-content eltdf-eh-custom-1503\" style=\"padding: 20\">\n\t\t\t[vc_empty_space height=\u00a0\u00bb80px\u00a0\u00bb]\t\t<\/div>\n\t<\/div>\n<\/div><\/div>[\/vc_column][\/vc_row][vc_row][vc_column width=\u00a0\u00bb1\/3&Prime;][vc_facebook][\/vc_column][vc_column width=\u00a0\u00bb1\/3&Prime;][vc_tweetmeme][\/vc_column][vc_column width=\u00a0\u00bb1\/3&Prime;][vc_pinterest][\/vc_column][\/vc_row]<\/p>\n<\/div>","protected":false},"excerpt":{"rendered":"<p>[vc_row][vc_column][vc_empty_space height=\u00a0\u00bb80px\u00a0\u00bb][\/vc_column][\/vc_row][vc_row][vc_column][\/vc_column][\/vc_row][vc_row][vc_column][vc_empty_space height=\u00a0\u00bb50px\u00a0\u00bb][\/vc_column][\/vc_row][vc_row][vc_column][vc_single_image image=\u00a0\u00bb11259&Prime; img_size=\u00a0\u00bbfull\u00a0\u00bb alignment=\u00a0\u00bbcenter\u00a0\u00bb][\/vc_column][\/vc_row][vc_row][vc_column][\/vc_column][\/vc_row][vc_row][vc_column][vc_gallery type=\u00a0\u00bbimage_grid\u00a0\u00bb images=\u00a0\u00bb11217,11219,11221,11223,11225,11227,11229,11231,11233,11235,11237,11239,11241,11243,11245,11247,11249,11251,11253,11255,11257,11259,11261,11263,11265,11267,11269&Prime;][\/vc_column][\/vc_row][vc_row][vc_column][\/vc_column][\/vc_row][vc_row][vc_column width=\u00a0\u00bb1\/3&Prime;][vc_facebook][\/vc_column][vc_column width=\u00a0\u00bb1\/3&Prime;][vc_tweetmeme][\/vc_column][vc_column width=\u00a0\u00bb1\/3&Prime;][vc_pinterest][\/vc_column][\/vc_row]<\/p>\n","protected":false},"author":8,"featured_media":11221,"parent":0,"menu_order":0,"comment_status":"closed","ping_status":"closed","template":"","meta":{"_acf_changed":false,"footnotes":""},"class_list":["post-11271","page","type-page","status-publish","has-post-thumbnail","hentry"],"acf":[],"yoast_head":"<!-- This site is optimized with the Yoast SEO plugin v27.0 - https:\/\/yoast.com\/product\/yoast-seo-wordpress\/ -->\n<title>Guest Bartender 2024 : Patrick Chiquette-M\u00e9nard avec Brockmans Gin<\/title>\n<meta name=\"description\" content=\"Mercredi le 27 novembre 2024, nous avons eu le plaisir de recevoir Patrick Chiquette-M\u00e9nard du restaurant Yubari dans le cadre de notre s\u00e9rie Guest Bartender. L\u2019\u00e9v\u00e9nement a \u00e9t\u00e9 support\u00e9 par le Gin Brockmans et l\u2019agence Vineo\" \/>\n<meta name=\"robots\" content=\"index, follow, max-snippet:-1, max-image-preview:large, max-video-preview:-1\" \/>\n<link rel=\"canonical\" href=\"https:\/\/barbootlegger.com\/fr\/patrick-chiquette-menard-supported-by-brockmans-gin\/\" \/>\n<meta property=\"og:locale\" content=\"fr_FR\" \/>\n<meta property=\"og:type\" content=\"article\" \/>\n<meta property=\"og:title\" content=\"Guest Bartender 2024 : Patrick Chiquette-M\u00e9nard avec Brockmans Gin\" \/>\n<meta property=\"og:description\" content=\"Mercredi le 27 novembre 2024, nous avons eu le plaisir de recevoir Patrick Chiquette-M\u00e9nard du restaurant Yubari dans le cadre de notre s\u00e9rie Guest Bartender. L\u2019\u00e9v\u00e9nement a \u00e9t\u00e9 support\u00e9 par le Gin Brockmans et l\u2019agence Vineo\" \/>\n<meta property=\"og:url\" content=\"https:\/\/barbootlegger.com\/fr\/patrick-chiquette-menard-supported-by-brockmans-gin\/\" \/>\n<meta property=\"og:site_name\" content=\"Bootlegger Cocktail Bar &amp; Cuisine Montreal\" \/>\n<meta property=\"article:publisher\" content=\"https:\/\/www.facebook.com\/barbootlegger\" \/>\n<meta property=\"article:modified_time\" content=\"2025-09-19T21:21:17+00:00\" \/>\n<meta property=\"og:image\" content=\"https:\/\/barbootlegger.com\/wp-content\/uploads\/2024\/12\/IMG_7000-scaled.jpeg\" \/>\n\t<meta property=\"og:image:width\" content=\"2560\" \/>\n\t<meta property=\"og:image:height\" content=\"1705\" \/>\n\t<meta property=\"og:image:type\" content=\"image\/jpeg\" \/>\n<meta name=\"twitter:card\" content=\"summary_large_image\" \/>\n<meta name=\"twitter:label1\" content=\"Dur\u00e9e de lecture estim\u00e9e\" \/>\n\t<meta name=\"twitter:data1\" content=\"1 minute\" \/>\n<script type=\"application\/ld+json\" class=\"yoast-schema-graph\">{\"@context\":\"https:\/\/schema.org\",\"@graph\":[{\"@type\":\"WebPage\",\"@id\":\"https:\/\/barbootlegger.com\/fr\/patrick-chiquette-menard-supported-by-brockmans-gin\/\",\"url\":\"https:\/\/barbootlegger.com\/fr\/patrick-chiquette-menard-supported-by-brockmans-gin\/\",\"name\":\"Guest Bartender 2024 : Patrick Chiquette-M\u00e9nard avec Brockmans Gin\",\"isPartOf\":{\"@id\":\"https:\/\/barbootlegger.com\/#website\"},\"primaryImageOfPage\":{\"@id\":\"https:\/\/barbootlegger.com\/fr\/patrick-chiquette-menard-supported-by-brockmans-gin\/#primaryimage\"},\"image\":{\"@id\":\"https:\/\/barbootlegger.com\/fr\/patrick-chiquette-menard-supported-by-brockmans-gin\/#primaryimage\"},\"thumbnailUrl\":\"https:\/\/barbootlegger.com\/wp-content\/uploads\/2024\/12\/IMG_7000-scaled.jpeg\",\"datePublished\":\"2024-12-02T07:24:37+00:00\",\"dateModified\":\"2025-09-19T21:21:17+00:00\",\"description\":\"Mercredi le 27 novembre 2024, nous avons eu le plaisir de recevoir Patrick Chiquette-M\u00e9nard du restaurant Yubari dans le cadre de notre s\u00e9rie Guest Bartender. L\u2019\u00e9v\u00e9nement a \u00e9t\u00e9 support\u00e9 par le Gin Brockmans et l\u2019agence Vineo\",\"breadcrumb\":{\"@id\":\"https:\/\/barbootlegger.com\/fr\/patrick-chiquette-menard-supported-by-brockmans-gin\/#breadcrumb\"},\"inLanguage\":\"fr-FR\",\"potentialAction\":[{\"@type\":\"ReadAction\",\"target\":[\"https:\/\/barbootlegger.com\/fr\/patrick-chiquette-menard-supported-by-brockmans-gin\/\"]}]},{\"@type\":\"ImageObject\",\"inLanguage\":\"fr-FR\",\"@id\":\"https:\/\/barbootlegger.com\/fr\/patrick-chiquette-menard-supported-by-brockmans-gin\/#primaryimage\",\"url\":\"https:\/\/barbootlegger.com\/wp-content\/uploads\/2024\/12\/IMG_7000-scaled.jpeg\",\"contentUrl\":\"https:\/\/barbootlegger.com\/wp-content\/uploads\/2024\/12\/IMG_7000-scaled.jpeg\",\"width\":2560,\"height\":1705,\"caption\":\"Mercredi le 27 novembre 2024, nous avons eu le plaisir de recevoir Patrick Chiquette-M\u00e9nard du restaurant Yubari dans le cadre de notre s\u00e9rie Guest Bartender. L\u2019\u00e9v\u00e9nement a \u00e9t\u00e9 support\u00e9 par le Gin Brockmans et l\u2019agence Vineo\"},{\"@type\":\"BreadcrumbList\",\"@id\":\"https:\/\/barbootlegger.com\/fr\/patrick-chiquette-menard-supported-by-brockmans-gin\/#breadcrumb\",\"itemListElement\":[{\"@type\":\"ListItem\",\"position\":1,\"name\":\"Home\",\"item\":\"https:\/\/barbootlegger.com\/fr\/\"},{\"@type\":\"ListItem\",\"position\":2,\"name\":\"Album s\u00e9rie bartender invit\u00e9 2024 avec Patrick Chiquette-M\u00e9nard support\u00e9 par le gin Brockmans\"}]},{\"@type\":\"WebSite\",\"@id\":\"https:\/\/barbootlegger.com\/#website\",\"url\":\"https:\/\/barbootlegger.com\/\",\"name\":\"Bar Bootlegger\",\"description\":\"Cocktail, Whisky &amp; Live band\",\"publisher\":{\"@id\":\"https:\/\/barbootlegger.com\/#organization\"},\"potentialAction\":[{\"@type\":\"SearchAction\",\"target\":{\"@type\":\"EntryPoint\",\"urlTemplate\":\"https:\/\/barbootlegger.com\/?s={search_term_string}\"},\"query-input\":{\"@type\":\"PropertyValueSpecification\",\"valueRequired\":true,\"valueName\":\"search_term_string\"}}],\"inLanguage\":\"fr-FR\"},{\"@type\":\"Organization\",\"@id\":\"https:\/\/barbootlegger.com\/#organization\",\"name\":\"Bar Bootlegger\",\"url\":\"https:\/\/barbootlegger.com\/\",\"logo\":{\"@type\":\"ImageObject\",\"inLanguage\":\"fr-FR\",\"@id\":\"https:\/\/barbootlegger.com\/#\/schema\/logo\/image\/\",\"url\":\"http:\/\/barbootlegger.com\/wp-content\/uploads\/2020\/08\/cropped-logoBootLaurent_fav.png\",\"contentUrl\":\"http:\/\/barbootlegger.com\/wp-content\/uploads\/2020\/08\/cropped-logoBootLaurent_fav.png\",\"width\":512,\"height\":512,\"caption\":\"Bar Bootlegger\"},\"image\":{\"@id\":\"https:\/\/barbootlegger.com\/#\/schema\/logo\/image\/\"},\"sameAs\":[\"https:\/\/www.facebook.com\/barbootlegger\",\"https:\/\/www.tiktok.com\/@bootleggercocktailbar\",\"https:\/\/twitter.com\/barbootlegger?lang=fr\",\"https:\/\/www.youtube.com\/@bootleggerlauthentique2961\",\"https:\/\/www.instagram.com\/bootleggercocktailbar\/\"]}]}<\/script>\n<!-- \/ Yoast SEO plugin. -->","yoast_head_json":{"title":"Guest Bartender 2024 : Patrick Chiquette-M\u00e9nard avec Brockmans Gin","description":"Mercredi le 27 novembre 2024, nous avons eu le plaisir de recevoir Patrick Chiquette-M\u00e9nard du restaurant Yubari dans le cadre de notre s\u00e9rie Guest Bartender. L\u2019\u00e9v\u00e9nement a \u00e9t\u00e9 support\u00e9 par le Gin Brockmans et l\u2019agence Vineo","robots":{"index":"index","follow":"follow","max-snippet":"max-snippet:-1","max-image-preview":"max-image-preview:large","max-video-preview":"max-video-preview:-1"},"canonical":"https:\/\/barbootlegger.com\/fr\/patrick-chiquette-menard-supported-by-brockmans-gin\/","og_locale":"fr_FR","og_type":"article","og_title":"Guest Bartender 2024 : Patrick Chiquette-M\u00e9nard avec Brockmans Gin","og_description":"Mercredi le 27 novembre 2024, nous avons eu le plaisir de recevoir Patrick Chiquette-M\u00e9nard du restaurant Yubari dans le cadre de notre s\u00e9rie Guest Bartender. L\u2019\u00e9v\u00e9nement a \u00e9t\u00e9 support\u00e9 par le Gin Brockmans et l\u2019agence Vineo","og_url":"https:\/\/barbootlegger.com\/fr\/patrick-chiquette-menard-supported-by-brockmans-gin\/","og_site_name":"Bootlegger Cocktail Bar &amp; Cuisine Montreal","article_publisher":"https:\/\/www.facebook.com\/barbootlegger","article_modified_time":"2025-09-19T21:21:17+00:00","og_image":[{"width":2560,"height":1705,"url":"https:\/\/barbootlegger.com\/wp-content\/uploads\/2024\/12\/IMG_7000-scaled.jpeg","type":"image\/jpeg"}],"twitter_card":"summary_large_image","twitter_misc":{"Dur\u00e9e de lecture estim\u00e9e":"1 minute"},"schema":{"@context":"https:\/\/schema.org","@graph":[{"@type":"WebPage","@id":"https:\/\/barbootlegger.com\/fr\/patrick-chiquette-menard-supported-by-brockmans-gin\/","url":"https:\/\/barbootlegger.com\/fr\/patrick-chiquette-menard-supported-by-brockmans-gin\/","name":"Guest Bartender 2024 : Patrick Chiquette-M\u00e9nard avec Brockmans Gin","isPartOf":{"@id":"https:\/\/barbootlegger.com\/#website"},"primaryImageOfPage":{"@id":"https:\/\/barbootlegger.com\/fr\/patrick-chiquette-menard-supported-by-brockmans-gin\/#primaryimage"},"image":{"@id":"https:\/\/barbootlegger.com\/fr\/patrick-chiquette-menard-supported-by-brockmans-gin\/#primaryimage"},"thumbnailUrl":"https:\/\/barbootlegger.com\/wp-content\/uploads\/2024\/12\/IMG_7000-scaled.jpeg","datePublished":"2024-12-02T07:24:37+00:00","dateModified":"2025-09-19T21:21:17+00:00","description":"Mercredi le 27 novembre 2024, nous avons eu le plaisir de recevoir Patrick Chiquette-M\u00e9nard du restaurant Yubari dans le cadre de notre s\u00e9rie Guest Bartender. L\u2019\u00e9v\u00e9nement a \u00e9t\u00e9 support\u00e9 par le Gin Brockmans et l\u2019agence Vineo","breadcrumb":{"@id":"https:\/\/barbootlegger.com\/fr\/patrick-chiquette-menard-supported-by-brockmans-gin\/#breadcrumb"},"inLanguage":"fr-FR","potentialAction":[{"@type":"ReadAction","target":["https:\/\/barbootlegger.com\/fr\/patrick-chiquette-menard-supported-by-brockmans-gin\/"]}]},{"@type":"ImageObject","inLanguage":"fr-FR","@id":"https:\/\/barbootlegger.com\/fr\/patrick-chiquette-menard-supported-by-brockmans-gin\/#primaryimage","url":"https:\/\/barbootlegger.com\/wp-content\/uploads\/2024\/12\/IMG_7000-scaled.jpeg","contentUrl":"https:\/\/barbootlegger.com\/wp-content\/uploads\/2024\/12\/IMG_7000-scaled.jpeg","width":2560,"height":1705,"caption":"Mercredi le 27 novembre 2024, nous avons eu le plaisir de recevoir Patrick Chiquette-M\u00e9nard du restaurant Yubari dans le cadre de notre s\u00e9rie Guest Bartender. L\u2019\u00e9v\u00e9nement a \u00e9t\u00e9 support\u00e9 par le Gin Brockmans et l\u2019agence Vineo"},{"@type":"BreadcrumbList","@id":"https:\/\/barbootlegger.com\/fr\/patrick-chiquette-menard-supported-by-brockmans-gin\/#breadcrumb","itemListElement":[{"@type":"ListItem","position":1,"name":"Home","item":"https:\/\/barbootlegger.com\/fr\/"},{"@type":"ListItem","position":2,"name":"Album s\u00e9rie bartender invit\u00e9 2024 avec Patrick Chiquette-M\u00e9nard support\u00e9 par le gin Brockmans"}]},{"@type":"WebSite","@id":"https:\/\/barbootlegger.com\/#website","url":"https:\/\/barbootlegger.com\/","name":"Bar Bootlegger","description":"Cocktail, Whisky &amp; Live band","publisher":{"@id":"https:\/\/barbootlegger.com\/#organization"},"potentialAction":[{"@type":"SearchAction","target":{"@type":"EntryPoint","urlTemplate":"https:\/\/barbootlegger.com\/?s={search_term_string}"},"query-input":{"@type":"PropertyValueSpecification","valueRequired":true,"valueName":"search_term_string"}}],"inLanguage":"fr-FR"},{"@type":"Organization","@id":"https:\/\/barbootlegger.com\/#organization","name":"Bar Bootlegger","url":"https:\/\/barbootlegger.com\/","logo":{"@type":"ImageObject","inLanguage":"fr-FR","@id":"https:\/\/barbootlegger.com\/#\/schema\/logo\/image\/","url":"http:\/\/barbootlegger.com\/wp-content\/uploads\/2020\/08\/cropped-logoBootLaurent_fav.png","contentUrl":"http:\/\/barbootlegger.com\/wp-content\/uploads\/2020\/08\/cropped-logoBootLaurent_fav.png","width":512,"height":512,"caption":"Bar Bootlegger"},"image":{"@id":"https:\/\/barbootlegger.com\/#\/schema\/logo\/image\/"},"sameAs":["https:\/\/www.facebook.com\/barbootlegger","https:\/\/www.tiktok.com\/@bootleggercocktailbar","https:\/\/twitter.com\/barbootlegger?lang=fr","https:\/\/www.youtube.com\/@bootleggerlauthentique2961","https:\/\/www.instagram.com\/bootleggercocktailbar\/"]}]}},"_links":{"self":[{"href":"https:\/\/barbootlegger.com\/fr\/wp-json\/wp\/v2\/pages\/11271","targetHints":{"allow":["GET"]}}],"collection":[{"href":"https:\/\/barbootlegger.com\/fr\/wp-json\/wp\/v2\/pages"}],"about":[{"href":"https:\/\/barbootlegger.com\/fr\/wp-json\/wp\/v2\/types\/page"}],"author":[{"embeddable":true,"href":"https:\/\/barbootlegger.com\/fr\/wp-json\/wp\/v2\/users\/8"}],"replies":[{"embeddable":true,"href":"https:\/\/barbootlegger.com\/fr\/wp-json\/wp\/v2\/comments?post=11271"}],"version-history":[{"count":6,"href":"https:\/\/barbootlegger.com\/fr\/wp-json\/wp\/v2\/pages\/11271\/revisions"}],"predecessor-version":[{"id":14489,"href":"https:\/\/barbootlegger.com\/fr\/wp-json\/wp\/v2\/pages\/11271\/revisions\/14489"}],"wp:featuredmedia":[{"embeddable":true,"href":"https:\/\/barbootlegger.com\/fr\/wp-json\/wp\/v2\/media\/11221"}],"wp:attachment":[{"href":"https:\/\/barbootlegger.com\/fr\/wp-json\/wp\/v2\/media?parent=11271"}],"curies":[{"name":"wp","href":"https:\/\/api.w.org\/{rel}","templated":true}]}}