{"id":10691,"date":"2023-03-15T04:44:12","date_gmt":"2023-03-15T04:44:12","guid":{"rendered":"https:\/menu-feature\/"},"modified":"2025-09-25T16:37:21","modified_gmt":"2025-09-25T20:37:21","slug":"menu-feature","status":"publish","type":"page","link":"https:\/\/barbootlegger.com\/fr\/menu-feature\/","title":{"rendered":"Menu Feature &#8211; World class 2025"},"content":{"rendered":"<div class=\"wpb-content-wrapper\"><p>[vc_row][vc_column]<div class=\"eltdf-elements-holder   eltdf-one-column  eltdf-responsive-mode-768  \" ><div class=\"eltdf-eh-item    \"  data-item-class=\"eltdf-eh-custom-5090\">\n\t<div class=\"eltdf-eh-item-inner\">\n\t\t<div class=\"eltdf-eh-item-content eltdf-eh-custom-5090\" style=\"padding: 7% 0\">\n\t\t\t\t\t<\/div>\n\t<\/div>\n<\/div><\/div>[\/vc_column][\/vc_row][vc_row][vc_column]<div class=\"eltdf-section-title-holder    \" style=\"text-align: center\">\n\t<div class=\"eltdf-st-inner\">\n        \t\t            <div class=\"eltdf-st-title-holder\">\n                                    <div class=\"decor\"><svg xmlns=\"http:\/\/www.w3.org\/2000\/svg\" width=\"41.125\" height=\"9.146\">\n                            <path fill=\"none\" stroke=\"#9C7C57\" stroke-miterlimit=\"10\" d=\"M40.881 8.576L20.562.591.244 8.576\"\/>\n                            <path fill=\"none\" stroke=\"#9C7C57\" stroke-miterlimit=\"10\" d=\"M40.881.591L20.562 8.576.243.591\"\/>\n                        <\/svg><\/div>\n                                <h2 class=\"eltdf-st-title\" >\n                    World Class 2025                <\/h2>\n                                    <div class=\"decor\"><svg xmlns=\"http:\/\/www.w3.org\/2000\/svg\" width=\"41.125\" height=\"9.146\">\n                            <path fill=\"none\" stroke=\"#9C7C57\" stroke-miterlimit=\"10\" d=\"M40.881 8.576L20.562.591.244 8.576\"\/>\n                            <path fill=\"none\" stroke=\"#9C7C57\" stroke-miterlimit=\"10\" d=\"M40.881.591L20.562 8.576.243.591\"\/>\n                        <\/svg><\/div>\n                            <\/div>\n\t\t\t\t\t\t\t<\/div>\n<\/div>[\/vc_column][\/vc_row][vc_row][vc_column][vc_empty_space][\/vc_column][\/vc_row][vc_row][vc_column][vc_column_text css=\u00a0\u00bb\u00a0\u00bb]<\/p>\n<h2 style=\"text-align: center;\">\ud83c\udf78 <strong>Septembre exclusif au Bootlegger !<\/strong><\/h2>\n<p style=\"text-align: center;\">Ce mois-ci, nous c\u00e9l\u00e9brons la prestigieuse comp\u00e9tition <strong>World Class 2025<\/strong> en collaboration avec <strong>Diageo<\/strong> \u2728<\/p>\n<p style=\"text-align: center;\">Depuis 2009, la <strong>World Class<\/strong> est le plus grand concours de cocktails au monde, r\u00e9unissant plus de <strong>55 pays<\/strong> et les meilleurs bartenders de la plan\u00e8te.<\/p>\n<p style=\"text-align: center;\">\ud83d\udc49 Pour marquer l\u2019\u00e9v\u00e9nement, nous vous proposons <strong>2 cocktails exclusifs<\/strong> cr\u00e9\u00e9s avec :<br \/>\n\ud83e\udd43 <strong>Johnnie Walker Scotch Whisky<\/strong><br \/>\n\ud83c\udf79 <strong>Tequila Don Julio<\/strong><\/p>\n<p style=\"text-align: center;\">\ud83d\udccd Bootlegger \u2013 Bar \u00e0 cocktails &amp; whisky, Montr\u00e9al<\/p>\n<p style=\"text-align: center;\">Un rendez-vous unique pour les amateurs de mixologie, dans l\u2019ambiance feutr\u00e9e de notre <strong>speakeasy au c\u0153ur de Montr\u00e9al<\/strong>.<\/p>\n<p>[\/vc_column_text]<div class=\"eltdf-elements-holder   eltdf-one-column  eltdf-responsive-mode-768  \" ><div class=\"eltdf-eh-item   eltdf-horizontal-alignment-center \"  data-item-class=\"eltdf-eh-custom-7785\">\n\t<div class=\"eltdf-eh-item-inner\">\n\t\t<div class=\"eltdf-eh-item-content eltdf-eh-custom-7785\" style=\"padding: 2% 0\">\n\t\t\t<a itemprop=\"url\" href=\"https:\/\/barbootlegger.com\/fr\/le-bootlegger-sassocie-a-diageo-pour-la-world-class-2025\/\" target=\"_blank\"  class=\"eltdf-btn eltdf-btn-medium eltdf-btn-solid\"  >\n        <span class=\"eltdf-btn-text\">Blogue<\/span>\n        <\/a>\t\t<\/div>\n\t<\/div>\n<\/div><\/div>[\/vc_column][\/vc_row][vc_row][vc_column]<div class=\"eltdf-elements-holder   eltdf-one-column  eltdf-responsive-mode-768  \" ><div class=\"eltdf-eh-item    \"  data-item-class=\"eltdf-eh-custom-5259\">\n\t<div class=\"eltdf-eh-item-inner\">\n\t\t<div class=\"eltdf-eh-item-content eltdf-eh-custom-5259\" style=\"padding: 3% 0\">\n\t\t\t\t\t<\/div>\n\t<\/div>\n<\/div><\/div>[\/vc_column][\/vc_row][vc_row][vc_column]<div class=\"eltdf-elements-holder   eltdf-one-column  eltdf-responsive-mode-768  \" ><div class=\"eltdf-eh-item   eltdf-horizontal-alignment-center \"  data-item-class=\"eltdf-eh-custom-4382\">\n\t<div class=\"eltdf-eh-item-inner\">\n\t\t<div class=\"eltdf-eh-item-content eltdf-eh-custom-4382\" style=\"padding: 2% 0\">\n\t\t\t<a itemprop=\"url\" href=\"https:\/\/www.diageobaracademy.com\/en-zz\/home\" target=\"_blank\"  class=\"eltdf-btn eltdf-btn-large eltdf-btn-solid\"  >\n        <span class=\"eltdf-btn-text\">Apprendre \u00e0 propos de Worldclass<\/span>\n        <\/a>\t\t<\/div>\n\t<\/div>\n<\/div><\/div>[\/vc_column][\/vc_row][vc_row][vc_column]<div class=\"eltdf-elements-holder   eltdf-one-column  eltdf-responsive-mode-768  \" ><div class=\"eltdf-eh-item    \"  data-item-class=\"eltdf-eh-custom-7400\">\n\t<div class=\"eltdf-eh-item-inner\">\n\t\t<div class=\"eltdf-eh-item-content eltdf-eh-custom-7400\" style=\"padding: 7% 0\">\n\t\t\t\t\t<\/div>\n\t<\/div>\n<\/div><\/div>[\/vc_column][\/vc_row][vc_row][vc_column]<div class=\"eltdf-elements-holder   eltdf-one-column  eltdf-responsive-mode-768  \" ><div class=\"eltdf-eh-item    \"  data-item-class=\"eltdf-eh-custom-5195\">\n\t<div class=\"eltdf-eh-item-inner\">\n\t\t<div class=\"eltdf-eh-item-content eltdf-eh-custom-5195\" >\n\t\t\t[vc_single_image image=\u00a0\u00bb13766&Prime; img_size=\u00a0\u00bbfull\u00a0\u00bb alignment=\u00a0\u00bbcenter\u00a0\u00bb css=\u00a0\u00bb\u00a0\u00bb]\t\t<\/div>\n\t<\/div>\n<\/div><\/div>[\/vc_column][\/vc_row][vc_row][vc_column]<div class=\"eltdf-elements-holder   eltdf-one-column  eltdf-responsive-mode-768  \" ><div class=\"eltdf-eh-item    \"  data-item-class=\"eltdf-eh-custom-4538\">\n\t<div class=\"eltdf-eh-item-inner\">\n\t\t<div class=\"eltdf-eh-item-content eltdf-eh-custom-4538\" style=\"padding: 2% 0\">\n\t\t\t[vc_empty_space]\t\t<\/div>\n\t<\/div>\n<\/div><\/div>[\/vc_column][\/vc_row][vc_row][vc_column]<div class=\"eltdf-section-title-holder    \" style=\"text-align: center\">\n\t<div class=\"eltdf-st-inner\">\n        \t\t            <div class=\"eltdf-st-title-holder\">\n                                    <div class=\"decor\"><svg xmlns=\"http:\/\/www.w3.org\/2000\/svg\" width=\"41.125\" height=\"9.146\">\n                            <path fill=\"none\" stroke=\"#9C7C57\" stroke-miterlimit=\"10\" d=\"M40.881 8.576L20.562.591.244 8.576\"\/>\n                            <path fill=\"none\" stroke=\"#9C7C57\" stroke-miterlimit=\"10\" d=\"M40.881.591L20.562 8.576.243.591\"\/>\n                        <\/svg><\/div>\n                                <h2 class=\"eltdf-st-title\" >\n                    Menu                <\/h2>\n                                    <div class=\"decor\"><svg xmlns=\"http:\/\/www.w3.org\/2000\/svg\" width=\"41.125\" height=\"9.146\">\n                            <path fill=\"none\" stroke=\"#9C7C57\" stroke-miterlimit=\"10\" d=\"M40.881 8.576L20.562.591.244 8.576\"\/>\n                            <path fill=\"none\" stroke=\"#9C7C57\" stroke-miterlimit=\"10\" d=\"M40.881.591L20.562 8.576.243.591\"\/>\n                        <\/svg><\/div>\n                            <\/div>\n\t\t\t\t\t\t\t<\/div>\n<\/div>[\/vc_column][\/vc_row][vc_row][vc_column]<div class=\"eltdf-elements-holder   eltdf-one-column  eltdf-responsive-mode-768  \" ><div class=\"eltdf-eh-item    \"  data-item-class=\"eltdf-eh-custom-2705\">\n\t<div class=\"eltdf-eh-item-inner\">\n\t\t<div class=\"eltdf-eh-item-content eltdf-eh-custom-2705\" style=\"padding: 7% 0\">\n\t\t\t\t\t<\/div>\n\t<\/div>\n<\/div><\/div>[\/vc_column][\/vc_row][vc_row][vc_column]<div class=\"eltdf-pricing-holder \">\n                        <div class=\"eltdf-pricing-item\">\n                                    <div class=\"eltdf-pricing-img\"><img fetchpriority=\"high\" decoding=\"async\" width=\"629\" height=\"751\" src=\"https:\/\/barbootlegger.com\/wp-content\/uploads\/2025\/01\/donkey-knog.jpg\" class=\"attachment-full size-full\" alt=\"bootlegger cocktail bar montreal\" srcset=\"https:\/\/barbootlegger.com\/wp-content\/uploads\/2025\/01\/donkey-knog.jpg 629w, https:\/\/barbootlegger.com\/wp-content\/uploads\/2025\/01\/donkey-knog-251x300.jpg 251w, https:\/\/barbootlegger.com\/wp-content\/uploads\/2025\/01\/donkey-knog-600x716.jpg 600w\" sizes=\"(max-width: 629px) 100vw, 629px\" \/><\/div>\n                \n                <div class=\"eltdf-pricing-main\" >\n                    <h6 class=\"eltdf-pricing-title\">\n                        Mexican Firing Squad                    <\/h6>\n                    <div class=\"eltdf-pricing-lines\"><\/div>\n                                            <span class=\"eltdf-pricing-price\" >19 $<\/span>\n                                    <\/div>\n                            <p class=\"eltdf-pricing-desc\">Don Julio blanco, grenadine, jus de lime, angostura &amp; solution saline<\/p>\n                        <\/div>\n                            <div class=\"eltdf-pricing-item\">\n                                    <div class=\"eltdf-pricing-img\"><img decoding=\"async\" width=\"465\" height=\"926\" src=\"https:\/\/barbootlegger.com\/wp-content\/uploads\/2025\/01\/wabee.jpg\" class=\"attachment-full size-full\" alt=\"bootlegger cocktail bar montreal\" srcset=\"https:\/\/barbootlegger.com\/wp-content\/uploads\/2025\/01\/wabee.jpg 465w, https:\/\/barbootlegger.com\/wp-content\/uploads\/2025\/01\/wabee-151x300.jpg 151w\" sizes=\"(max-width: 465px) 100vw, 465px\" \/><\/div>\n                \n                <div class=\"eltdf-pricing-main\" >\n                    <h6 class=\"eltdf-pricing-title\">\n                        I Love Islay                     <\/h6>\n                    <div class=\"eltdf-pricing-lines\"><\/div>\n                                            <span class=\"eltdf-pricing-price\" >18 $<\/span>\n                                    <\/div>\n                            <p class=\"eltdf-pricing-desc\">Johnnie wlaker Black, liqueur d\u2019agrume, liqueur am\u00e8re italienne, jus d\u2019ananas, sirop d\u2019agave, jus de citron &amp; Peychaud&#039;s<\/p>\n                        <\/div>\n        <\/div>[\/vc_column][\/vc_row][vc_row][vc_column]<div class=\"eltdf-elements-holder   eltdf-one-column  eltdf-responsive-mode-768  \" ><div class=\"eltdf-eh-item    \"  data-item-class=\"eltdf-eh-custom-6209\">\n\t<div class=\"eltdf-eh-item-inner\">\n\t\t<div class=\"eltdf-eh-item-content eltdf-eh-custom-6209\" style=\"padding: 7% 0\">\n\t\t\t\t\t<\/div>\n\t<\/div>\n<\/div><\/div>[\/vc_column][\/vc_row][vc_row][vc_column][\/vc_column][\/vc_row]<\/p>\n<\/div>","protected":false},"excerpt":{"rendered":"<p>[vc_row][vc_column][\/vc_column][\/vc_row][vc_row][vc_column][\/vc_column][\/vc_row][vc_row][vc_column][vc_empty_space][\/vc_column][\/vc_row][vc_row][vc_column][vc_column_text css=\u00a0\u00bb\u00a0\u00bb] \ud83c\udf78 Septembre exclusif au Bootlegger ! Ce mois-ci, nous c\u00e9l\u00e9brons la prestigieuse comp\u00e9tition World Class 2025 en collaboration avec Diageo \u2728 Depuis 2009, la World Class est le plus grand concours de cocktails au monde, r\u00e9unissant plus de 55 pays et les meilleurs bartenders de la plan\u00e8te. \ud83d\udc49 Pour marquer l\u2019\u00e9v\u00e9nement, nous vous proposons 2 cocktails exclusifs cr\u00e9\u00e9s [&hellip;]<\/p>\n","protected":false},"author":8,"featured_media":13768,"parent":0,"menu_order":0,"comment_status":"closed","ping_status":"closed","template":"","meta":{"_acf_changed":false,"footnotes":""},"class_list":["post-10691","page","type-page","status-publish","has-post-thumbnail","hentry"],"acf":[],"yoast_head":"<!-- This site is optimized with the Yoast SEO plugin v27.0 - https:\/\/yoast.com\/product\/yoast-seo-wordpress\/ -->\n<title>Menu Feature Worldclass - Bootlegger Cocktail Bar Montreal<\/title>\n<meta name=\"description\" content=\"Ce mois-ci, nous c\u00e9l\u00e9brons le prestigieux World Class 2025 en collaboration avec Diageo \u2728Depuis 2009, le World Class est le plus grand concours de cocktails au monde, r\u00e9unissant plus de 55 pays et les meilleurs barmans de la plan\u00e8te.\" \/>\n<meta name=\"robots\" content=\"index, follow, max-snippet:-1, max-image-preview:large, max-video-preview:-1\" \/>\n<link rel=\"canonical\" href=\"https:\/\/barbootlegger.com\/fr\/menu-feature\/\" \/>\n<meta property=\"og:locale\" content=\"fr_FR\" \/>\n<meta property=\"og:type\" content=\"article\" \/>\n<meta property=\"og:title\" content=\"Menu Feature Worldclass - Bootlegger Cocktail Bar Montreal\" \/>\n<meta property=\"og:description\" content=\"Ce mois-ci, nous c\u00e9l\u00e9brons le prestigieux World Class 2025 en collaboration avec Diageo \u2728Depuis 2009, le World Class est le plus grand concours de cocktails au monde, r\u00e9unissant plus de 55 pays et les meilleurs barmans de la plan\u00e8te.\" \/>\n<meta property=\"og:url\" content=\"https:\/\/barbootlegger.com\/fr\/menu-feature\/\" \/>\n<meta property=\"og:site_name\" content=\"Bootlegger Cocktail Bar &amp; Cuisine Montreal\" \/>\n<meta property=\"article:publisher\" content=\"https:\/\/www.facebook.com\/barbootlegger\" \/>\n<meta property=\"article:modified_time\" content=\"2025-09-25T20:37:21+00:00\" \/>\n<meta property=\"og:image\" content=\"https:\/\/barbootlegger.com\/wp-content\/uploads\/2025\/08\/World-class-Post-800-x-800-px.png\" \/>\n\t<meta property=\"og:image:width\" content=\"800\" \/>\n\t<meta property=\"og:image:height\" content=\"800\" \/>\n\t<meta property=\"og:image:type\" content=\"image\/png\" \/>\n<meta name=\"twitter:card\" content=\"summary_large_image\" \/>\n<meta name=\"twitter:label1\" content=\"Dur\u00e9e de lecture estim\u00e9e\" \/>\n\t<meta name=\"twitter:data1\" content=\"2 minutes\" \/>\n<script type=\"application\/ld+json\" class=\"yoast-schema-graph\">{\"@context\":\"https:\/\/schema.org\",\"@graph\":[{\"@type\":\"WebPage\",\"@id\":\"https:\/\/barbootlegger.com\/fr\/menu-feature\/\",\"url\":\"https:\/\/barbootlegger.com\/fr\/menu-feature\/\",\"name\":\"Menu Feature Worldclass - Bootlegger Cocktail Bar Montreal\",\"isPartOf\":{\"@id\":\"https:\/\/barbootlegger.com\/#website\"},\"primaryImageOfPage\":{\"@id\":\"https:\/\/barbootlegger.com\/fr\/menu-feature\/#primaryimage\"},\"image\":{\"@id\":\"https:\/\/barbootlegger.com\/fr\/menu-feature\/#primaryimage\"},\"thumbnailUrl\":\"https:\/\/barbootlegger.com\/wp-content\/uploads\/2025\/08\/World-class-Post-800-x-800-px.png\",\"datePublished\":\"2023-03-15T04:44:12+00:00\",\"dateModified\":\"2025-09-25T20:37:21+00:00\",\"description\":\"Ce mois-ci, nous c\u00e9l\u00e9brons le prestigieux World Class 2025 en collaboration avec Diageo \u2728Depuis 2009, le World Class est le plus grand concours de cocktails au monde, r\u00e9unissant plus de 55 pays et les meilleurs barmans de la plan\u00e8te.\",\"breadcrumb\":{\"@id\":\"https:\/\/barbootlegger.com\/fr\/menu-feature\/#breadcrumb\"},\"inLanguage\":\"fr-FR\",\"potentialAction\":[{\"@type\":\"ReadAction\",\"target\":[\"https:\/\/barbootlegger.com\/fr\/menu-feature\/\"]}]},{\"@type\":\"ImageObject\",\"inLanguage\":\"fr-FR\",\"@id\":\"https:\/\/barbootlegger.com\/fr\/menu-feature\/#primaryimage\",\"url\":\"https:\/\/barbootlegger.com\/wp-content\/uploads\/2025\/08\/World-class-Post-800-x-800-px.png\",\"contentUrl\":\"https:\/\/barbootlegger.com\/wp-content\/uploads\/2025\/08\/World-class-Post-800-x-800-px.png\",\"width\":800,\"height\":800,\"caption\":\"Diageo World class 2025 toronto - thumbnail\"},{\"@type\":\"BreadcrumbList\",\"@id\":\"https:\/\/barbootlegger.com\/fr\/menu-feature\/#breadcrumb\",\"itemListElement\":[{\"@type\":\"ListItem\",\"position\":1,\"name\":\"Home\",\"item\":\"https:\/\/barbootlegger.com\/fr\/\"},{\"@type\":\"ListItem\",\"position\":2,\"name\":\"Menu Feature &#8211; World class 2025\"}]},{\"@type\":\"WebSite\",\"@id\":\"https:\/\/barbootlegger.com\/#website\",\"url\":\"https:\/\/barbootlegger.com\/\",\"name\":\"Bar Bootlegger\",\"description\":\"Cocktail, Whisky &amp; Live band\",\"publisher\":{\"@id\":\"https:\/\/barbootlegger.com\/#organization\"},\"potentialAction\":[{\"@type\":\"SearchAction\",\"target\":{\"@type\":\"EntryPoint\",\"urlTemplate\":\"https:\/\/barbootlegger.com\/?s={search_term_string}\"},\"query-input\":{\"@type\":\"PropertyValueSpecification\",\"valueRequired\":true,\"valueName\":\"search_term_string\"}}],\"inLanguage\":\"fr-FR\"},{\"@type\":\"Organization\",\"@id\":\"https:\/\/barbootlegger.com\/#organization\",\"name\":\"Bar Bootlegger\",\"url\":\"https:\/\/barbootlegger.com\/\",\"logo\":{\"@type\":\"ImageObject\",\"inLanguage\":\"fr-FR\",\"@id\":\"https:\/\/barbootlegger.com\/#\/schema\/logo\/image\/\",\"url\":\"http:\/\/barbootlegger.com\/wp-content\/uploads\/2020\/08\/cropped-logoBootLaurent_fav.png\",\"contentUrl\":\"http:\/\/barbootlegger.com\/wp-content\/uploads\/2020\/08\/cropped-logoBootLaurent_fav.png\",\"width\":512,\"height\":512,\"caption\":\"Bar Bootlegger\"},\"image\":{\"@id\":\"https:\/\/barbootlegger.com\/#\/schema\/logo\/image\/\"},\"sameAs\":[\"https:\/\/www.facebook.com\/barbootlegger\",\"https:\/\/www.tiktok.com\/@bootleggercocktailbar\",\"https:\/\/twitter.com\/barbootlegger?lang=fr\",\"https:\/\/www.youtube.com\/@bootleggerlauthentique2961\",\"https:\/\/www.instagram.com\/bootleggercocktailbar\/\"]}]}<\/script>\n<!-- \/ Yoast SEO plugin. -->","yoast_head_json":{"title":"Menu Feature Worldclass - Bootlegger Cocktail Bar Montreal","description":"Ce mois-ci, nous c\u00e9l\u00e9brons le prestigieux World Class 2025 en collaboration avec Diageo \u2728Depuis 2009, le World Class est le plus grand concours de cocktails au monde, r\u00e9unissant plus de 55 pays et les meilleurs barmans de la plan\u00e8te.","robots":{"index":"index","follow":"follow","max-snippet":"max-snippet:-1","max-image-preview":"max-image-preview:large","max-video-preview":"max-video-preview:-1"},"canonical":"https:\/\/barbootlegger.com\/fr\/menu-feature\/","og_locale":"fr_FR","og_type":"article","og_title":"Menu Feature Worldclass - Bootlegger Cocktail Bar Montreal","og_description":"Ce mois-ci, nous c\u00e9l\u00e9brons le prestigieux World Class 2025 en collaboration avec Diageo \u2728Depuis 2009, le World Class est le plus grand concours de cocktails au monde, r\u00e9unissant plus de 55 pays et les meilleurs barmans de la plan\u00e8te.","og_url":"https:\/\/barbootlegger.com\/fr\/menu-feature\/","og_site_name":"Bootlegger Cocktail Bar &amp; Cuisine Montreal","article_publisher":"https:\/\/www.facebook.com\/barbootlegger","article_modified_time":"2025-09-25T20:37:21+00:00","og_image":[{"width":800,"height":800,"url":"https:\/\/barbootlegger.com\/wp-content\/uploads\/2025\/08\/World-class-Post-800-x-800-px.png","type":"image\/png"}],"twitter_card":"summary_large_image","twitter_misc":{"Dur\u00e9e de lecture estim\u00e9e":"2 minutes"},"schema":{"@context":"https:\/\/schema.org","@graph":[{"@type":"WebPage","@id":"https:\/\/barbootlegger.com\/fr\/menu-feature\/","url":"https:\/\/barbootlegger.com\/fr\/menu-feature\/","name":"Menu Feature Worldclass - Bootlegger Cocktail Bar Montreal","isPartOf":{"@id":"https:\/\/barbootlegger.com\/#website"},"primaryImageOfPage":{"@id":"https:\/\/barbootlegger.com\/fr\/menu-feature\/#primaryimage"},"image":{"@id":"https:\/\/barbootlegger.com\/fr\/menu-feature\/#primaryimage"},"thumbnailUrl":"https:\/\/barbootlegger.com\/wp-content\/uploads\/2025\/08\/World-class-Post-800-x-800-px.png","datePublished":"2023-03-15T04:44:12+00:00","dateModified":"2025-09-25T20:37:21+00:00","description":"Ce mois-ci, nous c\u00e9l\u00e9brons le prestigieux World Class 2025 en collaboration avec Diageo \u2728Depuis 2009, le World Class est le plus grand concours de cocktails au monde, r\u00e9unissant plus de 55 pays et les meilleurs barmans de la plan\u00e8te.","breadcrumb":{"@id":"https:\/\/barbootlegger.com\/fr\/menu-feature\/#breadcrumb"},"inLanguage":"fr-FR","potentialAction":[{"@type":"ReadAction","target":["https:\/\/barbootlegger.com\/fr\/menu-feature\/"]}]},{"@type":"ImageObject","inLanguage":"fr-FR","@id":"https:\/\/barbootlegger.com\/fr\/menu-feature\/#primaryimage","url":"https:\/\/barbootlegger.com\/wp-content\/uploads\/2025\/08\/World-class-Post-800-x-800-px.png","contentUrl":"https:\/\/barbootlegger.com\/wp-content\/uploads\/2025\/08\/World-class-Post-800-x-800-px.png","width":800,"height":800,"caption":"Diageo World class 2025 toronto - thumbnail"},{"@type":"BreadcrumbList","@id":"https:\/\/barbootlegger.com\/fr\/menu-feature\/#breadcrumb","itemListElement":[{"@type":"ListItem","position":1,"name":"Home","item":"https:\/\/barbootlegger.com\/fr\/"},{"@type":"ListItem","position":2,"name":"Menu Feature &#8211; World class 2025"}]},{"@type":"WebSite","@id":"https:\/\/barbootlegger.com\/#website","url":"https:\/\/barbootlegger.com\/","name":"Bar Bootlegger","description":"Cocktail, Whisky &amp; Live band","publisher":{"@id":"https:\/\/barbootlegger.com\/#organization"},"potentialAction":[{"@type":"SearchAction","target":{"@type":"EntryPoint","urlTemplate":"https:\/\/barbootlegger.com\/?s={search_term_string}"},"query-input":{"@type":"PropertyValueSpecification","valueRequired":true,"valueName":"search_term_string"}}],"inLanguage":"fr-FR"},{"@type":"Organization","@id":"https:\/\/barbootlegger.com\/#organization","name":"Bar Bootlegger","url":"https:\/\/barbootlegger.com\/","logo":{"@type":"ImageObject","inLanguage":"fr-FR","@id":"https:\/\/barbootlegger.com\/#\/schema\/logo\/image\/","url":"http:\/\/barbootlegger.com\/wp-content\/uploads\/2020\/08\/cropped-logoBootLaurent_fav.png","contentUrl":"http:\/\/barbootlegger.com\/wp-content\/uploads\/2020\/08\/cropped-logoBootLaurent_fav.png","width":512,"height":512,"caption":"Bar Bootlegger"},"image":{"@id":"https:\/\/barbootlegger.com\/#\/schema\/logo\/image\/"},"sameAs":["https:\/\/www.facebook.com\/barbootlegger","https:\/\/www.tiktok.com\/@bootleggercocktailbar","https:\/\/twitter.com\/barbootlegger?lang=fr","https:\/\/www.youtube.com\/@bootleggerlauthentique2961","https:\/\/www.instagram.com\/bootleggercocktailbar\/"]}]}},"_links":{"self":[{"href":"https:\/\/barbootlegger.com\/fr\/wp-json\/wp\/v2\/pages\/10691","targetHints":{"allow":["GET"]}}],"collection":[{"href":"https:\/\/barbootlegger.com\/fr\/wp-json\/wp\/v2\/pages"}],"about":[{"href":"https:\/\/barbootlegger.com\/fr\/wp-json\/wp\/v2\/types\/page"}],"author":[{"embeddable":true,"href":"https:\/\/barbootlegger.com\/fr\/wp-json\/wp\/v2\/users\/8"}],"replies":[{"embeddable":true,"href":"https:\/\/barbootlegger.com\/fr\/wp-json\/wp\/v2\/comments?post=10691"}],"version-history":[{"count":31,"href":"https:\/\/barbootlegger.com\/fr\/wp-json\/wp\/v2\/pages\/10691\/revisions"}],"predecessor-version":[{"id":13927,"href":"https:\/\/barbootlegger.com\/fr\/wp-json\/wp\/v2\/pages\/10691\/revisions\/13927"}],"wp:featuredmedia":[{"embeddable":true,"href":"https:\/\/barbootlegger.com\/fr\/wp-json\/wp\/v2\/media\/13768"}],"wp:attachment":[{"href":"https:\/\/barbootlegger.com\/fr\/wp-json\/wp\/v2\/media?parent=10691"}],"curies":[{"name":"wp","href":"https:\/\/api.w.org\/{rel}","templated":true}]}}